{"id":382,"date":"2025-03-28T23:19:24","date_gmt":"2025-03-29T05:19:24","guid":{"rendered":"https:\/\/www.biworldwide.com\/pt-br\/?page_id=382"},"modified":"2025-03-31T21:47:13","modified_gmt":"2025-04-01T03:47:13","slug":"windfall-vr","status":"publish","type":"page","link":"https:\/\/www.biworldwide.com\/pt-br\/windfall-vr\/","title":{"rendered":"Windfall VR"},"content":{"rendered":"<div class=\" has-content-align-left has-overlay has-overlay--dark alignfull wp-block-biw-block-theme-hero\">\n\t<div class=\"biw-hero__grid\">\n\t\t\n\t\t\t\t\t<div class=\"biw-hero__media \">\n\t\t\t\t\t\t\t\t\t<div class=\"biw-hero__overlay overlay-dark\"><\/div>\n\t\t\t\t\t\t\t\t<img decoding=\"async\" src=\"http:\/\/live-biw-main.pantheonsite.io\/wp-content\/uploads\/2025\/03\/BIW_Site_Hero_Technology-scaled.jpg\" alt=\"Person wearing a virtual reality headset stands against a background of illuminated cubes in shades of purple and blue. Sparkles hover near the persons face, suggesting a futuristic or digital theme.\" class=\"biw-hero__bg-image\" style=\"object-position: 50% 50%;\">\t\t\t<\/div>\n\t\t\t\t<div class=\"biw-hero__content\">\n\t\t\t\t\t\t<h1 class=\"biw-hero__title\" style=\"line-height: 1.2\">\n\t\t\t\tWindfall VR\t\t\t<\/h1>\n\t\t\t\t\t\t\t<h2 class=\"biw-hero__subtitle\">\n\t\t\t\t\tPronto para a motiva\u00e7\u00e3o 2.0?\t\t\t\t<\/h2>\n\t\t\t\t\t\t\t\t\t\t<div class=\"biw-hero__text\">\n\t\t\t\t\t\n\n<p>Suas equipes agora podem viver nossa experi\u00eancia de recompensa mais inspiradora onde e quando quiserem, com a vers\u00e3o em realidade virtual da lend\u00e1ria Warehouse Windfall.<\/p>\n\n\t\t\t\t<\/div>\n\t\t\t\t\t\t\t\t<\/div>\n\t<\/div>\n<\/div>\n\n\n\n<div class=\"wp-block-group  layout-columns-7 has-global-padding is-layout-constrained wp-container-core-group-is-layout-a133ec42 wp-block-group-is-layout-constrained\">\n<p class=\"has-xxl-font-size\"><strong>Experi\u00eancia surreal. Recompensas reais.<\/strong><\/p>\n\n\n\n<figure class=\"wp-block-embed is-type-video is-provider-vimeo wp-block-embed-vimeo wp-embed-aspect-16-9 wp-has-aspect-ratio\"><div class=\"wp-block-embed__wrapper\">\n<iframe loading=\"lazy\" src=\"https:\/\/player.vimeo.com\/video\/237091103?dnt=1&amp;app_id=122963\" width=\"500\" height=\"281\" frameborder=\"0\" allow=\"autoplay; fullscreen; picture-in-picture; clipboard-write; encrypted-media\"><\/iframe>\n<\/div><\/figure>\n\n\n\n<div class=\"wp-block-group  layout-columns-7 has-global-padding is-layout-constrained wp-container-core-group-is-layout-a133ec42 wp-block-group-is-layout-constrained\">\n<p>Conhe\u00e7a o Windfall VR \u2014 uma experi\u00eancia imersiva de premia\u00e7\u00e3o por incentivo, criada para motivar, inspirar e recompensar seus melhores talentos. Nossa mais nova solu\u00e7\u00e3o combina o melhor da Warehouse Windfall com o poder da realidade virtual em uma experi\u00eancia \u00fanica.<\/p>\n\n\n\n<p>Como funciona? N\u00f3s levamos a tecnologia at\u00e9 voc\u00ea e sua equipe. Os participantes vestem os equipamentos e correm contra o tempo para &#8220;capturar&#8221; digitalmente o maior n\u00famero poss\u00edvel de pr\u00eamios em um ambiente virtual futurista, repleto de produtos reais. Estamos falando dos eletr\u00f4nicos mais desejados, artigos esportivos, joias e bolsas de luxo, eletrodom\u00e9sticos e muito mais!<\/p>\n\n\n\n<p>Tecnologia de ponta e pr\u00eamios de tirar o f\u00f4lego s\u00e3o apenas parte da experi\u00eancia. O Windfall VR oferece uma s\u00e9rie de benef\u00edcios que o tornam uma solu\u00e7\u00e3o estrat\u00e9gica e completa de incentivo e recompensa:<br><\/p>\n\n\n\n<ul class=\"wp-block-list\">\n<li class=\"has-large-font-size\"><strong>Inesquec\u00edvel<\/strong> Ningu\u00e9m esquece a sensa\u00e7\u00e3o de estar imerso em uma experi\u00eancia de compras futurista e de outro mundo. \u00c9 algo totalmente novo.<\/li>\n\n\n\n<li class=\"has-large-font-size\"><strong>Impactante<\/strong> Hoje em dia, \u00e9 dif\u00edcil surpreender. O Windfall VR surpreende. Eles n\u00e3o v\u00e3o acreditar no que est\u00e3o vendo.<\/li>\n\n\n\n<li class=\"has-large-font-size\"><strong>Port\u00e1til<\/strong> Evite os custos de deslocamento dos premiados. O Windfall VR vai at\u00e9 sua equipe.<\/li>\n\n\n\n<li class=\"has-large-font-size\"><strong>Social<\/strong> O Windfall VR \u00e9 feito para ser compartilhado. Colegas, executivos, familiares e amigos podem torcer em tempo real. A experi\u00eancia pode ser transmitida ao vivo, reprisada e postada nas redes sociais.<\/li>\n\n\n\n<li class=\"has-large-font-size\"><strong>Inspirador<\/strong> Mesmo quem n\u00e3o se qualificar pode acompanhar a a\u00e7\u00e3o pessoalmente ou via streaming.<\/li>\n\n\n\n<li class=\"has-large-font-size\"><strong>Vers\u00e1til<\/strong> Pode ser integrado a diversos tipos de eventos e objetivos corporativos \u2014 como conven\u00e7\u00f5es de vendas, treinamentos ou lan\u00e7amentos de novos produtos.<\/li>\n\n\n\n<li class=\"has-large-font-size\"><strong>Control\u00e1vel<\/strong> A programa\u00e7\u00e3o personalizada permite controle total do or\u00e7amento por vencedor \u2014 sem surpresas indesejadas.<\/li>\n\n\n\n<li class=\"has-large-font-size\"><strong>Personaliz\u00e1vel<\/strong> Fortale\u00e7a o orgulho da equipe customizando o ambiente virtual com o logotipo e as cores da sua empresa.<\/li>\n<\/ul>\n<\/div>\n<\/div>\n","protected":false},"excerpt":{"rendered":"<p>Experi\u00eancia surreal. Recompensas reais. Conhe\u00e7a o Windfall VR \u2014 uma experi\u00eancia imersiva de premia\u00e7\u00e3o por incentivo, criada para motivar, inspirar e recompensar seus melhores talentos. Nossa mais nova solu\u00e7\u00e3o combina o melhor da Warehouse Windfall com o poder da realidade virtual em uma experi\u00eancia \u00fanica. Como funciona? N\u00f3s levamos a tecnologia at\u00e9 voc\u00ea e sua [&hellip;]<\/p>\n","protected":false},"author":16,"featured_media":0,"parent":0,"menu_order":0,"comment_status":"closed","ping_status":"closed","template":"","meta":{"featured_image_focal_point":{"x":0.5,"y":0.5},"footnotes":""},"wf_page_folders":[42],"class_list":["post-382","page","type-page","status-publish","hentry"],"yoast_head":"<!-- This site is optimized with the Yoast SEO plugin v26.2 - https:\/\/yoast.com\/wordpress\/plugins\/seo\/ -->\n<title>Windfall VR - Brazil (Portuguese)<\/title>\n<meta name=\"robots\" content=\"index, follow, max-snippet:-1, max-image-preview:large, max-video-preview:-1\" \/>\n<link rel=\"canonical\" href=\"https:\/\/www.biworldwide.com\/pt-br\/windfall-vr\/\" \/>\n<meta property=\"og:locale\" content=\"pt_BR\" \/>\n<meta property=\"og:type\" content=\"article\" \/>\n<meta property=\"og:title\" content=\"Windfall VR - Brazil (Portuguese)\" \/>\n<meta property=\"og:description\" content=\"Experi\u00eancia surreal. Recompensas reais. Conhe\u00e7a o Windfall VR \u2014 uma experi\u00eancia imersiva de premia\u00e7\u00e3o por incentivo, criada para motivar, inspirar e recompensar seus melhores talentos. Nossa mais nova solu\u00e7\u00e3o combina o melhor da Warehouse Windfall com o poder da realidade virtual em uma experi\u00eancia \u00fanica. Como funciona? N\u00f3s levamos a tecnologia at\u00e9 voc\u00ea e sua [&hellip;]\" \/>\n<meta property=\"og:url\" content=\"https:\/\/www.biworldwide.com\/pt-br\/windfall-vr\/\" \/>\n<meta property=\"og:site_name\" content=\"Brazil (Portuguese)\" \/>\n<meta property=\"article:modified_time\" content=\"2025-04-01T03:47:13+00:00\" \/>\n<meta name=\"twitter:card\" content=\"summary_large_image\" \/>\n<meta name=\"twitter:label1\" content=\"Est. reading time\" \/>\n\t<meta name=\"twitter:data1\" content=\"2 minutos\" \/>\n<script type=\"application\/ld+json\" class=\"yoast-schema-graph\">{\"@context\":\"https:\/\/schema.org\",\"@graph\":[{\"@type\":\"WebPage\",\"@id\":\"https:\/\/www.biworldwide.com\/pt-br\/windfall-vr\/\",\"url\":\"https:\/\/www.biworldwide.com\/pt-br\/windfall-vr\/\",\"name\":\"Windfall VR - Brazil (Portuguese)\",\"isPartOf\":{\"@id\":\"https:\/\/www.biworldwide.com\/pt-br\/#website\"},\"datePublished\":\"2025-03-29T05:19:24+00:00\",\"dateModified\":\"2025-04-01T03:47:13+00:00\",\"breadcrumb\":{\"@id\":\"https:\/\/www.biworldwide.com\/pt-br\/windfall-vr\/#breadcrumb\"},\"inLanguage\":\"pt-BR\",\"potentialAction\":[{\"@type\":\"ReadAction\",\"target\":[\"https:\/\/www.biworldwide.com\/pt-br\/windfall-vr\/\"]}]},{\"@type\":\"BreadcrumbList\",\"@id\":\"https:\/\/www.biworldwide.com\/pt-br\/windfall-vr\/#breadcrumb\",\"itemListElement\":[{\"@type\":\"ListItem\",\"position\":1,\"name\":\"Home\",\"item\":\"https:\/\/www.biworldwide.com\/pt-br\/\"},{\"@type\":\"ListItem\",\"position\":2,\"name\":\"Windfall VR\"}]},{\"@type\":\"WebSite\",\"@id\":\"https:\/\/www.biworldwide.com\/pt-br\/#website\",\"url\":\"https:\/\/www.biworldwide.com\/pt-br\/\",\"name\":\"Brazil (Portuguese)\",\"description\":\"\",\"potentialAction\":[{\"@type\":\"SearchAction\",\"target\":{\"@type\":\"EntryPoint\",\"urlTemplate\":\"https:\/\/www.biworldwide.com\/pt-br\/?s={search_term_string}\"},\"query-input\":{\"@type\":\"PropertyValueSpecification\",\"valueRequired\":true,\"valueName\":\"search_term_string\"}}],\"inLanguage\":\"pt-BR\"}]}<\/script>\n<!-- \/ Yoast SEO plugin. -->","yoast_head_json":{"title":"Windfall VR - Brazil (Portuguese)","robots":{"index":"index","follow":"follow","max-snippet":"max-snippet:-1","max-image-preview":"max-image-preview:large","max-video-preview":"max-video-preview:-1"},"canonical":"https:\/\/www.biworldwide.com\/pt-br\/windfall-vr\/","og_locale":"pt_BR","og_type":"article","og_title":"Windfall VR - Brazil (Portuguese)","og_description":"Experi\u00eancia surreal. Recompensas reais. Conhe\u00e7a o Windfall VR \u2014 uma experi\u00eancia imersiva de premia\u00e7\u00e3o por incentivo, criada para motivar, inspirar e recompensar seus melhores talentos. Nossa mais nova solu\u00e7\u00e3o combina o melhor da Warehouse Windfall com o poder da realidade virtual em uma experi\u00eancia \u00fanica. Como funciona? N\u00f3s levamos a tecnologia at\u00e9 voc\u00ea e sua [&hellip;]","og_url":"https:\/\/www.biworldwide.com\/pt-br\/windfall-vr\/","og_site_name":"Brazil (Portuguese)","article_modified_time":"2025-04-01T03:47:13+00:00","twitter_card":"summary_large_image","twitter_misc":{"Est. reading time":"2 minutos"},"schema":{"@context":"https:\/\/schema.org","@graph":[{"@type":"WebPage","@id":"https:\/\/www.biworldwide.com\/pt-br\/windfall-vr\/","url":"https:\/\/www.biworldwide.com\/pt-br\/windfall-vr\/","name":"Windfall VR - Brazil (Portuguese)","isPartOf":{"@id":"https:\/\/www.biworldwide.com\/pt-br\/#website"},"datePublished":"2025-03-29T05:19:24+00:00","dateModified":"2025-04-01T03:47:13+00:00","breadcrumb":{"@id":"https:\/\/www.biworldwide.com\/pt-br\/windfall-vr\/#breadcrumb"},"inLanguage":"pt-BR","potentialAction":[{"@type":"ReadAction","target":["https:\/\/www.biworldwide.com\/pt-br\/windfall-vr\/"]}]},{"@type":"BreadcrumbList","@id":"https:\/\/www.biworldwide.com\/pt-br\/windfall-vr\/#breadcrumb","itemListElement":[{"@type":"ListItem","position":1,"name":"Home","item":"https:\/\/www.biworldwide.com\/pt-br\/"},{"@type":"ListItem","position":2,"name":"Windfall VR"}]},{"@type":"WebSite","@id":"https:\/\/www.biworldwide.com\/pt-br\/#website","url":"https:\/\/www.biworldwide.com\/pt-br\/","name":"Brazil (Portuguese)","description":"","potentialAction":[{"@type":"SearchAction","target":{"@type":"EntryPoint","urlTemplate":"https:\/\/www.biworldwide.com\/pt-br\/?s={search_term_string}"},"query-input":{"@type":"PropertyValueSpecification","valueRequired":true,"valueName":"search_term_string"}}],"inLanguage":"pt-BR"}]}},"_links":{"self":[{"href":"https:\/\/www.biworldwide.com\/pt-br\/wp-json\/wp\/v2\/pages\/382","targetHints":{"allow":["GET"]}}],"collection":[{"href":"https:\/\/www.biworldwide.com\/pt-br\/wp-json\/wp\/v2\/pages"}],"about":[{"href":"https:\/\/www.biworldwide.com\/pt-br\/wp-json\/wp\/v2\/types\/page"}],"author":[{"embeddable":true,"href":"https:\/\/www.biworldwide.com\/pt-br\/wp-json\/wp\/v2\/users\/16"}],"replies":[{"embeddable":true,"href":"https:\/\/www.biworldwide.com\/pt-br\/wp-json\/wp\/v2\/comments?post=382"}],"version-history":[{"count":3,"href":"https:\/\/www.biworldwide.com\/pt-br\/wp-json\/wp\/v2\/pages\/382\/revisions"}],"predecessor-version":[{"id":837,"href":"https:\/\/www.biworldwide.com\/pt-br\/wp-json\/wp\/v2\/pages\/382\/revisions\/837"}],"wp:attachment":[{"href":"https:\/\/www.biworldwide.com\/pt-br\/wp-json\/wp\/v2\/media?parent=382"}],"wp:term":[{"taxonomy":"wf_page_folders","embeddable":true,"href":"https:\/\/www.biworldwide.com\/pt-br\/wp-json\/wp\/v2\/wf_page_folders?post=382"}],"curies":[{"name":"wp","href":"https:\/\/api.w.org\/{rel}","templated":true}]}}