{"id":384,"date":"2025-03-28T23:22:41","date_gmt":"2025-03-29T05:22:41","guid":{"rendered":"https:\/\/www.biworldwide.com\/pt-br\/?page_id=384"},"modified":"2025-04-01T11:25:45","modified_gmt":"2025-04-01T17:25:45","slug":"as-novas-regras-do-engajamento","status":"publish","type":"page","link":"https:\/\/www.biworldwide.com\/pt-br\/as-novas-regras-do-engajamento\/","title":{"rendered":"As Novas Regras do Engajamento"},"content":{"rendered":"\n<p><\/p>\n\n\n<div class=\" has-content-align-left has-overlay has-overlay--dark alignfull wp-block-biw-block-theme-hero\">\n\t<div class=\"biw-hero__grid\">\n\t\t\t\t\t<div class=\"biw-hero__breadcrumbs\">\n\t\t\t\t<div id=\"breadcrumbs\" class=\"breadcrumb-nav__wrapper\"><span class=\"breadcrumb-nav\"><span><a href=\"https:\/\/www.biworldwide.com\/pt-br\/\">Home<\/a><\/span><\/span><\/div>\t\t\t<\/div>\n\t\t\n\t\t\t\t\t<div class=\"biw-hero__media \">\n\t\t\t\t\t\t\t\t\t<div class=\"biw-hero__overlay overlay-dark\"><\/div>\n\t\t\t\t\t\t\t\t<img decoding=\"async\" src=\"http:\/\/live-biw-main.pantheonsite.io\/wp-content\/uploads\/2025\/02\/NROE-2024-ASterns-1728x600px-1.jpg\" alt=\"A group of origami cranes, with one red crane in the foreground on an orange patterned background, stand out against several gray cranes on a lighter patterned background. The contrast emphasizes the unique red crane.\" class=\"biw-hero__bg-image\" style=\"object-position: 50% 50%;\">\t\t\t<\/div>\n\t\t\t\t<div class=\"biw-hero__content\">\n\t\t\t\t\t\t<h1 class=\"biw-hero__title\" style=\"line-height: 1.2\">\n\t\t\t\tAs Novas Regras do Engajamento\t\t\t<\/h1>\n\t\t\t\t\t\t\t<h2 class=\"biw-hero__subtitle\">\n\t\t\t\t\tExiste uma ci\u00eancia por tr\u00e1s da motiva\u00e7\u00e3o eficaz.\t\t\t\t<\/h2>\n\t\t\t\t\t\t\t\t\t\t<div class=\"biw-hero__text\">\n\t\t\t\t\t\n\n<p>O estudo <em>As Novas Regras do Engajamento\u00ae<\/em> \u00e9 uma pesquisa cont\u00ednua realizada anualmente para compreender a experi\u00eancia atual no trabalho e encontrar maneiras de torn\u00e1-la melhor para os colaboradores, gerando resultados mais positivos para as empresas.<\/p>\n\n\t\t\t\t<\/div>\n\t\t\t\t\t\t\t\t<\/div>\n\t<\/div>\n<\/div>\n\n\n\n<div class=\"wp-block-group  layout-columns-7 has-global-padding is-layout-constrained wp-container-core-group-is-layout-a133ec42 wp-block-group-is-layout-constrained\">\n<h2 class=\"wp-block-heading\">Criar uma cultura corporativa excepcional come\u00e7a aqui.<\/h2>\n\n\n\n<p class=\"has-large-font-size\">Por meio de uma extensa pesquisa global, identificamos 12 fatores essenciais que moldam o relacionamento dos colaboradores com a empresa. Compreender quais desses fatores s\u00e3o mais importantes para sua equipe \u00e9 fundamental para desenvolver uma proposta de valor s\u00f3lida para os funcion\u00e1rios.<\/p>\n<\/div>\n\n\n\n<div class=\"wp-block-group alignfull  has-background-angle-to-left bg-angle-action has-global-padding is-layout-constrained wp-container-core-group-is-layout-97ab3c77 wp-block-group-is-layout-constrained\">\n<div class=\"wp-block-group has-text-align-center  layout-columns-8 has-global-padding is-layout-constrained wp-container-core-group-is-layout-ee362a79 wp-block-group-is-layout-constrained\">\n<h2 class=\"wp-block-heading has-text-align-center  has-text-wrap-pretty\">The New Rules of Engagement<sup>\u00ae<\/sup><\/h2>\n\n\n\n<p class=\" has-text-wrap-balance\">12 regras para seguir no caminho para uma cultura corporativa de classe mundial.<\/p>\n<\/div>\n\n\n\n<div class=\"wp-block-group  layout-columns-12 has-global-padding is-layout-constrained wp-container-core-group-is-layout-9e09659d wp-block-group-is-layout-constrained\">\n<div class=\"wp-block-group is-layout-grid wp-container-core-group-is-layout-c765d3c1 wp-block-group-is-layout-grid\">\n<div class=\"wp-block-group  has-dynamic-border-radius has-global-padding is-layout-constrained wp-block-group-is-layout-constrained\">\n<figure class=\"wp-block-image size-large\"><img decoding=\"async\" src=\"http:\/\/live-biw-main.pantheonsite.io\/wp-content\/uploads\/2025\/02\/NROE-Coffee-mugs-1300x732px-1024x577.jpg\" alt=\"Two colorful mugs, one green and one yellow, are displayed in front of a magazine page titled The New Rules of Engagement. The page features various images, including a piggy bank and a red balloon, with text 1. make it personal above the mugs.\" class=\"wp-image-3303\" style=\"aspect-ratio:16\/9;object-fit:cover\" \/><\/figure>\n<\/div>\n\n\n<div class=\" has-dynamic-border-radius has-image-size-cover has-image-radius-none is-style-vertical-no-image wp-block-biw-block-theme-biw-card\">\n\t\t<div class=\"biw-card__content\">\n\t\t<h3 class=\"biw-card__title\">\n\t\t\t\t\t\t\t<strong>Torne isso pessoal<\/strong>\t\t\t\t\t<\/h3>\n\t\t<div class=\"biw-card__text\">\n\n<p>Uma boa gest\u00e3o exige um profundo entendimento de cada indiv\u00edduo\u2014suas habilidades, aspira\u00e7\u00f5es e a forma como trabalham melhor. Ter sucesso nesta regra \u00e9 fundamental para alcan\u00e7ar todas as outras.<br><\/p>\n\n<\/div>\n\t<\/div>\n\t<\/div>\n\n<div class=\" has-dynamic-border-radius has-image-size-cover has-image-radius-none is-style-vertical-no-image wp-block-biw-block-theme-biw-card\">\n\t\t<div class=\"biw-card__content\">\n\t\t<h3 class=\"biw-card__title\">\n\t\t\t\t\t\t\t<strong>Torne o dinheiro uma n\u00e3o quest\u00e3o<\/strong>\t\t\t\t\t<\/h3>\n\t\t<div class=\"biw-card__text\">\n\n<p>O dinheiro n\u00e3o \u00e9 tudo. Mas as empresas que lidam mal com esse aspecto emocional acabam tornando-o um problema maior do que deveria ser.<\/p>\n\n<\/div>\n\t<\/div>\n\t<\/div>\n\n<div class=\" has-dynamic-border-radius has-image-size-cover has-image-radius-none is-style-vertical-no-image wp-block-biw-block-theme-biw-card\">\n\t\t<div class=\"biw-card__content\">\n\t\t<h3 class=\"biw-card__title\">\n\t\t\t\t\t\t\t<strong>Ajude-os a prosperar<\/strong>\t\t\t\t\t<\/h3>\n\t\t<div class=\"biw-card__text\">\n\n<p>Nunca antes trabalho, vida pessoal e sa\u00fade estiveram t\u00e3o interligados. Proteger o bem-estar hol\u00edstico dos colaboradores n\u00e3o apenas reduz custos\u2014tamb\u00e9m os revitaliza e fortalece o seu neg\u00f3cio.<\/p>\n\n<\/div>\n\t<\/div>\n\t<\/div>\n\n<div class=\" has-dynamic-border-radius has-image-size-cover has-image-radius-none is-style-vertical-no-image wp-block-biw-block-theme-biw-card\">\n\t\t<div class=\"biw-card__content\">\n\t\t<h3 class=\"biw-card__title\">\n\t\t\t\t\t\t\t<strong>Realize seu potencial<\/strong>\t\t\t\t\t<\/h3>\n\t\t<div class=\"biw-card__text\">\n\n<p>Os empregadores s\u00e3o esperados para oferecer oportunidades de crescimento. Disponibilizar ferramentas, aprendizado e desenvolvimento permite que os funcion\u00e1rios alcancem o sucesso e impulsiona seus talentos mais promissores.<\/p>\n\n<\/div>\n\t<\/div>\n\t<\/div>\n\n\n<div class=\"wp-block-group  has-dynamic-border-radius has-global-padding is-layout-constrained wp-block-group-is-layout-constrained\">\n<figure class=\"wp-block-image size-large\"><img decoding=\"async\" src=\"http:\/\/live-biw-main.pantheonsite.io\/wp-content\/uploads\/2025\/02\/NROE-Balloon-1300x732px-1024x577.jpg\" alt=\"A heart-shaped red balloon floats in front of a magazine page titled The New Rules of Engagement. The page displays various items and text boxes. The balloon highlights rule number 5: foster belonging.\" class=\"wp-image-3301\" style=\"aspect-ratio:16\/9;object-fit:cover\" \/><\/figure>\n<\/div>\n\n\n<div class=\" has-dynamic-border-radius has-image-size-cover has-image-radius-none is-style-vertical-no-image wp-block-biw-block-theme-biw-card\">\n\t\t<div class=\"biw-card__content\">\n\t\t<h3 class=\"biw-card__title\">\n\t\t\t\t\t\t\t<strong>Cultive pertencimento<\/strong>\t\t\t\t\t<\/h3>\n\t\t<div class=\"biw-card__text\">\n\n<p>Os funcion\u00e1rios n\u00e3o podem se comprometer totalmente com uma empresa da qual n\u00e3o se sentem parte. Promover um senso de pertencimento dentro da organiza\u00e7\u00e3o, da equipe e do pr\u00f3prio trabalho \u00e9 essencial para reter talentos e garantir um desempenho excepcional.<\/p>\n\n<\/div>\n\t<\/div>\n\t<\/div>\n\n<div class=\" has-dynamic-border-radius has-image-size-cover has-image-radius-none is-style-vertical-no-image wp-block-biw-block-theme-biw-card\">\n\t\t<div class=\"biw-card__content\">\n\t\t<h3 class=\"biw-card__title\">\n\t\t\t\t\t\t\t<strong>Seja ousadamente transparente<\/strong>\t\t\t\t\t<\/h3>\n\t\t<div class=\"biw-card__text\">\n\n<p>Muitas das melhores ideias v\u00eam dos pr\u00f3prios funcion\u00e1rios. Ou\u00e7a com mente aberta e use essas ideias para moldar a vis\u00e3o do futuro.<\/p>\n\n<\/div>\n\t<\/div>\n\t<\/div>\n\n<div class=\" has-dynamic-border-radius has-image-size-cover has-image-radius-none is-style-vertical-no-image wp-block-biw-block-theme-biw-card\">\n\t\t<div class=\"biw-card__content\">\n\t\t<h3 class=\"biw-card__title\">\n\t\t\t\t\t\t\t<strong>D\u00ea significado<\/strong>\t\t\t\t\t<\/h3>\n\t\t<div class=\"biw-card__text\">\n\n<p>As pessoas precisam fazer parte de algo maior do que apenas um trabalho e um sal\u00e1rio. O significado impulsiona um desempenho mais alto.<\/p>\n\n<\/div>\n\t<\/div>\n\t<\/div>\n\n\n<div class=\"wp-block-group  has-dynamic-border-radius has-global-padding is-layout-constrained wp-block-group-is-layout-constrained\">\n<figure class=\"wp-block-image size-large\"><img decoding=\"async\" src=\"http:\/\/live-biw-main.pantheonsite.io\/wp-content\/uploads\/2025\/02\/NROE-Binoculars-1300x732px-1024x577.jpg\" alt=\"A pair of binoculars is in the foreground. Behind it, a magazine page features images of a piggy bank, books, a red balloon, and a blue jersey. Text highlights The New Rules of Engagement and 8. See their future.\" class=\"wp-image-3302\" style=\"aspect-ratio:16\/9;object-fit:cover\" \/><\/figure>\n<\/div>\n\n\n<div class=\" has-dynamic-border-radius has-image-size-cover has-image-radius-none is-style-vertical-no-image wp-block-biw-block-theme-biw-card\">\n\t\t<div class=\"biw-card__content\">\n\t\t<h3 class=\"biw-card__title\">\n\t\t\t\t\t\t\t<strong>Visualize o futuro deles<\/strong>\t\t\t\t\t<\/h3>\n\t\t<div class=\"biw-card__text\">\n\n<p>O que as pessoas fazem hoje \u00e9 amplamente motivado por onde acreditam que isso as levar\u00e1 no futuro. Empresas que ajudam ativamente os funcion\u00e1rios a tra\u00e7ar esse caminho ser\u00e3o recompensadas com seu melhor trabalho.<\/p>\n\n<\/div>\n\t<\/div>\n\t<\/div>\n\n<div class=\" has-dynamic-border-radius has-image-size-cover has-image-radius-none is-style-vertical-no-image wp-block-biw-block-theme-biw-card\">\n\t\t<div class=\"biw-card__content\">\n\t\t<h3 class=\"biw-card__title\">\n\t\t\t\t\t\t\t<strong>Amplifique o sucesso<\/strong>\t\t\t\t\t<\/h3>\n\t\t<div class=\"biw-card__text\">\n\n<p>O que uma empresa reconhece tende a se repetir. Destacar as conquistas dos funcion\u00e1rios garante que essas vit\u00f3rias se multipliquem.<\/p>\n\n<\/div>\n\t<\/div>\n\t<\/div>\n\n<div class=\" has-dynamic-border-radius has-image-size-cover has-image-radius-none is-style-vertical-no-image wp-block-biw-block-theme-biw-card\">\n\t\t<div class=\"biw-card__content\">\n\t\t<h3 class=\"biw-card__title\">\n\t\t\t\t\t\t\t<strong>Una a equipe<\/strong>\t\t\t\t\t<\/h3>\n\t\t<div class=\"biw-card__text\">\n\n<p>As pessoas sempre estiveram dispostas a se esfor\u00e7ar pelo time certo, mas apenas se sentirem que os outros far\u00e3o o mesmo. Criar condi\u00e7\u00f5es para uma colabora\u00e7\u00e3o forte nunca foi t\u00e3o importante.<\/p>\n\n<\/div>\n\t<\/div>\n\t<\/div>\n\n<div class=\" has-dynamic-border-radius has-image-size-cover has-image-radius-none is-style-vertical-no-image wp-block-biw-block-theme-biw-card\">\n\t\t<div class=\"biw-card__content\">\n\t\t<h3 class=\"biw-card__title\">\n\t\t\t\t\t\t\t<strong>Deixe-os liderar<\/strong>\t\t\t\t\t<\/h3>\n\t\t<div class=\"biw-card__text\">\n\n<p>O verdadeiro empoderamento acontece quando as ideias s\u00e3o levadas a s\u00e9rio. N\u00e3o basta incentivar os funcion\u00e1rios a correr riscos\u2014\u00e9 essencial apoi\u00e1-los, mesmo quando algo n\u00e3o sai como o esperado.<\/p>\n\n<\/div>\n\t<\/div>\n\t<\/div>\n\n<div class=\" has-dynamic-border-radius has-image-size-cover has-image-radius-none is-style-vertical-no-image wp-block-biw-block-theme-biw-card\">\n\t\t<div class=\"biw-card__content\">\n\t\t<h3 class=\"biw-card__title\">\n\t\t\t\t\t\t\t<strong>Desafie-os<\/strong>\t\t\t\t\t<\/h3>\n\t\t<div class=\"biw-card__text\">\n\n<p>Seus melhores funcion\u00e1rios querem alcan\u00e7ar algo extraordin\u00e1rio juntos. Desafie-os, motive-os e apoie-os plenamente, e voc\u00ea se surpreender\u00e1 com o que podem realizar.<\/p>\n\n<\/div>\n\t<\/div>\n\t<\/div><\/div>\n<\/div>\n<span class='background-angle-wrapper'><svg fill='none' viewBox='0 0 1728 699' xmlns='http:\/\/www.w3.org\/2000\/svg'><path d='M1728 0H0V294.923L1728 698.43V0Z' fill='url(#69da569041fc1)'\/><defs><linearGradient id='69da569041fc1' x1='1738.8' x2='1701' y1='717.27' y2='15.023' gradientUnits='userSpaceOnUse'><stop stop-color='#6D28D9' stop-opacity='.3' offset='0'\/><stop stop-color='#6D28D9' stop-opacity='0' offset='1'\/><\/linearGradient><\/defs><\/svg><\/span><\/div>","protected":false},"excerpt":{"rendered":"<p>Criar uma cultura corporativa excepcional come\u00e7a aqui. Por meio de uma extensa pesquisa global, identificamos 12 fatores essenciais que moldam o relacionamento dos colaboradores com a empresa. Compreender quais desses fatores s\u00e3o mais importantes para sua equipe \u00e9 fundamental para desenvolver uma proposta de valor s\u00f3lida para os funcion\u00e1rios. The New Rules of Engagement\u00ae 12 [&hellip;]<\/p>\n","protected":false},"author":16,"featured_media":0,"parent":0,"menu_order":0,"comment_status":"closed","ping_status":"closed","template":"","meta":{"featured_image_focal_point":{"x":0.5,"y":0.5},"footnotes":""},"wf_page_folders":[43],"class_list":["post-384","page","type-page","status-publish","hentry"],"yoast_head":"<!-- This site is optimized with the Yoast SEO plugin v26.2 - https:\/\/yoast.com\/wordpress\/plugins\/seo\/ -->\n<title>As Novas Regras do Engajamento - Brazil (Portuguese)<\/title>\n<meta name=\"robots\" content=\"index, follow, max-snippet:-1, max-image-preview:large, max-video-preview:-1\" \/>\n<link rel=\"canonical\" href=\"https:\/\/www.biworldwide.com\/pt-br\/as-novas-regras-do-engajamento\/\" \/>\n<meta property=\"og:locale\" content=\"pt_BR\" \/>\n<meta property=\"og:type\" content=\"article\" \/>\n<meta property=\"og:title\" content=\"As Novas Regras do Engajamento - Brazil (Portuguese)\" \/>\n<meta property=\"og:description\" content=\"Criar uma cultura corporativa excepcional come\u00e7a aqui. Por meio de uma extensa pesquisa global, identificamos 12 fatores essenciais que moldam o relacionamento dos colaboradores com a empresa. Compreender quais desses fatores s\u00e3o mais importantes para sua equipe \u00e9 fundamental para desenvolver uma proposta de valor s\u00f3lida para os funcion\u00e1rios. The New Rules of Engagement\u00ae 12 [&hellip;]\" \/>\n<meta property=\"og:url\" content=\"https:\/\/www.biworldwide.com\/pt-br\/as-novas-regras-do-engajamento\/\" \/>\n<meta property=\"og:site_name\" content=\"Brazil (Portuguese)\" \/>\n<meta property=\"article:modified_time\" content=\"2025-04-01T17:25:45+00:00\" \/>\n<meta property=\"og:image\" content=\"http:\/\/live-biw-main.pantheonsite.io\/wp-content\/uploads\/2025\/02\/NROE-Coffee-mugs-1300x732px-1024x577.jpg\" \/>\n<meta name=\"twitter:card\" content=\"summary_large_image\" \/>\n<meta name=\"twitter:label1\" content=\"Est. reading time\" \/>\n\t<meta name=\"twitter:data1\" content=\"3 minutos\" \/>\n<script type=\"application\/ld+json\" class=\"yoast-schema-graph\">{\"@context\":\"https:\/\/schema.org\",\"@graph\":[{\"@type\":\"WebPage\",\"@id\":\"https:\/\/www.biworldwide.com\/pt-br\/as-novas-regras-do-engajamento\/\",\"url\":\"https:\/\/www.biworldwide.com\/pt-br\/as-novas-regras-do-engajamento\/\",\"name\":\"As Novas Regras do Engajamento - Brazil (Portuguese)\",\"isPartOf\":{\"@id\":\"https:\/\/www.biworldwide.com\/pt-br\/#website\"},\"primaryImageOfPage\":{\"@id\":\"https:\/\/www.biworldwide.com\/pt-br\/as-novas-regras-do-engajamento\/#primaryimage\"},\"image\":{\"@id\":\"https:\/\/www.biworldwide.com\/pt-br\/as-novas-regras-do-engajamento\/#primaryimage\"},\"thumbnailUrl\":\"http:\/\/live-biw-main.pantheonsite.io\/wp-content\/uploads\/2025\/02\/NROE-Coffee-mugs-1300x732px-1024x577.jpg\",\"datePublished\":\"2025-03-29T05:22:41+00:00\",\"dateModified\":\"2025-04-01T17:25:45+00:00\",\"breadcrumb\":{\"@id\":\"https:\/\/www.biworldwide.com\/pt-br\/as-novas-regras-do-engajamento\/#breadcrumb\"},\"inLanguage\":\"pt-BR\",\"potentialAction\":[{\"@type\":\"ReadAction\",\"target\":[\"https:\/\/www.biworldwide.com\/pt-br\/as-novas-regras-do-engajamento\/\"]}]},{\"@type\":\"ImageObject\",\"inLanguage\":\"pt-BR\",\"@id\":\"https:\/\/www.biworldwide.com\/pt-br\/as-novas-regras-do-engajamento\/#primaryimage\",\"url\":\"http:\/\/live-biw-main.pantheonsite.io\/wp-content\/uploads\/2025\/02\/NROE-Coffee-mugs-1300x732px-1024x577.jpg\",\"contentUrl\":\"http:\/\/live-biw-main.pantheonsite.io\/wp-content\/uploads\/2025\/02\/NROE-Coffee-mugs-1300x732px-1024x577.jpg\"},{\"@type\":\"BreadcrumbList\",\"@id\":\"https:\/\/www.biworldwide.com\/pt-br\/as-novas-regras-do-engajamento\/#breadcrumb\",\"itemListElement\":[{\"@type\":\"ListItem\",\"position\":1,\"name\":\"Home\",\"item\":\"https:\/\/www.biworldwide.com\/pt-br\/\"},{\"@type\":\"ListItem\",\"position\":2,\"name\":\"As Novas Regras do Engajamento\"}]},{\"@type\":\"WebSite\",\"@id\":\"https:\/\/www.biworldwide.com\/pt-br\/#website\",\"url\":\"https:\/\/www.biworldwide.com\/pt-br\/\",\"name\":\"Brazil (Portuguese)\",\"description\":\"\",\"potentialAction\":[{\"@type\":\"SearchAction\",\"target\":{\"@type\":\"EntryPoint\",\"urlTemplate\":\"https:\/\/www.biworldwide.com\/pt-br\/?s={search_term_string}\"},\"query-input\":{\"@type\":\"PropertyValueSpecification\",\"valueRequired\":true,\"valueName\":\"search_term_string\"}}],\"inLanguage\":\"pt-BR\"}]}<\/script>\n<!-- \/ Yoast SEO plugin. -->","yoast_head_json":{"title":"As Novas Regras do Engajamento - Brazil (Portuguese)","robots":{"index":"index","follow":"follow","max-snippet":"max-snippet:-1","max-image-preview":"max-image-preview:large","max-video-preview":"max-video-preview:-1"},"canonical":"https:\/\/www.biworldwide.com\/pt-br\/as-novas-regras-do-engajamento\/","og_locale":"pt_BR","og_type":"article","og_title":"As Novas Regras do Engajamento - Brazil (Portuguese)","og_description":"Criar uma cultura corporativa excepcional come\u00e7a aqui. Por meio de uma extensa pesquisa global, identificamos 12 fatores essenciais que moldam o relacionamento dos colaboradores com a empresa. Compreender quais desses fatores s\u00e3o mais importantes para sua equipe \u00e9 fundamental para desenvolver uma proposta de valor s\u00f3lida para os funcion\u00e1rios. The New Rules of Engagement\u00ae 12 [&hellip;]","og_url":"https:\/\/www.biworldwide.com\/pt-br\/as-novas-regras-do-engajamento\/","og_site_name":"Brazil (Portuguese)","article_modified_time":"2025-04-01T17:25:45+00:00","og_image":[{"url":"http:\/\/live-biw-main.pantheonsite.io\/wp-content\/uploads\/2025\/02\/NROE-Coffee-mugs-1300x732px-1024x577.jpg","type":"","width":"","height":""}],"twitter_card":"summary_large_image","twitter_misc":{"Est. reading time":"3 minutos"},"schema":{"@context":"https:\/\/schema.org","@graph":[{"@type":"WebPage","@id":"https:\/\/www.biworldwide.com\/pt-br\/as-novas-regras-do-engajamento\/","url":"https:\/\/www.biworldwide.com\/pt-br\/as-novas-regras-do-engajamento\/","name":"As Novas Regras do Engajamento - Brazil (Portuguese)","isPartOf":{"@id":"https:\/\/www.biworldwide.com\/pt-br\/#website"},"primaryImageOfPage":{"@id":"https:\/\/www.biworldwide.com\/pt-br\/as-novas-regras-do-engajamento\/#primaryimage"},"image":{"@id":"https:\/\/www.biworldwide.com\/pt-br\/as-novas-regras-do-engajamento\/#primaryimage"},"thumbnailUrl":"http:\/\/live-biw-main.pantheonsite.io\/wp-content\/uploads\/2025\/02\/NROE-Coffee-mugs-1300x732px-1024x577.jpg","datePublished":"2025-03-29T05:22:41+00:00","dateModified":"2025-04-01T17:25:45+00:00","breadcrumb":{"@id":"https:\/\/www.biworldwide.com\/pt-br\/as-novas-regras-do-engajamento\/#breadcrumb"},"inLanguage":"pt-BR","potentialAction":[{"@type":"ReadAction","target":["https:\/\/www.biworldwide.com\/pt-br\/as-novas-regras-do-engajamento\/"]}]},{"@type":"ImageObject","inLanguage":"pt-BR","@id":"https:\/\/www.biworldwide.com\/pt-br\/as-novas-regras-do-engajamento\/#primaryimage","url":"http:\/\/live-biw-main.pantheonsite.io\/wp-content\/uploads\/2025\/02\/NROE-Coffee-mugs-1300x732px-1024x577.jpg","contentUrl":"http:\/\/live-biw-main.pantheonsite.io\/wp-content\/uploads\/2025\/02\/NROE-Coffee-mugs-1300x732px-1024x577.jpg"},{"@type":"BreadcrumbList","@id":"https:\/\/www.biworldwide.com\/pt-br\/as-novas-regras-do-engajamento\/#breadcrumb","itemListElement":[{"@type":"ListItem","position":1,"name":"Home","item":"https:\/\/www.biworldwide.com\/pt-br\/"},{"@type":"ListItem","position":2,"name":"As Novas Regras do Engajamento"}]},{"@type":"WebSite","@id":"https:\/\/www.biworldwide.com\/pt-br\/#website","url":"https:\/\/www.biworldwide.com\/pt-br\/","name":"Brazil (Portuguese)","description":"","potentialAction":[{"@type":"SearchAction","target":{"@type":"EntryPoint","urlTemplate":"https:\/\/www.biworldwide.com\/pt-br\/?s={search_term_string}"},"query-input":{"@type":"PropertyValueSpecification","valueRequired":true,"valueName":"search_term_string"}}],"inLanguage":"pt-BR"}]}},"_links":{"self":[{"href":"https:\/\/www.biworldwide.com\/pt-br\/wp-json\/wp\/v2\/pages\/384","targetHints":{"allow":["GET"]}}],"collection":[{"href":"https:\/\/www.biworldwide.com\/pt-br\/wp-json\/wp\/v2\/pages"}],"about":[{"href":"https:\/\/www.biworldwide.com\/pt-br\/wp-json\/wp\/v2\/types\/page"}],"author":[{"embeddable":true,"href":"https:\/\/www.biworldwide.com\/pt-br\/wp-json\/wp\/v2\/users\/16"}],"replies":[{"embeddable":true,"href":"https:\/\/www.biworldwide.com\/pt-br\/wp-json\/wp\/v2\/comments?post=384"}],"version-history":[{"count":3,"href":"https:\/\/www.biworldwide.com\/pt-br\/wp-json\/wp\/v2\/pages\/384\/revisions"}],"predecessor-version":[{"id":898,"href":"https:\/\/www.biworldwide.com\/pt-br\/wp-json\/wp\/v2\/pages\/384\/revisions\/898"}],"wp:attachment":[{"href":"https:\/\/www.biworldwide.com\/pt-br\/wp-json\/wp\/v2\/media?parent=384"}],"wp:term":[{"taxonomy":"wf_page_folders","embeddable":true,"href":"https:\/\/www.biworldwide.com\/pt-br\/wp-json\/wp\/v2\/wf_page_folders?post=384"}],"curies":[{"name":"wp","href":"https:\/\/api.w.org\/{rel}","templated":true}]}}