{"id":394,"date":"2025-03-28T23:30:14","date_gmt":"2025-03-29T05:30:14","guid":{"rendered":"https:\/\/www.biworldwide.com\/pt-br\/?page_id=394"},"modified":"2025-03-31T22:03:45","modified_gmt":"2025-04-01T04:03:45","slug":"block-unlock","status":"publish","type":"page","link":"https:\/\/www.biworldwide.com\/pt-br\/block-unlock\/","title":{"rendered":"Block Unlock"},"content":{"rendered":"<div class=\" has-content-align-left has-overlay has-overlay--light alignfull wp-block-biw-block-theme-hero\">\n\t<div class=\"biw-hero__grid\">\n\t\t\n\t\t\t\t\t<div class=\"biw-hero__media \">\n\t\t\t\t\t\t\t\t\t<div class=\"biw-hero__overlay overlay-light\"><\/div>\n\t\t\t\t\t\t\t\t<img decoding=\"async\" src=\"http:\/\/live-biw-main.pantheonsite.io\/wp-content\/uploads\/2025\/02\/blockunlock-hero.png\" alt=\"Hands holding a tablet displaying a pet adoption website, featuring a dogs picture and details. The tablet is on an orange background, with a Block Unlock logo in the top right corner.\" class=\"biw-hero__bg-image\" style=\"object-position: 50% 50%;\">\t\t\t<\/div>\n\t\t\t\t<div class=\"biw-hero__content\">\n\t\t\t\t\t\t<h1 class=\"biw-hero__title\" style=\"line-height: 1.2\">\n\t\t\t\tBlock Unlock\t\t\t<\/h1>\n\t\t\t\t\t\t\t\t\t\t<div class=\"biw-hero__text\">\n\t\t\t\t\t\n\n<p>O Block Unlock\u00ae \u00e9 um sistema gamificado que estimula o engajamento, promove mudan\u00e7as de comportamento e impulsiona o progresso ao motivar o p\u00fablico a realizar a\u00e7\u00f5es e desbloquear recompensas.<br><\/p>\n\n\t\t\t\t<\/div>\n\t\t\t\t\t\t\t\t<\/div>\n\t<\/div>\n<\/div>\n\n\n\n<div class=\"wp-block-group  layout-columns-7 has-global-padding is-layout-constrained wp-container-core-group-is-layout-a133ec42 wp-block-group-is-layout-constrained\">\n<h2 class=\"wp-block-heading\">Desbloqueie o que vem a seguir.<\/h2>\n\n\n\n<p>Conecte-se com seus clientes da forma mais envolvente poss\u00edvel. O Block Unlock\u00ae \u00e9 um sistema gamificado que impulsiona o engajamento, acelera o progresso ao longo do ciclo de vida e promove mudan\u00e7as de comportamento, incentivando o p\u00fablico a completar a\u00e7\u00f5es e desbloquear recompensas.<br><\/p>\n\n\n\n<p>O Block Unlock transforma a experi\u00eancia do usu\u00e1rio em uma jornada divertida e din\u00e2mica, que faz com que os clientes queiram voltar sempre. Vamos desbloquear o verdadeiro potencial da sua marca e inspirar a\u00e7\u00f5es concretas.<br><\/p>\n<\/div>\n\n\n\n<div class=\"wp-block-group alignfull has-global-padding is-layout-constrained wp-container-core-group-is-layout-97ab3c77 wp-block-group-is-layout-constrained\">\n<div class=\"wp-block-group has-text-align-center  layout-columns-8 has-global-padding is-layout-constrained wp-container-core-group-is-layout-ee362a79 wp-block-group-is-layout-constrained\">\n<h2 class=\"wp-block-heading has-text-align-center  has-text-wrap-pretty\">Explore nossas solu\u00e7\u00f5es de fidelidade:<\/h2>\n\n\n\n<p class=\" has-text-wrap-balance\"><\/p>\n<\/div>\n\n\n\n<div class=\"wp-block-group  layout-columns-12 has-global-padding is-layout-constrained wp-container-core-group-is-layout-9e09659d wp-block-group-is-layout-constrained\">\n<div class=\"wp-block-group is-layout-grid wp-container-core-group-is-layout-c765d3c1 wp-block-group-is-layout-grid\"><div class=\" has-dynamic-border-radius has-link has-image-size-cover has-image-radius-none is-style-default wp-block-biw-block-theme-biw-card\">\n\t\t\t<figure class=\"biw-card__image-wrapper \">\n\t\t\t<img decoding=\"async\" src=\"http:\/\/live-biw-main.pantheonsite.io\/wp-content\/uploads\/2025\/02\/BIW_Site_Card_Gamification-scaled.jpg\" alt=\"A luminous purple knight chess piece stands prominently on a board, surrounded by blurred white chess pieces in the background. A network of glowing connections extends on the right, suggesting a blend of strategy and technology.\" class=\"biw-card__image\" style=\"object-position: 50% 50%;\">\t\t<\/figure>\n\t\t<div class=\"biw-card__content\">\n\t\t<h3 class=\"biw-card__title\">\n\t\t\t\t\t\t\t<a href=\"https:\/\/www.biworldwide.com\/pt-br\/gamification\/\" >\n\t\t\t\t<strong>Gamifica\u00e7\u00e3o<\/strong>\t\t\t\t<\/a>\n\t\t\t\t\t<\/h3>\n\t\t<div class=\"biw-card__text\">\n\n<p>Engaje clientes, colaboradores e parceiros para que fa\u00e7am mais dentro dos sistemas que s\u00e3o estrat\u00e9gicos para o seu neg\u00f3cio.<\/p>\n\n<\/div>\n\t<\/div>\n\t\t\t<span class=\"biw-card__cta\">Saiba Mais<\/span>\n\t<\/div>\n\n<div class=\" has-dynamic-border-radius has-link has-image-size-cover has-image-radius-none is-style-default wp-block-biw-block-theme-biw-card\">\n\t\t\t<figure class=\"biw-card__image-wrapper \">\n\t\t\t<img decoding=\"async\" src=\"http:\/\/live-biw-main.pantheonsite.io\/wp-content\/uploads\/2025\/02\/Loyalty-1300x732px.jpg\" alt=\"A smiling woman with curly hair, wearing a white shirt and necklace, receives a small package. She stands outdoors with a colorful, blurred background.\" class=\"biw-card__image\" style=\"object-position: 50% 50%;\">\t\t<\/figure>\n\t\t<div class=\"biw-card__content\">\n\t\t<h3 class=\"biw-card__title\">\n\t\t\t\t\t\t\t<a href=\"https:\/\/www.biworldwide.com\/pt-br\/fidelizacao-de-clientes\/\" >\n\t\t\t\t<strong>Fidelidade<\/strong>\t\t\t\t<\/a>\n\t\t\t\t\t<\/h3>\n\t\t<div class=\"biw-card__text\">\n\n<p>Desde o primeiro contato com a sua marca at\u00e9 o momento em que se tornam verdadeiros defensores, ajudamos voc\u00ea a criar programas que inspiram a\u00e7\u00e3o, fortalecem conex\u00f5es e geram resultados mensur\u00e1veis.<\/p>\n\n<\/div>\n\t<\/div>\n\t\t\t<span class=\"biw-card__cta\">Saiba Mais<\/span>\n\t<\/div>\n\n<div class=\" has-dynamic-border-radius has-link has-image-size-cover has-image-radius-none is-style-default wp-block-biw-block-theme-biw-card\">\n\t\t\t<figure class=\"biw-card__image-wrapper \">\n\t\t\t<img decoding=\"async\" src=\"http:\/\/live-biw-main.pantheonsite.io\/wp-content\/uploads\/2025\/02\/Customer-Loyalty-Coffee-cups-1300x732px.jpg\" alt=\"Two cups of cappuccino with heart-shaped latte art sit on saucers with spoons. The image is divided diagonally, with one cup in a dim setting and the other in bright lighting, showcasing different ambiance effects on the wooden table.\" class=\"biw-card__image\" style=\"object-position: 50% 50%;\">\t\t<\/figure>\n\t\t<div class=\"biw-card__content\">\n\t\t<h3 class=\"biw-card__title\">\n\t\t\t\t\t\t\t<a href=\"https:\/\/www.biworldwide.com\/pt-br\/customer-loyalty\/\" >\n\t\t\t\t<strong>Fideliza\u00e7\u00e3o de Clientes<\/strong>\t\t\t\t<\/a>\n\t\t\t\t\t<\/h3>\n\t\t<div class=\"biw-card__text\">\n\n<p>Lealdade de verdade vai al\u00e9m de pontos e recompensas. Vamos mais fundo \u2014 impulsionamos os comportamentos que realmente importam, refinamos cada etapa da jornada e criamos conex\u00f5es emocionais duradouras. Onde quer que seus clientes estejam, garantimos que permane\u00e7am com voc\u00ea.<\/p>\n\n<\/div>\n\t<\/div>\n\t\t\t<span class=\"biw-card__cta\">Saiba Mais<\/span>\n\t<\/div><\/div>\n<\/div>\n<\/div>\n","protected":false},"excerpt":{"rendered":"<p>Desbloqueie o que vem a seguir. Conecte-se com seus clientes da forma mais envolvente poss\u00edvel. O Block Unlock\u00ae \u00e9 um sistema gamificado que impulsiona o engajamento, acelera o progresso ao longo do ciclo de vida e promove mudan\u00e7as de comportamento, incentivando o p\u00fablico a completar a\u00e7\u00f5es e desbloquear recompensas. O Block Unlock transforma a experi\u00eancia [&hellip;]<\/p>\n","protected":false},"author":16,"featured_media":0,"parent":0,"menu_order":0,"comment_status":"closed","ping_status":"closed","template":"","meta":{"featured_image_focal_point":{"x":0.5,"y":0.5},"footnotes":""},"wf_page_folders":[45],"class_list":["post-394","page","type-page","status-publish","hentry"],"yoast_head":"<!-- This site is optimized with the Yoast SEO plugin v26.2 - https:\/\/yoast.com\/wordpress\/plugins\/seo\/ -->\n<title>Block Unlock - Brazil (Portuguese)<\/title>\n<meta name=\"robots\" content=\"index, follow, max-snippet:-1, max-image-preview:large, max-video-preview:-1\" \/>\n<link rel=\"canonical\" href=\"https:\/\/www.biworldwide.com\/pt-br\/block-unlock\/\" \/>\n<meta property=\"og:locale\" content=\"pt_BR\" \/>\n<meta property=\"og:type\" content=\"article\" \/>\n<meta property=\"og:title\" content=\"Block Unlock - Brazil (Portuguese)\" \/>\n<meta property=\"og:description\" content=\"Desbloqueie o que vem a seguir. Conecte-se com seus clientes da forma mais envolvente poss\u00edvel. O Block Unlock\u00ae \u00e9 um sistema gamificado que impulsiona o engajamento, acelera o progresso ao longo do ciclo de vida e promove mudan\u00e7as de comportamento, incentivando o p\u00fablico a completar a\u00e7\u00f5es e desbloquear recompensas. O Block Unlock transforma a experi\u00eancia [&hellip;]\" \/>\n<meta property=\"og:url\" content=\"https:\/\/www.biworldwide.com\/pt-br\/block-unlock\/\" \/>\n<meta property=\"og:site_name\" content=\"Brazil (Portuguese)\" \/>\n<meta property=\"article:modified_time\" content=\"2025-04-01T04:03:45+00:00\" \/>\n<meta name=\"twitter:card\" content=\"summary_large_image\" \/>\n<meta name=\"twitter:label1\" content=\"Est. reading time\" \/>\n\t<meta name=\"twitter:data1\" content=\"1 minuto\" \/>\n<script type=\"application\/ld+json\" class=\"yoast-schema-graph\">{\"@context\":\"https:\/\/schema.org\",\"@graph\":[{\"@type\":\"WebPage\",\"@id\":\"https:\/\/www.biworldwide.com\/pt-br\/block-unlock\/\",\"url\":\"https:\/\/www.biworldwide.com\/pt-br\/block-unlock\/\",\"name\":\"Block Unlock - Brazil (Portuguese)\",\"isPartOf\":{\"@id\":\"https:\/\/www.biworldwide.com\/pt-br\/#website\"},\"datePublished\":\"2025-03-29T05:30:14+00:00\",\"dateModified\":\"2025-04-01T04:03:45+00:00\",\"breadcrumb\":{\"@id\":\"https:\/\/www.biworldwide.com\/pt-br\/block-unlock\/#breadcrumb\"},\"inLanguage\":\"pt-BR\",\"potentialAction\":[{\"@type\":\"ReadAction\",\"target\":[\"https:\/\/www.biworldwide.com\/pt-br\/block-unlock\/\"]}]},{\"@type\":\"BreadcrumbList\",\"@id\":\"https:\/\/www.biworldwide.com\/pt-br\/block-unlock\/#breadcrumb\",\"itemListElement\":[{\"@type\":\"ListItem\",\"position\":1,\"name\":\"Home\",\"item\":\"https:\/\/www.biworldwide.com\/pt-br\/\"},{\"@type\":\"ListItem\",\"position\":2,\"name\":\"Block Unlock\"}]},{\"@type\":\"WebSite\",\"@id\":\"https:\/\/www.biworldwide.com\/pt-br\/#website\",\"url\":\"https:\/\/www.biworldwide.com\/pt-br\/\",\"name\":\"Brazil (Portuguese)\",\"description\":\"\",\"potentialAction\":[{\"@type\":\"SearchAction\",\"target\":{\"@type\":\"EntryPoint\",\"urlTemplate\":\"https:\/\/www.biworldwide.com\/pt-br\/?s={search_term_string}\"},\"query-input\":{\"@type\":\"PropertyValueSpecification\",\"valueRequired\":true,\"valueName\":\"search_term_string\"}}],\"inLanguage\":\"pt-BR\"}]}<\/script>\n<!-- \/ Yoast SEO plugin. -->","yoast_head_json":{"title":"Block Unlock - Brazil (Portuguese)","robots":{"index":"index","follow":"follow","max-snippet":"max-snippet:-1","max-image-preview":"max-image-preview:large","max-video-preview":"max-video-preview:-1"},"canonical":"https:\/\/www.biworldwide.com\/pt-br\/block-unlock\/","og_locale":"pt_BR","og_type":"article","og_title":"Block Unlock - Brazil (Portuguese)","og_description":"Desbloqueie o que vem a seguir. Conecte-se com seus clientes da forma mais envolvente poss\u00edvel. O Block Unlock\u00ae \u00e9 um sistema gamificado que impulsiona o engajamento, acelera o progresso ao longo do ciclo de vida e promove mudan\u00e7as de comportamento, incentivando o p\u00fablico a completar a\u00e7\u00f5es e desbloquear recompensas. O Block Unlock transforma a experi\u00eancia [&hellip;]","og_url":"https:\/\/www.biworldwide.com\/pt-br\/block-unlock\/","og_site_name":"Brazil (Portuguese)","article_modified_time":"2025-04-01T04:03:45+00:00","twitter_card":"summary_large_image","twitter_misc":{"Est. reading time":"1 minuto"},"schema":{"@context":"https:\/\/schema.org","@graph":[{"@type":"WebPage","@id":"https:\/\/www.biworldwide.com\/pt-br\/block-unlock\/","url":"https:\/\/www.biworldwide.com\/pt-br\/block-unlock\/","name":"Block Unlock - Brazil (Portuguese)","isPartOf":{"@id":"https:\/\/www.biworldwide.com\/pt-br\/#website"},"datePublished":"2025-03-29T05:30:14+00:00","dateModified":"2025-04-01T04:03:45+00:00","breadcrumb":{"@id":"https:\/\/www.biworldwide.com\/pt-br\/block-unlock\/#breadcrumb"},"inLanguage":"pt-BR","potentialAction":[{"@type":"ReadAction","target":["https:\/\/www.biworldwide.com\/pt-br\/block-unlock\/"]}]},{"@type":"BreadcrumbList","@id":"https:\/\/www.biworldwide.com\/pt-br\/block-unlock\/#breadcrumb","itemListElement":[{"@type":"ListItem","position":1,"name":"Home","item":"https:\/\/www.biworldwide.com\/pt-br\/"},{"@type":"ListItem","position":2,"name":"Block Unlock"}]},{"@type":"WebSite","@id":"https:\/\/www.biworldwide.com\/pt-br\/#website","url":"https:\/\/www.biworldwide.com\/pt-br\/","name":"Brazil (Portuguese)","description":"","potentialAction":[{"@type":"SearchAction","target":{"@type":"EntryPoint","urlTemplate":"https:\/\/www.biworldwide.com\/pt-br\/?s={search_term_string}"},"query-input":{"@type":"PropertyValueSpecification","valueRequired":true,"valueName":"search_term_string"}}],"inLanguage":"pt-BR"}]}},"_links":{"self":[{"href":"https:\/\/www.biworldwide.com\/pt-br\/wp-json\/wp\/v2\/pages\/394","targetHints":{"allow":["GET"]}}],"collection":[{"href":"https:\/\/www.biworldwide.com\/pt-br\/wp-json\/wp\/v2\/pages"}],"about":[{"href":"https:\/\/www.biworldwide.com\/pt-br\/wp-json\/wp\/v2\/types\/page"}],"author":[{"embeddable":true,"href":"https:\/\/www.biworldwide.com\/pt-br\/wp-json\/wp\/v2\/users\/16"}],"replies":[{"embeddable":true,"href":"https:\/\/www.biworldwide.com\/pt-br\/wp-json\/wp\/v2\/comments?post=394"}],"version-history":[{"count":3,"href":"https:\/\/www.biworldwide.com\/pt-br\/wp-json\/wp\/v2\/pages\/394\/revisions"}],"predecessor-version":[{"id":850,"href":"https:\/\/www.biworldwide.com\/pt-br\/wp-json\/wp\/v2\/pages\/394\/revisions\/850"}],"wp:attachment":[{"href":"https:\/\/www.biworldwide.com\/pt-br\/wp-json\/wp\/v2\/media?parent=394"}],"wp:term":[{"taxonomy":"wf_page_folders","embeddable":true,"href":"https:\/\/www.biworldwide.com\/pt-br\/wp-json\/wp\/v2\/wf_page_folders?post=394"}],"curies":[{"name":"wp","href":"https:\/\/api.w.org\/{rel}","templated":true}]}}