{"id":400,"date":"2025-03-28T23:31:36","date_gmt":"2025-03-29T05:31:36","guid":{"rendered":"https:\/\/www.biworldwide.com\/pt-br\/?page_id=400"},"modified":"2025-03-31T22:07:50","modified_gmt":"2025-04-01T04:07:50","slug":"merchandise-marketplace","status":"publish","type":"page","link":"https:\/\/www.biworldwide.com\/pt-br\/merchandise-marketplace\/","title":{"rendered":"Merchandise Marketplace"},"content":{"rendered":"<div class=\" has-content-align-left has-overlay has-overlay--light alignfull wp-block-biw-block-theme-hero\">\n\t<div class=\"biw-hero__grid\">\n\t\t\n\t\t\t\t\t<div class=\"biw-hero__media \">\n\t\t\t\t\t\t\t\t\t<div class=\"biw-hero__overlay overlay-light\"><\/div>\n\t\t\t\t\t\t\t\t<img decoding=\"async\" src=\"http:\/\/live-biw-main.pantheonsite.io\/wp-content\/uploads\/2025\/03\/BIW_Site_Hero_MarketMerch-1-scaled.jpg\" alt=\"Smiling woman in a pink top sits with her hands on her cheeks. She is in a modern living room with colorful ambient lighting. A smart speaker and TV are visible in the background.\" class=\"biw-hero__bg-image\" style=\"object-position: 50% 50%;\">\t\t\t<\/div>\n\t\t\t\t<div class=\"biw-hero__content\">\n\t\t\t\t\t\t<h1 class=\"biw-hero__title\" style=\"line-height: 1.2\">\n\t\t\t\tMerchandise Marketplace\t\t\t<\/h1>\n\t\t\t\t\t\t\t<h2 class=\"biw-hero__subtitle\">\n\t\t\t\t\tD\u00ea a eles as recompensas que realmente desejam.\t\t\t\t<\/h2>\n\t\t\t\t\t\t\t\t\t\t<div class=\"biw-hero__text\">\n\t\t\t\t\t\n\n<p>Recompensar sua equipe ficou mais f\u00e1cil com uma sele\u00e7\u00e3o personalizada e cuidadosamente escolhida das melhores marcas.<\/p>\n\n\t\t\t\t<\/div>\n\t\t\t\t\t\t\t\t<\/div>\n\t<\/div>\n<\/div>\n\n\n\n<div class=\"wp-block-group  layout-columns-8 has-global-padding is-layout-constrained wp-container-core-group-is-layout-fce79bf6 wp-block-group-is-layout-constrained\">\n<p class=\"has-xl-font-size\"><strong>Servi\u00e7o e log\u00edstica, resolvidos.<\/strong><\/p>\n\n\n\n<p>Essas s\u00e3o recompensas que ser\u00e3o lembradas por anos \u2014 e n\u00f3s fazemos quest\u00e3o de ir al\u00e9m para tornar isso realidade. Nossas equipes de atendimento ao cliente n\u00e3o s\u00e3o terceirizadas: est\u00e3o localizadas em nossos escrit\u00f3rios ao redor do mundo e compostas por colaboradores pr\u00f3prios.<\/p>\n\n\n\n<p>Garantimos que sua experi\u00eancia seja t\u00e3o gratificante quanto o pr\u00f3prio marketplace:<\/p>\n\n\n\n<ul class=\"wp-block-list\">\n<li><strong>Atendimento de excel\u00eancia: <\/strong>Nossas equipes de atendimento trabalham em estreita colabora\u00e7\u00e3o com os times de compras e parceiros de distribui\u00e7\u00e3o para oferecer suporte r\u00e1pido e completo.<\/li>\n\n\n\n<li><strong>Especialistas em cadeia de suprimentos:<\/strong> A coopera\u00e7\u00e3o com nossos parceiros garante um servi\u00e7o eficiente e sem falhas.<\/li>\n\n\n\n<li><strong>Suporte multil\u00edngue<\/strong>: Atendemos clientes nos principais idiomas de cada regi\u00e3o.<\/li>\n<\/ul>\n<\/div>\n\n\n\n<div class=\"wp-block-group alignfull has-global-padding is-layout-constrained wp-container-core-group-is-layout-97ab3c77 wp-block-group-is-layout-constrained\">\n<div class=\"wp-block-group has-text-align-center  layout-columns-8 has-global-padding is-layout-constrained wp-container-core-group-is-layout-ee362a79 wp-block-group-is-layout-constrained\">\n<h2 class=\"wp-block-heading has-text-align-center  has-text-wrap-pretty\">Marcas que eles v\u00e3o adorar.<\/h2>\n\n\n\n<p class=\" has-text-wrap-balance\">Veja algumas das marcas premium dispon\u00edveis no nosso marketplace nos Estados Unidos:<\/p>\n<\/div>\n\n\n\n<div class=\"wp-block-group  layout-columns-12 has-global-padding is-layout-constrained wp-container-core-group-is-layout-9e09659d wp-block-group-is-layout-constrained\">\n<div class=\"wp-block-group is-layout-grid wp-container-core-group-is-layout-c765d3c1 wp-block-group-is-layout-grid\">\n<div class=\"wp-block-group  has-dynamic-border-radius has-global-padding is-layout-constrained wp-block-group-is-layout-constrained\">\n<figure class=\"wp-block-image size-large\"><img decoding=\"async\" src=\"http:\/\/live-biw-main.pantheonsite.io\/wp-content\/uploads\/2025\/02\/BIW_Site_Card_MarketMerch-1024x577.jpg\" alt=\"Modern living room with a blue sofa, two beige armchairs, and a large flat-screen TV on a wooden stand. A round coffee table sits on a light rug. A tall floor lamp arches over the sofa. Bookshelves line the wall on the right, with a potted plant nearby.\" class=\"wp-image-3597\" \/><\/figure>\n<\/div>\n\n\n<div class=\" has-dynamic-border-radius has-image-size-cover has-image-radius-none is-style-default wp-block-biw-block-theme-biw-card\">\n\t\t\t<figure class=\"biw-card__image-wrapper \">\n\t\t\t<img decoding=\"async\" src=\"http:\/\/live-biw-main.pantheonsite.io\/wp-content\/uploads\/2025\/02\/merch-icon-yeti.svg\" alt=\"\" class=\"biw-card__image\" style=\"object-position: 50% 50%;\">\t\t<\/figure>\n\t\t<div class=\"biw-card__content\">\n\t\t<h3 class=\"biw-card__title\">\n\t\t\t\t\t\t\tYeti\t\t\t\t\t<\/h3>\n\t\t<div class=\"biw-card__text\">\n\n<p>Coolers, garrafas t\u00e9rmicas e bolsas ultra-resistentes. Feitos para o uso di\u00e1rio e com performance de alto n\u00edvel.<\/p>\n\n<\/div>\n\t<\/div>\n\t<\/div>\n\n<div class=\" has-dynamic-border-radius has-image-size-cover has-image-radius-none is-style-default wp-block-biw-block-theme-biw-card\">\n\t\t\t<figure class=\"biw-card__image-wrapper \">\n\t\t\t<img decoding=\"async\" src=\"http:\/\/live-biw-main.pantheonsite.io\/wp-content\/uploads\/2025\/02\/merch-icon-apple.svg\" alt=\"\" class=\"biw-card__image\" style=\"object-position: 50% 50%;\">\t\t<\/figure>\n\t\t<div class=\"biw-card__content\">\n\t\t<h3 class=\"biw-card__title\">\n\t\t\t\t\t\t\tApple\t\t\t\t\t<\/h3>\n\t\t<div class=\"biw-card__text\">\n\n<p>De computadores a tablets, rel\u00f3gios e \u00e1udio premium \u2014 encontre seus produtos tecnol\u00f3gicos favoritos.<\/p>\n\n<\/div>\n\t<\/div>\n\t<\/div>\n\n<div class=\" has-dynamic-border-radius has-image-size-cover has-image-radius-none is-style-default wp-block-biw-block-theme-biw-card\">\n\t\t\t<figure class=\"biw-card__image-wrapper \">\n\t\t\t<img decoding=\"async\" src=\"http:\/\/live-biw-main.pantheonsite.io\/wp-content\/uploads\/2025\/02\/merch-icon-ring.svg\" alt=\"\" class=\"biw-card__image\" style=\"object-position: 50% 50%;\">\t\t<\/figure>\n\t\t<div class=\"biw-card__content\">\n\t\t<h3 class=\"biw-card__title\">\n\t\t\t\t\t\t\tRing\t\t\t\t\t<\/h3>\n\t\t<div class=\"biw-card__text\">\n\n<p>Solu\u00e7\u00f5es completas de seguran\u00e7a residencial e tecnologia para o estilo de vida moderno, oferecendo tranquilidade em casa ou fora dela.<\/p>\n\n<\/div>\n\t<\/div>\n\t<\/div>\n\n<div class=\" has-dynamic-border-radius has-image-size-cover has-image-radius-none is-style-default wp-block-biw-block-theme-biw-card\">\n\t\t\t<figure class=\"biw-card__image-wrapper \">\n\t\t\t<img decoding=\"async\" src=\"http:\/\/live-biw-main.pantheonsite.io\/wp-content\/uploads\/2025\/02\/merch-icon-bose.svg\" alt=\"\" class=\"biw-card__image\" style=\"object-position: 50% 50%;\">\t\t<\/figure>\n\t\t<div class=\"biw-card__content\">\n\t\t<h3 class=\"biw-card__title\">\n\t\t\t\t\t\t\tBose\t\t\t\t\t<\/h3>\n\t\t<div class=\"biw-card__text\">\n\n<p>O melhor da inova\u00e7\u00e3o em som. Encontre fones, caixas ac\u00fasticas, soundbars e muito mais.<\/p>\n\n<\/div>\n\t<\/div>\n\t<\/div>\n\n<div class=\" has-dynamic-border-radius has-image-size-cover has-image-radius-none is-style-default wp-block-biw-block-theme-biw-card\">\n\t\t\t<figure class=\"biw-card__image-wrapper \">\n\t\t\t<img decoding=\"async\" src=\"http:\/\/live-biw-main.pantheonsite.io\/wp-content\/uploads\/2025\/02\/merch-icon-lecreuset.svg\" alt=\"\" class=\"biw-card__image\" style=\"object-position: 50% 50%;\">\t\t<\/figure>\n\t\t<div class=\"biw-card__content\">\n\t\t<h3 class=\"biw-card__title\">\n\t\t\t\t\t\t\tLe Creuset\t\t\t\t\t<\/h3>\n\t\t<div class=\"biw-card__text\">\n\n<p>Cores marcantes, acabamentos exclusivos e materiais de alta qualidade. Cozinhe, asse e sirva momentos inesquec\u00edveis para amigos e fam\u00edlia.<\/p>\n\n<\/div>\n\t<\/div>\n\t<\/div>\n\n<div class=\" has-dynamic-border-radius has-image-size-cover has-image-radius-none is-style-default wp-block-biw-block-theme-biw-card\">\n\t\t\t<figure class=\"biw-card__image-wrapper \">\n\t\t\t<img decoding=\"async\" src=\"http:\/\/live-biw-main.pantheonsite.io\/wp-content\/uploads\/2025\/02\/merch-icon-taylormade.svg\" alt=\"\" class=\"biw-card__image\" style=\"object-position: 50% 50%;\">\t\t<\/figure>\n\t\t<div class=\"biw-card__content\">\n\t\t<h3 class=\"biw-card__title\">\n\t\t\t\t\t\t\tTaylormade\t\t\t\t\t<\/h3>\n\t\t<div class=\"biw-card__text\">\n\n<p>Seja para renovar, investir ou apenas se presentear \u2014 o Merchandise Marketplace oferece \u00e0s suas equipes, clientes e colaboradores uma sele\u00e7\u00e3o incompar\u00e1vel de produtos incr\u00edveis.<\/p>\n\n<\/div>\n\t<\/div>\n\t<\/div>\n\n<div class=\" has-dynamic-border-radius has-image-size-cover has-image-radius-none is-style-default wp-block-biw-block-theme-biw-card\">\n\t\t\t<figure class=\"biw-card__image-wrapper \">\n\t\t\t<img decoding=\"async\" src=\"http:\/\/live-biw-main.pantheonsite.io\/wp-content\/uploads\/2025\/02\/merch-icon-dyson.svg\" alt=\"\" class=\"biw-card__image\" style=\"object-position: 50% 50%;\">\t\t<\/figure>\n\t\t<div class=\"biw-card__content\">\n\t\t<h3 class=\"biw-card__title\">\n\t\t\t\t\t\t\tDyson\t\t\t\t\t<\/h3>\n\t\t<div class=\"biw-card__text\">\n\n<p>Tecnologia testada ao extremo e engenharia de precis\u00e3o. Descubra os melhores produtos de cuidados com a casa, cabelos e ar.<\/p>\n\n<\/div>\n\t<\/div>\n\t<\/div>\n\n<div class=\" has-dynamic-border-radius has-image-size-cover has-image-radius-none is-style-default wp-block-biw-block-theme-biw-card\">\n\t\t\t<figure class=\"biw-card__image-wrapper \">\n\t\t\t<img decoding=\"async\" src=\"http:\/\/live-biw-main.pantheonsite.io\/wp-content\/uploads\/2025\/02\/merch-icon-xbox.svg\" alt=\"\" class=\"biw-card__image\" style=\"object-position: 50% 50%;\">\t\t<\/figure>\n\t\t<div class=\"biw-card__content\">\n\t\t<h3 class=\"biw-card__title\">\n\t\t\t\t\t\t\tXbox\t\t\t\t\t<\/h3>\n\t\t<div class=\"biw-card__text\">\n\n<p>A vanguarda dos games e do entretenimento \u2014 com acesso antecipado a consoles, jogos e acess\u00f3rios que colocam voc\u00ea no centro da experi\u00eancia.<\/p>\n\n<\/div>\n\t<\/div>\n\t<\/div><\/div>\n<\/div>\n<\/div>\n\n\n\n<div class=\"wp-block-group alignfull has-global-padding is-layout-constrained wp-container-core-group-is-layout-e04489b5 wp-block-group-is-layout-constrained\">\n<div class=\"wp-block-group  layout-columns-8 has-global-padding is-layout-constrained wp-container-core-group-is-layout-fce79bf6 wp-block-group-is-layout-constrained\">\n<h2 class=\"wp-block-heading has-text-align-center\">As m\u00e9tricas contam uma hist\u00f3ria:<\/h2>\n<\/div>\n\n\n\n<div class=\"wp-block-group  layout-columns-10 has-global-padding is-layout-constrained wp-container-core-group-is-layout-0b5f5b40 wp-block-group-is-layout-constrained\">\n<div class=\"wp-block-group has-text-align-center is-layout-grid wp-container-core-group-is-layout-ef442fb0 wp-block-group-is-layout-grid\">\n<div class=\"wp-block-group is-vertical is-content-justification-center is-layout-flex wp-container-core-group-is-layout-81423f52 wp-block-group-is-layout-flex\">\n<h3 class=\"wp-block-heading has-impact-font-size  has-text-wrap-no-wrap  has-gradient-fill has-gradient-fill-purple\">120k<\/h3>\n\n\n\n<p class=\"has-text-align-center has-large-font-size  has-text-wrap-balance\">Produtos \u00fanicos dispon\u00edveis globalmente<br><\/p>\n<\/div>\n\n\n\n<div class=\"wp-block-group is-vertical is-content-justification-center is-layout-flex wp-container-core-group-is-layout-81423f52 wp-block-group-is-layout-flex\">\n<h3 class=\"wp-block-heading has-impact-font-size  has-text-wrap-no-wrap  has-gradient-fill has-gradient-fill-purple\">2,000<\/h3>\n\n\n\n<p class=\"has-text-align-center has-large-font-size  has-text-wrap-balance\">Op\u00e7\u00f5es de marcas reconhecidas<br><\/p>\n<\/div>\n\n\n\n<div class=\"wp-block-group is-vertical is-content-justification-center is-layout-flex wp-container-core-group-is-layout-81423f52 wp-block-group-is-layout-flex\">\n<h3 class=\"wp-block-heading has-impact-font-size  has-text-wrap-no-wrap  has-gradient-fill has-gradient-fill-purple\">29<\/h3>\n\n\n\n<p class=\"has-text-align-center has-large-font-size  has-text-wrap-balance\">Op\u00e7\u00f5es de doa\u00e7\u00f5es beneficentes dispon\u00edveis somente nos EUA<br><\/p>\n<\/div>\n<\/div>\n<\/div>\n<\/div>\n\n\n\n<div class=\"wp-block-group  layout-columns-8 has-global-padding is-layout-constrained wp-container-core-group-is-layout-fce79bf6 wp-block-group-is-layout-constrained\">\n<p class=\"has-xl-font-size\"><strong>Recompensas. A qualquer hora. Em qualquer lugar.<\/strong><\/p>\n\n\n\n<p>stamos onde voc\u00ea estiver. Temos sedes regionais em sete pa\u00edses e mais 13 escrit\u00f3rios ao redor do mundo. Em cada sede, nossas equipes locais de compras atualizam constantemente os cat\u00e1logos para oferecer recompensas culturalmente relevantes e motivadoras \u2014 n\u00e3o importa onde seu p\u00fablico esteja.<\/p>\n\n\n\n<p>Oferecemos pr\u00eamios em quase 190 pa\u00edses e mais de 90% dos pedidos s\u00e3o entregues sem taxas ou impostos de importa\u00e7\u00e3o, gra\u00e7as \u00e0 nossa ampla rede de parceiros log\u00edsticos.<\/p>\n\n\n\n<p><strong>Tecnologia simples.<\/strong><br>Nosso Merchandise Marketplace tem uma interface intuitiva, facilitando a navega\u00e7\u00e3o e a realiza\u00e7\u00e3o de pedidos.<\/p>\n\n\n\n<ul class=\"wp-block-list\">\n<li>Cada site local \u00e9 otimizado para uso em dispositivos m\u00f3veis e tablets.<\/li>\n\n\n\n<li>Os sites apresentam conte\u00fados locais, com novidades sazonais e op\u00e7\u00f5es de pr\u00eamios emocionantes.<\/li>\n<\/ul>\n\n\n\n<p><strong>Problemas? Sem problemas.<\/strong><br>Queremos que voc\u00ea e seu p\u00fablico tenham uma experi\u00eancia incr\u00edvel com nosso marketplace \u2014 e estamos prontos para fazer o necess\u00e1rio para que isso aconte\u00e7a. Nosso atendimento ao cliente n\u00e3o \u00e9 terceirizado e est\u00e1 presente nos escrit\u00f3rios da BIW ao redor do mundo, com colaboradores pr\u00f3prios.<\/p>\n\n\n\n<p>Vamos fazer seus participantes sorrirem \u2014 onde quer que estejam.<\/p>\n<\/div>\n","protected":false},"excerpt":{"rendered":"<p>Servi\u00e7o e log\u00edstica, resolvidos. Essas s\u00e3o recompensas que ser\u00e3o lembradas por anos \u2014 e n\u00f3s fazemos quest\u00e3o de ir al\u00e9m para tornar isso realidade. Nossas equipes de atendimento ao cliente n\u00e3o s\u00e3o terceirizadas: est\u00e3o localizadas em nossos escrit\u00f3rios ao redor do mundo e compostas por colaboradores pr\u00f3prios. Garantimos que sua experi\u00eancia seja t\u00e3o gratificante quanto [&hellip;]<\/p>\n","protected":false},"author":16,"featured_media":0,"parent":0,"menu_order":0,"comment_status":"closed","ping_status":"closed","template":"","meta":{"featured_image_focal_point":{"x":0.5,"y":0.5},"footnotes":""},"wf_page_folders":[46],"class_list":["post-400","page","type-page","status-publish","hentry"],"yoast_head":"<!-- This site is optimized with the Yoast SEO plugin v26.2 - https:\/\/yoast.com\/wordpress\/plugins\/seo\/ -->\n<title>Merchandise Marketplace - Brazil (Portuguese)<\/title>\n<meta name=\"robots\" content=\"index, follow, max-snippet:-1, max-image-preview:large, max-video-preview:-1\" \/>\n<link rel=\"canonical\" href=\"https:\/\/www.biworldwide.com\/pt-br\/merchandise-marketplace\/\" \/>\n<meta property=\"og:locale\" content=\"pt_BR\" \/>\n<meta property=\"og:type\" content=\"article\" \/>\n<meta property=\"og:title\" content=\"Merchandise Marketplace - Brazil (Portuguese)\" \/>\n<meta property=\"og:description\" content=\"Servi\u00e7o e log\u00edstica, resolvidos. Essas s\u00e3o recompensas que ser\u00e3o lembradas por anos \u2014 e n\u00f3s fazemos quest\u00e3o de ir al\u00e9m para tornar isso realidade. Nossas equipes de atendimento ao cliente n\u00e3o s\u00e3o terceirizadas: est\u00e3o localizadas em nossos escrit\u00f3rios ao redor do mundo e compostas por colaboradores pr\u00f3prios. Garantimos que sua experi\u00eancia seja t\u00e3o gratificante quanto [&hellip;]\" \/>\n<meta property=\"og:url\" content=\"https:\/\/www.biworldwide.com\/pt-br\/merchandise-marketplace\/\" \/>\n<meta property=\"og:site_name\" content=\"Brazil (Portuguese)\" \/>\n<meta property=\"article:modified_time\" content=\"2025-04-01T04:07:50+00:00\" \/>\n<meta property=\"og:image\" content=\"http:\/\/live-biw-main.pantheonsite.io\/wp-content\/uploads\/2025\/02\/BIW_Site_Card_MarketMerch-1024x577.jpg\" \/>\n<meta name=\"twitter:card\" content=\"summary_large_image\" \/>\n<meta name=\"twitter:label1\" content=\"Est. reading time\" \/>\n\t<meta name=\"twitter:data1\" content=\"3 minutos\" \/>\n<script type=\"application\/ld+json\" class=\"yoast-schema-graph\">{\"@context\":\"https:\/\/schema.org\",\"@graph\":[{\"@type\":\"WebPage\",\"@id\":\"https:\/\/www.biworldwide.com\/pt-br\/merchandise-marketplace\/\",\"url\":\"https:\/\/www.biworldwide.com\/pt-br\/merchandise-marketplace\/\",\"name\":\"Merchandise Marketplace - Brazil (Portuguese)\",\"isPartOf\":{\"@id\":\"https:\/\/www.biworldwide.com\/pt-br\/#website\"},\"primaryImageOfPage\":{\"@id\":\"https:\/\/www.biworldwide.com\/pt-br\/merchandise-marketplace\/#primaryimage\"},\"image\":{\"@id\":\"https:\/\/www.biworldwide.com\/pt-br\/merchandise-marketplace\/#primaryimage\"},\"thumbnailUrl\":\"http:\/\/live-biw-main.pantheonsite.io\/wp-content\/uploads\/2025\/02\/BIW_Site_Card_MarketMerch-1024x577.jpg\",\"datePublished\":\"2025-03-29T05:31:36+00:00\",\"dateModified\":\"2025-04-01T04:07:50+00:00\",\"breadcrumb\":{\"@id\":\"https:\/\/www.biworldwide.com\/pt-br\/merchandise-marketplace\/#breadcrumb\"},\"inLanguage\":\"pt-BR\",\"potentialAction\":[{\"@type\":\"ReadAction\",\"target\":[\"https:\/\/www.biworldwide.com\/pt-br\/merchandise-marketplace\/\"]}]},{\"@type\":\"ImageObject\",\"inLanguage\":\"pt-BR\",\"@id\":\"https:\/\/www.biworldwide.com\/pt-br\/merchandise-marketplace\/#primaryimage\",\"url\":\"http:\/\/live-biw-main.pantheonsite.io\/wp-content\/uploads\/2025\/02\/BIW_Site_Card_MarketMerch-1024x577.jpg\",\"contentUrl\":\"http:\/\/live-biw-main.pantheonsite.io\/wp-content\/uploads\/2025\/02\/BIW_Site_Card_MarketMerch-1024x577.jpg\"},{\"@type\":\"BreadcrumbList\",\"@id\":\"https:\/\/www.biworldwide.com\/pt-br\/merchandise-marketplace\/#breadcrumb\",\"itemListElement\":[{\"@type\":\"ListItem\",\"position\":1,\"name\":\"Home\",\"item\":\"https:\/\/www.biworldwide.com\/pt-br\/\"},{\"@type\":\"ListItem\",\"position\":2,\"name\":\"Merchandise Marketplace\"}]},{\"@type\":\"WebSite\",\"@id\":\"https:\/\/www.biworldwide.com\/pt-br\/#website\",\"url\":\"https:\/\/www.biworldwide.com\/pt-br\/\",\"name\":\"Brazil (Portuguese)\",\"description\":\"\",\"potentialAction\":[{\"@type\":\"SearchAction\",\"target\":{\"@type\":\"EntryPoint\",\"urlTemplate\":\"https:\/\/www.biworldwide.com\/pt-br\/?s={search_term_string}\"},\"query-input\":{\"@type\":\"PropertyValueSpecification\",\"valueRequired\":true,\"valueName\":\"search_term_string\"}}],\"inLanguage\":\"pt-BR\"}]}<\/script>\n<!-- \/ Yoast SEO plugin. -->","yoast_head_json":{"title":"Merchandise Marketplace - Brazil (Portuguese)","robots":{"index":"index","follow":"follow","max-snippet":"max-snippet:-1","max-image-preview":"max-image-preview:large","max-video-preview":"max-video-preview:-1"},"canonical":"https:\/\/www.biworldwide.com\/pt-br\/merchandise-marketplace\/","og_locale":"pt_BR","og_type":"article","og_title":"Merchandise Marketplace - Brazil (Portuguese)","og_description":"Servi\u00e7o e log\u00edstica, resolvidos. Essas s\u00e3o recompensas que ser\u00e3o lembradas por anos \u2014 e n\u00f3s fazemos quest\u00e3o de ir al\u00e9m para tornar isso realidade. Nossas equipes de atendimento ao cliente n\u00e3o s\u00e3o terceirizadas: est\u00e3o localizadas em nossos escrit\u00f3rios ao redor do mundo e compostas por colaboradores pr\u00f3prios. Garantimos que sua experi\u00eancia seja t\u00e3o gratificante quanto [&hellip;]","og_url":"https:\/\/www.biworldwide.com\/pt-br\/merchandise-marketplace\/","og_site_name":"Brazil (Portuguese)","article_modified_time":"2025-04-01T04:07:50+00:00","og_image":[{"url":"http:\/\/live-biw-main.pantheonsite.io\/wp-content\/uploads\/2025\/02\/BIW_Site_Card_MarketMerch-1024x577.jpg","type":"","width":"","height":""}],"twitter_card":"summary_large_image","twitter_misc":{"Est. reading time":"3 minutos"},"schema":{"@context":"https:\/\/schema.org","@graph":[{"@type":"WebPage","@id":"https:\/\/www.biworldwide.com\/pt-br\/merchandise-marketplace\/","url":"https:\/\/www.biworldwide.com\/pt-br\/merchandise-marketplace\/","name":"Merchandise Marketplace - Brazil (Portuguese)","isPartOf":{"@id":"https:\/\/www.biworldwide.com\/pt-br\/#website"},"primaryImageOfPage":{"@id":"https:\/\/www.biworldwide.com\/pt-br\/merchandise-marketplace\/#primaryimage"},"image":{"@id":"https:\/\/www.biworldwide.com\/pt-br\/merchandise-marketplace\/#primaryimage"},"thumbnailUrl":"http:\/\/live-biw-main.pantheonsite.io\/wp-content\/uploads\/2025\/02\/BIW_Site_Card_MarketMerch-1024x577.jpg","datePublished":"2025-03-29T05:31:36+00:00","dateModified":"2025-04-01T04:07:50+00:00","breadcrumb":{"@id":"https:\/\/www.biworldwide.com\/pt-br\/merchandise-marketplace\/#breadcrumb"},"inLanguage":"pt-BR","potentialAction":[{"@type":"ReadAction","target":["https:\/\/www.biworldwide.com\/pt-br\/merchandise-marketplace\/"]}]},{"@type":"ImageObject","inLanguage":"pt-BR","@id":"https:\/\/www.biworldwide.com\/pt-br\/merchandise-marketplace\/#primaryimage","url":"http:\/\/live-biw-main.pantheonsite.io\/wp-content\/uploads\/2025\/02\/BIW_Site_Card_MarketMerch-1024x577.jpg","contentUrl":"http:\/\/live-biw-main.pantheonsite.io\/wp-content\/uploads\/2025\/02\/BIW_Site_Card_MarketMerch-1024x577.jpg"},{"@type":"BreadcrumbList","@id":"https:\/\/www.biworldwide.com\/pt-br\/merchandise-marketplace\/#breadcrumb","itemListElement":[{"@type":"ListItem","position":1,"name":"Home","item":"https:\/\/www.biworldwide.com\/pt-br\/"},{"@type":"ListItem","position":2,"name":"Merchandise Marketplace"}]},{"@type":"WebSite","@id":"https:\/\/www.biworldwide.com\/pt-br\/#website","url":"https:\/\/www.biworldwide.com\/pt-br\/","name":"Brazil (Portuguese)","description":"","potentialAction":[{"@type":"SearchAction","target":{"@type":"EntryPoint","urlTemplate":"https:\/\/www.biworldwide.com\/pt-br\/?s={search_term_string}"},"query-input":{"@type":"PropertyValueSpecification","valueRequired":true,"valueName":"search_term_string"}}],"inLanguage":"pt-BR"}]}},"_links":{"self":[{"href":"https:\/\/www.biworldwide.com\/pt-br\/wp-json\/wp\/v2\/pages\/400","targetHints":{"allow":["GET"]}}],"collection":[{"href":"https:\/\/www.biworldwide.com\/pt-br\/wp-json\/wp\/v2\/pages"}],"about":[{"href":"https:\/\/www.biworldwide.com\/pt-br\/wp-json\/wp\/v2\/types\/page"}],"author":[{"embeddable":true,"href":"https:\/\/www.biworldwide.com\/pt-br\/wp-json\/wp\/v2\/users\/16"}],"replies":[{"embeddable":true,"href":"https:\/\/www.biworldwide.com\/pt-br\/wp-json\/wp\/v2\/comments?post=400"}],"version-history":[{"count":3,"href":"https:\/\/www.biworldwide.com\/pt-br\/wp-json\/wp\/v2\/pages\/400\/revisions"}],"predecessor-version":[{"id":853,"href":"https:\/\/www.biworldwide.com\/pt-br\/wp-json\/wp\/v2\/pages\/400\/revisions\/853"}],"wp:attachment":[{"href":"https:\/\/www.biworldwide.com\/pt-br\/wp-json\/wp\/v2\/media?parent=400"}],"wp:term":[{"taxonomy":"wf_page_folders","embeddable":true,"href":"https:\/\/www.biworldwide.com\/pt-br\/wp-json\/wp\/v2\/wf_page_folders?post=400"}],"curies":[{"name":"wp","href":"https:\/\/api.w.org\/{rel}","templated":true}]}}