{"id":402,"date":"2025-03-28T23:32:13","date_gmt":"2025-03-29T05:32:13","guid":{"rendered":"https:\/\/www.biworldwide.com\/pt-br\/?page_id=402"},"modified":"2025-03-31T21:52:44","modified_gmt":"2025-04-01T03:52:44","slug":"goalquest-ai","status":"publish","type":"page","link":"https:\/\/www.biworldwide.com\/pt-br\/goalquest-ai\/","title":{"rendered":"GoalQuest\u00ae AI"},"content":{"rendered":"<div class=\" has-content-align-left has-overlay has-overlay--dark alignfull wp-block-biw-block-theme-hero\">\n\t<div class=\"biw-hero__grid\">\n\t\t\n\t\t\t\t\t<div class=\"biw-hero__media \">\n\t\t\t\t\t\t\t\t\t<div class=\"biw-hero__overlay overlay-dark\"><\/div>\n\t\t\t\t\t\t\t\t<img decoding=\"async\" src=\"http:\/\/live-biw-main.pantheonsite.io\/wp-content\/uploads\/2025\/03\/BIW_Site_Hero_GoalQuestAI-1-scaled.jpg\" alt=\"Illustration of wireframe mountains with digital elements such as a trophy, sparkles, and a circuit board icon. A flag is planted at one peak. The background features a matrix of floating dots on a gradient blue backdrop.\" class=\"biw-hero__bg-image\" style=\"object-position: 50% 50%;\">\t\t\t<\/div>\n\t\t\t\t<div class=\"biw-hero__content\">\n\t\t\t\t\t\t<h1 class=\"biw-hero__title\" style=\"line-height: 1.2\">\n\t\t\t\tGoalQuest AI\t\t\t<\/h1>\n\t\t\t\t\t\t\t\t\t\t<div class=\"biw-hero__text\">\n\t\t\t\t\t\n\n<p>O GoalQuest\u00ae AI \u00e9 uma estrutura comprovada de regras de pagamento por desempenho, que recompensa apenas os ganhos incrementais \u2014 tornando-se uma solu\u00e7\u00e3o ideal para a sua organiza\u00e7\u00e3o.<br><\/p>\n\n\t\t\t\t<\/div>\n\t\t\t\t\t\t\t\t<\/div>\n\t<\/div>\n<\/div>\n\n\n\n<div class=\"wp-block-group  layout-columns-7 has-global-padding is-layout-constrained wp-container-core-group-is-layout-a133ec42 wp-block-group-is-layout-constrained\">\n<figure class=\"wp-block-embed is-type-video is-provider-vimeo wp-block-embed-vimeo wp-embed-aspect-16-9 wp-has-aspect-ratio\"><div class=\"wp-block-embed__wrapper\">\n<iframe loading=\"lazy\" title=\"GoalQuest: Move the middle\" src=\"https:\/\/player.vimeo.com\/video\/686383593?dnt=1&amp;app_id=122963\" width=\"500\" height=\"281\" frameborder=\"0\" allow=\"autoplay; fullscreen; picture-in-picture; clipboard-write; encrypted-media\"><\/iframe>\n<\/div><\/figure>\n<\/div>\n\n\n\n<div class=\"wp-block-group  layout-columns-7 has-global-padding is-layout-constrained wp-container-core-group-is-layout-a133ec42 wp-block-group-is-layout-constrained\">\n<p class=\"has-xl-font-size\"><strong>Personaliza\u00e7\u00e3o<\/strong><\/p>\n\n\n\n<p>O GoalQuest\u00ae AI combina os princ\u00edpios da economia comportamental com os benef\u00edcios de uma estrutura confi\u00e1vel de regras e intelig\u00eancia artificial para criar uma experi\u00eancia de incentivo verdadeiramente personalizada e eficaz.<\/p>\n\n\n\n<p class=\"has-xl-font-size\"><strong><strong>Intelig\u00eancia de p\u00fablico<\/strong><\/strong><\/p>\n\n\n\n<p>O GoalQuest AI oferece um n\u00edvel in\u00e9dito de detalhamento por participante, aumentando significativamente a adequa\u00e7\u00e3o individual. Agora, mais do que nunca, os participantes sentem maior propriedade e conex\u00e3o com suas metas. Como o GoalQuest AI utiliza dados de vendas \u00fanicos de cada indiv\u00edduo \u2014 e n\u00e3o agrupamentos \u2014, cada um compete consigo mesmo para alcan\u00e7ar seu melhor desempenho.<\/p>\n\n\n\n<p class=\"has-xl-font-size\"><strong><strong>Defini\u00e7\u00e3o de metas<\/strong><\/strong><\/p>\n\n\n\n<ol class=\"wp-block-list\">\n<li class=\"has-large-font-size\">Com base em nosso amplo banco de dados de incentivos e IA propriet\u00e1ria, criamos solu\u00e7\u00f5es personalizadas para as necessidades do seu neg\u00f3cio.<\/li>\n\n\n\n<li>Defina refer\u00eancias e metas individuais a partir de diversos pontos de dados.<\/li>\n\n\n\n<li class=\"has-large-font-size\">Fa\u00e7a previs\u00f5es precisas de resultados, or\u00e7amento e ROI com base em modelos projetado<\/li>\n<\/ol>\n<\/div>\n\n\n\n<div class=\"wp-block-group alignfull has-global-padding is-layout-constrained wp-container-core-group-is-layout-e04489b5 wp-block-group-is-layout-constrained\">\n<div class=\"wp-block-group  layout-columns-8 has-global-padding is-layout-constrained wp-container-core-group-is-layout-fce79bf6 wp-block-group-is-layout-constrained\">\n<h2 class=\"wp-block-heading has-text-align-center\"><strong>Os dados contam a hist\u00f3ria:<\/strong><\/h2>\n<\/div>\n\n\n\n<div class=\"wp-block-group  layout-columns-10 has-global-padding is-layout-constrained wp-container-core-group-is-layout-0b5f5b40 wp-block-group-is-layout-constrained\">\n<div class=\"wp-block-group has-text-align-center is-layout-grid wp-container-core-group-is-layout-ef442fb0 wp-block-group-is-layout-grid\">\n<div class=\"wp-block-group is-vertical is-content-justification-center is-layout-flex wp-container-core-group-is-layout-81423f52 wp-block-group-is-layout-flex\">\n<h3 class=\"wp-block-heading has-impact-font-size  has-text-wrap-no-wrap  has-gradient-fill has-gradient-fill-purple\">57%<\/h3>\n\n\n\n<p class=\"has-text-align-center has-large-font-size  has-text-wrap-balance\">dos participantes superam suas metas de refer\u00eancia<\/p>\n<\/div>\n\n\n\n<div class=\"wp-block-group is-vertical is-content-justification-center is-layout-flex wp-container-core-group-is-layout-81423f52 wp-block-group-is-layout-flex\">\n<h3 class=\"wp-block-heading has-impact-font-size  has-text-wrap-no-wrap  has-gradient-fill has-gradient-fill-purple\">1.4M+<\/h3>\n\n\n\n<p class=\"has-text-align-center has-large-font-size  has-text-wrap-balance\">participantes<\/p>\n<\/div>\n\n\n\n<div class=\"wp-block-group is-vertical is-content-justification-center is-layout-flex wp-container-core-group-is-layout-81423f52 wp-block-group-is-layout-flex\">\n<h3 class=\"wp-block-heading has-impact-font-size  has-text-wrap-no-wrap  has-gradient-fill has-gradient-fill-purple\">4:1<\/h3>\n\n\n\n<p class=\"has-text-align-center has-large-font-size  has-text-wrap-balance\">rela\u00e7\u00e3o entre retorno e investimento<\/p>\n<\/div>\n<\/div>\n<\/div>\n<\/div>\n\n\n\n<div class=\"wp-block-group alignfull  has-background-angle-to-left bg-angle-action has-global-padding is-layout-constrained wp-container-core-group-is-layout-97ab3c77 wp-block-group-is-layout-constrained\">\n<div class=\"wp-block-group has-text-align-center  layout-columns-8 has-global-padding is-layout-constrained wp-container-core-group-is-layout-ee362a79 wp-block-group-is-layout-constrained\">\n<h2 class=\"wp-block-heading has-text-align-center  has-text-wrap-pretty\"><strong>Insights com IA<\/strong><\/h2>\n<\/div>\n\n\n\n<div class=\"wp-block-group  layout-columns-12 has-global-padding is-layout-constrained wp-container-core-group-is-layout-9e09659d wp-block-group-is-layout-constrained\">\n<div class=\"wp-block-group is-layout-grid wp-container-core-group-is-layout-c765d3c1 wp-block-group-is-layout-grid\"><div class=\" has-image-size-cover has-image-radius-none is-style-image-left wp-block-biw-block-theme-biw-card\">\n\t\t\t<figure class=\"biw-card__image-wrapper \">\n\t\t\t<img decoding=\"async\" src=\"http:\/\/live-biw-main.pantheonsite.io\/wp-content\/uploads\/2025\/03\/01-Brand-Automated.svg\" alt=\"\" class=\"biw-card__image\" style=\"object-position: 50% 50%;\">\t\t<\/figure>\n\t\t<div class=\"biw-card__content\">\n\t\t<h3 class=\"biw-card__title\">\n\t\t\t\t\t\t\t<strong>An\u00e1lise automatizada em escala<\/strong>\t\t\t\t\t<\/h3>\n\t\t<div class=\"biw-card__text\">\n\n<p>Fornece an\u00e1lises em uma escala que seria imposs\u00edvel para analistas humanos.<\/p>\n\n<\/div>\n\t<\/div>\n\t<\/div>\n\n<div class=\" has-image-size-cover has-image-radius-none is-style-image-left wp-block-biw-block-theme-biw-card\">\n\t\t\t<figure class=\"biw-card__image-wrapper \">\n\t\t\t<img decoding=\"async\" src=\"http:\/\/live-biw-main.pantheonsite.io\/wp-content\/uploads\/2025\/03\/02-Brand-Contextual.svg\" alt=\"\" class=\"biw-card__image\" style=\"object-position: 50% 50%;\">\t\t<\/figure>\n\t\t<div class=\"biw-card__content\">\n\t\t<h3 class=\"biw-card__title\">\n\t\t\t\t\t\t\t<strong>Intelig\u00eancia contextual<\/strong>\t\t\t\t\t<\/h3>\n\t\t<div class=\"biw-card__text\">\n\n<p>Identifica padr\u00f5es, correla\u00e7\u00f5es, tend\u00eancias de curto e longo prazo e contexto hist\u00f3rico dos dados de desempenho.<\/p>\n\n<\/div>\n\t<\/div>\n\t<\/div>\n\n<div class=\" has-image-size-cover has-image-radius-none is-style-image-left wp-block-biw-block-theme-biw-card\">\n\t\t\t<figure class=\"biw-card__image-wrapper \">\n\t\t\t<img decoding=\"async\" src=\"http:\/\/live-biw-main.pantheonsite.io\/wp-content\/uploads\/2025\/03\/03-Brand-Strategic.svg\" alt=\"\" class=\"biw-card__image\" style=\"object-position: 50% 50%;\">\t\t<\/figure>\n\t\t<div class=\"biw-card__content\">\n\t\t<h3 class=\"biw-card__title\">\n\t\t\t\t\t\t\t<strong>Impacto estrat\u00e9gico<\/strong>\t\t\t\t\t<\/h3>\n\t\t<div class=\"biw-card__text\">\n\n<p>Decis\u00f5es baseadas em dados, consist\u00eancia em toda a organiza\u00e7\u00e3o e redu\u00e7\u00e3o de processos manuais.<\/p>\n\n<\/div>\n\t<\/div>\n\t<\/div>\n\n<div class=\" has-image-size-cover has-image-radius-none is-style-image-left wp-block-biw-block-theme-biw-card\">\n\t\t\t<figure class=\"biw-card__image-wrapper \">\n\t\t\t<img decoding=\"async\" src=\"http:\/\/live-biw-main.pantheonsite.io\/wp-content\/uploads\/2025\/03\/04-Brand-Digestible.svg\" alt=\"\" class=\"biw-card__image\" style=\"object-position: 50% 50%;\">\t\t<\/figure>\n\t\t<div class=\"biw-card__content\">\n\t\t<h3 class=\"biw-card__title\">\n\t\t\t\t\t\t\t<strong>Comunica\u00e7\u00f5es acess\u00edveis<\/strong>\t\t\t\t\t<\/h3>\n\t\t<div class=\"biw-card__text\">\n\n<p>Gera insights em linguagem natural, adequados para diversos canais de comunica\u00e7\u00e3o.<\/p>\n\n<\/div>\n\t<\/div>\n\t<\/div>\n\n<div class=\" has-image-size-cover has-image-radius-none is-style-image-left wp-block-biw-block-theme-biw-card\">\n\t\t\t<figure class=\"biw-card__image-wrapper \">\n\t\t\t<img decoding=\"async\" src=\"http:\/\/live-biw-main.pantheonsite.io\/wp-content\/uploads\/2025\/03\/05-Brand-Recognition.svg\" alt=\"\" class=\"biw-card__image\" style=\"object-position: 50% 50%;\">\t\t<\/figure>\n\t\t<div class=\"biw-card__content\">\n\t\t<h3 class=\"biw-card__title\">\n\t\t\t\t\t\t\t<strong>Oportunidades de reconhecimento<\/strong>\t\t\t\t\t<\/h3>\n\t\t<div class=\"biw-card__text\">\n\n<p>Identifica desempenhos excepcionais, conquistas espec\u00edficas e seu impacto mais amplo.<\/p>\n\n<\/div>\n\t<\/div>\n\t<\/div>\n\n<div class=\" has-image-size-cover has-image-radius-none is-style-image-left wp-block-biw-block-theme-biw-card\">\n\t\t\t<figure class=\"biw-card__image-wrapper \">\n\t\t\t<img decoding=\"async\" src=\"http:\/\/live-biw-main.pantheonsite.io\/wp-content\/uploads\/2025\/03\/06-Brand-Coaching.svg\" alt=\"\" class=\"biw-card__image\" style=\"object-position: 50% 50%;\">\t\t<\/figure>\n\t\t<div class=\"biw-card__content\">\n\t\t<h3 class=\"biw-card__title\">\n\t\t\t\t\t\t\t<strong>Oportunidades de coaching<\/strong>\t\t\t\t\t<\/h3>\n\t\t<div class=\"biw-card__text\">\n\n<p>Detecta sinais de alerta precoce e oferece recomenda\u00e7\u00f5es para a\u00e7\u00f5es de coaching direcionado.<\/p>\n\n<\/div>\n\t<\/div>\n\t<\/div><\/div>\n<\/div>\n<span class='background-angle-wrapper'><svg fill='none' viewBox='0 0 1728 699' xmlns='http:\/\/www.w3.org\/2000\/svg'><path d='M1728 0H0V294.923L1728 698.43V0Z' fill='url(#69da816d488b4)'\/><defs><linearGradient id='69da816d488b4' x1='1738.8' x2='1701' y1='717.27' y2='15.023' gradientUnits='userSpaceOnUse'><stop stop-color='#6D28D9' stop-opacity='.3' offset='0'\/><stop stop-color='#6D28D9' stop-opacity='0' offset='1'\/><\/linearGradient><\/defs><\/svg><\/span><\/div>","protected":false},"excerpt":{"rendered":"<p>Personaliza\u00e7\u00e3o O GoalQuest\u00ae AI combina os princ\u00edpios da economia comportamental com os benef\u00edcios de uma estrutura confi\u00e1vel de regras e intelig\u00eancia artificial para criar uma experi\u00eancia de incentivo verdadeiramente personalizada e eficaz. Intelig\u00eancia de p\u00fablico O GoalQuest AI oferece um n\u00edvel in\u00e9dito de detalhamento por participante, aumentando significativamente a adequa\u00e7\u00e3o individual. Agora, mais do que [&hellip;]<\/p>\n","protected":false},"author":16,"featured_media":0,"parent":0,"menu_order":0,"comment_status":"closed","ping_status":"closed","template":"","meta":{"featured_image_focal_point":{"x":0.5,"y":0.5},"footnotes":""},"wf_page_folders":[48],"class_list":["post-402","page","type-page","status-publish","hentry"],"yoast_head":"<!-- This site is optimized with the Yoast SEO plugin v26.2 - https:\/\/yoast.com\/wordpress\/plugins\/seo\/ -->\n<title>GoalQuest\u00ae AI - Brazil (Portuguese)<\/title>\n<meta name=\"robots\" content=\"index, follow, max-snippet:-1, max-image-preview:large, max-video-preview:-1\" \/>\n<link rel=\"canonical\" href=\"https:\/\/www.biworldwide.com\/pt-br\/goalquest-ai\/\" \/>\n<meta property=\"og:locale\" content=\"pt_BR\" \/>\n<meta property=\"og:type\" content=\"article\" \/>\n<meta property=\"og:title\" content=\"GoalQuest\u00ae AI - Brazil (Portuguese)\" \/>\n<meta property=\"og:description\" content=\"Personaliza\u00e7\u00e3o O GoalQuest\u00ae AI combina os princ\u00edpios da economia comportamental com os benef\u00edcios de uma estrutura confi\u00e1vel de regras e intelig\u00eancia artificial para criar uma experi\u00eancia de incentivo verdadeiramente personalizada e eficaz. Intelig\u00eancia de p\u00fablico O GoalQuest AI oferece um n\u00edvel in\u00e9dito de detalhamento por participante, aumentando significativamente a adequa\u00e7\u00e3o individual. Agora, mais do que [&hellip;]\" \/>\n<meta property=\"og:url\" content=\"https:\/\/www.biworldwide.com\/pt-br\/goalquest-ai\/\" \/>\n<meta property=\"og:site_name\" content=\"Brazil (Portuguese)\" \/>\n<meta property=\"article:modified_time\" content=\"2025-04-01T03:52:44+00:00\" \/>\n<meta name=\"twitter:card\" content=\"summary_large_image\" \/>\n<meta name=\"twitter:label1\" content=\"Est. reading time\" \/>\n\t<meta name=\"twitter:data1\" content=\"2 minutos\" \/>\n<script type=\"application\/ld+json\" class=\"yoast-schema-graph\">{\"@context\":\"https:\/\/schema.org\",\"@graph\":[{\"@type\":\"WebPage\",\"@id\":\"https:\/\/www.biworldwide.com\/pt-br\/goalquest-ai\/\",\"url\":\"https:\/\/www.biworldwide.com\/pt-br\/goalquest-ai\/\",\"name\":\"GoalQuest\u00ae AI - Brazil (Portuguese)\",\"isPartOf\":{\"@id\":\"https:\/\/www.biworldwide.com\/pt-br\/#website\"},\"datePublished\":\"2025-03-29T05:32:13+00:00\",\"dateModified\":\"2025-04-01T03:52:44+00:00\",\"breadcrumb\":{\"@id\":\"https:\/\/www.biworldwide.com\/pt-br\/goalquest-ai\/#breadcrumb\"},\"inLanguage\":\"pt-BR\",\"potentialAction\":[{\"@type\":\"ReadAction\",\"target\":[\"https:\/\/www.biworldwide.com\/pt-br\/goalquest-ai\/\"]}]},{\"@type\":\"BreadcrumbList\",\"@id\":\"https:\/\/www.biworldwide.com\/pt-br\/goalquest-ai\/#breadcrumb\",\"itemListElement\":[{\"@type\":\"ListItem\",\"position\":1,\"name\":\"Home\",\"item\":\"https:\/\/www.biworldwide.com\/pt-br\/\"},{\"@type\":\"ListItem\",\"position\":2,\"name\":\"GoalQuest\u00ae AI\"}]},{\"@type\":\"WebSite\",\"@id\":\"https:\/\/www.biworldwide.com\/pt-br\/#website\",\"url\":\"https:\/\/www.biworldwide.com\/pt-br\/\",\"name\":\"Brazil (Portuguese)\",\"description\":\"\",\"potentialAction\":[{\"@type\":\"SearchAction\",\"target\":{\"@type\":\"EntryPoint\",\"urlTemplate\":\"https:\/\/www.biworldwide.com\/pt-br\/?s={search_term_string}\"},\"query-input\":{\"@type\":\"PropertyValueSpecification\",\"valueRequired\":true,\"valueName\":\"search_term_string\"}}],\"inLanguage\":\"pt-BR\"}]}<\/script>\n<!-- \/ Yoast SEO plugin. -->","yoast_head_json":{"title":"GoalQuest\u00ae AI - Brazil (Portuguese)","robots":{"index":"index","follow":"follow","max-snippet":"max-snippet:-1","max-image-preview":"max-image-preview:large","max-video-preview":"max-video-preview:-1"},"canonical":"https:\/\/www.biworldwide.com\/pt-br\/goalquest-ai\/","og_locale":"pt_BR","og_type":"article","og_title":"GoalQuest\u00ae AI - Brazil (Portuguese)","og_description":"Personaliza\u00e7\u00e3o O GoalQuest\u00ae AI combina os princ\u00edpios da economia comportamental com os benef\u00edcios de uma estrutura confi\u00e1vel de regras e intelig\u00eancia artificial para criar uma experi\u00eancia de incentivo verdadeiramente personalizada e eficaz. Intelig\u00eancia de p\u00fablico O GoalQuest AI oferece um n\u00edvel in\u00e9dito de detalhamento por participante, aumentando significativamente a adequa\u00e7\u00e3o individual. Agora, mais do que [&hellip;]","og_url":"https:\/\/www.biworldwide.com\/pt-br\/goalquest-ai\/","og_site_name":"Brazil (Portuguese)","article_modified_time":"2025-04-01T03:52:44+00:00","twitter_card":"summary_large_image","twitter_misc":{"Est. reading time":"2 minutos"},"schema":{"@context":"https:\/\/schema.org","@graph":[{"@type":"WebPage","@id":"https:\/\/www.biworldwide.com\/pt-br\/goalquest-ai\/","url":"https:\/\/www.biworldwide.com\/pt-br\/goalquest-ai\/","name":"GoalQuest\u00ae AI - Brazil (Portuguese)","isPartOf":{"@id":"https:\/\/www.biworldwide.com\/pt-br\/#website"},"datePublished":"2025-03-29T05:32:13+00:00","dateModified":"2025-04-01T03:52:44+00:00","breadcrumb":{"@id":"https:\/\/www.biworldwide.com\/pt-br\/goalquest-ai\/#breadcrumb"},"inLanguage":"pt-BR","potentialAction":[{"@type":"ReadAction","target":["https:\/\/www.biworldwide.com\/pt-br\/goalquest-ai\/"]}]},{"@type":"BreadcrumbList","@id":"https:\/\/www.biworldwide.com\/pt-br\/goalquest-ai\/#breadcrumb","itemListElement":[{"@type":"ListItem","position":1,"name":"Home","item":"https:\/\/www.biworldwide.com\/pt-br\/"},{"@type":"ListItem","position":2,"name":"GoalQuest\u00ae AI"}]},{"@type":"WebSite","@id":"https:\/\/www.biworldwide.com\/pt-br\/#website","url":"https:\/\/www.biworldwide.com\/pt-br\/","name":"Brazil (Portuguese)","description":"","potentialAction":[{"@type":"SearchAction","target":{"@type":"EntryPoint","urlTemplate":"https:\/\/www.biworldwide.com\/pt-br\/?s={search_term_string}"},"query-input":{"@type":"PropertyValueSpecification","valueRequired":true,"valueName":"search_term_string"}}],"inLanguage":"pt-BR"}]}},"_links":{"self":[{"href":"https:\/\/www.biworldwide.com\/pt-br\/wp-json\/wp\/v2\/pages\/402","targetHints":{"allow":["GET"]}}],"collection":[{"href":"https:\/\/www.biworldwide.com\/pt-br\/wp-json\/wp\/v2\/pages"}],"about":[{"href":"https:\/\/www.biworldwide.com\/pt-br\/wp-json\/wp\/v2\/types\/page"}],"author":[{"embeddable":true,"href":"https:\/\/www.biworldwide.com\/pt-br\/wp-json\/wp\/v2\/users\/16"}],"replies":[{"embeddable":true,"href":"https:\/\/www.biworldwide.com\/pt-br\/wp-json\/wp\/v2\/comments?post=402"}],"version-history":[{"count":5,"href":"https:\/\/www.biworldwide.com\/pt-br\/wp-json\/wp\/v2\/pages\/402\/revisions"}],"predecessor-version":[{"id":842,"href":"https:\/\/www.biworldwide.com\/pt-br\/wp-json\/wp\/v2\/pages\/402\/revisions\/842"}],"wp:attachment":[{"href":"https:\/\/www.biworldwide.com\/pt-br\/wp-json\/wp\/v2\/media?parent=402"}],"wp:term":[{"taxonomy":"wf_page_folders","embeddable":true,"href":"https:\/\/www.biworldwide.com\/pt-br\/wp-json\/wp\/v2\/wf_page_folders?post=402"}],"curies":[{"name":"wp","href":"https:\/\/api.w.org\/{rel}","templated":true}]}}