{"id":96,"date":"2025-01-14T16:14:17","date_gmt":"2025-01-14T16:14:17","guid":{"rendered":"https:\/\/live-biw-main.pantheonsite.io\/?page_id=96"},"modified":"2025-04-01T11:37:17","modified_gmt":"2025-04-01T17:37:17","slug":"engajamento-de-canais","status":"publish","type":"page","link":"https:\/\/www.biworldwide.com\/pt-br\/engajamento-de-canais\/","title":{"rendered":"Engajamento de Canais"},"content":{"rendered":"<div class=\" has-content-align-left has-overlay has-overlay--dark alignfull wp-block-biw-block-theme-hero\">\n\t<div class=\"biw-hero__grid\">\n\t\t\n\t\t\t\t\t<div class=\"biw-hero__media \">\n\t\t\t\t\t\t\t\t\t<div class=\"biw-hero__overlay overlay-dark\"><\/div>\n\t\t\t\t\t\t\t\t<img decoding=\"async\" src=\"http:\/\/live-biw-main.pantheonsite.io\/wp-content\/uploads\/2025\/02\/ChannelSales-LoadingDock-1728x600-1.jpg\" alt=\"Five semi-trucks parked in a loading dock, viewed from above. Four trucks have white trailers, while one in the center has an orange trailer. The trucks are aligned in a row next to the building.\" class=\"biw-hero__bg-image\" style=\"object-position: 50% 50%;\">\t\t\t<\/div>\n\t\t\t\t<div class=\"biw-hero__content\">\n\t\t\t\t\t\t<h1 class=\"biw-hero__title\" style=\"line-height: 1.2\">\n\t\t\t\t<strong>Engajamento de Canais<\/strong>\t\t\t<\/h1>\n\t\t\t\t\t\t\t<h2 class=\"biw-hero__subtitle\">\n\t\t\t\t\tDe parceiros a pot\u00eancias.\t\t\t\t<\/h2>\n\t\t\t\t\t\t\t\t\t\t<div class=\"biw-hero__text\">\n\t\t\t\t\t\n\n<p>Construa relacionamentos s\u00f3lidos e duradouros com seus parceiros de canal. Ao impulsionar vendas incrementais, promover engajamento cont\u00ednuo e gerar lealdade profunda, ajudamos a manter sua marca em destaque e pronta para prosperar no mercado.<\/p>\n\n\t\t\t\t<\/div>\n\t\t\t\t\t\t\t\t<\/div>\n\t<\/div>\n<\/div>\n\n\n\n<div class=\"wp-block-group alignfull bg-angle-action-orange has-background-angle-to-left bg-angle-accent-gold has-global-padding is-layout-constrained wp-container-core-group-is-layout-d3543a3b wp-block-group-is-layout-constrained\">\n<div class=\"wp-block-group  layout-columns-6 has-global-padding is-layout-constrained wp-container-core-group-is-layout-97093539 wp-block-group-is-layout-constrained\">\n<h2 class=\"wp-block-heading has-text-align-center\">Crie uma rede de parceiros leais.<\/h2>\n\n\n\n<p class=\"has-text-align-center has-large-font-size\"><\/p>\n<\/div>\n\n\n\n<div class=\"wp-block-group is-layout-grid wp-container-core-group-is-layout-211d2e0c wp-block-group-is-layout-grid\"><div class=\" has-dynamic-border-radius has-image-size-cover has-image-radius-none is-style-default wp-block-biw-block-theme-biw-card\">\n\t\t\t<figure class=\"biw-card__image-wrapper \">\n\t\t\t<img decoding=\"async\" src=\"http:\/\/live-biw-main.pantheonsite.io\/wp-content\/uploads\/2025\/02\/Icon_Analyze.svg\" alt=\"\" class=\"biw-card__image\" style=\"object-position: 50% 50%;\">\t\t<\/figure>\n\t\t<div class=\"biw-card__content\">\n\t\t<h3 class=\"biw-card__title\">\n\t\t\t\t\t\t\t<strong>Analisar<\/strong>\t\t\t\t\t<\/h3>\n\t\t<div class=\"biw-card__text\">\n\n<p>Quando voc\u00ea entende melhor seus parceiros, voc\u00ea vence.<\/p>\n\n<\/div>\n\t<\/div>\n\t<\/div>\n\n<div class=\" has-dynamic-border-radius has-image-size-cover has-image-radius-none is-style-default wp-block-biw-block-theme-biw-card\">\n\t\t\t<figure class=\"biw-card__image-wrapper \">\n\t\t\t<img decoding=\"async\" src=\"http:\/\/live-biw-main.pantheonsite.io\/wp-content\/uploads\/2025\/02\/Icon_Connect.svg\" alt=\"\" class=\"biw-card__image\" style=\"object-position: 50% 50%;\">\t\t<\/figure>\n\t\t<div class=\"biw-card__content\">\n\t\t<h3 class=\"biw-card__title\">\n\t\t\t\t\t\t\t<strong>Conectar<\/strong>\t\t\t\t\t<\/h3>\n\t\t<div class=\"biw-card__text\">\n\n<p>Aprendizado direcionado e mensagens baseadas em dados mant\u00eam sua marca no radar deles.<\/p>\n\n<\/div>\n\t<\/div>\n\t<\/div>\n\n<div class=\" has-dynamic-border-radius has-image-size-cover has-image-radius-none is-style-default wp-block-biw-block-theme-biw-card\">\n\t\t\t<figure class=\"biw-card__image-wrapper \">\n\t\t\t<img decoding=\"async\" src=\"http:\/\/live-biw-main.pantheonsite.io\/wp-content\/uploads\/2025\/02\/Icon_Influence.svg\" alt=\"\" class=\"biw-card__image\" style=\"object-position: 50% 50%;\">\t\t<\/figure>\n\t\t<div class=\"biw-card__content\">\n\t\t<h3 class=\"biw-card__title\">\n\t\t\t\t\t\t\t<strong>Influenciar<\/strong>\t\t\t\t\t<\/h3>\n\t\t<div class=\"biw-card__text\">\n\n<p>Clientes seguem a multid\u00e3o \u2014 e a multid\u00e3o \u00e9 social. Transforme influenciadores em seus maiores defensores.<\/p>\n\n<\/div>\n\t<\/div>\n\t<\/div>\n\n<div class=\" has-dynamic-border-radius has-image-size-cover has-image-radius-none is-style-default wp-block-biw-block-theme-biw-card\">\n\t\t\t<figure class=\"biw-card__image-wrapper \">\n\t\t\t<img decoding=\"async\" src=\"http:\/\/live-biw-main.pantheonsite.io\/wp-content\/uploads\/2025\/02\/Icon_Reward.svg\" alt=\"\" class=\"biw-card__image\" style=\"object-position: 50% 50%;\">\t\t<\/figure>\n\t\t<div class=\"biw-card__content\">\n\t\t<h3 class=\"biw-card__title\">\n\t\t\t\t\t\t\tRecompensar\t\t\t\t\t<\/h3>\n\t\t<div class=\"biw-card__text\">\n\n<p>Inspire lealdade com promo\u00e7\u00f5es criativas e recompensas motivadoras. Envolva emocionalmente seu canal para o longo prazo.<br><\/p>\n\n<\/div>\n\t<\/div>\n\t<\/div><\/div>\n<span class='background-angle-wrapper'><svg fill='none' viewBox='0 0 1728 699' xmlns='http:\/\/www.w3.org\/2000\/svg'><path d='M1728 0H0V294.923L1728 698.43V0Z' fill='url(#69e6157a70186)'\/><defs><linearGradient id='69e6157a70186' x1='1738.8' x2='1701' y1='717.27' y2='15.023' gradientUnits='userSpaceOnUse'><stop stop-color='#FDB113' stop-opacity='.3' offset='0'\/><stop stop-color='#FDB113' stop-opacity='0' offset='1'\/><\/linearGradient><\/defs><\/svg><\/span><\/div>\n\n\n<div class=\"wp-block-group alignfull  layout-columns-10 has-global-padding is-layout-constrained wp-container-core-group-is-layout-cc7bd7df wp-block-group-is-layout-constrained\">\n<div class=\"wp-block-group  layout-columns-8 has-global-padding is-layout-constrained wp-container-core-group-is-layout-fce79bf6 wp-block-group-is-layout-constrained\">\n<h2 class=\"wp-block-heading has-text-align-center\"><strong>Cada m\u00e9trica conta uma hist\u00f3ria.<\/strong><\/h2>\n<\/div>\n\n\n\n<div class=\"wp-block-group  layout-columns-10 has-global-padding is-layout-constrained wp-container-core-group-is-layout-0b5f5b40 wp-block-group-is-layout-constrained\">\n<div class=\"wp-block-group has-text-align-center is-layout-grid wp-container-core-group-is-layout-ef442fb0 wp-block-group-is-layout-grid\">\n<div class=\"wp-block-group is-vertical is-content-justification-center is-layout-flex wp-container-core-group-is-layout-81423f52 wp-block-group-is-layout-flex\">\n<h3 class=\"wp-block-heading has-text-align-left has-impact-font-size  has-text-wrap-no-wrap  has-gradient-fill has-gradient-fill-orange\">11.2%<\/h3>\n\n\n\n<p class=\"has-text-align-center has-large-font-size  has-text-wrap-balance\">Aumento m\u00e9dio anual nas vendas de canal<br><\/p>\n<\/div>\n\n\n\n<div class=\"wp-block-group is-vertical is-content-justification-center is-layout-flex wp-container-core-group-is-layout-81423f52 wp-block-group-is-layout-flex\">\n<h3 class=\"wp-block-heading has-text-align-left has-impact-font-size  has-text-wrap-no-wrap  has-gradient-fill has-gradient-fill-orange\">1M<\/h3>\n\n\n\n<p class=\"has-text-align-center has-large-font-size  has-text-wrap-balance\">Representantes de vendas engajados por ano<\/p>\n<\/div>\n\n\n\n<div class=\"wp-block-group has-text-align-center is-vertical is-content-justification-center is-layout-flex wp-container-core-group-is-layout-81423f52 wp-block-group-is-layout-flex\">\n<h3 class=\"wp-block-heading has-text-align-left has-impact-font-size  has-text-wrap-no-wrap  has-gradient-fill has-gradient-fill-orange\">83<\/h3>\n\n\n\n<p class=\"has-text-align-center has-large-font-size  has-text-wrap-balance\">Net Promoter Score \u2014 segundo a Bain &amp; Co, acima de 80 \u00e9 n\u00edvel mundial<\/p>\n<\/div>\n<\/div>\n<\/div>\n<\/div>\n\n\n\n<div class=\"wp-block-group alignfull has-global-padding is-layout-constrained wp-container-core-group-is-layout-d3543a3b wp-block-group-is-layout-constrained\">\n<div class=\"wp-block-group  layout-columns-8 has-global-padding is-layout-constrained wp-container-core-group-is-layout-ee362a79 wp-block-group-is-layout-constrained\">\n<h2 class=\"wp-block-heading has-text-align-center  has-text-wrap-pretty\">Solu\u00e7\u00f5es<\/h2>\n\n\n\n<p class=\"has-text-align-center has-large-font-size\">Ajudamos voc\u00ea a desenvolver sua estrat\u00e9gia de vendas em canais.<\/p>\n<\/div>\n\n\n\n<div class=\"wp-block-group has-global-padding is-layout-constrained wp-block-group-is-layout-constrained\">\n<div class=\"wp-block-group  has-row-gap is-layout-grid wp-container-core-group-is-layout-c765d3c1 wp-block-group-is-layout-grid\" style=\"--row-gap:var(--wp--preset--spacing--50)\"><div class=\" has-link has-image-size-cover has-image-radius-none is-style-image-left wp-block-biw-block-theme-biw-card\">\n\t\t\t<figure class=\"biw-card__image-wrapper \">\n\t\t\t<img decoding=\"async\" src=\"http:\/\/live-biw-main.pantheonsite.io\/wp-content\/uploads\/2025\/02\/Loyalty-1300x732px.jpg\" alt=\"\" class=\"biw-card__image\" style=\"object-position: 50% 50%;\">\t\t<\/figure>\n\t\t<div class=\"biw-card__content\">\n\t\t<h3 class=\"biw-card__title\">\n\t\t\t\t\t\t\t<a href=\"https:\/\/www.biworldwide.com\/pt-br\/fidelizacao-de-clientes\/\" >\n\t\t\t\t<strong>Lealdade<\/strong>\t\t\t\t<\/a>\n\t\t\t\t\t<\/h3>\n\t\t<div class=\"biw-card__text\">\n\n<p>Nada sustenta e eleva uma marca como a lealdade aut\u00eantica dos clientes. E isso come\u00e7a com a constru\u00e7\u00e3o de lealdade no seu canal por meio de plataformas envolventes.<\/p>\n\n<\/div>\n\t<\/div>\n\t\t\t<span class=\"biw-card__cta\">Saiba mais<\/span>\n\t<\/div>\n\n<div class=\" has-link has-image-size-cover has-image-radius-none is-style-image-left wp-block-biw-block-theme-biw-card\">\n\t\t\t<figure class=\"biw-card__image-wrapper \">\n\t\t\t<img decoding=\"async\" src=\"http:\/\/live-biw-main.pantheonsite.io\/wp-content\/uploads\/2025\/02\/Contests-and-incentives-Yellow-1300x732px.jpg\" alt=\"\" class=\"biw-card__image\" style=\"object-position: 50% 50%;\">\t\t<\/figure>\n\t\t<div class=\"biw-card__content\">\n\t\t<h3 class=\"biw-card__title\">\n\t\t\t\t\t\t\t<a href=\"https:\/\/www.biworldwide.com\/pt-br\/contests-and-incentives\/\" >\n\t\t\t\t<strong>Concursos e Incentivos<\/strong>\t\t\t\t<\/a>\n\t\t\t\t\t<\/h3>\n\t\t<div class=\"biw-card__text\">\n\n<p>Seu canal de distribui\u00e7\u00e3o representa diversas marcas todos os dias. Vamos fazer com que sua marca seja t\u00e3o importante para os representantes quanto \u00e9 para voc\u00ea.<\/p>\n\n<\/div>\n\t<\/div>\n\t\t\t<span class=\"biw-card__cta\">Saiba mais<\/span>\n\t<\/div>\n\n<div class=\" has-link has-image-size-cover has-image-radius-none is-style-image-left wp-block-biw-block-theme-biw-card\">\n\t\t\t<figure class=\"biw-card__image-wrapper \">\n\t\t\t<img decoding=\"async\" src=\"http:\/\/live-biw-main.pantheonsite.io\/wp-content\/uploads\/2025\/02\/Automotive-truck-1300x732px.jpg\" alt=\"\" class=\"biw-card__image\" style=\"object-position: 50% 50%;\">\t\t<\/figure>\n\t\t<div class=\"biw-card__content\">\n\t\t<h3 class=\"biw-card__title\">\n\t\t\t\t\t\t\t<a href=\"https:\/\/www.biworldwide.com\/pt-br\/meetings-and-events\/\" >\n\t\t\t\t<a href=\"https:\/\/www.biworldwide.com\/pt-br\/our-work\/blog\/content-topics\/meetings-events\/\">Eventos para Concession\u00e1rias<\/a>\t\t\t\t<\/a>\n\t\t\t\t\t<\/h3>\n\t\t<div class=\"biw-card__text\">\n\n<p>Personalizamos solu\u00e7\u00f5es de aprendizado que informam, engajam e educam todo o seu canal de distribui\u00e7\u00e3o.<\/p>\n\n<\/div>\n\t<\/div>\n\t\t\t<span class=\"biw-card__cta\">Saiba mais<\/span>\n\t<\/div>\n\n<div class=\" has-link has-image-size-cover has-image-radius-none is-style-image-left wp-block-biw-block-theme-biw-card\">\n\t\t\t<figure class=\"biw-card__image-wrapper \">\n\t\t\t<img decoding=\"async\" src=\"http:\/\/live-biw-main.pantheonsite.io\/wp-content\/uploads\/2025\/02\/Learning-1300x732px.jpg\" alt=\"\" class=\"biw-card__image\" style=\"object-position: 50% 50%;\">\t\t<\/figure>\n\t\t<div class=\"biw-card__content\">\n\t\t<h3 class=\"biw-card__title\">\n\t\t\t\t\t\t\t<a href=\"https:\/\/www.biworldwide.com\/pt-br\/learning\/\" >\n\t\t\t\tTreinamento\t\t\t\t<\/a>\n\t\t\t\t\t<\/h3>\n\t\t<div class=\"biw-card__text\">\n\n<p>Personalizamos solu\u00e7\u00f5es de aprendizado que informam, engajam e educam todo o seu canal de distribui\u00e7\u00e3o.<\/p>\n\n<\/div>\n\t<\/div>\n\t\t\t<span class=\"biw-card__cta\">Saiba mais<\/span>\n\t<\/div>\n\n<div class=\" has-link has-image-size-cover has-image-radius-none is-style-image-left wp-block-biw-block-theme-biw-card\">\n\t\t\t<figure class=\"biw-card__image-wrapper \">\n\t\t\t<img decoding=\"async\" src=\"http:\/\/live-biw-main.pantheonsite.io\/wp-content\/uploads\/2025\/02\/Communications-colored-paper-1300x732px.jpg\" alt=\"Abstract digital artwork featuring curved, layered shapes in vibrant orange, yellow, green, and red tones, creating a dynamic and visually striking composition against an orange background.\" class=\"biw-card__image\" style=\"object-position: 50% 50%;\">\t\t<\/figure>\n\t\t<div class=\"biw-card__content\">\n\t\t<h3 class=\"biw-card__title\">\n\t\t\t\t\t\t\t<a href=\"https:\/\/www.biworldwide.com\/pt-br\/communications\/\" >\n\t\t\t\t<strong>Comunica\u00e7\u00e3o<\/strong>\t\t\t\t<\/a>\n\t\t\t\t\t<\/h3>\n\t\t<div class=\"biw-card__text\">\n\n<p>Estrat\u00e9gias inovadoras projetadas para captar e manter a aten\u00e7\u00e3o deles, e se destacar no meio do ru\u00eddo.<br><\/p>\n\n<\/div>\n\t<\/div>\n\t\t\t<span class=\"biw-card__cta\">Saiba mais<\/span>\n\t<\/div>\n\n<div class=\" has-link has-image-size-cover has-image-radius-none is-style-image-left wp-block-biw-block-theme-biw-card\">\n\t\t\t<figure class=\"biw-card__image-wrapper \">\n\t\t\t<img decoding=\"async\" src=\"http:\/\/live-biw-main.pantheonsite.io\/wp-content\/uploads\/2025\/02\/Gamification-1300x732px.jpg\" alt=\"\" class=\"biw-card__image\" style=\"object-position: 50% 50%;\">\t\t<\/figure>\n\t\t<div class=\"biw-card__content\">\n\t\t<h3 class=\"biw-card__title\">\n\t\t\t\t\t\t\t<a href=\"https:\/\/www.biworldwide.com\/pt-br\/gamification\/\" >\n\t\t\t\tGamifica\u00e7\u00e3o\t\t\t\t<\/a>\n\t\t\t\t\t<\/h3>\n\t\t<div class=\"biw-card__text\">\n\n<p>Estimule a verdadeira lealdade no canal com um programa de gamifica\u00e7\u00e3o eficaz que aproveita o desejo de vencer.<\/p>\n\n<\/div>\n\t<\/div>\n\t\t\t<span class=\"biw-card__cta\">Saiba mais<\/span>\n\t<\/div><\/div>\n<\/div>\n<\/div>\n","protected":false},"excerpt":{"rendered":"<p>Crie uma rede de parceiros leais. Cada m\u00e9trica conta uma hist\u00f3ria. 11.2% Aumento m\u00e9dio anual nas vendas de canal 1M Representantes de vendas engajados por ano 83 Net Promoter Score \u2014 segundo a Bain &amp; Co, acima de 80 \u00e9 n\u00edvel mundial Solu\u00e7\u00f5es Ajudamos voc\u00ea a desenvolver sua estrat\u00e9gia de vendas em canais.<\/p>\n","protected":false},"author":11,"featured_media":0,"parent":0,"menu_order":0,"comment_status":"closed","ping_status":"closed","template":"","meta":{"featured_image_focal_point":{"x":0.5,"y":0.5},"footnotes":""},"wf_page_folders":[41],"class_list":["post-96","page","type-page","status-publish","hentry"],"yoast_head":"<!-- This site is optimized with the Yoast SEO plugin v26.2 - https:\/\/yoast.com\/wordpress\/plugins\/seo\/ -->\n<title>Engajamento de Canais - Brazil (Portuguese)<\/title>\n<meta name=\"robots\" content=\"index, follow, max-snippet:-1, max-image-preview:large, max-video-preview:-1\" \/>\n<link rel=\"canonical\" href=\"https:\/\/www.biworldwide.com\/pt-br\/engajamento-de-canais\/\" \/>\n<meta property=\"og:locale\" content=\"pt_BR\" \/>\n<meta property=\"og:type\" content=\"article\" \/>\n<meta property=\"og:title\" content=\"Engajamento de Canais - Brazil (Portuguese)\" \/>\n<meta property=\"og:description\" content=\"Crie uma rede de parceiros leais. Cada m\u00e9trica conta uma hist\u00f3ria. 11.2% Aumento m\u00e9dio anual nas vendas de canal 1M Representantes de vendas engajados por ano 83 Net Promoter Score \u2014 segundo a Bain &amp; Co, acima de 80 \u00e9 n\u00edvel mundial Solu\u00e7\u00f5es Ajudamos voc\u00ea a desenvolver sua estrat\u00e9gia de vendas em canais.\" \/>\n<meta property=\"og:url\" content=\"https:\/\/www.biworldwide.com\/pt-br\/engajamento-de-canais\/\" \/>\n<meta property=\"og:site_name\" content=\"Brazil (Portuguese)\" \/>\n<meta property=\"article:modified_time\" content=\"2025-04-01T17:37:17+00:00\" \/>\n<meta name=\"twitter:card\" content=\"summary_large_image\" \/>\n<meta name=\"twitter:label1\" content=\"Est. reading time\" \/>\n\t<meta name=\"twitter:data1\" content=\"2 minutos\" \/>\n<script type=\"application\/ld+json\" class=\"yoast-schema-graph\">{\"@context\":\"https:\/\/schema.org\",\"@graph\":[{\"@type\":\"WebPage\",\"@id\":\"https:\/\/www.biworldwide.com\/pt-br\/engajamento-de-canais\/\",\"url\":\"https:\/\/www.biworldwide.com\/pt-br\/engajamento-de-canais\/\",\"name\":\"Engajamento de Canais - Brazil (Portuguese)\",\"isPartOf\":{\"@id\":\"https:\/\/www.biworldwide.com\/pt-br\/#website\"},\"datePublished\":\"2025-01-14T16:14:17+00:00\",\"dateModified\":\"2025-04-01T17:37:17+00:00\",\"breadcrumb\":{\"@id\":\"https:\/\/www.biworldwide.com\/pt-br\/engajamento-de-canais\/#breadcrumb\"},\"inLanguage\":\"pt-BR\",\"potentialAction\":[{\"@type\":\"ReadAction\",\"target\":[\"https:\/\/www.biworldwide.com\/pt-br\/engajamento-de-canais\/\"]}]},{\"@type\":\"BreadcrumbList\",\"@id\":\"https:\/\/www.biworldwide.com\/pt-br\/engajamento-de-canais\/#breadcrumb\",\"itemListElement\":[{\"@type\":\"ListItem\",\"position\":1,\"name\":\"Home\",\"item\":\"https:\/\/www.biworldwide.com\/pt-br\/\"},{\"@type\":\"ListItem\",\"position\":2,\"name\":\"Engajamento de Canais\"}]},{\"@type\":\"WebSite\",\"@id\":\"https:\/\/www.biworldwide.com\/pt-br\/#website\",\"url\":\"https:\/\/www.biworldwide.com\/pt-br\/\",\"name\":\"Brazil (Portuguese)\",\"description\":\"\",\"potentialAction\":[{\"@type\":\"SearchAction\",\"target\":{\"@type\":\"EntryPoint\",\"urlTemplate\":\"https:\/\/www.biworldwide.com\/pt-br\/?s={search_term_string}\"},\"query-input\":{\"@type\":\"PropertyValueSpecification\",\"valueRequired\":true,\"valueName\":\"search_term_string\"}}],\"inLanguage\":\"pt-BR\"}]}<\/script>\n<!-- \/ Yoast SEO plugin. -->","yoast_head_json":{"title":"Engajamento de Canais - Brazil (Portuguese)","robots":{"index":"index","follow":"follow","max-snippet":"max-snippet:-1","max-image-preview":"max-image-preview:large","max-video-preview":"max-video-preview:-1"},"canonical":"https:\/\/www.biworldwide.com\/pt-br\/engajamento-de-canais\/","og_locale":"pt_BR","og_type":"article","og_title":"Engajamento de Canais - Brazil (Portuguese)","og_description":"Crie uma rede de parceiros leais. Cada m\u00e9trica conta uma hist\u00f3ria. 11.2% Aumento m\u00e9dio anual nas vendas de canal 1M Representantes de vendas engajados por ano 83 Net Promoter Score \u2014 segundo a Bain &amp; Co, acima de 80 \u00e9 n\u00edvel mundial Solu\u00e7\u00f5es Ajudamos voc\u00ea a desenvolver sua estrat\u00e9gia de vendas em canais.","og_url":"https:\/\/www.biworldwide.com\/pt-br\/engajamento-de-canais\/","og_site_name":"Brazil (Portuguese)","article_modified_time":"2025-04-01T17:37:17+00:00","twitter_card":"summary_large_image","twitter_misc":{"Est. reading time":"2 minutos"},"schema":{"@context":"https:\/\/schema.org","@graph":[{"@type":"WebPage","@id":"https:\/\/www.biworldwide.com\/pt-br\/engajamento-de-canais\/","url":"https:\/\/www.biworldwide.com\/pt-br\/engajamento-de-canais\/","name":"Engajamento de Canais - Brazil (Portuguese)","isPartOf":{"@id":"https:\/\/www.biworldwide.com\/pt-br\/#website"},"datePublished":"2025-01-14T16:14:17+00:00","dateModified":"2025-04-01T17:37:17+00:00","breadcrumb":{"@id":"https:\/\/www.biworldwide.com\/pt-br\/engajamento-de-canais\/#breadcrumb"},"inLanguage":"pt-BR","potentialAction":[{"@type":"ReadAction","target":["https:\/\/www.biworldwide.com\/pt-br\/engajamento-de-canais\/"]}]},{"@type":"BreadcrumbList","@id":"https:\/\/www.biworldwide.com\/pt-br\/engajamento-de-canais\/#breadcrumb","itemListElement":[{"@type":"ListItem","position":1,"name":"Home","item":"https:\/\/www.biworldwide.com\/pt-br\/"},{"@type":"ListItem","position":2,"name":"Engajamento de Canais"}]},{"@type":"WebSite","@id":"https:\/\/www.biworldwide.com\/pt-br\/#website","url":"https:\/\/www.biworldwide.com\/pt-br\/","name":"Brazil (Portuguese)","description":"","potentialAction":[{"@type":"SearchAction","target":{"@type":"EntryPoint","urlTemplate":"https:\/\/www.biworldwide.com\/pt-br\/?s={search_term_string}"},"query-input":{"@type":"PropertyValueSpecification","valueRequired":true,"valueName":"search_term_string"}}],"inLanguage":"pt-BR"}]}},"_links":{"self":[{"href":"https:\/\/www.biworldwide.com\/pt-br\/wp-json\/wp\/v2\/pages\/96","targetHints":{"allow":["GET"]}}],"collection":[{"href":"https:\/\/www.biworldwide.com\/pt-br\/wp-json\/wp\/v2\/pages"}],"about":[{"href":"https:\/\/www.biworldwide.com\/pt-br\/wp-json\/wp\/v2\/types\/page"}],"author":[{"embeddable":true,"href":"https:\/\/www.biworldwide.com\/pt-br\/wp-json\/wp\/v2\/users\/11"}],"replies":[{"embeddable":true,"href":"https:\/\/www.biworldwide.com\/pt-br\/wp-json\/wp\/v2\/comments?post=96"}],"version-history":[{"count":5,"href":"https:\/\/www.biworldwide.com\/pt-br\/wp-json\/wp\/v2\/pages\/96\/revisions"}],"predecessor-version":[{"id":868,"href":"https:\/\/www.biworldwide.com\/pt-br\/wp-json\/wp\/v2\/pages\/96\/revisions\/868"}],"wp:attachment":[{"href":"https:\/\/www.biworldwide.com\/pt-br\/wp-json\/wp\/v2\/media?parent=96"}],"wp:term":[{"taxonomy":"wf_page_folders","embeddable":true,"href":"https:\/\/www.biworldwide.com\/pt-br\/wp-json\/wp\/v2\/wf_page_folders?post=96"}],"curies":[{"name":"wp","href":"https:\/\/api.w.org\/{rel}","templated":true}]}}