{"id":98,"date":"2025-01-14T16:14:31","date_gmt":"2025-01-14T16:14:31","guid":{"rendered":"https:\/\/live-biw-main.pantheonsite.io\/?page_id=98"},"modified":"2025-04-01T12:03:47","modified_gmt":"2025-04-01T18:03:47","slug":"programas-de-lealdade","status":"publish","type":"page","link":"https:\/\/www.biworldwide.com\/pt-br\/programas-de-lealdade\/","title":{"rendered":"Programas de Lealdade"},"content":{"rendered":"<div class=\" has-content-align-left has-overlay has-overlay--dark alignfull wp-block-biw-block-theme-hero\">\n\t<div class=\"biw-hero__grid\">\n\t\t\n\t\t\t\t\t<div class=\"biw-hero__media \">\n\t\t\t\t\t\t\t\t\t<div class=\"biw-hero__overlay overlay-dark\"><\/div>\n\t\t\t\t\t\t\t\t<img decoding=\"async\" src=\"http:\/\/live-biw-main.pantheonsite.io\/wp-content\/uploads\/2025\/02\/CustomerLoyalty-CoffeeCups-1728x600-1.jpg\" alt=\"Two cappuccinos with heart-shaped latte art sit on saucers with spoons on a wooden table. The cups are placed diagonally opposite each other, one on a green saucer and one on a gray saucer. The background has a soft gradient effect.\" class=\"biw-hero__bg-image\" style=\"object-position: 50% 50%;\">\t\t\t<\/div>\n\t\t\t\t<div class=\"biw-hero__content\">\n\t\t\t\t\t\t<h1 class=\"biw-hero__title\" style=\"line-height: 1.2\">\n\t\t\t\t<strong>Programas de Lealdade<\/strong>\t\t\t<\/h1>\n\t\t\t\t\t\t\t\t\t\t<div class=\"biw-hero__text\">\n\t\t\t\t\t\n\n<p>Um programa de lealdade eficaz n\u00e3o se trata apenas de oferecer benef\u00edcios: trata-se de gerar comportamentos valiosos, otimizar cada etapa da jornada do cliente e criar conex\u00f5es emocionais duradouras. Onde quer que estejam seus clientes, garantimos que permane\u00e7am com voc\u00ea.<br><\/p>\n\n\t\t\t\t<\/div>\n\t\t\t\t\t\t\t\t<\/div>\n\t<\/div>\n<\/div>\n\n\n\n<div class=\"wp-block-group alignfull bg-angle-action-orange has-background-angle-to-left bg-angle-accent-gold has-global-padding is-layout-constrained wp-container-core-group-is-layout-d3543a3b wp-block-group-is-layout-constrained\">\n<div class=\"wp-block-group  layout-columns-6 has-global-padding is-layout-constrained wp-container-core-group-is-layout-97093539 wp-block-group-is-layout-constrained\">\n<h2 class=\"wp-block-heading has-text-align-center\">Otimiza\u00e7\u00e3o do ciclo de vida do cliente<\/h2>\n\n\n\n<p class=\"has-text-align-center has-large-font-size\">A base de um programa de lealdade duradouro<br><\/p>\n<\/div>\n\n\n\n<div class=\"wp-block-group is-layout-grid wp-container-core-group-is-layout-211d2e0c wp-block-group-is-layout-grid\"><div class=\" has-dynamic-border-radius has-image-size-cover has-image-radius-none is-style-default wp-block-biw-block-theme-biw-card\">\n\t\t\t<figure class=\"biw-card__image-wrapper \">\n\t\t\t<img decoding=\"async\" src=\"http:\/\/live-biw-main.pantheonsite.io\/wp-content\/uploads\/2025\/02\/Icon_Acquire.svg\" alt=\"\" class=\"biw-card__image\" style=\"object-position: 50% 50%;\">\t\t<\/figure>\n\t\t<div class=\"biw-card__content\">\n\t\t<h3 class=\"biw-card__title\">\n\t\t\t\t\t\t\tAtrair\t\t\t\t\t<\/h3>\n\t\t<div class=\"biw-card__text\">\n\n<p>Transforme aten\u00e7\u00e3o em a\u00e7\u00e3o, e a\u00e7\u00e3o em lealdade desde o primeiro dia.<\/p>\n\n<\/div>\n\t<\/div>\n\t<\/div>\n\n<div class=\" has-dynamic-border-radius has-image-size-cover has-image-radius-none is-style-default wp-block-biw-block-theme-biw-card\">\n\t\t\t<figure class=\"biw-card__image-wrapper \">\n\t\t\t<img decoding=\"async\" src=\"http:\/\/live-biw-main.pantheonsite.io\/wp-content\/uploads\/2025\/02\/Icon_Develop.svg\" alt=\"\" class=\"biw-card__image\" style=\"object-position: 50% 50%;\">\t\t<\/figure>\n\t\t<div class=\"biw-card__content\">\n\t\t<h3 class=\"biw-card__title\">\n\t\t\t\t\t\t\t<strong>Desenvolver<\/strong>\t\t\t\t\t<\/h3>\n\t\t<div class=\"biw-card__text\">\n\n<p>Acompanhe seus clientes desde o onboarding at\u00e9 o upselling, fortalecendo o relacionamento a longo prazo.<\/p>\n\n<\/div>\n\t<\/div>\n\t<\/div>\n\n<div class=\" has-dynamic-border-radius has-image-size-cover has-image-radius-none is-style-default wp-block-biw-block-theme-biw-card\">\n\t\t\t<figure class=\"biw-card__image-wrapper \">\n\t\t\t<img decoding=\"async\" src=\"http:\/\/live-biw-main.pantheonsite.io\/wp-content\/uploads\/2025\/02\/Icon_Retain.svg\" alt=\"\" class=\"biw-card__image\" style=\"object-position: 50% 50%;\">\t\t<\/figure>\n\t\t<div class=\"biw-card__content\">\n\t\t<h3 class=\"biw-card__title\">\n\t\t\t\t\t\t\t<strong>Reter<\/strong>\t\t\t\t\t<\/h3>\n\t\t<div class=\"biw-card__text\">\n\n<p>Fidelize al\u00e9m da transa\u00e7\u00e3o: gere confian\u00e7a, reconhecimento e recompra.<\/p>\n\n<\/div>\n\t<\/div>\n\t<\/div>\n\n<div class=\" has-dynamic-border-radius has-image-size-cover has-image-radius-none is-style-default wp-block-biw-block-theme-biw-card\">\n\t\t\t<figure class=\"biw-card__image-wrapper \">\n\t\t\t<img decoding=\"async\" src=\"http:\/\/live-biw-main.pantheonsite.io\/wp-content\/uploads\/2025\/02\/Icon_Amplify.svg\" alt=\"\" class=\"biw-card__image\" style=\"object-position: 50% 50%;\">\t\t<\/figure>\n\t\t<div class=\"biw-card__content\">\n\t\t<h3 class=\"biw-card__title\">\n\t\t\t\t\t\t\t<strong>Expandir<\/strong>\t\t\t\t\t<\/h3>\n\t\t<div class=\"biw-card__text\">\n\n<p>Transforme clientes satisfeitos em promotores leais. Incentive o advocacy e a conex\u00e3o aut\u00eantica com a marca.<br><\/p>\n\n<\/div>\n\t<\/div>\n\t<\/div><\/div>\n<span class='background-angle-wrapper'><svg fill='none' viewBox='0 0 1728 699' xmlns='http:\/\/www.w3.org\/2000\/svg'><path d='M1728 0H0V294.923L1728 698.43V0Z' fill='url(#69d2ce2dc216c)'\/><defs><linearGradient id='69d2ce2dc216c' x1='1738.8' x2='1701' y1='717.27' y2='15.023' gradientUnits='userSpaceOnUse'><stop stop-color='#FDB113' stop-opacity='.3' offset='0'\/><stop stop-color='#FDB113' stop-opacity='0' offset='1'\/><\/linearGradient><\/defs><\/svg><\/span><\/div>\n\n\n<div class=\"wp-block-group  layout-columns-7 has-global-padding is-layout-constrained wp-container-core-group-is-layout-a133ec42 wp-block-group-is-layout-constrained\">\n<h2 class=\"wp-block-heading\">Especialistas em programas de lealdade que evoluem com voc\u00ea<\/h2>\n\n\n\n<p>N\u00e3o criamos programas de fidelidade comuns. N\u00f3s os redesenhamos estrategicamente, com base em ci\u00eancia comportamental, dados e criatividade, para entregar resultados reais, mensur\u00e1veis e sustent\u00e1veis.<br><\/p>\n\n\n\n<p class=\"has-xl-font-size\"><strong>Nosso servi\u00e7o<\/strong><\/p>\n\n\n\n<ul class=\"wp-block-list\">\n<li class=\"has-large-font-size\">Design estrat\u00e9gico de programas de lealdade<\/li>\n\n\n\n<li>An\u00e1lise e intelig\u00eancia de dados<\/li>\n\n\n\n<li>Servi\u00e7os criativos integrados<\/li>\n\n\n\n<li>Desenvolvimento de tecnologia personalizada<\/li>\n\n\n\n<li>Comunica\u00e7\u00e3o omnichannel: e-mail, SMS, carteira digital<\/li>\n\n\n\n<li>Incentivos, recompensas e log\u00edstica<\/li>\n\n\n\n<li class=\"has-large-font-size\">Centrais de atendimento para suporte e ativa\u00e7\u00e3o<\/li>\n<\/ul>\n\n\n\n<p class=\"has-xl-font-size\"><strong>Tipos de solu\u00e7\u00f5es<\/strong><\/p>\n\n\n\n<ul class=\"wp-block-list\">\n<li class=\"has-large-font-size\">Programas de lealdade para clientes<\/li>\n\n\n\n<li>Programas de fidelidade em canais de distribui\u00e7\u00e3o<\/li>\n\n\n\n<li>Incentivos por comportamento<\/li>\n\n\n\n<li>Engajamento de membros ou pacientes<\/li>\n\n\n\n<li>Campanhas de agradecimento e brindes<\/li>\n\n\n\n<li>Marketing por ciclo de vida<\/li>\n\n\n\n<li>Campanhas diretas e interativas<\/li>\n\n\n\n<li class=\"has-large-font-size\">Estrat\u00e9gias omnichannel<\/li>\n<\/ul>\n<\/div>\n\n\n\n<div class=\"wp-block-group alignfull  layout-columns-10 has-global-padding is-layout-constrained wp-container-core-group-is-layout-cc7bd7df wp-block-group-is-layout-constrained\">\n<div class=\"wp-block-group  layout-columns-8 has-global-padding is-layout-constrained wp-container-core-group-is-layout-fce79bf6 wp-block-group-is-layout-constrained\">\n<h2 class=\"wp-block-heading has-text-align-center\">Resultados que falam por si s\u00f3.<\/h2>\n<\/div>\n\n\n\n<div class=\"wp-block-group  layout-columns-10 has-global-padding is-layout-constrained wp-container-core-group-is-layout-0b5f5b40 wp-block-group-is-layout-constrained\">\n<div class=\"wp-block-group has-text-align-center is-layout-grid wp-container-core-group-is-layout-ef442fb0 wp-block-group-is-layout-grid\">\n<div class=\"wp-block-group is-vertical is-content-justification-center is-layout-flex wp-container-core-group-is-layout-81423f52 wp-block-group-is-layout-flex\">\n<h3 class=\"wp-block-heading has-text-align-left has-impact-font-size  has-text-wrap-no-wrap  has-gradient-fill has-gradient-fill-orange\">15.3%<\/h3>\n\n\n\n<p class=\"has-text-align-center has-large-font-size  has-text-wrap-balance\">Aumento m\u00e9dio no engajamento de clientes<\/p>\n<\/div>\n\n\n\n<div class=\"wp-block-group is-vertical is-content-justification-center is-layout-flex wp-container-core-group-is-layout-81423f52 wp-block-group-is-layout-flex\">\n<h3 class=\"wp-block-heading has-text-align-left has-impact-font-size  has-text-wrap-no-wrap  has-gradient-fill has-gradient-fill-orange\">$100M<\/h3>\n\n\n\n<p class=\"has-text-align-center has-large-font-size  has-text-wrap-balance\">Receita anual adicional gerada por programas de lealdade<\/p>\n<\/div>\n\n\n\n<div class=\"wp-block-group has-text-align-center is-vertical is-content-justification-center is-layout-flex wp-container-core-group-is-layout-81423f52 wp-block-group-is-layout-flex\">\n<h3 class=\"wp-block-heading has-text-align-left has-impact-font-size  has-text-wrap-no-wrap  has-gradient-fill has-gradient-fill-orange\">83<\/h3>\n\n\n\n<p class=\"has-text-align-center has-large-font-size  has-text-wrap-balance\">Net Promoter Score \u2014 Acima de 80 \u00e9 n\u00edvel mundial, segundo a Bain &amp; Co.<br><br><\/p>\n<\/div>\n<\/div>\n<\/div>\n<\/div>\n\n\n\n<div class=\"wp-block-group alignfull has-global-padding is-layout-constrained wp-container-core-group-is-layout-d3543a3b wp-block-group-is-layout-constrained\">\n<div class=\"wp-block-group  layout-columns-8 has-global-padding is-layout-constrained wp-container-core-group-is-layout-ee362a79 wp-block-group-is-layout-constrained\">\n<h2 class=\"wp-block-heading has-text-align-center  has-text-wrap-pretty\"><strong>Solu\u00e7\u00f5es<\/strong><\/h2>\n\n\n\n<p class=\"has-text-align-center has-large-font-size\"><\/p>\n<\/div>\n\n\n\n<div class=\"wp-block-group has-global-padding is-layout-constrained wp-block-group-is-layout-constrained\">\n<div class=\"wp-block-group  has-row-gap is-layout-grid wp-container-core-group-is-layout-c765d3c1 wp-block-group-is-layout-grid\" style=\"--row-gap:var(--wp--preset--spacing--50)\"><div class=\" has-link has-image-size-cover has-image-radius-none is-style-image-left wp-block-biw-block-theme-biw-card\">\n\t\t\t<figure class=\"biw-card__image-wrapper \">\n\t\t\t<img decoding=\"async\" src=\"http:\/\/live-biw-main.pantheonsite.io\/wp-content\/uploads\/2025\/02\/BrandedMerch-Tshirts-cap-mug-1300x732px.jpg\" alt=\"Close-up of colorful t-shirts on wooden hangers, featuring red, blue, yellow, and white shirts. In the foreground, a beige baseball cap and a bright yellow mug are placed together.\" class=\"biw-card__image\" style=\"object-position: 50% 50%;\">\t\t<\/figure>\n\t\t<div class=\"biw-card__content\">\n\t\t<h3 class=\"biw-card__title\">\n\t\t\t\t\t\t\t<a href=\"https:\/\/www.biworldwide.com\/pt-br\/branded-merchandise\/\" >\n\t\t\t\tBranded Merchandise\t\t\t\t<\/a>\n\t\t\t\t\t<\/h3>\n\t\t<div class=\"biw-card__text\">\n\n<p>Desenvolva uma estrat\u00e9gia de brindes e produtos personalizados que ressoe com seus colaboradores e clientes para manter sua marca sempre em destaque.<\/p>\n\n<\/div>\n\t<\/div>\n\t\t\t<span class=\"biw-card__cta\">Saiba mais<\/span>\n\t<\/div>\n\n<div class=\" has-link has-image-size-cover has-image-radius-none is-style-image-left wp-block-biw-block-theme-biw-card\">\n\t\t\t<figure class=\"biw-card__image-wrapper \">\n\t\t\t<img decoding=\"async\" src=\"http:\/\/live-biw-main.pantheonsite.io\/wp-content\/uploads\/2025\/02\/Gamification-1300x732px.jpg\" alt=\"A vintage padlock surrounded by a circle of nine old-fashioned metal keys on a rustic wooden surface. The arrangement forms a radial pattern with the padlock in the center.\" class=\"biw-card__image\" style=\"object-position: 50% 50%;\">\t\t<\/figure>\n\t\t<div class=\"biw-card__content\">\n\t\t<h3 class=\"biw-card__title\">\n\t\t\t\t\t\t\t<a href=\"https:\/\/www.biworldwide.com\/pt-br\/gamification\/\" >\n\t\t\t\t<strong>Gamifica\u00e7\u00e3o<\/strong>\t\t\t\t<\/a>\n\t\t\t\t\t<\/h3>\n\t\t<div class=\"biw-card__text\">\n\n<p>Aproveite o poder da gamifica\u00e7\u00e3o para engajar seus clientes, colaboradores e parceiros a fazer mais dentro dos sistemas que s\u00e3o importantes para o seu neg\u00f3cio.<\/p>\n\n<\/div>\n\t<\/div>\n\t\t\t<span class=\"biw-card__cta\">Read More<\/span>\n\t<\/div>\n\n<div class=\" has-link has-image-size-cover has-image-radius-none is-style-image-left wp-block-biw-block-theme-biw-card\">\n\t\t\t<figure class=\"biw-card__image-wrapper \">\n\t\t\t<img decoding=\"async\" src=\"http:\/\/live-biw-main.pantheonsite.io\/wp-content\/uploads\/2025\/02\/Communications-swirl-of-colored-paper-1728x600px.jpg\" alt=\"Abstract image featuring layered, curved shapes with a gradient of orange, yellow, and red hues. The design creates a sense of depth and movement from left to right, with smooth transitions between colors.\" class=\"biw-card__image\" style=\"object-position: 50% 50%;\">\t\t<\/figure>\n\t\t<div class=\"biw-card__content\">\n\t\t<h3 class=\"biw-card__title\">\n\t\t\t\t\t\t\t<a href=\"https:\/\/www.biworldwide.com\/pt-br\/communications\/\" >\n\t\t\t\tComunica\u00e7\u00e3o\t\t\t\t<\/a>\n\t\t\t\t\t<\/h3>\n\t\t<div class=\"biw-card__text\">\n\n<p>Capte e mantenha a aten\u00e7\u00e3o deles, destacando-se no meio do ru\u00eddo.<\/p>\n\n<\/div>\n\t<\/div>\n\t\t\t<span class=\"biw-card__cta\">Saiba mais<\/span>\n\t<\/div><\/div>\n<\/div>\n<\/div>\n","protected":false},"excerpt":{"rendered":"<p>Otimiza\u00e7\u00e3o do ciclo de vida do cliente A base de um programa de lealdade duradouro Especialistas em programas de lealdade que evoluem com voc\u00ea N\u00e3o criamos programas de fidelidade comuns. N\u00f3s os redesenhamos estrategicamente, com base em ci\u00eancia comportamental, dados e criatividade, para entregar resultados reais, mensur\u00e1veis e sustent\u00e1veis. Nosso servi\u00e7o Tipos de solu\u00e7\u00f5es Resultados [&hellip;]<\/p>\n","protected":false},"author":11,"featured_media":0,"parent":0,"menu_order":0,"comment_status":"closed","ping_status":"closed","template":"","meta":{"featured_image_focal_point":{"x":0.5,"y":0.5},"footnotes":""},"wf_page_folders":[41],"class_list":["post-98","page","type-page","status-publish","hentry"],"yoast_head":"<!-- This site is optimized with the Yoast SEO plugin v26.2 - https:\/\/yoast.com\/wordpress\/plugins\/seo\/ -->\n<title>Programas de Lealdade - Brazil (Portuguese)<\/title>\n<meta name=\"robots\" content=\"index, follow, max-snippet:-1, max-image-preview:large, max-video-preview:-1\" \/>\n<link rel=\"canonical\" href=\"https:\/\/www.biworldwide.com\/pt-br\/programas-de-lealdade\/\" \/>\n<meta property=\"og:locale\" content=\"pt_BR\" \/>\n<meta property=\"og:type\" content=\"article\" \/>\n<meta property=\"og:title\" content=\"Programas de Lealdade - Brazil (Portuguese)\" \/>\n<meta property=\"og:description\" content=\"Otimiza\u00e7\u00e3o do ciclo de vida do cliente A base de um programa de lealdade duradouro Especialistas em programas de lealdade que evoluem com voc\u00ea N\u00e3o criamos programas de fidelidade comuns. N\u00f3s os redesenhamos estrategicamente, com base em ci\u00eancia comportamental, dados e criatividade, para entregar resultados reais, mensur\u00e1veis e sustent\u00e1veis. Nosso servi\u00e7o Tipos de solu\u00e7\u00f5es Resultados [&hellip;]\" \/>\n<meta property=\"og:url\" content=\"https:\/\/www.biworldwide.com\/pt-br\/programas-de-lealdade\/\" \/>\n<meta property=\"og:site_name\" content=\"Brazil (Portuguese)\" \/>\n<meta property=\"article:modified_time\" content=\"2025-04-01T18:03:47+00:00\" \/>\n<meta name=\"twitter:card\" content=\"summary_large_image\" \/>\n<meta name=\"twitter:label1\" content=\"Est. reading time\" \/>\n\t<meta name=\"twitter:data1\" content=\"2 minutos\" \/>\n<script type=\"application\/ld+json\" class=\"yoast-schema-graph\">{\"@context\":\"https:\/\/schema.org\",\"@graph\":[{\"@type\":\"WebPage\",\"@id\":\"https:\/\/www.biworldwide.com\/pt-br\/programas-de-lealdade\/\",\"url\":\"https:\/\/www.biworldwide.com\/pt-br\/programas-de-lealdade\/\",\"name\":\"Programas de Lealdade - Brazil (Portuguese)\",\"isPartOf\":{\"@id\":\"https:\/\/www.biworldwide.com\/pt-br\/#website\"},\"datePublished\":\"2025-01-14T16:14:31+00:00\",\"dateModified\":\"2025-04-01T18:03:47+00:00\",\"breadcrumb\":{\"@id\":\"https:\/\/www.biworldwide.com\/pt-br\/programas-de-lealdade\/#breadcrumb\"},\"inLanguage\":\"pt-BR\",\"potentialAction\":[{\"@type\":\"ReadAction\",\"target\":[\"https:\/\/www.biworldwide.com\/pt-br\/programas-de-lealdade\/\"]}]},{\"@type\":\"BreadcrumbList\",\"@id\":\"https:\/\/www.biworldwide.com\/pt-br\/programas-de-lealdade\/#breadcrumb\",\"itemListElement\":[{\"@type\":\"ListItem\",\"position\":1,\"name\":\"Home\",\"item\":\"https:\/\/www.biworldwide.com\/pt-br\/\"},{\"@type\":\"ListItem\",\"position\":2,\"name\":\"Programas de Lealdade\"}]},{\"@type\":\"WebSite\",\"@id\":\"https:\/\/www.biworldwide.com\/pt-br\/#website\",\"url\":\"https:\/\/www.biworldwide.com\/pt-br\/\",\"name\":\"Brazil (Portuguese)\",\"description\":\"\",\"potentialAction\":[{\"@type\":\"SearchAction\",\"target\":{\"@type\":\"EntryPoint\",\"urlTemplate\":\"https:\/\/www.biworldwide.com\/pt-br\/?s={search_term_string}\"},\"query-input\":{\"@type\":\"PropertyValueSpecification\",\"valueRequired\":true,\"valueName\":\"search_term_string\"}}],\"inLanguage\":\"pt-BR\"}]}<\/script>\n<!-- \/ Yoast SEO plugin. -->","yoast_head_json":{"title":"Programas de Lealdade - Brazil (Portuguese)","robots":{"index":"index","follow":"follow","max-snippet":"max-snippet:-1","max-image-preview":"max-image-preview:large","max-video-preview":"max-video-preview:-1"},"canonical":"https:\/\/www.biworldwide.com\/pt-br\/programas-de-lealdade\/","og_locale":"pt_BR","og_type":"article","og_title":"Programas de Lealdade - Brazil (Portuguese)","og_description":"Otimiza\u00e7\u00e3o do ciclo de vida do cliente A base de um programa de lealdade duradouro Especialistas em programas de lealdade que evoluem com voc\u00ea N\u00e3o criamos programas de fidelidade comuns. N\u00f3s os redesenhamos estrategicamente, com base em ci\u00eancia comportamental, dados e criatividade, para entregar resultados reais, mensur\u00e1veis e sustent\u00e1veis. Nosso servi\u00e7o Tipos de solu\u00e7\u00f5es Resultados [&hellip;]","og_url":"https:\/\/www.biworldwide.com\/pt-br\/programas-de-lealdade\/","og_site_name":"Brazil (Portuguese)","article_modified_time":"2025-04-01T18:03:47+00:00","twitter_card":"summary_large_image","twitter_misc":{"Est. reading time":"2 minutos"},"schema":{"@context":"https:\/\/schema.org","@graph":[{"@type":"WebPage","@id":"https:\/\/www.biworldwide.com\/pt-br\/programas-de-lealdade\/","url":"https:\/\/www.biworldwide.com\/pt-br\/programas-de-lealdade\/","name":"Programas de Lealdade - Brazil (Portuguese)","isPartOf":{"@id":"https:\/\/www.biworldwide.com\/pt-br\/#website"},"datePublished":"2025-01-14T16:14:31+00:00","dateModified":"2025-04-01T18:03:47+00:00","breadcrumb":{"@id":"https:\/\/www.biworldwide.com\/pt-br\/programas-de-lealdade\/#breadcrumb"},"inLanguage":"pt-BR","potentialAction":[{"@type":"ReadAction","target":["https:\/\/www.biworldwide.com\/pt-br\/programas-de-lealdade\/"]}]},{"@type":"BreadcrumbList","@id":"https:\/\/www.biworldwide.com\/pt-br\/programas-de-lealdade\/#breadcrumb","itemListElement":[{"@type":"ListItem","position":1,"name":"Home","item":"https:\/\/www.biworldwide.com\/pt-br\/"},{"@type":"ListItem","position":2,"name":"Programas de Lealdade"}]},{"@type":"WebSite","@id":"https:\/\/www.biworldwide.com\/pt-br\/#website","url":"https:\/\/www.biworldwide.com\/pt-br\/","name":"Brazil (Portuguese)","description":"","potentialAction":[{"@type":"SearchAction","target":{"@type":"EntryPoint","urlTemplate":"https:\/\/www.biworldwide.com\/pt-br\/?s={search_term_string}"},"query-input":{"@type":"PropertyValueSpecification","valueRequired":true,"valueName":"search_term_string"}}],"inLanguage":"pt-BR"}]}},"_links":{"self":[{"href":"https:\/\/www.biworldwide.com\/pt-br\/wp-json\/wp\/v2\/pages\/98","targetHints":{"allow":["GET"]}}],"collection":[{"href":"https:\/\/www.biworldwide.com\/pt-br\/wp-json\/wp\/v2\/pages"}],"about":[{"href":"https:\/\/www.biworldwide.com\/pt-br\/wp-json\/wp\/v2\/types\/page"}],"author":[{"embeddable":true,"href":"https:\/\/www.biworldwide.com\/pt-br\/wp-json\/wp\/v2\/users\/11"}],"replies":[{"embeddable":true,"href":"https:\/\/www.biworldwide.com\/pt-br\/wp-json\/wp\/v2\/comments?post=98"}],"version-history":[{"count":5,"href":"https:\/\/www.biworldwide.com\/pt-br\/wp-json\/wp\/v2\/pages\/98\/revisions"}],"predecessor-version":[{"id":869,"href":"https:\/\/www.biworldwide.com\/pt-br\/wp-json\/wp\/v2\/pages\/98\/revisions\/869"}],"wp:attachment":[{"href":"https:\/\/www.biworldwide.com\/pt-br\/wp-json\/wp\/v2\/media?parent=98"}],"wp:term":[{"taxonomy":"wf_page_folders","embeddable":true,"href":"https:\/\/www.biworldwide.com\/pt-br\/wp-json\/wp\/v2\/wf_page_folders?post=98"}],"curies":[{"name":"wp","href":"https:\/\/api.w.org\/{rel}","templated":true}]}}