{"id":106,"date":"2025-01-14T16:15:30","date_gmt":"2025-01-14T16:15:30","guid":{"rendered":"https:\/\/live-biw-main.pantheonsite.io\/?page_id=106"},"modified":"2025-06-11T11:14:46","modified_gmt":"2025-06-11T03:14:46","slug":"branded-merchandise","status":"publish","type":"page","link":"https:\/\/www.biworldwide.com\/vn-vn\/branded-merchandise\/","title":{"rendered":"Branded Merchandise"},"content":{"rendered":"<div class=\" has-content-align-left has-overlay has-overlay--dark alignfull wp-block-biw-block-theme-hero\">\n\t<div class=\"biw-hero__grid\">\n\t\t\t\t\t<div class=\"biw-hero__breadcrumbs\">\n\t\t\t\t<div id=\"breadcrumbs\" class=\"breadcrumb-nav__wrapper\"><span class=\"breadcrumb-nav\"><span><a href=\"https:\/\/www.biworldwide.com\/vn-vn\/\">Home<\/a><\/span><\/span><\/div>\t\t\t<\/div>\n\t\t\n\t\t\t\t\t<div class=\"biw-hero__media \">\n\t\t\t\t\t\t\t\t\t<div class=\"biw-hero__overlay overlay-dark\"><\/div>\n\t\t\t\t\t\t\t\t<img decoding=\"async\" src=\"https:\/\/www.biworldwide.com\/wp-content\/uploads\/2025\/02\/BIW_Site_Hero_BRC-scaled.jpg\" alt=\"Two hoodies on display: one yellow with a geometric logo and one white with LOGO text. Theyre accompanied by a yellow cap, rolled t-shirts, sneakers, and pants. The background features a park with scattered yellow leaves.\" class=\"biw-hero__bg-image\" style=\"object-position: 50% 50%;\">\t\t\t<\/div>\n\t\t\t\t<div class=\"biw-hero__content\">\n\t\t\t\t\t\t<h1 class=\"biw-hero__title\" style=\"line-height: 1.2\">\n\t\t\t\tH\u00e0ng H\u00f3a Mang Th\u01b0\u01a1ng Hi\u1ec7u\t\t\t<\/h1>\n\t\t\t\t\t\t\t<h2 class=\"biw-hero__subtitle\">\n\t\t\t\t\tM\u00f3n qu\u00e0 khi\u1ebfn ai c\u0169ng mu\u1ed1n gi\u1eef ri\u00eang cho m\u00ecnh.\t\t\t\t<\/h2>\n\t\t\t\t\t\t\t\t\t\t<div class=\"biw-hero__text\">\n\t\t\t\t\t\n\n<p>Nh\u1eefng g\u00ec hi\u1ec7u qu\u1ea3 cho th\u01b0\u01a1ng hi\u1ec7u kh\u00e1c c\u00f3 th\u1ec3 kh\u00f4ng ph\u00f9 h\u1ee3p v\u1edbi b\u1ea1n. Ch\u00fang t\u00f4i x\u00e2y d\u1ef1ng chi\u1ebfn l\u01b0\u1ee3c h\u00e0ng h\u00f3a ph\u00f9 h\u1ee3p v\u1edbi nh\u00e2n vi\u00ean v\u00e0 kh\u00e1ch h\u00e0ng c\u1ee7a b\u1ea1n, gi\u00fap th\u01b0\u01a1ng hi\u1ec7u c\u1ee7a b\u1ea1n lu\u00f4n n\u1ed5i b\u1eadt trong t\u00e2m tr\u00ed m\u1ecdi ng\u01b0\u1eddi.<\/p>\n\n\t\t\t\t<\/div>\n\t\t\t\t\t\t\t\t<\/div>\n\t<\/div>\n<\/div>\n\n\n\n<div class=\"wp-block-group alignfull  layout-columns-7 has-global-padding is-layout-constrained wp-container-core-group-is-layout-a133ec42 wp-block-group-is-layout-constrained\">\n<p class=\"is-style-intro-text is-style-intro-text--1\" style=\"padding-top:var(--wp--preset--spacing--30);padding-right:var(--wp--preset--spacing--40);padding-bottom:var(--wp--preset--spacing--30);padding-left:var(--wp--preset--spacing--40);font-size:1.35rem\">Ch\u00fang t\u00f4i t\u1ea1o ra c\u00e1c s\u1ea3n ph\u1ea9m th\u01b0\u01a1ng hi\u1ec7u m\u00e0 m\u1ecdi ng\u01b0\u1eddi y\u00eau th\u00edch, s\u1eed d\u1ee5ng v\u00e0 l\u01b0u gi\u1eef trong nhi\u1ec1u n\u0103m. L\u00e0m th\u1ebf n\u00e0o \u0111\u1ec3 \u0111\u1ea1t \u0111\u01b0\u1ee3c \u0111i\u1ec1u \u0111\u00f3? B\u1eb1ng c\u00e1ch \u0111i tr\u01b0\u1edbc xu h\u01b0\u1edbng v\u00e0 k\u1ebft n\u1ed1i v\u1edbi l\u1ed1i s\u1ed1ng c\u1ee7a kh\u00e1ch h\u00e0ng. T\u1eeb nh\u1eefng m\u00f3n \u0111\u1ed3 thi\u1ebft y\u1ebfu h\u1eb1ng ng\u00e0y \u0111\u1ebfn nh\u1eefng s\u1ea3n ph\u1ea9m n\u1ed5i b\u1eadt, ch\u00fang t\u00f4i t\u1ea1o ra nh\u1eefng b\u1ed9 s\u01b0u t\u1eadp m\u00e0 kh\u00e1ch h\u00e0ng, \u0111\u1ed1i t\u00e1c k\u00eanh v\u00e0 nh\u00e2n vi\u00ean s\u1ebd t\u1ef1 h\u00e0o m\u1eb7c, s\u1eed d\u1ee5ng v\u00e0 th\u1ea3o lu\u1eadn.<\/p>\n\n\n\n<div class=\"wp-block-group alignfull has-global-padding is-layout-constrained wp-container-core-group-is-layout-d3543a3b wp-block-group-is-layout-constrained\">\n<div class=\"wp-block-group  layout-columns-8 has-global-padding is-layout-constrained wp-container-core-group-is-layout-ee362a79 wp-block-group-is-layout-constrained\">\n<h2 class=\"wp-block-heading has-text-align-center  has-text-wrap-pretty\">Ch\u00fang t\u00f4i s\u1ebd gi\u00fap b\u1ea1n t\u1ea1o chi\u1ebfn d\u1ecbch h\u00e0ng h\u00f3a mang th\u01b0\u01a1ng hi\u1ec7u qua:<\/h2>\n<\/div>\n\n\n\n<div class=\"wp-block-group  has-gradient-fill has-gradient-fill-purple is-layout-grid wp-container-core-group-is-layout-ef442fb0 wp-block-group-is-layout-grid\"><div class=\" has-image-size-cover has-image-radius-none is-style-no-image wp-block-biw-block-theme-biw-card\">\n\t\t<div class=\"biw-card__content\">\n\t\t<h3 class=\"biw-card__title\">\n\t\t\t\t\t\t\tT\u00ecm ngu\u1ed3n h\u00e0ng v\u00e0 nh\u1eadp c\u00e1c s\u1ea3n ph\u1ea9m may m\u1eb7c v\u00e0 phi may m\u1eb7c\t\t\t\t\t<\/h3>\n\t\t<div class=\"biw-card__text\">\n\n<p><\/p>\n\n<\/div>\n\t<\/div>\n\t<\/div>\n\n<div class=\" has-image-size-cover has-image-radius-none is-style-no-image wp-block-biw-block-theme-biw-card\">\n\t\t<div class=\"biw-card__content\">\n\t\t<h3 class=\"biw-card__title\">\n\t\t\t\t\t\t\tT\u1ea1o ra t\u00e1c ph\u1ea9m ngh\u1ec7 thu\u1eadt v\u00e0 s\u1ea3n ph\u1ea9m t\u00f9y ch\u1ec9nh theo t\u1eebng c\u00e1 nh\u00e2n\t\t\t\t\t<\/h3>\n\t\t<div class=\"biw-card__text\">\n\n<p><\/p>\n\n<\/div>\n\t<\/div>\n\t<\/div>\n\n<div class=\" has-image-size-cover has-image-radius-none is-style-no-image wp-block-biw-block-theme-biw-card\">\n\t\t<div class=\"biw-card__content\">\n\t\t<h3 class=\"biw-card__title\">\n\t\t\t\t\t\t\tThi\u1ebft k\u1ebf s\u1ea3n ph\u1ea9m k\u1ebft n\u1ed1i c\u1ea3m x\u00fac v\u1edbi kh\u00e1ch h\u00e0ng c\u1ee7a b\u1ea1n\t\t\t\t\t<\/h3>\n\t\t<div class=\"biw-card__text\">\n\n<p><\/p>\n\n<\/div>\n\t<\/div>\n\t<\/div>\n\n<div class=\" has-image-size-cover has-image-radius-none is-style-no-image wp-block-biw-block-theme-biw-card\">\n\t\t<div class=\"biw-card__content\">\n\t\t<h3 class=\"biw-card__title\">\n\t\t\t\t\t\t\tHo\u00e0n t\u1ea5t \u0111\u01a1n h\u00e0ng v\u00e0 l\u01b0u kho\t\t\t\t\t<\/h3>\n\t\t<div class=\"biw-card__text\">\n\n<p><\/p>\n\n<\/div>\n\t<\/div>\n\t<\/div>\n\n<div class=\" has-image-size-cover has-image-radius-none is-style-no-image wp-block-biw-block-theme-biw-card\">\n\t\t<div class=\"biw-card__content\">\n\t\t<h3 class=\"biw-card__title\">\n\t\t\t\t\t\t\tD\u1ecbch v\u1ee5 kh\u00e1ch h\u00e0ng tuy\u1ec7t v\u1eddi nh\u1ea5t\t\t\t\t\t<\/h3>\n\t\t<div class=\"biw-card__text\">\n\n<p><\/p>\n\n<\/div>\n\t<\/div>\n\t<\/div>\n\n<div class=\" has-image-size-cover has-image-radius-none is-style-no-image wp-block-biw-block-theme-biw-card\">\n\t\t<div class=\"biw-card__content\">\n\t\t<h3 class=\"biw-card__title\">\n\t\t\t\t\t\t\tC\u00e1c n\u1ec1n t\u1ea3ng th\u01b0\u01a1ng m\u1ea1i \u0111i\u1ec7n t\u1eed l\u00e0m cho vi\u1ec7c mua s\u1eafm tr\u1edf n\u00ean d\u1ec5 d\u00e0ng v\u00e0 th\u00fa v\u1ecb h\u01a1n bao gi\u1edd h\u1ebft\t\t\t\t\t<\/h3>\n\t\t<div class=\"biw-card__text\">\n\n<p><\/p>\n\n<\/div>\n\t<\/div>\n\t<\/div>\n\n<div class=\" has-image-size-cover has-image-radius-none is-style-no-image wp-block-biw-block-theme-biw-card\">\n\t\t<div class=\"biw-card__content\">\n\t\t<h3 class=\"biw-card__title\">\n\t\t\t\t\t\t\tMarketing v\u00e0 qu\u1ea3ng b\u00e1 s\u1ea3n ph\u1ea9m \u0111\u1ec3 t\u0103ng c\u01b0\u1eddng s\u1ef1 hi\u1ec7n di\u1ec7n\t\t\t\t\t<\/h3>\n\t\t<div class=\"biw-card__text\">\n\n<p><\/p>\n\n<\/div>\n\t<\/div>\n\t<\/div>\n\n<div class=\" has-image-size-cover has-image-radius-none is-style-no-image wp-block-biw-block-theme-biw-card\">\n\t\t<div class=\"biw-card__content\">\n\t\t<h3 class=\"biw-card__title\">\n\t\t\t\t\t\t\tThu th\u1eadp d\u1eef li\u1ec7u v\u00e0 ph\u00e2n t\u00edch ch\u01b0\u01a1ng tr\u00ecnh \u0111\u1ec3 th\u00fac \u0111\u1ea9y doanh s\u1ed1 v\u00e0 \u0111\u01b0a ra quy\u1ebft \u0111\u1ecbnh th\u00f4ng minh h\u01a1n\t\t\t\t\t<\/h3>\n\t\t<div class=\"biw-card__text\">\n\n<p><\/p>\n\n<\/div>\n\t<\/div>\n\t<\/div><\/div>\n<\/div>\n\n\n\n<figure class=\"wp-block-embed is-type-video is-provider-vimeo wp-block-embed-vimeo wp-embed-aspect-16-9 wp-has-aspect-ratio\"><div class=\"wp-block-embed__wrapper\">\n<iframe loading=\"lazy\" title=\"Bring your brand to life with brand merchandise\" src=\"https:\/\/player.vimeo.com\/video\/394010638?dnt=1&amp;app_id=122963\" width=\"500\" height=\"281\" frameborder=\"0\" allow=\"autoplay; fullscreen; picture-in-picture; clipboard-write; encrypted-media\"><\/iframe>\n<\/div><\/figure>\n<\/div>\n\n\n\n<div class=\"wp-block-group alignfull  has-background-angle-to-left bg-angle-accent-purple has-global-padding is-layout-constrained wp-container-core-group-is-layout-5a30f31b wp-block-group-is-layout-constrained\">\n<div class=\"wp-block-group  has-wrap-on-small-screens has-wrap-on-tablet-screens is-content-justification-space-between is-nowrap is-layout-flex wp-container-core-group-is-layout-339b1da1 wp-block-group-is-layout-flex\" style=\"padding-right:var(--wp--preset--spacing--30);padding-left:var(--wp--preset--spacing--30)\">\n<h2 class=\"wp-block-heading\">Th\u00e0nh qu\u1ea3 c\u1ee7a ch\u00fang t\u00f4i t\u1ef1 n\u00f3i l\u00ean t\u1ea5t c\u1ea3<\/h2>\n\n\n\n<div class=\"wp-block-buttons is-layout-flex wp-block-buttons-is-layout-flex\">\n<div class=\"wp-block-button is-style-text-link\"><a class=\"wp-block-button__link wp-element-button\" href=\"https:\/\/www.biworldwide.com\/vn-vn\/our-work\/case-study\/\">Xem T\u1ea5t C\u1ea3 Nghi\u00ean C\u1ee9u \u0110i\u1ec3n H\u00ecnh<\/a><\/div>\n<\/div>\n<\/div>\n\n\n\n<div class=\"wp-block-group has-global-padding is-layout-constrained wp-container-core-group-is-layout-d3543a3b wp-block-group-is-layout-constrained\">\n<div class=\"wp-block-query is-layout-flow wp-block-query-is-layout-flow\"><ul class=\"my-class wp-block-post-template is-layout-grid wp-container-core-post-template-is-layout-cd442e93 wp-block-post-template-is-layout-grid has-dynamic-card-height has-dynamic-row-fill\"><li class=\"wp-block-post post-1777 case-study type-case-study status-publish has-post-thumbnail hentry\">\n\n<div class=\"has-dynamic-border-radius wp-block-biw-block-theme-case-study\">\n\t<div class=\"cs-card__grid\">\n\t\t<div class=\"cs-card__media\">\n\t\t\t\t\t\t\t\t\t\t<figure class=\"cs-card__featured-image\"><img loading=\"lazy\" decoding=\"async\"  style=\"object-position: 50% 50%;\" width=\"800\" height=\"450\" src=\"https:\/\/www.biworldwide.com\/vn-vn\/wp-content\/uploads\/sites\/17\/2025\/05\/66d0c8a5ce14b5d53fdd5702_coca20cola-p-800.jpg\" class=\"cs-card__featured-image-img has-focal-point wp-post-image\" alt=\"B\u1ed1n t\u1ea5m \u00e1p ph\u00edch \u0111\u1ea7y m\u00e0u s\u1eafc v\u00e0 m\u1ed9t \u0111\u0129a than \u0111\u01b0\u1ee3c tr\u01b0ng b\u00e0y tr\u00ean b\u1ec1 m\u1eb7t tr\u1eafng. C\u00e1c t\u1ea5m \u00e1p ph\u00edch c\u00f3 ch\u1ee7 \u0111\u1ec1 v\u1ec1 guitar v\u00e0 \u00e2m nh\u1ea1c v\u1edbi ch\u1eef in \u0111\u1eadm, \u0111\u1ed3 h\u1ecda v\u00e0 kh\u1ea9u hi\u1ec7u nh\u01b0 \u201cROCK THE STAGE\u201d v\u00e0 \u201cSTEAL THE SHOW\u201d.\" srcset=\"https:\/\/www.biworldwide.com\/vn-vn\/wp-content\/uploads\/sites\/17\/2025\/05\/66d0c8a5ce14b5d53fdd5702_coca20cola-p-800.jpg 800w, https:\/\/www.biworldwide.com\/vn-vn\/wp-content\/uploads\/sites\/17\/2025\/05\/66d0c8a5ce14b5d53fdd5702_coca20cola-p-800-300x169.jpg 300w, https:\/\/www.biworldwide.com\/vn-vn\/wp-content\/uploads\/sites\/17\/2025\/05\/66d0c8a5ce14b5d53fdd5702_coca20cola-p-800-768x432.jpg 768w\" sizes=\"auto, (max-width: 800px) 100vw, 800px\" \/><\/figure>\n\t\t\t\t\t<\/div>\n\t\t<div class=\"cs-card__content\">\n\t\t\t\t\t\t\t<h3 class=\"cs-card__title\">\n\t\t\t\t\t\t\t\t\t\t\t<a href=\"https:\/\/www.biworldwide.com\/vn-vn\/our-work\/case-study\/skyrocketing-sales-by-empowering-employees\/\">B\u1ee9t Ph\u00e1 Doanh S\u1ed1 nh\u1edd Ti\u1ebfp S\u1ee9c Cho Nh\u00e2n Vi\u00ean<\/a>\n\t\t\t\t\t\t\t\t\t<\/h3>\n\t\t\t\t\t\t\t\t\t\t<div class=\"cs-card__excerpt\">EXECUTIVE SUMMARY H\u1ee3p t\u00e1c c\u00f9ng m\u1ed9t t\u1eadp \u0111o\u00e0n h\u00e0ng \u0111\u1ea7u trong ng\u00e0nh \u0111\u1ed3 u\u1ed1ng, BI WORLDWIDE \u0111\u00e3 ph\u00e1t tri\u1ec3n v\u00e0 tri\u1ec3n khai ch\u01b0\u01a1ng tr\u00ecnh s\u00e1ng t\u1ea1o nh\u1eb1m bi\u1ebfn h\u01a1n 60.000 nh\u00e2n vi\u00ean th\u00e0nh nh\u1eefng \u0111\u1ea1i s\u1ee9 th\u01b0\u01a1ng hi\u1ec7u nhi\u1ec7t huy\u1ebft. Ch\u01b0\u01a1ng tr\u00ecnh n\u00e0y kh\u00f4ng ch\u1ec9 n\u00e2ng cao h\u00ecnh \u1ea3nh th\u01b0\u01a1ng hi\u1ec7u m\u00e0 c\u00f2n t\u1ea1o ra [&hellip;]<\/div>\n\t\t\t\t\t\t\t\t\t\t<a class=\"cs-card__cta\" href=\"https:\/\/www.biworldwide.com\/vn-vn\/our-work\/case-study\/skyrocketing-sales-by-empowering-employees\/\">Learn More<\/a>\n\t\t\t\t\t<\/div>\n\t<\/div>\n<\/div>\n<\/li><li class=\"wp-block-post post-1773 case-study type-case-study status-publish has-post-thumbnail hentry\">\n\n<div class=\"has-dynamic-border-radius wp-block-biw-block-theme-case-study\">\n\t<div class=\"cs-card__grid\">\n\t\t<div class=\"cs-card__media\">\n\t\t\t\t\t\t\t\t\t\t<figure class=\"cs-card__featured-image\"><img loading=\"lazy\" decoding=\"async\"  style=\"object-position: 50% 50%;\" width=\"1920\" height=\"1080\" src=\"https:\/\/www.biworldwide.com\/vn-vn\/wp-content\/uploads\/sites\/17\/2025\/05\/66b782bd4024fd093e32c1af_Medtronic-1.jpg\" class=\"cs-card__featured-image-img has-focal-point wp-post-image\" alt=\"B\u00e0i thuy\u1ebft tr\u00ecnh k\u1ef9 thu\u1eadt s\u1ed1 gi\u1ea3i th\u00edch v\u1ec1 th\u00e1ch th\u1ee9c c\u1ee7a c\u00f4ng ty. B\u00e0i thuy\u1ebft tr\u00ecnh c\u00f3 c\u00e1c cu\u1ed9c h\u1ecdp c\u1ee7a nhi\u1ec1u \u0111\u1ed3ng nghi\u1ec7p, s\u01a1 \u0111\u1ed3, s\u01a1 \u0111\u1ed3 lu\u1ed3ng, c\u00e2u h\u1ecfi g\u1ee3i \u00fd v\u00e0 c\u1ee5m t\u1eeb ch\u00ednh v\u1ec1 \u0111\u1ed5i m\u1edbi, doanh thu v\u00e0 l\u00e0m vi\u1ec7c nh\u00f3m tr\u00ean n\u1ec1n m\u00e0u xanh lam theo ch\u1ee7 \u0111\u1ec1 c\u00f4ng ngh\u1ec7.\" srcset=\"https:\/\/www.biworldwide.com\/vn-vn\/wp-content\/uploads\/sites\/17\/2025\/05\/66b782bd4024fd093e32c1af_Medtronic-1.jpg 1920w, https:\/\/www.biworldwide.com\/vn-vn\/wp-content\/uploads\/sites\/17\/2025\/05\/66b782bd4024fd093e32c1af_Medtronic-1-300x169.jpg 300w, https:\/\/www.biworldwide.com\/vn-vn\/wp-content\/uploads\/sites\/17\/2025\/05\/66b782bd4024fd093e32c1af_Medtronic-1-1024x576.jpg 1024w, https:\/\/www.biworldwide.com\/vn-vn\/wp-content\/uploads\/sites\/17\/2025\/05\/66b782bd4024fd093e32c1af_Medtronic-1-768x432.jpg 768w, https:\/\/www.biworldwide.com\/vn-vn\/wp-content\/uploads\/sites\/17\/2025\/05\/66b782bd4024fd093e32c1af_Medtronic-1-1536x864.jpg 1536w\" sizes=\"auto, (max-width: 1920px) 100vw, 1920px\" \/><\/figure>\n\t\t\t\t\t<\/div>\n\t\t<div class=\"cs-card__content\">\n\t\t\t\t\t\t\t<h3 class=\"cs-card__title\">\n\t\t\t\t\t\t\t\t\t\t\t<a href=\"https:\/\/www.biworldwide.com\/vn-vn\/our-work\/case-study\/mobilising-employees-to-boost-growth\/\">Huy \u0110\u1ed9ng Nh\u00e2n Vi\u00ean \u0110\u1ec3 Th\u00fac \u0110\u1ea9y T\u0103ng Tr\u01b0\u1edfng<\/a>\n\t\t\t\t\t\t\t\t\t<\/h3>\n\t\t\t\t\t\t\t\t\t\t<div class=\"cs-card__excerpt\">T\u00d3M T\u1eaeT \u0110I\u1ec0U H\u00c0NH M\u1ed9t c\u00f4ng ty thi\u1ebft b\u1ecb y t\u1ebf to\u00e0n c\u1ea7u \u0111\u00e3 h\u1ee3p t\u00e1c v\u1edbi BI WORLDWIDE \u0111\u1ec3 th\u00fac \u0111\u1ea9y m\u1ee5c ti\u00eau chung c\u1ee7a c\u00f4ng ty l\u00e0 c\u1ea3i thi\u1ec7n d\u00f2ng ti\u1ec1n t\u1ef1 do. Th\u00f4ng qua m\u1ed9t s\u00e1ng ki\u1ebfn to\u00e0n di\u1ec7n v\u1ec1 g\u1eafn k\u1ebft nh\u00e2n vi\u00ean, c\u00f4ng ty \u0111\u00e3 th\u1ed1ng nh\u1ea5t v\u00e0 huy \u0111\u1ed9ng [&hellip;]<\/div>\n\t\t\t\t\t\t\t\t\t\t<a class=\"cs-card__cta\" href=\"https:\/\/www.biworldwide.com\/vn-vn\/our-work\/case-study\/mobilising-employees-to-boost-growth\/\">Learn More<\/a>\n\t\t\t\t\t<\/div>\n\t<\/div>\n<\/div>\n<\/li><\/ul>\n\n<\/div>\n\n\n<div class=\"wp-block-biw-block-theme-reset-query\" style=\"display: none;\">Query reset complete<\/div><\/div>\n<span class='background-angle-wrapper'><svg fill='none' viewBox='0 0 1728 699' xmlns='http:\/\/www.w3.org\/2000\/svg'><path d='M1728 0H0V294.923L1728 698.43V0Z' fill='url(#69d9aeebeb1eb)'\/><defs><linearGradient id='69d9aeebeb1eb' x1='1738.8' x2='1701' y1='717.27' y2='15.023' gradientUnits='userSpaceOnUse'><stop stop-color='#9747FF' stop-opacity='.3' offset='0'\/><stop stop-color='#9747FF' stop-opacity='0' offset='1'\/><\/linearGradient><\/defs><\/svg><\/span><\/div>","protected":false},"excerpt":{"rendered":"<p>Ch\u00fang t\u00f4i t\u1ea1o ra c\u00e1c s\u1ea3n ph\u1ea9m th\u01b0\u01a1ng hi\u1ec7u m\u00e0 m\u1ecdi ng\u01b0\u1eddi y\u00eau th\u00edch, s\u1eed d\u1ee5ng v\u00e0 l\u01b0u gi\u1eef trong nhi\u1ec1u n\u0103m. L\u00e0m th\u1ebf n\u00e0o \u0111\u1ec3 \u0111\u1ea1t \u0111\u01b0\u1ee3c \u0111i\u1ec1u \u0111\u00f3? B\u1eb1ng c\u00e1ch \u0111i tr\u01b0\u1edbc xu h\u01b0\u1edbng v\u00e0 k\u1ebft n\u1ed1i v\u1edbi l\u1ed1i s\u1ed1ng c\u1ee7a kh\u00e1ch h\u00e0ng. T\u1eeb nh\u1eefng m\u00f3n \u0111\u1ed3 thi\u1ebft y\u1ebfu h\u1eb1ng ng\u00e0y \u0111\u1ebfn nh\u1eefng [&hellip;]<\/p>\n","protected":false},"author":11,"featured_media":0,"parent":0,"menu_order":0,"comment_status":"closed","ping_status":"closed","template":"","meta":{"featured_image_focal_point":{"x":0.5,"y":0.5},"footnotes":""},"wf_page_folders":[37],"class_list":["post-106","page","type-page","status-publish","hentry"],"yoast_head":"<!-- This site is optimized with the Yoast SEO plugin v26.2 - https:\/\/yoast.com\/wordpress\/plugins\/seo\/ -->\n<title>Branded Merchandise - Vietnam (English)<\/title>\n<meta name=\"robots\" content=\"index, follow, max-snippet:-1, max-image-preview:large, max-video-preview:-1\" \/>\n<link rel=\"canonical\" href=\"https:\/\/www.biworldwide.com\/vn-vn\/branded-merchandise\/\" \/>\n<meta property=\"og:locale\" content=\"en_US\" \/>\n<meta property=\"og:type\" content=\"article\" \/>\n<meta property=\"og:title\" content=\"Branded Merchandise - Vietnam (English)\" \/>\n<meta property=\"og:description\" content=\"Ch\u00fang t\u00f4i t\u1ea1o ra c\u00e1c s\u1ea3n ph\u1ea9m th\u01b0\u01a1ng hi\u1ec7u m\u00e0 m\u1ecdi ng\u01b0\u1eddi y\u00eau th\u00edch, s\u1eed d\u1ee5ng v\u00e0 l\u01b0u gi\u1eef trong nhi\u1ec1u n\u0103m. L\u00e0m th\u1ebf n\u00e0o \u0111\u1ec3 \u0111\u1ea1t \u0111\u01b0\u1ee3c \u0111i\u1ec1u \u0111\u00f3? B\u1eb1ng c\u00e1ch \u0111i tr\u01b0\u1edbc xu h\u01b0\u1edbng v\u00e0 k\u1ebft n\u1ed1i v\u1edbi l\u1ed1i s\u1ed1ng c\u1ee7a kh\u00e1ch h\u00e0ng. T\u1eeb nh\u1eefng m\u00f3n \u0111\u1ed3 thi\u1ebft y\u1ebfu h\u1eb1ng ng\u00e0y \u0111\u1ebfn nh\u1eefng [&hellip;]\" \/>\n<meta property=\"og:url\" content=\"https:\/\/www.biworldwide.com\/vn-vn\/branded-merchandise\/\" \/>\n<meta property=\"og:site_name\" content=\"Vietnam (English)\" \/>\n<meta property=\"article:modified_time\" content=\"2025-06-11T03:14:46+00:00\" \/>\n<meta name=\"twitter:card\" content=\"summary_large_image\" \/>\n<meta name=\"twitter:label1\" content=\"Est. reading time\" \/>\n\t<meta name=\"twitter:data1\" content=\"1 minute\" \/>\n<script type=\"application\/ld+json\" class=\"yoast-schema-graph\">{\"@context\":\"https:\/\/schema.org\",\"@graph\":[{\"@type\":\"WebPage\",\"@id\":\"https:\/\/www.biworldwide.com\/vn-vn\/branded-merchandise\/\",\"url\":\"https:\/\/www.biworldwide.com\/vn-vn\/branded-merchandise\/\",\"name\":\"Branded Merchandise - Vietnam (English)\",\"isPartOf\":{\"@id\":\"https:\/\/www.biworldwide.com\/vn-vn\/#website\"},\"datePublished\":\"2025-01-14T16:15:30+00:00\",\"dateModified\":\"2025-06-11T03:14:46+00:00\",\"breadcrumb\":{\"@id\":\"https:\/\/www.biworldwide.com\/vn-vn\/branded-merchandise\/#breadcrumb\"},\"inLanguage\":\"en-US\",\"potentialAction\":[{\"@type\":\"ReadAction\",\"target\":[\"https:\/\/www.biworldwide.com\/vn-vn\/branded-merchandise\/\"]}]},{\"@type\":\"BreadcrumbList\",\"@id\":\"https:\/\/www.biworldwide.com\/vn-vn\/branded-merchandise\/#breadcrumb\",\"itemListElement\":[{\"@type\":\"ListItem\",\"position\":1,\"name\":\"Home\",\"item\":\"https:\/\/www.biworldwide.com\/vn-vn\/\"},{\"@type\":\"ListItem\",\"position\":2,\"name\":\"Branded Merchandise\"}]},{\"@type\":\"WebSite\",\"@id\":\"https:\/\/www.biworldwide.com\/vn-vn\/#website\",\"url\":\"https:\/\/www.biworldwide.com\/vn-vn\/\",\"name\":\"Vietnam (English)\",\"description\":\"\",\"potentialAction\":[{\"@type\":\"SearchAction\",\"target\":{\"@type\":\"EntryPoint\",\"urlTemplate\":\"https:\/\/www.biworldwide.com\/vn-vn\/?s={search_term_string}\"},\"query-input\":{\"@type\":\"PropertyValueSpecification\",\"valueRequired\":true,\"valueName\":\"search_term_string\"}}],\"inLanguage\":\"en-US\"}]}<\/script>\n<!-- \/ Yoast SEO plugin. -->","yoast_head_json":{"title":"Branded Merchandise - Vietnam (English)","robots":{"index":"index","follow":"follow","max-snippet":"max-snippet:-1","max-image-preview":"max-image-preview:large","max-video-preview":"max-video-preview:-1"},"canonical":"https:\/\/www.biworldwide.com\/vn-vn\/branded-merchandise\/","og_locale":"en_US","og_type":"article","og_title":"Branded Merchandise - Vietnam (English)","og_description":"Ch\u00fang t\u00f4i t\u1ea1o ra c\u00e1c s\u1ea3n ph\u1ea9m th\u01b0\u01a1ng hi\u1ec7u m\u00e0 m\u1ecdi ng\u01b0\u1eddi y\u00eau th\u00edch, s\u1eed d\u1ee5ng v\u00e0 l\u01b0u gi\u1eef trong nhi\u1ec1u n\u0103m. L\u00e0m th\u1ebf n\u00e0o \u0111\u1ec3 \u0111\u1ea1t \u0111\u01b0\u1ee3c \u0111i\u1ec1u \u0111\u00f3? B\u1eb1ng c\u00e1ch \u0111i tr\u01b0\u1edbc xu h\u01b0\u1edbng v\u00e0 k\u1ebft n\u1ed1i v\u1edbi l\u1ed1i s\u1ed1ng c\u1ee7a kh\u00e1ch h\u00e0ng. T\u1eeb nh\u1eefng m\u00f3n \u0111\u1ed3 thi\u1ebft y\u1ebfu h\u1eb1ng ng\u00e0y \u0111\u1ebfn nh\u1eefng [&hellip;]","og_url":"https:\/\/www.biworldwide.com\/vn-vn\/branded-merchandise\/","og_site_name":"Vietnam (English)","article_modified_time":"2025-06-11T03:14:46+00:00","twitter_card":"summary_large_image","twitter_misc":{"Est. reading time":"1 minute"},"schema":{"@context":"https:\/\/schema.org","@graph":[{"@type":"WebPage","@id":"https:\/\/www.biworldwide.com\/vn-vn\/branded-merchandise\/","url":"https:\/\/www.biworldwide.com\/vn-vn\/branded-merchandise\/","name":"Branded Merchandise - Vietnam (English)","isPartOf":{"@id":"https:\/\/www.biworldwide.com\/vn-vn\/#website"},"datePublished":"2025-01-14T16:15:30+00:00","dateModified":"2025-06-11T03:14:46+00:00","breadcrumb":{"@id":"https:\/\/www.biworldwide.com\/vn-vn\/branded-merchandise\/#breadcrumb"},"inLanguage":"en-US","potentialAction":[{"@type":"ReadAction","target":["https:\/\/www.biworldwide.com\/vn-vn\/branded-merchandise\/"]}]},{"@type":"BreadcrumbList","@id":"https:\/\/www.biworldwide.com\/vn-vn\/branded-merchandise\/#breadcrumb","itemListElement":[{"@type":"ListItem","position":1,"name":"Home","item":"https:\/\/www.biworldwide.com\/vn-vn\/"},{"@type":"ListItem","position":2,"name":"Branded Merchandise"}]},{"@type":"WebSite","@id":"https:\/\/www.biworldwide.com\/vn-vn\/#website","url":"https:\/\/www.biworldwide.com\/vn-vn\/","name":"Vietnam (English)","description":"","potentialAction":[{"@type":"SearchAction","target":{"@type":"EntryPoint","urlTemplate":"https:\/\/www.biworldwide.com\/vn-vn\/?s={search_term_string}"},"query-input":{"@type":"PropertyValueSpecification","valueRequired":true,"valueName":"search_term_string"}}],"inLanguage":"en-US"}]}},"_links":{"self":[{"href":"https:\/\/www.biworldwide.com\/vn-vn\/wp-json\/wp\/v2\/pages\/106","targetHints":{"allow":["GET"]}}],"collection":[{"href":"https:\/\/www.biworldwide.com\/vn-vn\/wp-json\/wp\/v2\/pages"}],"about":[{"href":"https:\/\/www.biworldwide.com\/vn-vn\/wp-json\/wp\/v2\/types\/page"}],"author":[{"embeddable":true,"href":"https:\/\/www.biworldwide.com\/vn-vn\/wp-json\/wp\/v2\/users\/11"}],"replies":[{"embeddable":true,"href":"https:\/\/www.biworldwide.com\/vn-vn\/wp-json\/wp\/v2\/comments?post=106"}],"version-history":[{"count":4,"href":"https:\/\/www.biworldwide.com\/vn-vn\/wp-json\/wp\/v2\/pages\/106\/revisions"}],"predecessor-version":[{"id":2041,"href":"https:\/\/www.biworldwide.com\/vn-vn\/wp-json\/wp\/v2\/pages\/106\/revisions\/2041"}],"wp:attachment":[{"href":"https:\/\/www.biworldwide.com\/vn-vn\/wp-json\/wp\/v2\/media?parent=106"}],"wp:term":[{"taxonomy":"wf_page_folders","embeddable":true,"href":"https:\/\/www.biworldwide.com\/vn-vn\/wp-json\/wp\/v2\/wf_page_folders?post=106"}],"curies":[{"name":"wp","href":"https:\/\/api.w.org\/{rel}","templated":true}]}}