{"id":108,"date":"2025-01-14T16:15:43","date_gmt":"2025-01-14T16:15:43","guid":{"rendered":"https:\/\/live-biw-main.pantheonsite.io\/?page_id=108"},"modified":"2025-06-11T12:14:50","modified_gmt":"2025-06-11T04:14:50","slug":"communications","status":"publish","type":"page","link":"https:\/\/www.biworldwide.com\/vn-vn\/communications\/","title":{"rendered":"Communications"},"content":{"rendered":"<div class=\" has-content-align-left has-overlay has-overlay--dark alignfull wp-block-biw-block-theme-hero\">\n\t<div class=\"biw-hero__grid\">\n\t\t\t\t\t<div class=\"biw-hero__breadcrumbs\">\n\t\t\t\t<div id=\"breadcrumbs\" class=\"breadcrumb-nav__wrapper\"><span class=\"breadcrumb-nav\"><span><a href=\"https:\/\/www.biworldwide.com\/vn-vn\/\">Home<\/a><\/span><\/span><\/div>\t\t\t<\/div>\n\t\t\n\t\t\t\t\t<div class=\"biw-hero__media \">\n\t\t\t\t\t\t\t\t\t<div class=\"biw-hero__overlay overlay-dark\"><\/div>\n\t\t\t\t\t\t\t\t<img decoding=\"async\" src=\"https:\/\/www.biworldwide.com\/wp-content\/uploads\/2025\/02\/Communications-swirl-of-colored-paper-1728x600px.jpg\" alt=\"Abstract image featuring layered, curved shapes with a gradient of orange, yellow, and red hues. The design creates a sense of depth and movement from left to right, with smooth transitions between colors.\" class=\"biw-hero__bg-image\" style=\"object-position: 50% 50%;\">\t\t\t<\/div>\n\t\t\t\t<div class=\"biw-hero__content\">\n\t\t\t\t\t\t<h1 class=\"biw-hero__title\" style=\"line-height: 1.2\">\n\t\t\t\tTruy\u1ec1n th\u00f4ng\t\t\t<\/h1>\n\t\t\t\t\t\t\t\t\t\t<div class=\"biw-hero__text\">\n\t\t\t\t\t\n\n<p>L\u01b0\u1ee3ng th\u00f4ng tin m\u00e0 kh\u00e1ch h\u00e0ng, nh\u00e2n vi\u00ean v\u00e0 \u0111\u1ed9i ng\u0169 b\u00e1n h\u00e0ng c\u1ee7a b\u1ea1n nh\u1eadn \u0111\u01b0\u1ee3c m\u1ed7i ng\u00e0y, m\u1ed7i gi\u1edd v\u00e0 m\u1ed7i ph\u00fat ng\u00e0y c\u00e0ng nhi\u1ec1u. H\u00e3y thu h\u00fat v\u00e0 gi\u00fap h\u1ecd duy tr\u00ec s\u1ef1 ch\u00fa \u00fd, \u0111\u1ec3 tr\u1edf n\u00ean n\u1ed5i b\u1eadt gi\u1eefa \u0111\u00e1m \u0111\u00f4ng.<\/p>\n\n\t\t\t\t<\/div>\n\t\t\t\t\t\t\t\t<\/div>\n\t<\/div>\n<\/div>\n\n\n\n<div class=\"wp-block-group  layout-columns-8 has-global-padding is-layout-constrained wp-container-core-group-is-layout-fce79bf6 wp-block-group-is-layout-constrained\">\n<p>Ch\u00fang t\u00f4i mang \u0111\u1ebfn c\u1ea3m h\u1ee9ng h\u1eb1ng ng\u00e0y cho kh\u00e1ch h\u00e0ng c\u1ee7a m\u00ecnh \u2013 nh\u1eefng gi\u1ea3i ph\u00e1p chi\u1ebfn l\u01b0\u1ee3c s\u00e1ng t\u1ea1o trong l\u0129nh v\u1ef1c k\u1ef9 thu\u1eadt s\u1ed1, in \u1ea5n, m\u00f4i tr\u01b0\u1eddng v\u00e0 tr\u1ea3i nghi\u1ec7m, t\u1ea5t c\u1ea3 nh\u1eb1m thay \u0111\u1ed5i h\u00e0nh vi v\u00e0 nh\u1eadn th\u1ee9c.<\/p>\n\n\n\n<p>\u0110\u1ed9i ng\u0169 trong m\u01a1 c\u1ee7a ch\u00fang t\u00f4i ch\u00ednh l\u00e0 s\u1ef1 k\u1ebft h\u1ee3p \u0111a d\u1ea1ng v\u00e0 t\u00e0i n\u0103ng c\u1ee7a nh\u1eefng c\u00e1 nh\u00e2n xu\u1ea5t s\u1eafc trong l\u0129nh v\u1ef1c c\u1ee7a h\u1ecd, v\u1edbi h\u01a1n 100 gi\u1ea3i th\u01b0\u1edfng s\u00e1ng t\u1ea1o v\u00e0 h\u01a1n 180.000 chi\u1ebfn d\u1ecbch to\u00e0n c\u1ea7u l\u00e0m minh ch\u1ee9ng. \u0110\u1ed9i ng\u0169 \u0111\u1ea1t gi\u1ea3i th\u01b0\u1edfng c\u1ee7a ch\u00fang t\u00f4i \u0111\u00e3 \u0111\u01b0\u1ee3c vinh danh b\u1edfi Brandon Hall, How Design, Hermes, v\u00e0 g\u1ea7n \u0111\u00e2y nh\u1ea5t nh\u1eadn \u0111\u01b0\u1ee3c gi\u1ea3i V\u00e0ng Stevie cho chi\u1ebfn d\u1ecbch marketing nh\u00e2n vi\u00ean.<\/p>\n\n\n\n<p class=\"has-xxl-font-size\"><strong><a href=\"https:\/\/www.biworldwide.com\/en-ph\/employee-engagement\/\">Tr\u1ea3i Nghi\u1ec7m Nh\u00e2n Vi\u00ean<\/a><\/strong><\/p>\n\n\n\n<p>Ch\u00fang t\u00f4i gi\u00fap nh\u00e2n vi\u00ean y\u00eau m\u1ebfn c\u00f4ng ty t\u1eeb l\u1ea7n \u0111\u1ea7u ti\u00ean ho\u1eb7c th\u1ed5i b\u00f9ng ng\u1ecdn l\u1eeda \u0111am m\u00ea v\u1edbi c\u00f4ng vi\u1ec7c, khi\u1ebfn hi\u1ec7u su\u1ea5t l\u00e0m vi\u1ec7c t\u0103ng v\u1ecdt. Ch\u00fang t\u00f4i th\u00fac \u0111\u1ea9y s\u1ef1 h\u1ee9ng th\u00fa, g\u1eafn k\u1ebft, ngu\u1ed3n c\u1ea3m h\u1ee9ng v\u00e0 hi\u1ec7u su\u1ea5t c\u1ee7a nh\u00e2n vi\u00ean th\u00f4ng qua vi\u1ec7c x\u00e2y d\u1ef1ng th\u01b0\u01a1ng hi\u1ec7u ghi nh\u1eadn v\u00e0 n\u1ed9i dung s\u00e1ng t\u1ea1o, n\u00e2ng cao tr\u1ea3i nghi\u1ec7m c\u1ee7a nh\u00e2n vi\u00ean d\u00f9 h\u1ecd \u0111ang \u1edf b\u1ea5t k\u1ef3 giai \u0111o\u1ea1n n\u00e0o trong h\u00e0nh tr\u00ecnh c\u1ee7a m\u00ecnh.<\/p>\n\n\n\n<p class=\"has-xxl-font-size\"><strong><a href=\"https:\/\/www.biworldwide.com\/en-ph\/sales-team-motivation\/\">Tr\u1ea3i Nghi\u1ec7m B\u00e1n H\u00e0ng<\/a><\/strong><\/p>\n\n\n\n<p>Ng\u01b0\u1eddi b\u00e1n h\u1eb1ng ng\u00e0y nay \u0111ang b\u1ecb ng\u1eadp tr\u00e0n th\u00f4ng tin, m\u1ed9t hi\u1ec7n t\u01b0\u1ee3ng ch\u00fang t\u00f4i g\u1ecdi l\u00e0 &#8220;th\u1eeba th\u00f4ng tin.&#8221; V\u00ec v\u1eady, ch\u00fang t\u00f4i mang \u0111\u1ebfn m\u1ed9t c\u00e1ch ti\u1ebfp c\u1eadn tinh gi\u1ea3n, gi\u00fap b\u1ea1n v\u01b0\u1ee3t qua c\u00e1i \u1ed3n \u00e0o v\u1edbi nh\u1eefng th\u00f4ng \u0111i\u1ec7p r\u00f5 r\u00e0ng m\u00e0 b\u1ea5t k\u1ef3 ng\u01b0\u1eddi b\u00e1n h\u00e0ng n\u00e0o c\u0169ng d\u1ec5 d\u00e0ng ti\u1ebfp thu. \u0110\u1ea3m b\u1ea3o b\u1ea1n s\u1ebd m\u00ea m\u1ea9n ngay t\u1eeb l\u1ea7n \u0111\u1ea7u ti\u1ebfp x\u00fac.<\/p>\n\n\n\n<p>B\u1eb1ng c\u00e1ch \u1ee9ng d\u1ee5ng nghi\u00ean c\u1ee9u \u0111\u1ed9c quy\u1ec1n v\u1ec1 doanh s\u1ed1 v\u00e0 k\u00eanh ph\u00e2n ph\u1ed1i, k\u1ebft h\u1ee3p c\u00f9ng c\u00e1c kh\u00e1i ni\u1ec7m kinh t\u1ebf h\u1ecdc h\u00e0nh vi v\u00e0 chuy\u00ean m\u00f4n marketing s\u00e2u r\u1ed9ng, ch\u00fang t\u00f4i c\u00f3 kh\u1ea3 n\u0103ng thu h\u00fat v\u00e0 thay \u0111\u1ed5i h\u00e0nh vi ng\u01b0\u1eddi d\u00f9ng m\u1ed9t c\u00e1ch \u1ea5n t\u01b0\u1ee3ng. Nh\u1eefng gi\u1ea3i ph\u00e1p tu\u1ef3 ch\u1ec9nh c\u1ee7a ch\u00fang t\u00f4i lu\u00f4n c\u00e2n nh\u1eafc \u0111\u1ebfn nhu c\u1ea7u ti\u1ebfp nh\u1eadn th\u00f4ng tin c\u1ee7a kh\u00e1ch h\u00e0ng d\u1ef1a tr\u00ean m\u1ee5c ti\u00eau kinh doanh\/doanh thu v\u00e0 c\u00e1ch h\u1ecd t\u1eadn d\u1ee5ng th\u1eddi gian trong ng\u00e0y.<\/p>\n\n\n\n<p class=\"has-xl-font-size\"><strong>Nh\u1eefng v\u1ea5n \u0111\u1ec1 ch\u00fang t\u00f4i gi\u1ea3i quy\u1ebft.<\/strong><\/p>\n\n\n\n<ul class=\"wp-block-list\">\n<li class=\"has-large-font-size\">Thi\u1ebft k\u1ebf h\u00e0nh tr\u00ecnh<\/li>\n\n\n\n<li class=\"has-large-font-size\">Chi\u1ebfn l\u01b0\u1ee3c cho chi\u1ebfn d\u1ecbch g\u1eafn k\u1ebft \u0111\u1ed9i ng\u0169 b\u00e1n h\u00e0ng<\/li>\n\n\n\n<li class=\"has-large-font-size\">C\u00e1c khu\u00f4n kh\u1ed5 thay \u0111\u1ed5i h\u00e0nh vi (qu\u1ea3n l\u00fd thay \u0111\u1ed5i)<\/li>\n\n\n\n<li class=\"has-large-font-size\">S\u1ef1 g\u1eafn k\u1ebft c\u1ee7a ng\u01b0\u1eddi qu\u1ea3n l\u00fd<\/li>\n\n\n\n<li class=\"has-large-font-size\">T\u1ea1o ni\u1ec1m vui cho nh\u00e2n vi\u00ean kh\u00f4ng l\u00e0m vi\u1ec7c t\u1ea1i b\u00e0n<\/li>\n<\/ul>\n<\/div>\n\n\n\n<div class=\"wp-block-group alignfull has-global-padding is-layout-constrained wp-container-core-group-is-layout-e04489b5 wp-block-group-is-layout-constrained\">\n<div class=\"wp-block-group  layout-columns-8 has-global-padding is-layout-constrained wp-container-core-group-is-layout-fce79bf6 wp-block-group-is-layout-constrained\">\n<h2 class=\"wp-block-heading has-text-align-center\">Nh\u1eefng con s\u1ed1 bi\u1ebft n\u00f3i.<\/h2>\n<\/div>\n\n\n\n<div class=\"wp-block-group  layout-columns-10 has-global-padding is-layout-constrained wp-container-core-group-is-layout-0b5f5b40 wp-block-group-is-layout-constrained\">\n<div class=\"wp-block-group has-text-align-center is-layout-grid wp-container-core-group-is-layout-ef442fb0 wp-block-group-is-layout-grid\">\n<div class=\"wp-block-group is-vertical is-content-justification-center is-layout-flex wp-container-core-group-is-layout-81423f52 wp-block-group-is-layout-flex\">\n<h3 class=\"wp-block-heading has-impact-font-size  has-text-wrap-no-wrap  has-gradient-fill has-gradient-fill-green\">180k<\/h3>\n\n\n\n<p class=\"has-text-align-center has-large-font-size  has-text-wrap-balance\">180 ngh\u00ecn d\u1ef1 \u00e1n \u0111\u00e3 ho\u00e0n th\u00e0nh trong n\u0103m ngo\u00e1i<\/p>\n<\/div>\n\n\n\n<div class=\"wp-block-group is-vertical is-content-justification-center is-layout-flex wp-container-core-group-is-layout-81423f52 wp-block-group-is-layout-flex\">\n<h3 class=\"wp-block-heading has-impact-font-size  has-text-wrap-no-wrap  has-gradient-fill has-gradient-fill-green\">350%<\/h3>\n\n\n\n<p class=\"has-text-align-center has-large-font-size  has-text-wrap-balance\">T\u0103ng trung b\u00ecnh 350% trong ho\u1ea1t \u0111\u1ed9ng mong mu\u1ed1n<\/p>\n<\/div>\n\n\n\n<div class=\"wp-block-group is-vertical is-content-justification-center is-layout-flex wp-container-core-group-is-layout-81423f52 wp-block-group-is-layout-flex\">\n<h3 class=\"wp-block-heading has-impact-font-size  has-text-wrap-no-wrap  has-gradient-fill has-gradient-fill-green\">100+<\/h3>\n\n\n\n<p class=\"has-text-align-center has-large-font-size  has-text-wrap-balance\">H\u01a1n 100 gi\u1ea3i th\u01b0\u1edfng s\u00e1ng t\u1ea1o v\u00e0 ng\u00e0nh ngh\u1ec1 \u0111\u00e3 \u0111\u1ea1t \u0111\u01b0\u1ee3c<\/p>\n<\/div>\n<\/div>\n<\/div>\n<\/div>\n\n\n\n<div class=\"wp-block-group alignfull  has-background-angle-to-left bg-angle-accent-purple has-global-padding is-layout-constrained wp-container-core-group-is-layout-5a30f31b wp-block-group-is-layout-constrained\">\n<div class=\"wp-block-group  has-wrap-on-small-screens has-wrap-on-tablet-screens is-content-justification-space-between is-nowrap is-layout-flex wp-container-core-group-is-layout-339b1da1 wp-block-group-is-layout-flex\" style=\"padding-right:var(--wp--preset--spacing--30);padding-left:var(--wp--preset--spacing--30)\">\n<h2 class=\"wp-block-heading\">Th\u00e0nh qu\u1ea3 c\u1ee7a ch\u00fang t\u00f4i t\u1ef1 n\u00f3i l\u00ean t\u1ea5t c\u1ea3<\/h2>\n\n\n\n<div class=\"wp-block-buttons is-layout-flex wp-block-buttons-is-layout-flex\">\n<div class=\"wp-block-button is-style-text-link\"><a class=\"wp-block-button__link wp-element-button\" href=\"https:\/\/www.biworldwide.com\/vn-vn\/our-work\/case-study\/\">Xem T\u1ea5t C\u1ea3 Nghi\u00ean C\u1ee9u \u0110i\u1ec3n H\u00ecnh<\/a><\/div>\n<\/div>\n<\/div>\n\n\n\n<div class=\"wp-block-group has-global-padding is-layout-constrained wp-container-core-group-is-layout-d3543a3b wp-block-group-is-layout-constrained\">\n<div class=\"wp-block-query is-layout-flow wp-block-query-is-layout-flow\"><ul class=\"my-class wp-block-post-template is-layout-grid wp-container-core-post-template-is-layout-cd442e93 wp-block-post-template-is-layout-grid has-dynamic-card-height has-dynamic-row-fill\"><li class=\"wp-block-post post-1777 case-study type-case-study status-publish has-post-thumbnail hentry\">\n\n<div class=\"has-dynamic-border-radius wp-block-biw-block-theme-case-study\">\n\t<div class=\"cs-card__grid\">\n\t\t<div class=\"cs-card__media\">\n\t\t\t\t\t\t\t\t\t\t<figure class=\"cs-card__featured-image\"><img loading=\"lazy\" decoding=\"async\"  style=\"object-position: 50% 50%;\" width=\"800\" height=\"450\" src=\"https:\/\/www.biworldwide.com\/vn-vn\/wp-content\/uploads\/sites\/17\/2025\/05\/66d0c8a5ce14b5d53fdd5702_coca20cola-p-800.jpg\" class=\"cs-card__featured-image-img has-focal-point wp-post-image\" alt=\"B\u1ed1n t\u1ea5m \u00e1p ph\u00edch \u0111\u1ea7y m\u00e0u s\u1eafc v\u00e0 m\u1ed9t \u0111\u0129a than \u0111\u01b0\u1ee3c tr\u01b0ng b\u00e0y tr\u00ean b\u1ec1 m\u1eb7t tr\u1eafng. C\u00e1c t\u1ea5m \u00e1p ph\u00edch c\u00f3 ch\u1ee7 \u0111\u1ec1 v\u1ec1 guitar v\u00e0 \u00e2m nh\u1ea1c v\u1edbi ch\u1eef in \u0111\u1eadm, \u0111\u1ed3 h\u1ecda v\u00e0 kh\u1ea9u hi\u1ec7u nh\u01b0 \u201cROCK THE STAGE\u201d v\u00e0 \u201cSTEAL THE SHOW\u201d.\" srcset=\"https:\/\/www.biworldwide.com\/vn-vn\/wp-content\/uploads\/sites\/17\/2025\/05\/66d0c8a5ce14b5d53fdd5702_coca20cola-p-800.jpg 800w, https:\/\/www.biworldwide.com\/vn-vn\/wp-content\/uploads\/sites\/17\/2025\/05\/66d0c8a5ce14b5d53fdd5702_coca20cola-p-800-300x169.jpg 300w, https:\/\/www.biworldwide.com\/vn-vn\/wp-content\/uploads\/sites\/17\/2025\/05\/66d0c8a5ce14b5d53fdd5702_coca20cola-p-800-768x432.jpg 768w\" sizes=\"auto, (max-width: 800px) 100vw, 800px\" \/><\/figure>\n\t\t\t\t\t<\/div>\n\t\t<div class=\"cs-card__content\">\n\t\t\t\t\t\t\t<h3 class=\"cs-card__title\">\n\t\t\t\t\t\t\t\t\t\t\t<a href=\"https:\/\/www.biworldwide.com\/vn-vn\/our-work\/case-study\/skyrocketing-sales-by-empowering-employees\/\">B\u1ee9t Ph\u00e1 Doanh S\u1ed1 nh\u1edd Ti\u1ebfp S\u1ee9c Cho Nh\u00e2n Vi\u00ean<\/a>\n\t\t\t\t\t\t\t\t\t<\/h3>\n\t\t\t\t\t\t\t\t\t\t<div class=\"cs-card__excerpt\">EXECUTIVE SUMMARY H\u1ee3p t\u00e1c c\u00f9ng m\u1ed9t t\u1eadp \u0111o\u00e0n h\u00e0ng \u0111\u1ea7u trong ng\u00e0nh \u0111\u1ed3 u\u1ed1ng, BI WORLDWIDE \u0111\u00e3 ph\u00e1t tri\u1ec3n v\u00e0 tri\u1ec3n khai ch\u01b0\u01a1ng tr\u00ecnh s\u00e1ng t\u1ea1o nh\u1eb1m bi\u1ebfn h\u01a1n 60.000 nh\u00e2n vi\u00ean th\u00e0nh nh\u1eefng \u0111\u1ea1i s\u1ee9 th\u01b0\u01a1ng hi\u1ec7u nhi\u1ec7t huy\u1ebft. Ch\u01b0\u01a1ng tr\u00ecnh n\u00e0y kh\u00f4ng ch\u1ec9 n\u00e2ng cao h\u00ecnh \u1ea3nh th\u01b0\u01a1ng hi\u1ec7u m\u00e0 c\u00f2n t\u1ea1o ra [&hellip;]<\/div>\n\t\t\t\t\t\t\t\t\t\t<a class=\"cs-card__cta\" href=\"https:\/\/www.biworldwide.com\/vn-vn\/our-work\/case-study\/skyrocketing-sales-by-empowering-employees\/\">Learn More<\/a>\n\t\t\t\t\t<\/div>\n\t<\/div>\n<\/div>\n<\/li><li class=\"wp-block-post post-1773 case-study type-case-study status-publish has-post-thumbnail hentry\">\n\n<div class=\"has-dynamic-border-radius wp-block-biw-block-theme-case-study\">\n\t<div class=\"cs-card__grid\">\n\t\t<div class=\"cs-card__media\">\n\t\t\t\t\t\t\t\t\t\t<figure class=\"cs-card__featured-image\"><img loading=\"lazy\" decoding=\"async\"  style=\"object-position: 50% 50%;\" width=\"1920\" height=\"1080\" src=\"https:\/\/www.biworldwide.com\/vn-vn\/wp-content\/uploads\/sites\/17\/2025\/05\/66b782bd4024fd093e32c1af_Medtronic-1.jpg\" class=\"cs-card__featured-image-img has-focal-point wp-post-image\" alt=\"B\u00e0i thuy\u1ebft tr\u00ecnh k\u1ef9 thu\u1eadt s\u1ed1 gi\u1ea3i th\u00edch v\u1ec1 th\u00e1ch th\u1ee9c c\u1ee7a c\u00f4ng ty. B\u00e0i thuy\u1ebft tr\u00ecnh c\u00f3 c\u00e1c cu\u1ed9c h\u1ecdp c\u1ee7a nhi\u1ec1u \u0111\u1ed3ng nghi\u1ec7p, s\u01a1 \u0111\u1ed3, s\u01a1 \u0111\u1ed3 lu\u1ed3ng, c\u00e2u h\u1ecfi g\u1ee3i \u00fd v\u00e0 c\u1ee5m t\u1eeb ch\u00ednh v\u1ec1 \u0111\u1ed5i m\u1edbi, doanh thu v\u00e0 l\u00e0m vi\u1ec7c nh\u00f3m tr\u00ean n\u1ec1n m\u00e0u xanh lam theo ch\u1ee7 \u0111\u1ec1 c\u00f4ng ngh\u1ec7.\" srcset=\"https:\/\/www.biworldwide.com\/vn-vn\/wp-content\/uploads\/sites\/17\/2025\/05\/66b782bd4024fd093e32c1af_Medtronic-1.jpg 1920w, https:\/\/www.biworldwide.com\/vn-vn\/wp-content\/uploads\/sites\/17\/2025\/05\/66b782bd4024fd093e32c1af_Medtronic-1-300x169.jpg 300w, https:\/\/www.biworldwide.com\/vn-vn\/wp-content\/uploads\/sites\/17\/2025\/05\/66b782bd4024fd093e32c1af_Medtronic-1-1024x576.jpg 1024w, https:\/\/www.biworldwide.com\/vn-vn\/wp-content\/uploads\/sites\/17\/2025\/05\/66b782bd4024fd093e32c1af_Medtronic-1-768x432.jpg 768w, https:\/\/www.biworldwide.com\/vn-vn\/wp-content\/uploads\/sites\/17\/2025\/05\/66b782bd4024fd093e32c1af_Medtronic-1-1536x864.jpg 1536w\" sizes=\"auto, (max-width: 1920px) 100vw, 1920px\" \/><\/figure>\n\t\t\t\t\t<\/div>\n\t\t<div class=\"cs-card__content\">\n\t\t\t\t\t\t\t<h3 class=\"cs-card__title\">\n\t\t\t\t\t\t\t\t\t\t\t<a href=\"https:\/\/www.biworldwide.com\/vn-vn\/our-work\/case-study\/mobilising-employees-to-boost-growth\/\">Huy \u0110\u1ed9ng Nh\u00e2n Vi\u00ean \u0110\u1ec3 Th\u00fac \u0110\u1ea9y T\u0103ng Tr\u01b0\u1edfng<\/a>\n\t\t\t\t\t\t\t\t\t<\/h3>\n\t\t\t\t\t\t\t\t\t\t<div class=\"cs-card__excerpt\">T\u00d3M T\u1eaeT \u0110I\u1ec0U H\u00c0NH M\u1ed9t c\u00f4ng ty thi\u1ebft b\u1ecb y t\u1ebf to\u00e0n c\u1ea7u \u0111\u00e3 h\u1ee3p t\u00e1c v\u1edbi BI WORLDWIDE \u0111\u1ec3 th\u00fac \u0111\u1ea9y m\u1ee5c ti\u00eau chung c\u1ee7a c\u00f4ng ty l\u00e0 c\u1ea3i thi\u1ec7n d\u00f2ng ti\u1ec1n t\u1ef1 do. Th\u00f4ng qua m\u1ed9t s\u00e1ng ki\u1ebfn to\u00e0n di\u1ec7n v\u1ec1 g\u1eafn k\u1ebft nh\u00e2n vi\u00ean, c\u00f4ng ty \u0111\u00e3 th\u1ed1ng nh\u1ea5t v\u00e0 huy \u0111\u1ed9ng [&hellip;]<\/div>\n\t\t\t\t\t\t\t\t\t\t<a class=\"cs-card__cta\" href=\"https:\/\/www.biworldwide.com\/vn-vn\/our-work\/case-study\/mobilising-employees-to-boost-growth\/\">Learn More<\/a>\n\t\t\t\t\t<\/div>\n\t<\/div>\n<\/div>\n<\/li><\/ul>\n\n<\/div>\n\n\n<div class=\"wp-block-biw-block-theme-reset-query\" style=\"display: none;\">Query reset complete<\/div><\/div>\n<span class='background-angle-wrapper'><svg fill='none' viewBox='0 0 1728 699' xmlns='http:\/\/www.w3.org\/2000\/svg'><path d='M1728 0H0V294.923L1728 698.43V0Z' fill='url(#69e1610011689)'\/><defs><linearGradient id='69e1610011689' x1='1738.8' x2='1701' y1='717.27' y2='15.023' gradientUnits='userSpaceOnUse'><stop stop-color='#9747FF' stop-opacity='.3' offset='0'\/><stop stop-color='#9747FF' stop-opacity='0' offset='1'\/><\/linearGradient><\/defs><\/svg><\/span><\/div>","protected":false},"excerpt":{"rendered":"<p>Ch\u00fang t\u00f4i mang \u0111\u1ebfn c\u1ea3m h\u1ee9ng h\u1eb1ng ng\u00e0y cho kh\u00e1ch h\u00e0ng c\u1ee7a m\u00ecnh \u2013 nh\u1eefng gi\u1ea3i ph\u00e1p chi\u1ebfn l\u01b0\u1ee3c s\u00e1ng t\u1ea1o trong l\u0129nh v\u1ef1c k\u1ef9 thu\u1eadt s\u1ed1, in \u1ea5n, m\u00f4i tr\u01b0\u1eddng v\u00e0 tr\u1ea3i nghi\u1ec7m, t\u1ea5t c\u1ea3 nh\u1eb1m thay \u0111\u1ed5i h\u00e0nh vi v\u00e0 nh\u1eadn th\u1ee9c. \u0110\u1ed9i ng\u0169 trong m\u01a1 c\u1ee7a ch\u00fang t\u00f4i ch\u00ednh l\u00e0 s\u1ef1 k\u1ebft [&hellip;]<\/p>\n","protected":false},"author":11,"featured_media":0,"parent":0,"menu_order":0,"comment_status":"closed","ping_status":"closed","template":"","meta":{"featured_image_focal_point":{"x":0.5,"y":0.5},"footnotes":""},"wf_page_folders":[37],"class_list":["post-108","page","type-page","status-publish","hentry"],"yoast_head":"<!-- This site is optimized with the Yoast SEO plugin v26.2 - https:\/\/yoast.com\/wordpress\/plugins\/seo\/ -->\n<title>Communications - Vietnam (English)<\/title>\n<meta name=\"robots\" content=\"index, follow, max-snippet:-1, max-image-preview:large, max-video-preview:-1\" \/>\n<link rel=\"canonical\" href=\"https:\/\/www.biworldwide.com\/vn-vn\/communications\/\" \/>\n<meta property=\"og:locale\" content=\"en_US\" \/>\n<meta property=\"og:type\" content=\"article\" \/>\n<meta property=\"og:title\" content=\"Communications - Vietnam (English)\" \/>\n<meta property=\"og:description\" content=\"Ch\u00fang t\u00f4i mang \u0111\u1ebfn c\u1ea3m h\u1ee9ng h\u1eb1ng ng\u00e0y cho kh\u00e1ch h\u00e0ng c\u1ee7a m\u00ecnh \u2013 nh\u1eefng gi\u1ea3i ph\u00e1p chi\u1ebfn l\u01b0\u1ee3c s\u00e1ng t\u1ea1o trong l\u0129nh v\u1ef1c k\u1ef9 thu\u1eadt s\u1ed1, in \u1ea5n, m\u00f4i tr\u01b0\u1eddng v\u00e0 tr\u1ea3i nghi\u1ec7m, t\u1ea5t c\u1ea3 nh\u1eb1m thay \u0111\u1ed5i h\u00e0nh vi v\u00e0 nh\u1eadn th\u1ee9c. \u0110\u1ed9i ng\u0169 trong m\u01a1 c\u1ee7a ch\u00fang t\u00f4i ch\u00ednh l\u00e0 s\u1ef1 k\u1ebft [&hellip;]\" \/>\n<meta property=\"og:url\" content=\"https:\/\/www.biworldwide.com\/vn-vn\/communications\/\" \/>\n<meta property=\"og:site_name\" content=\"Vietnam (English)\" \/>\n<meta property=\"article:modified_time\" content=\"2025-06-11T04:14:50+00:00\" \/>\n<meta name=\"twitter:card\" content=\"summary_large_image\" \/>\n<meta name=\"twitter:label1\" content=\"Est. reading time\" \/>\n\t<meta name=\"twitter:data1\" content=\"3 minutes\" \/>\n<script type=\"application\/ld+json\" class=\"yoast-schema-graph\">{\"@context\":\"https:\/\/schema.org\",\"@graph\":[{\"@type\":\"WebPage\",\"@id\":\"https:\/\/www.biworldwide.com\/vn-vn\/communications\/\",\"url\":\"https:\/\/www.biworldwide.com\/vn-vn\/communications\/\",\"name\":\"Communications - Vietnam (English)\",\"isPartOf\":{\"@id\":\"https:\/\/www.biworldwide.com\/vn-vn\/#website\"},\"datePublished\":\"2025-01-14T16:15:43+00:00\",\"dateModified\":\"2025-06-11T04:14:50+00:00\",\"breadcrumb\":{\"@id\":\"https:\/\/www.biworldwide.com\/vn-vn\/communications\/#breadcrumb\"},\"inLanguage\":\"en-US\",\"potentialAction\":[{\"@type\":\"ReadAction\",\"target\":[\"https:\/\/www.biworldwide.com\/vn-vn\/communications\/\"]}]},{\"@type\":\"BreadcrumbList\",\"@id\":\"https:\/\/www.biworldwide.com\/vn-vn\/communications\/#breadcrumb\",\"itemListElement\":[{\"@type\":\"ListItem\",\"position\":1,\"name\":\"Home\",\"item\":\"https:\/\/www.biworldwide.com\/vn-vn\/\"},{\"@type\":\"ListItem\",\"position\":2,\"name\":\"Communications\"}]},{\"@type\":\"WebSite\",\"@id\":\"https:\/\/www.biworldwide.com\/vn-vn\/#website\",\"url\":\"https:\/\/www.biworldwide.com\/vn-vn\/\",\"name\":\"Vietnam (English)\",\"description\":\"\",\"potentialAction\":[{\"@type\":\"SearchAction\",\"target\":{\"@type\":\"EntryPoint\",\"urlTemplate\":\"https:\/\/www.biworldwide.com\/vn-vn\/?s={search_term_string}\"},\"query-input\":{\"@type\":\"PropertyValueSpecification\",\"valueRequired\":true,\"valueName\":\"search_term_string\"}}],\"inLanguage\":\"en-US\"}]}<\/script>\n<!-- \/ Yoast SEO plugin. -->","yoast_head_json":{"title":"Communications - Vietnam (English)","robots":{"index":"index","follow":"follow","max-snippet":"max-snippet:-1","max-image-preview":"max-image-preview:large","max-video-preview":"max-video-preview:-1"},"canonical":"https:\/\/www.biworldwide.com\/vn-vn\/communications\/","og_locale":"en_US","og_type":"article","og_title":"Communications - Vietnam (English)","og_description":"Ch\u00fang t\u00f4i mang \u0111\u1ebfn c\u1ea3m h\u1ee9ng h\u1eb1ng ng\u00e0y cho kh\u00e1ch h\u00e0ng c\u1ee7a m\u00ecnh \u2013 nh\u1eefng gi\u1ea3i ph\u00e1p chi\u1ebfn l\u01b0\u1ee3c s\u00e1ng t\u1ea1o trong l\u0129nh v\u1ef1c k\u1ef9 thu\u1eadt s\u1ed1, in \u1ea5n, m\u00f4i tr\u01b0\u1eddng v\u00e0 tr\u1ea3i nghi\u1ec7m, t\u1ea5t c\u1ea3 nh\u1eb1m thay \u0111\u1ed5i h\u00e0nh vi v\u00e0 nh\u1eadn th\u1ee9c. \u0110\u1ed9i ng\u0169 trong m\u01a1 c\u1ee7a ch\u00fang t\u00f4i ch\u00ednh l\u00e0 s\u1ef1 k\u1ebft [&hellip;]","og_url":"https:\/\/www.biworldwide.com\/vn-vn\/communications\/","og_site_name":"Vietnam (English)","article_modified_time":"2025-06-11T04:14:50+00:00","twitter_card":"summary_large_image","twitter_misc":{"Est. reading time":"3 minutes"},"schema":{"@context":"https:\/\/schema.org","@graph":[{"@type":"WebPage","@id":"https:\/\/www.biworldwide.com\/vn-vn\/communications\/","url":"https:\/\/www.biworldwide.com\/vn-vn\/communications\/","name":"Communications - Vietnam (English)","isPartOf":{"@id":"https:\/\/www.biworldwide.com\/vn-vn\/#website"},"datePublished":"2025-01-14T16:15:43+00:00","dateModified":"2025-06-11T04:14:50+00:00","breadcrumb":{"@id":"https:\/\/www.biworldwide.com\/vn-vn\/communications\/#breadcrumb"},"inLanguage":"en-US","potentialAction":[{"@type":"ReadAction","target":["https:\/\/www.biworldwide.com\/vn-vn\/communications\/"]}]},{"@type":"BreadcrumbList","@id":"https:\/\/www.biworldwide.com\/vn-vn\/communications\/#breadcrumb","itemListElement":[{"@type":"ListItem","position":1,"name":"Home","item":"https:\/\/www.biworldwide.com\/vn-vn\/"},{"@type":"ListItem","position":2,"name":"Communications"}]},{"@type":"WebSite","@id":"https:\/\/www.biworldwide.com\/vn-vn\/#website","url":"https:\/\/www.biworldwide.com\/vn-vn\/","name":"Vietnam (English)","description":"","potentialAction":[{"@type":"SearchAction","target":{"@type":"EntryPoint","urlTemplate":"https:\/\/www.biworldwide.com\/vn-vn\/?s={search_term_string}"},"query-input":{"@type":"PropertyValueSpecification","valueRequired":true,"valueName":"search_term_string"}}],"inLanguage":"en-US"}]}},"_links":{"self":[{"href":"https:\/\/www.biworldwide.com\/vn-vn\/wp-json\/wp\/v2\/pages\/108","targetHints":{"allow":["GET"]}}],"collection":[{"href":"https:\/\/www.biworldwide.com\/vn-vn\/wp-json\/wp\/v2\/pages"}],"about":[{"href":"https:\/\/www.biworldwide.com\/vn-vn\/wp-json\/wp\/v2\/types\/page"}],"author":[{"embeddable":true,"href":"https:\/\/www.biworldwide.com\/vn-vn\/wp-json\/wp\/v2\/users\/11"}],"replies":[{"embeddable":true,"href":"https:\/\/www.biworldwide.com\/vn-vn\/wp-json\/wp\/v2\/comments?post=108"}],"version-history":[{"count":5,"href":"https:\/\/www.biworldwide.com\/vn-vn\/wp-json\/wp\/v2\/pages\/108\/revisions"}],"predecessor-version":[{"id":2042,"href":"https:\/\/www.biworldwide.com\/vn-vn\/wp-json\/wp\/v2\/pages\/108\/revisions\/2042"}],"wp:attachment":[{"href":"https:\/\/www.biworldwide.com\/vn-vn\/wp-json\/wp\/v2\/media?parent=108"}],"wp:term":[{"taxonomy":"wf_page_folders","embeddable":true,"href":"https:\/\/www.biworldwide.com\/vn-vn\/wp-json\/wp\/v2\/wf_page_folders?post=108"}],"curies":[{"name":"wp","href":"https:\/\/api.w.org\/{rel}","templated":true}]}}