{"id":142,"date":"2025-01-14T16:19:42","date_gmt":"2025-01-14T16:19:42","guid":{"rendered":"https:\/\/live-biw-main.pantheonsite.io\/?page_id=142"},"modified":"2025-06-09T09:31:07","modified_gmt":"2025-06-09T01:31:07","slug":"agriculture","status":"publish","type":"page","link":"https:\/\/www.biworldwide.com\/vn-vn\/who-we-serve\/agriculture\/","title":{"rendered":"N\u00f4ng Nghi\u1ec7p"},"content":{"rendered":"<div class=\" has-content-align-left has-overlay has-overlay--dark alignfull wp-block-biw-block-theme-hero\">\n\t<div class=\"biw-hero__grid\">\n\t\t\t\t\t<div class=\"biw-hero__breadcrumbs\">\n\t\t\t\t<div id=\"breadcrumbs\" class=\"breadcrumb-nav__wrapper\"><span class=\"breadcrumb-nav\"><span><a href=\"https:\/\/www.biworldwide.com\/vn-vn\/\">Home<\/a><\/span><\/span><\/div>\t\t\t<\/div>\n\t\t\n\t\t\t\t\t<div class=\"biw-hero__media \">\n\t\t\t\t\t\t\t\t\t<div class=\"biw-hero__overlay overlay-dark\"><\/div>\n\t\t\t\t\t\t\t\t<img decoding=\"async\" src=\"https:\/\/www.biworldwide.com\/wp-content\/uploads\/2025\/02\/Agriculture-1728x600px.jpg\" alt=\"Golden wheat stalks sway against a dark, stormy sky. The contrast between the illuminated wheat and the ominous clouds creates a dramatic, atmospheric scene.\" class=\"biw-hero__bg-image\" style=\"object-position: 50% 50%;\">\t\t\t<\/div>\n\t\t\t\t<div class=\"biw-hero__content\">\n\t\t\t\t\t\t<h1 class=\"biw-hero__title\" style=\"line-height: 1.2\">\n\t\t\t\tN\u00f4ng Nghi\u1ec7p\t\t\t<\/h1>\n\t\t\t\t\t\t\t<h2 class=\"biw-hero__subtitle\">\n\t\t\t\t\tM\u1ed9t ng\u00e0nh c\u00f4ng nghi\u1ec7p \u0111ang ph\u00e1t tri\u1ec3n m\u1ea1nh m\u1ebd.\t\t\t\t<\/h2>\n\t\t\t\t\t\t\t\t\t\t<div class=\"biw-hero__text\">\n\t\t\t\t\t\n\n<p>Ch\u00fang t\u00f4i kh\u01a1i d\u1eady s\u1ef1 nhi\u1ec7t huy\u1ebft c\u1ee7a nh\u00e2n vi\u00ean, truy\u1ec1n c\u1ea3m h\u1ee9ng cho \u0111\u1ed9i ng\u0169 b\u00e1n h\u00e0ng v\u00e0 g\u1eafn k\u1ebft kh\u00e1ch h\u00e0ng trung th\u00e0nh.<\/p>\n\n\t\t\t\t<\/div>\n\t\t\t\t\t\t\t\t<\/div>\n\t<\/div>\n<\/div>\n\n\n\n<div class=\"wp-block-group  layout-columns-7 has-global-padding is-layout-constrained wp-container-core-group-is-layout-a133ec42 wp-block-group-is-layout-constrained\">\n<p>N\u00f4ng nghi\u1ec7p, th\u1ef1c ph\u1ea9m v\u00e0 c\u00e1c ng\u00e0nh li\u00ean quan \u0111\u00e3 \u0111\u00f3ng g\u00f3p h\u01a1n 1,5 ngh\u00ecn t\u1ef7 USD cho GDP c\u1ee7a Hoa K\u1ef3 v\u00e0o n\u0103m 2023, chi\u1ebfm h\u01a1n 5,5% t\u1ed5ng GDP. \u0110\u00e2y l\u00e0 m\u1ed9t ng\u00e0nh c\u00f4ng nghi\u1ec7p \u0111\u01b0\u1ee3c h\u1ed7 tr\u1ee3 b\u1edfi m\u1ed9t m\u1ea1ng l\u01b0\u1edbi r\u1ed9ng l\u1edbn c\u00e1c c\u00f4ng ty cung c\u1ea5p nhi\u1ec1u \u0111\u1ea7u v\u00e0o v\u00e0 d\u1ecbch v\u1ee5 kh\u00e1c nhau \u2013 t\u1eeb c\u00e1c t\u1eadp \u0111o\u00e0n n\u00f4ng nghi\u1ec7p l\u1edbn \u0111\u1ebfn c\u00e1c nh\u00e0 cung c\u1ea5p v\u00e0 d\u1ecbch v\u1ee5 nh\u1ecf h\u01a1n.<\/p>\n\n\n\n<p>Ch\u00fang t\u00f4i h\u1ed7 tr\u1ee3 r\u1ea5t nhi\u1ec1u doanh nghi\u1ec7p li\u00ean quan \u0111\u1ebfn n\u00f4ng nghi\u1ec7p trong vi\u1ec7c kh\u00edch l\u1ec7, t\u1eb7ng th\u01b0\u1edfng v\u00e0 ghi nh\u1eadn nh\u00e2n vi\u00ean. N\u00f4ng nghi\u1ec7p v\u00e0 c\u00e1c ng\u00e0nh c\u00f4ng nghi\u1ec7p li\u00ean quan \u0111\u00f3ng g\u00f3p h\u01a1n 10% vi\u1ec7c l\u00e0m t\u1ea1i M\u1ef9, v\u1edbi h\u01a1n 22 tri\u1ec7u c\u00f4ng vi\u1ec7c to\u00e0n th\u1eddi gian v\u00e0 b\u00e1n th\u1eddi gian.<\/p>\n\n\n\n<p>Ch\u00fang t\u00f4i mang \u0111\u1ebfn gi\u1ea3i ph\u00e1p gi\u00fap c\u00e1c doanh nghi\u1ec7p n\u00f4ng nghi\u1ec7p d\u1ec5 d\u00e0ng b\u00e1n \u0111\u01b0\u1ee3c s\u1ea3n ph\u1ea9m \u0111\u1ea7u v\u00e0o cho ng\u01b0\u1eddi tr\u1ed3ng \u2013 t\u1eeb h\u1ea1t gi\u1ed1ng, ph\u00e2n b\u00f3n, thu\u1ed1c tr\u1eeb s\u00e2u, \u0111\u1ebfn thi\u1ebft b\u1ecb n\u00f4ng nghi\u1ec7p v\u00e0 c\u00f4ng ngh\u1ec7 c\u1ea3i thi\u1ec7n qu\u1ea3n l\u00fd trang tr\u1ea1i. Ch\u00fang t\u00f4i t\u1ea1o ra nh\u1eefng gi\u1ea3i ph\u00e1p th\u00fac \u0111\u1ea9y t\u0103ng tr\u01b0\u1edfng doanh s\u1ed1, g\u1eafn k\u1ebft \u0111\u1ed1i t\u00e1c v\u00e0 vun \u0111\u1eafp l\u00f2ng trung th\u00e0nh t\u1eeb kh\u00e1ch h\u00e0ng.<\/p>\n\n\n\n<p>T\u1eeb trang tr\u1ea1i \u0111\u1ebfn b\u00e0n \u0103n, ch\u00fang t\u00f4i mang \u0111\u1ebfn kinh nghi\u1ec7m v\u00e0 nh\u1eefng gi\u1ea3i ph\u00e1p \u0111\u1ea7y c\u1ea3m h\u1ee9ng \u0111\u1ec3 ph\u00e1t tri\u1ec3n l\u0129nh v\u1ef1c n\u00f4ng nghi\u1ec7p M\u1ef9 \u0111ang ng\u00e0y c\u00e0ng l\u1edbn m\u1ea1nh.<\/p>\n<\/div>\n","protected":false},"excerpt":{"rendered":"<p>N\u00f4ng nghi\u1ec7p, th\u1ef1c ph\u1ea9m v\u00e0 c\u00e1c ng\u00e0nh li\u00ean quan \u0111\u00e3 \u0111\u00f3ng g\u00f3p h\u01a1n 1,5 ngh\u00ecn t\u1ef7 USD cho GDP c\u1ee7a Hoa K\u1ef3 v\u00e0o n\u0103m 2023, chi\u1ebfm h\u01a1n 5,5% t\u1ed5ng GDP. \u0110\u00e2y l\u00e0 m\u1ed9t ng\u00e0nh c\u00f4ng nghi\u1ec7p \u0111\u01b0\u1ee3c h\u1ed7 tr\u1ee3 b\u1edfi m\u1ed9t m\u1ea1ng l\u01b0\u1edbi r\u1ed9ng l\u1edbn c\u00e1c c\u00f4ng ty cung c\u1ea5p nhi\u1ec1u \u0111\u1ea7u v\u00e0o v\u00e0 d\u1ecbch [&hellip;]<\/p>\n","protected":false},"author":11,"featured_media":0,"parent":140,"menu_order":0,"comment_status":"closed","ping_status":"closed","template":"","meta":{"featured_image_focal_point":{"x":0.5,"y":0.5},"footnotes":""},"wf_page_folders":[41],"class_list":["post-142","page","type-page","status-publish","hentry"],"yoast_head":"<!-- This site is optimized with the Yoast SEO plugin v26.2 - https:\/\/yoast.com\/wordpress\/plugins\/seo\/ -->\n<title>N\u00f4ng Nghi\u1ec7p - Vietnam (English)<\/title>\n<meta name=\"robots\" content=\"index, follow, max-snippet:-1, max-image-preview:large, max-video-preview:-1\" \/>\n<link rel=\"canonical\" href=\"https:\/\/www.biworldwide.com\/vn-vn\/who-we-serve\/agriculture\/\" \/>\n<meta property=\"og:locale\" content=\"en_US\" \/>\n<meta property=\"og:type\" content=\"article\" \/>\n<meta property=\"og:title\" content=\"N\u00f4ng Nghi\u1ec7p - Vietnam (English)\" \/>\n<meta property=\"og:description\" content=\"N\u00f4ng nghi\u1ec7p, th\u1ef1c ph\u1ea9m v\u00e0 c\u00e1c ng\u00e0nh li\u00ean quan \u0111\u00e3 \u0111\u00f3ng g\u00f3p h\u01a1n 1,5 ngh\u00ecn t\u1ef7 USD cho GDP c\u1ee7a Hoa K\u1ef3 v\u00e0o n\u0103m 2023, chi\u1ebfm h\u01a1n 5,5% t\u1ed5ng GDP. \u0110\u00e2y l\u00e0 m\u1ed9t ng\u00e0nh c\u00f4ng nghi\u1ec7p \u0111\u01b0\u1ee3c h\u1ed7 tr\u1ee3 b\u1edfi m\u1ed9t m\u1ea1ng l\u01b0\u1edbi r\u1ed9ng l\u1edbn c\u00e1c c\u00f4ng ty cung c\u1ea5p nhi\u1ec1u \u0111\u1ea7u v\u00e0o v\u00e0 d\u1ecbch [&hellip;]\" \/>\n<meta property=\"og:url\" content=\"https:\/\/www.biworldwide.com\/vn-vn\/who-we-serve\/agriculture\/\" \/>\n<meta property=\"og:site_name\" content=\"Vietnam (English)\" \/>\n<meta property=\"article:modified_time\" content=\"2025-06-09T01:31:07+00:00\" \/>\n<meta name=\"twitter:card\" content=\"summary_large_image\" \/>\n<meta name=\"twitter:label1\" content=\"Est. reading time\" \/>\n\t<meta name=\"twitter:data1\" content=\"2 minutes\" \/>\n<script type=\"application\/ld+json\" class=\"yoast-schema-graph\">{\"@context\":\"https:\/\/schema.org\",\"@graph\":[{\"@type\":\"WebPage\",\"@id\":\"https:\/\/www.biworldwide.com\/vn-vn\/who-we-serve\/agriculture\/\",\"url\":\"https:\/\/www.biworldwide.com\/vn-vn\/who-we-serve\/agriculture\/\",\"name\":\"N\u00f4ng Nghi\u1ec7p - Vietnam (English)\",\"isPartOf\":{\"@id\":\"https:\/\/www.biworldwide.com\/vn-vn\/#website\"},\"datePublished\":\"2025-01-14T16:19:42+00:00\",\"dateModified\":\"2025-06-09T01:31:07+00:00\",\"breadcrumb\":{\"@id\":\"https:\/\/www.biworldwide.com\/vn-vn\/who-we-serve\/agriculture\/#breadcrumb\"},\"inLanguage\":\"en-US\",\"potentialAction\":[{\"@type\":\"ReadAction\",\"target\":[\"https:\/\/www.biworldwide.com\/vn-vn\/who-we-serve\/agriculture\/\"]}]},{\"@type\":\"BreadcrumbList\",\"@id\":\"https:\/\/www.biworldwide.com\/vn-vn\/who-we-serve\/agriculture\/#breadcrumb\",\"itemListElement\":[{\"@type\":\"ListItem\",\"position\":1,\"name\":\"Home\",\"item\":\"https:\/\/www.biworldwide.com\/vn-vn\/\"},{\"@type\":\"ListItem\",\"position\":2,\"name\":\"Who We Serve\",\"item\":\"https:\/\/www.biworldwide.com\/vn-vn\/who-we-serve\/\"},{\"@type\":\"ListItem\",\"position\":3,\"name\":\"N\u00f4ng Nghi\u1ec7p\"}]},{\"@type\":\"WebSite\",\"@id\":\"https:\/\/www.biworldwide.com\/vn-vn\/#website\",\"url\":\"https:\/\/www.biworldwide.com\/vn-vn\/\",\"name\":\"Vietnam (English)\",\"description\":\"\",\"potentialAction\":[{\"@type\":\"SearchAction\",\"target\":{\"@type\":\"EntryPoint\",\"urlTemplate\":\"https:\/\/www.biworldwide.com\/vn-vn\/?s={search_term_string}\"},\"query-input\":{\"@type\":\"PropertyValueSpecification\",\"valueRequired\":true,\"valueName\":\"search_term_string\"}}],\"inLanguage\":\"en-US\"}]}<\/script>\n<!-- \/ Yoast SEO plugin. -->","yoast_head_json":{"title":"N\u00f4ng Nghi\u1ec7p - Vietnam (English)","robots":{"index":"index","follow":"follow","max-snippet":"max-snippet:-1","max-image-preview":"max-image-preview:large","max-video-preview":"max-video-preview:-1"},"canonical":"https:\/\/www.biworldwide.com\/vn-vn\/who-we-serve\/agriculture\/","og_locale":"en_US","og_type":"article","og_title":"N\u00f4ng Nghi\u1ec7p - Vietnam (English)","og_description":"N\u00f4ng nghi\u1ec7p, th\u1ef1c ph\u1ea9m v\u00e0 c\u00e1c ng\u00e0nh li\u00ean quan \u0111\u00e3 \u0111\u00f3ng g\u00f3p h\u01a1n 1,5 ngh\u00ecn t\u1ef7 USD cho GDP c\u1ee7a Hoa K\u1ef3 v\u00e0o n\u0103m 2023, chi\u1ebfm h\u01a1n 5,5% t\u1ed5ng GDP. \u0110\u00e2y l\u00e0 m\u1ed9t ng\u00e0nh c\u00f4ng nghi\u1ec7p \u0111\u01b0\u1ee3c h\u1ed7 tr\u1ee3 b\u1edfi m\u1ed9t m\u1ea1ng l\u01b0\u1edbi r\u1ed9ng l\u1edbn c\u00e1c c\u00f4ng ty cung c\u1ea5p nhi\u1ec1u \u0111\u1ea7u v\u00e0o v\u00e0 d\u1ecbch [&hellip;]","og_url":"https:\/\/www.biworldwide.com\/vn-vn\/who-we-serve\/agriculture\/","og_site_name":"Vietnam (English)","article_modified_time":"2025-06-09T01:31:07+00:00","twitter_card":"summary_large_image","twitter_misc":{"Est. reading time":"2 minutes"},"schema":{"@context":"https:\/\/schema.org","@graph":[{"@type":"WebPage","@id":"https:\/\/www.biworldwide.com\/vn-vn\/who-we-serve\/agriculture\/","url":"https:\/\/www.biworldwide.com\/vn-vn\/who-we-serve\/agriculture\/","name":"N\u00f4ng Nghi\u1ec7p - Vietnam (English)","isPartOf":{"@id":"https:\/\/www.biworldwide.com\/vn-vn\/#website"},"datePublished":"2025-01-14T16:19:42+00:00","dateModified":"2025-06-09T01:31:07+00:00","breadcrumb":{"@id":"https:\/\/www.biworldwide.com\/vn-vn\/who-we-serve\/agriculture\/#breadcrumb"},"inLanguage":"en-US","potentialAction":[{"@type":"ReadAction","target":["https:\/\/www.biworldwide.com\/vn-vn\/who-we-serve\/agriculture\/"]}]},{"@type":"BreadcrumbList","@id":"https:\/\/www.biworldwide.com\/vn-vn\/who-we-serve\/agriculture\/#breadcrumb","itemListElement":[{"@type":"ListItem","position":1,"name":"Home","item":"https:\/\/www.biworldwide.com\/vn-vn\/"},{"@type":"ListItem","position":2,"name":"Who We Serve","item":"https:\/\/www.biworldwide.com\/vn-vn\/who-we-serve\/"},{"@type":"ListItem","position":3,"name":"N\u00f4ng Nghi\u1ec7p"}]},{"@type":"WebSite","@id":"https:\/\/www.biworldwide.com\/vn-vn\/#website","url":"https:\/\/www.biworldwide.com\/vn-vn\/","name":"Vietnam (English)","description":"","potentialAction":[{"@type":"SearchAction","target":{"@type":"EntryPoint","urlTemplate":"https:\/\/www.biworldwide.com\/vn-vn\/?s={search_term_string}"},"query-input":{"@type":"PropertyValueSpecification","valueRequired":true,"valueName":"search_term_string"}}],"inLanguage":"en-US"}]}},"_links":{"self":[{"href":"https:\/\/www.biworldwide.com\/vn-vn\/wp-json\/wp\/v2\/pages\/142","targetHints":{"allow":["GET"]}}],"collection":[{"href":"https:\/\/www.biworldwide.com\/vn-vn\/wp-json\/wp\/v2\/pages"}],"about":[{"href":"https:\/\/www.biworldwide.com\/vn-vn\/wp-json\/wp\/v2\/types\/page"}],"author":[{"embeddable":true,"href":"https:\/\/www.biworldwide.com\/vn-vn\/wp-json\/wp\/v2\/users\/11"}],"replies":[{"embeddable":true,"href":"https:\/\/www.biworldwide.com\/vn-vn\/wp-json\/wp\/v2\/comments?post=142"}],"version-history":[{"count":3,"href":"https:\/\/www.biworldwide.com\/vn-vn\/wp-json\/wp\/v2\/pages\/142\/revisions"}],"predecessor-version":[{"id":1877,"href":"https:\/\/www.biworldwide.com\/vn-vn\/wp-json\/wp\/v2\/pages\/142\/revisions\/1877"}],"up":[{"embeddable":true,"href":"https:\/\/www.biworldwide.com\/vn-vn\/wp-json\/wp\/v2\/pages\/140"}],"wp:attachment":[{"href":"https:\/\/www.biworldwide.com\/vn-vn\/wp-json\/wp\/v2\/media?parent=142"}],"wp:term":[{"taxonomy":"wf_page_folders","embeddable":true,"href":"https:\/\/www.biworldwide.com\/vn-vn\/wp-json\/wp\/v2\/wf_page_folders?post=142"}],"curies":[{"name":"wp","href":"https:\/\/api.w.org\/{rel}","templated":true}]}}