{"id":144,"date":"2025-01-14T16:20:14","date_gmt":"2025-01-14T16:20:14","guid":{"rendered":"https:\/\/live-biw-main.pantheonsite.io\/?page_id=144"},"modified":"2025-06-12T12:36:52","modified_gmt":"2025-06-12T04:36:52","slug":"automotive","status":"publish","type":"page","link":"https:\/\/www.biworldwide.com\/vn-vn\/who-we-serve\/automotive\/","title":{"rendered":"\u00d4 T\u00f4"},"content":{"rendered":"<div class=\" has-content-align-left has-overlay has-overlay--dark alignfull wp-block-biw-block-theme-hero\">\n\t<div class=\"biw-hero__grid\">\n\t\t\t\t\t<div class=\"biw-hero__breadcrumbs\">\n\t\t\t\t<div id=\"breadcrumbs\" class=\"breadcrumb-nav__wrapper\"><span class=\"breadcrumb-nav\"><span><a href=\"https:\/\/www.biworldwide.com\/vn-vn\/\">Home<\/a><\/span><\/span><\/div>\t\t\t<\/div>\n\t\t\n\t\t\t\t\t<div class=\"biw-hero__media \">\n\t\t\t\t\t\t\t\t\t<div class=\"biw-hero__overlay overlay-dark\"><\/div>\n\t\t\t\t\t\t\t\t<img decoding=\"async\" src=\"https:\/\/www.biworldwide.com\/wp-content\/uploads\/2025\/02\/Automotive-truck-1728x600px.jpg\" alt=\"A red off-road vehicle driving on a rocky mountain trail, surrounded by rugged, sunlit terrain. Sun rays pierce through the cloudy sky, casting light on the mountainous landscape.\" class=\"biw-hero__bg-image\" style=\"object-position: 50% 50%;\">\t\t\t<\/div>\n\t\t\t\t<div class=\"biw-hero__content\">\n\t\t\t\t\t\t<h1 class=\"biw-hero__title\" style=\"line-height: 1.2\">\n\t\t\t\t\u00d4 T\u00f4\t\t\t<\/h1>\n\t\t\t\t\t\t\t<h2 class=\"biw-hero__subtitle\">\n\t\t\t\t\tT\u0103ng t\u1ed1c hi\u1ec7u su\u1ea5t\t\t\t\t<\/h2>\n\t\t\t\t\t\t\t\t\t\t<div class=\"biw-hero__text\">\n\t\t\t\t\t\n\n<p>\u0110\u01b0\u1ee3c c\u00e1c t\u1ed5 ch\u1ee9c l\u1edbn trong ng\u00e0nh \u00f4 t\u00f4 tin t\u01b0\u1edfng, ch\u00fang t\u00f4i gi\u00fap v\u01b0\u1ee3t qua m\u1ee5c ti\u00eau doanh s\u1ed1, n\u00e2ng cao s\u1ef1 h\u00e0i l\u00f2ng c\u1ee7a kh\u00e1ch h\u00e0ng, gia t\u0103ng t\u1ef7 l\u1ec7 gi\u1eef ch\u00e2n kh\u00e1ch h\u00e0ng qua d\u1ecbch v\u1ee5 v\u00e0 t\u0103ng tr\u01b0\u1edfng t\u1ed1i \u0111a v\u1ec1 ph\u1ee5 t\u00f9ng.<\/p>\n\n\t\t\t\t<\/div>\n\t\t\t\t\t\t\t\t<\/div>\n\t<\/div>\n<\/div>\n\n\n\n<div class=\"wp-block-group  layout-columns-7 has-global-padding is-layout-constrained wp-container-core-group-is-layout-a133ec42 wp-block-group-is-layout-constrained\">\n<h2 class=\"wp-block-heading\">Ch\u00e0o m\u1eebng b\u1ea1n \u0111\u1ebfn v\u1edbi \u0111\u01b0\u1eddng \u0111ua t\u1ed1c \u0111\u1ed9!<\/h2>\n\n\n\n<p>Ng\u00e0nh c\u00f4ng nghi\u1ec7p \u00f4 t\u00f4 r\u1ea5t ph\u1ee9c t\u1ea1p v\u00e0 kh\u00f4ng ng\u1eebng ph\u00e1t tri\u1ec3n.<\/p>\n\n\n\n<p>Ch\u00fang t\u00f4i hi\u1ec3u b\u1ea1n. V\u00e0 ch\u00fang t\u00f4i l\u00e0 nh\u1eefng ng\u01b0\u1eddi b\u1ea1n \u0111\u1ed3ng h\u00e0nh chi\u1ebfn l\u01b0\u1ee3c lu\u00f4n \u0111i tr\u01b0\u1edbc ba b\u01b0\u1edbc, \u0111\u1ec3 mang l\u1ea1i k\u1ebft qu\u1ea3 thi\u1ebft th\u1ef1c v\u00e0 l\u1ee3i nhu\u1eadn r\u00f5 r\u00e0ng cho b\u1ea1n.<\/p>\n\n\n\n<ul class=\"wp-block-list\">\n<li class=\"has-xl-font-size\">T\u0103ng c\u01b0\u1eddng doanh s\u1ed1 b\u00e1n h\u00e0ng t\u1eeb xe m\u1edbi, xe CPO, ph\u1ee5 ki\u1ec7n, t\u00e0i ch\u00ednh &amp; b\u1ea3o hi\u1ec3m, b\u00e1n bu\u00f4n &amp; b\u00e1n l\u1ebb, linh ki\u1ec7n, d\u1ecbch v\u1ee5 ti\u1ebfp nh\u1eadn, gi\u1eef ch\u00e2n kh\u00e1ch h\u00e0ng v\u00e0 t\u0103ng l\u1ee3i nhu\u1eadn tr\u00ean t\u1eebng \u0111\u01a1n h\u00e0ng.<\/li>\n\n\n\n<li class=\"has-xl-font-size\">Kh\u01a1i d\u1eady s\u1ef1 h\u00e1o h\u1ee9c v\u1ec1 s\u1ea3n ph\u1ea9m m\u1edbi.<\/li>\n\n\n\n<li class=\"has-xl-font-size\">X\u00e2y d\u1ef1ng l\u00f2ng trung th\u00e0nh v\u00e0 t\u00ecnh y\u00eau v\u1edbi th\u01b0\u01a1ng hi\u1ec7u.<\/li>\n\n\n\n<li class=\"has-xl-font-size\">\u0110i\u1ec1u ch\u1ec9nh chi\u1ebfn l\u01b0\u1ee3c m\u1ed9t c\u00e1ch tinh t\u1ebf \u0111\u1ec3 t\u1eadn d\u1ee5ng t\u1ed1i \u0111a ngu\u1ed3n n\u0103ng l\u01b0\u1ee3ng v\u00e0 kho\u1ea3n \u0111\u1ea7u t\u01b0 c\u1ee7a b\u1ea1n.<\/li>\n<\/ul>\n<\/div>\n\n\n\n<div class=\"wp-block-group is-layout-grid wp-container-core-group-is-layout-a9535673 wp-block-group-is-layout-grid\"><div class=\" has-dynamic-border-radius has-image-size-cover has-image-radius-none wp-block-biw-block-theme-biw-card\">\n\t\t\t<figure class=\"biw-card__image-wrapper \">\n\t\t\t<img decoding=\"async\" src=\"https:\/\/www.biworldwide.com\/wp-content\/uploads\/2025\/03\/BIW_Brand_DealerLoyalty.svg\" alt=\"\" class=\"biw-card__image\" style=\"object-position: 50% 50%;\">\t\t<\/figure>\n\t\t<div class=\"biw-card__content\">\n\t\t<h3 class=\"biw-card__title\">\n\t\t\t\t\t\t\tS\u1ef1 G\u1eafn B\u00f3 T\u1eeb \u0110\u1ea1i L\u00fd\t\t\t\t\t<\/h3>\n\t\t<div class=\"biw-card__text\"><\/div>\n\t<\/div>\n\t<\/div>\n\n<div class=\" has-dynamic-border-radius has-image-size-cover has-image-radius-none wp-block-biw-block-theme-biw-card\">\n\t\t\t<figure class=\"biw-card__image-wrapper \">\n\t\t\t<img decoding=\"async\" src=\"https:\/\/www.biworldwide.com\/wp-content\/uploads\/2025\/03\/BIW_Brand_Commercial.svg\" alt=\"\" class=\"biw-card__image\" style=\"object-position: 50% 50%;\">\t\t<\/figure>\n\t\t<div class=\"biw-card__content\">\n\t\t<h3 class=\"biw-card__title\">\n\t\t\t\t\t\t\tQu\u1ea3ng c\u00e1o\t\t\t\t\t<\/h3>\n\t\t<div class=\"biw-card__text\"><\/div>\n\t<\/div>\n\t<\/div>\n\n<div class=\" has-dynamic-border-radius has-image-size-cover has-image-radius-none wp-block-biw-block-theme-biw-card\">\n\t\t\t<figure class=\"biw-card__image-wrapper \">\n\t\t\t<img decoding=\"async\" src=\"https:\/\/www.biworldwide.com\/wp-content\/uploads\/2025\/03\/BIW_Brand_Passenger.svg\" alt=\"\" class=\"biw-card__image\" style=\"object-position: 50% 50%;\">\t\t<\/figure>\n\t\t<div class=\"biw-card__content\">\n\t\t<h3 class=\"biw-card__title\">\n\t\t\t\t\t\t\tH\u00e0nh kh\u00e1ch\t\t\t\t\t<\/h3>\n\t\t<div class=\"biw-card__text\"><\/div>\n\t<\/div>\n\t<\/div>\n\n<div class=\" has-dynamic-border-radius has-image-size-cover has-image-radius-none wp-block-biw-block-theme-biw-card\">\n\t\t\t<figure class=\"biw-card__image-wrapper \">\n\t\t\t<img decoding=\"async\" src=\"https:\/\/www.biworldwide.com\/wp-content\/uploads\/2025\/03\/BIW_Brand_Industrial.svg\" alt=\"\" class=\"biw-card__image\" style=\"object-position: 50% 50%;\">\t\t<\/figure>\n\t\t<div class=\"biw-card__content\">\n\t\t<h3 class=\"biw-card__title\">\n\t\t\t\t\t\t\tC\u00f4ng Nghi\u1ec7p\t\t\t\t\t<\/h3>\n\t\t<div class=\"biw-card__text\"><\/div>\n\t<\/div>\n\t<\/div>\n\n<div class=\" has-dynamic-border-radius has-image-size-cover has-image-radius-none wp-block-biw-block-theme-biw-card\">\n\t\t\t<figure class=\"biw-card__image-wrapper \">\n\t\t\t<img decoding=\"async\" src=\"https:\/\/www.biworldwide.com\/wp-content\/uploads\/2025\/03\/BIW_Brand_PartsService.svg\" alt=\"\" class=\"biw-card__image\" style=\"object-position: 50% 50%;\">\t\t<\/figure>\n\t\t<div class=\"biw-card__content\">\n\t\t<h3 class=\"biw-card__title\">\n\t\t\t\t\t\t\tPh\u1ee5 t\u00f9ng v\u00e0 d\u1ecbch v\u1ee5\t\t\t\t\t<\/h3>\n\t\t<div class=\"biw-card__text\"><\/div>\n\t<\/div>\n\t<\/div>\n\n<div class=\" has-dynamic-border-radius has-image-size-cover has-image-radius-none wp-block-biw-block-theme-biw-card\">\n\t\t\t<figure class=\"biw-card__image-wrapper \">\n\t\t\t<img decoding=\"async\" src=\"https:\/\/www.biworldwide.com\/wp-content\/uploads\/2025\/03\/BIW_Brand_Powersports.svg\" alt=\"\" class=\"biw-card__image\" style=\"object-position: 50% 50%;\">\t\t<\/figure>\n\t\t<div class=\"biw-card__content\">\n\t\t<h3 class=\"biw-card__title\">\n\t\t\t\t\t\t\tTh\u1ebf gi\u1edbi xe th\u1ec3 thao \u0111\u1ed9ng c\u01a1\t\t\t\t\t<\/h3>\n\t\t<div class=\"biw-card__text\"><\/div>\n\t<\/div>\n\t<\/div><\/div>\n\n\n\n<div class=\"wp-block-group  layout-columns-7 has-global-padding is-layout-constrained wp-container-core-group-is-layout-a133ec42 wp-block-group-is-layout-constrained\">\n<h2 class=\"wp-block-heading\">Chuy\u1ec3n \u0111\u1ed9ng v\u0103n h\u00f3a hi\u1ec7u su\u1ea5t c\u1ee7a b\u1ea1n v\u01b0\u01a1n xa h\u01a1n c\u1ea3 mong \u0111\u1ee3i.<\/h2>\n\n\n\n<p>Ch\u00fang t\u00f4i l\u00e0 nh\u1eefng ng\u01b0\u1eddi ti\u00ean phong trong ng\u00e0nh, s\u1eed d\u1ee5ng nh\u1eefng c\u1ea5u tr\u00fac kh\u00edch l\u1ec7 \u0111\u00e3 \u0111\u01b0\u1ee3c kinh t\u1ebf h\u1ecdc h\u00e0nh vi ch\u1ee9ng minh t\u00ednh hi\u1ec7u qu\u1ea3.<\/p>\n\n\n\n<p>C\u00e1c chi\u1ebfn l\u01b0\u1ee3c n\u1ed5i ti\u1ebfng th\u1ebf gi\u1edbi c\u1ee7a ch\u00fang t\u00f4i bao g\u1ed3m c\u00e1c ch\u01b0\u01a1ng tr\u00ecnh t\u00f9y ch\u1ec9nh nh\u1eb1m k\u1ebft n\u1ed1i, h\u01b0\u1edbng d\u1eabn, n\u00e2ng cao ki\u1ebfn th\u1ee9c, truy\u1ec1n c\u1ea3m h\u1ee9ng, ch\u1ee9ng nh\u1eadn, ghi nh\u1eadn v\u00e0 th\u00fac \u0111\u1ea9y \u0111\u1ed9i ng\u0169 c\u1ee7a b\u1ea1n v\u1edbi nh\u1eefng gi\u1ea3i ph\u00e1p t\u00edch h\u1ee3p nh\u01b0:<br><\/p>\n\n\n\n<div class=\"wp-block-group alignfull has-global-padding is-layout-constrained wp-container-core-group-is-layout-d3543a3b wp-block-group-is-layout-constrained\">\n<div class=\"wp-block-group has-global-padding is-layout-constrained wp-block-group-is-layout-constrained\">\n<div class=\"wp-block-group  has-row-gap is-layout-grid wp-container-core-group-is-layout-c765d3c1 wp-block-group-is-layout-grid\" style=\"--row-gap:var(--wp--preset--spacing--50)\"><div class=\" has-link has-image-size-cover has-image-radius-none is-style-image-left wp-block-biw-block-theme-biw-card\">\n\t\t\t<figure class=\"biw-card__image-wrapper \">\n\t\t\t<img decoding=\"async\" src=\"https:\/\/www.biworldwide.com\/wp-content\/uploads\/2025\/02\/Research-and-analytics-1300x732px.jpg\" alt=\"A person uses a calculator and laptop, overlaid with a digital graph showing upward arrows, symbolizing growth or progress. Papers and charts are visible on the desk, and a yellow and white abstract background is present.\" class=\"biw-card__image\" style=\"object-position: 50% 50%;\">\t\t<\/figure>\n\t\t<div class=\"biw-card__content\">\n\t\t<h3 class=\"biw-card__title\">\n\t\t\t\t\t\t\t<a href=\"https:\/\/www.biworldwide.com\/vn-vn\/goalquest-ai\/\" >\n\t\t\t\t\u0110\u1eb7t m\u1ee5c ti\u00eau\t\t\t\t<\/a>\n\t\t\t\t\t<\/h3>\n\t\t<div class=\"biw-card__text\">\n\n<p>Bi\u1ebfn nh\u1eefng \u0111\u1ea1i l\u00fd m\u1edbi th\u00e0nh \u0111\u1ea1i l\u00fd h\u00e0ng \u0111\u1ea7u. Bi\u1ebfn nh\u1eefng \u0111\u1ea1i l\u00fd h\u00e0ng \u0111\u1ea7u th\u00e0nh nh\u1eefng ng\u00f4i sao t\u1ecfa s\u00e1ng.<\/p>\n\n<\/div>\n\t<\/div>\n\t\t\t<span class=\"biw-card__cta\">\u0110\u1ecdc Th\u00eam<\/span>\n\t<\/div>\n\n<div class=\" has-link has-image-size-cover has-image-radius-none is-style-image-left wp-block-biw-block-theme-biw-card\">\n\t\t\t<figure class=\"biw-card__image-wrapper \">\n\t\t\t<img decoding=\"async\" src=\"https:\/\/www.biworldwide.com\/wp-content\/uploads\/2025\/02\/Gamification-1300x732px.jpg\" alt=\"A vintage padlock surrounded by a circle of nine old-fashioned metal keys on a rustic wooden surface. The arrangement forms a radial pattern with the padlock in the center.\" class=\"biw-card__image\" style=\"object-position: 50% 50%;\">\t\t<\/figure>\n\t\t<div class=\"biw-card__content\">\n\t\t<h3 class=\"biw-card__title\">\n\t\t\t\t\t\t\t<a href=\"https:\/\/www.biworldwide.com\/vn-vn\/gamification\/\" >\n\t\t\t\tTr\u00f2 Ch\u01a1i H\u00f3a\t\t\t\t<\/a>\n\t\t\t\t\t<\/h3>\n\t\t<div class=\"biw-card__text\">\n\n<p>H\u00e3y t\u1eadn d\u1ee5ng c\u01a1 ch\u1ebf tr\u00f2 ch\u01a1i \u0111\u1ec3 \u0111\u01b0a vi\u1ec7c h\u1ecdc t\u1eadp v\u00e0 \u0111\u1eb7t m\u1ee5c ti\u00eau c\u1ee7a b\u1ea1n l\u00ean t\u1ea7m cao m\u1edbi.<\/p>\n\n<\/div>\n\t<\/div>\n\t\t\t<span class=\"biw-card__cta\">\u0110\u1ecdc Th\u00eam<\/span>\n\t<\/div>\n\n<div class=\" has-link has-image-size-cover has-image-radius-none is-style-image-left wp-block-biw-block-theme-biw-card\">\n\t\t\t<figure class=\"biw-card__image-wrapper \">\n\t\t\t<img decoding=\"async\" src=\"https:\/\/www.biworldwide.com\/wp-content\/uploads\/2025\/02\/Rewards-1300x732px.jpg\" alt=\"Two people sit at a table with a laptop, smiling and high-fiving. One person holds a coffee cup. The background features abstract pink and orange shapes.\" class=\"biw-card__image\" style=\"object-position: 50% 50%;\">\t\t<\/figure>\n\t\t<div class=\"biw-card__content\">\n\t\t<h3 class=\"biw-card__title\">\n\t\t\t\t\t\t\t<a href=\"https:\/\/www.biworldwide.com\/vn-vn\/recognition\/\" >\n\t\t\t\tPh\u1ea7n th\u01b0\u1edfng v\u00e0 s\u1ef1 ghi nh\u1eadn\t\t\t\t<\/a>\n\t\t\t\t\t<\/h3>\n\t\t<div class=\"biw-card__text\">\n\n<p>Truy\u1ec1n c\u1ea3m h\u1ee9ng cho nh\u00e2n vi\u00ean v\u00e0 \u0111\u1ed1i t\u00e1c v\u1edbi nh\u1eefng s\u1ea3n ph\u1ea9m, tr\u1ea3i nghi\u1ec7m v\u00e0 c\u01a1 h\u1ed9i h\u1ecdc t\u1eadp \u0111\u1ea7y kh\u00e1t v\u1ecdng.<\/p>\n\n<\/div>\n\t<\/div>\n\t\t\t<span class=\"biw-card__cta\">\u0110\u1ecdc Th\u00eam<\/span>\n\t<\/div>\n\n<div class=\" has-link has-image-size-cover has-image-radius-none is-style-image-left wp-block-biw-block-theme-biw-card\">\n\t\t\t<figure class=\"biw-card__image-wrapper \">\n\t\t\t<img decoding=\"async\" src=\"https:\/\/www.biworldwide.com\/wp-content\/uploads\/2025\/02\/Loyalty-1300x732px.jpg\" alt=\"A smiling woman with curly hair, wearing a white shirt and necklace, receives a small package. She stands outdoors with a colorful, blurred background.\" class=\"biw-card__image\" style=\"object-position: 50% 50%;\">\t\t<\/figure>\n\t\t<div class=\"biw-card__content\">\n\t\t<h3 class=\"biw-card__title\">\n\t\t\t\t\t\t\t<a href=\"https:\/\/www.biworldwide.com\/vn-vn\/employee-engagement\/\" >\n\t\t\t\tThu h\u00fat v\u00e0 gi\u1eef ch\u00e2n nh\u00e2n t\u00e0i h\u00e0ng \u0111\u1ea7u\t\t\t\t<\/a>\n\t\t\t\t\t<\/h3>\n\t\t<div class=\"biw-card__text\">\n\n<p>H\u00e3y t\u1ea1o ra m\u1ed9t m\u00f4i tr\u01b0\u1eddng l\u00e0m vi\u1ec7c n\u01a1i m\u1ecdi ng\u01b0\u1eddi \u0111\u1ec1u mu\u1ed1n gia nh\u1eadp, g\u1eafn b\u00f3 v\u00e0 c\u1ed1ng hi\u1ebfn h\u1ebft m\u00ecnh. Th\u00e0nh c\u00f4ng c\u1ee7a b\u1ea1n s\u1ebd ph\u1ea3n \u00e1nh \u0111i\u1ec1u \u0111\u00f3.<\/p>\n\n<\/div>\n\t<\/div>\n\t\t\t<span class=\"biw-card__cta\">\u0110\u1ecdc Th\u00eam<\/span>\n\t<\/div><\/div>\n<\/div>\n<\/div>\n\n\n\n<p><\/p>\n<\/div>\n\n\n\n<figure class=\"wp-block-embed is-type-video is-provider-vimeo wp-block-embed-vimeo wp-embed-aspect-16-9 wp-has-aspect-ratio\"><div class=\"wp-block-embed__wrapper\">\n<iframe loading=\"lazy\" title=\"2024 Kawasaki North American Dealer Meeting\" src=\"https:\/\/player.vimeo.com\/video\/950842762?dnt=1&amp;app_id=122963\" width=\"500\" height=\"281\" frameborder=\"0\" allow=\"autoplay; fullscreen; picture-in-picture; clipboard-write; encrypted-media\"><\/iframe>\n<\/div><\/figure>\n\n\n\n<div class=\"wp-block-group alignfull  layout-columns-10 has-global-padding is-layout-constrained wp-container-core-group-is-layout-cc7bd7df wp-block-group-is-layout-constrained\">\n<div class=\"wp-block-group  layout-columns-8 has-global-padding is-layout-constrained wp-container-core-group-is-layout-fce79bf6 wp-block-group-is-layout-constrained\">\n<h2 class=\"wp-block-heading has-text-align-center\">M\u1ed7i con s\u1ed1 \u0111\u1ec1u \u1ea9n ch\u1ee9a m\u1ed9t c\u00e2u chuy\u1ec7n.<\/h2>\n<\/div>\n\n\n\n<div class=\"wp-block-group  layout-columns-10 has-global-padding is-layout-constrained wp-container-core-group-is-layout-0b5f5b40 wp-block-group-is-layout-constrained\">\n<div class=\"wp-block-group has-text-align-center is-layout-grid wp-container-core-group-is-layout-ef442fb0 wp-block-group-is-layout-grid\">\n<div class=\"wp-block-group is-vertical is-content-justification-center is-layout-flex wp-container-core-group-is-layout-81423f52 wp-block-group-is-layout-flex\">\n<h3 class=\"wp-block-heading has-text-align-left has-impact-font-size  has-text-wrap-no-wrap  has-gradient-fill has-gradient-fill-orange\">9M<\/h3>\n\n\n\n<p class=\"has-text-align-center has-large-font-size  has-text-wrap-balance\">9 tri\u1ec7u s\u1ed1 VIN \u0111\u01b0\u1ee3c x\u1eed l\u00fd m\u1ed7i n\u0103m<\/p>\n<\/div>\n\n\n\n<div class=\"wp-block-group is-vertical is-content-justification-center is-layout-flex wp-container-core-group-is-layout-81423f52 wp-block-group-is-layout-flex\">\n<h3 class=\"wp-block-heading has-text-align-left has-impact-font-size  has-text-wrap-no-wrap  has-gradient-fill has-gradient-fill-orange\">5M<\/h3>\n\n\n\n<p class=\"has-text-align-center has-large-font-size  has-text-wrap-balance\">5 tri\u1ec7u l\u01b0\u1ee3t kh\u00e1ch gh\u00e9 th\u0103m c\u00e1c trang web \u00f4 t\u00f4 c\u1ee7a BIW m\u1ed7i n\u0103m<\/p>\n<\/div>\n\n\n\n<div class=\"wp-block-group has-text-align-center is-vertical is-content-justification-center is-layout-flex wp-container-core-group-is-layout-81423f52 wp-block-group-is-layout-flex\">\n<h3 class=\"wp-block-heading has-text-align-left has-impact-font-size  has-text-wrap-no-wrap  has-gradient-fill has-gradient-fill-orange\">12k<\/h3>\n\n\n\n<p class=\"has-text-align-center has-large-font-size  has-text-wrap-balance\">12 ngh\u00ecn \u0111\u1ea1i l\u00fd t\u00edch c\u1ef1c tham gia m\u1ed7i n\u0103m<\/p>\n<\/div>\n<\/div>\n<\/div>\n<\/div>\n","protected":false},"excerpt":{"rendered":"<p>Ch\u00e0o m\u1eebng b\u1ea1n \u0111\u1ebfn v\u1edbi \u0111\u01b0\u1eddng \u0111ua t\u1ed1c \u0111\u1ed9! Ng\u00e0nh c\u00f4ng nghi\u1ec7p \u00f4 t\u00f4 r\u1ea5t ph\u1ee9c t\u1ea1p v\u00e0 kh\u00f4ng ng\u1eebng ph\u00e1t tri\u1ec3n. Ch\u00fang t\u00f4i hi\u1ec3u b\u1ea1n. V\u00e0 ch\u00fang t\u00f4i l\u00e0 nh\u1eefng ng\u01b0\u1eddi b\u1ea1n \u0111\u1ed3ng h\u00e0nh chi\u1ebfn l\u01b0\u1ee3c lu\u00f4n \u0111i tr\u01b0\u1edbc ba b\u01b0\u1edbc, \u0111\u1ec3 mang l\u1ea1i k\u1ebft qu\u1ea3 thi\u1ebft th\u1ef1c v\u00e0 l\u1ee3i nhu\u1eadn r\u00f5 r\u00e0ng cho [&hellip;]<\/p>\n","protected":false},"author":11,"featured_media":0,"parent":140,"menu_order":0,"comment_status":"closed","ping_status":"closed","template":"","meta":{"featured_image_focal_point":{"x":0.5,"y":0.5},"footnotes":""},"wf_page_folders":[41],"class_list":["post-144","page","type-page","status-publish","hentry"],"yoast_head":"<!-- This site is optimized with the Yoast SEO plugin v26.2 - https:\/\/yoast.com\/wordpress\/plugins\/seo\/ -->\n<title>\u00d4 T\u00f4 - Vietnam (English)<\/title>\n<meta name=\"robots\" content=\"index, follow, max-snippet:-1, max-image-preview:large, max-video-preview:-1\" \/>\n<link rel=\"canonical\" href=\"https:\/\/www.biworldwide.com\/vn-vn\/who-we-serve\/automotive\/\" \/>\n<meta property=\"og:locale\" content=\"en_US\" \/>\n<meta property=\"og:type\" content=\"article\" \/>\n<meta property=\"og:title\" content=\"\u00d4 T\u00f4 - Vietnam (English)\" \/>\n<meta property=\"og:description\" content=\"Ch\u00e0o m\u1eebng b\u1ea1n \u0111\u1ebfn v\u1edbi \u0111\u01b0\u1eddng \u0111ua t\u1ed1c \u0111\u1ed9! Ng\u00e0nh c\u00f4ng nghi\u1ec7p \u00f4 t\u00f4 r\u1ea5t ph\u1ee9c t\u1ea1p v\u00e0 kh\u00f4ng ng\u1eebng ph\u00e1t tri\u1ec3n. Ch\u00fang t\u00f4i hi\u1ec3u b\u1ea1n. V\u00e0 ch\u00fang t\u00f4i l\u00e0 nh\u1eefng ng\u01b0\u1eddi b\u1ea1n \u0111\u1ed3ng h\u00e0nh chi\u1ebfn l\u01b0\u1ee3c lu\u00f4n \u0111i tr\u01b0\u1edbc ba b\u01b0\u1edbc, \u0111\u1ec3 mang l\u1ea1i k\u1ebft qu\u1ea3 thi\u1ebft th\u1ef1c v\u00e0 l\u1ee3i nhu\u1eadn r\u00f5 r\u00e0ng cho [&hellip;]\" \/>\n<meta property=\"og:url\" content=\"https:\/\/www.biworldwide.com\/vn-vn\/who-we-serve\/automotive\/\" \/>\n<meta property=\"og:site_name\" content=\"Vietnam (English)\" \/>\n<meta property=\"article:modified_time\" content=\"2025-06-12T04:36:52+00:00\" \/>\n<meta name=\"twitter:card\" content=\"summary_large_image\" \/>\n<meta name=\"twitter:label1\" content=\"Est. reading time\" \/>\n\t<meta name=\"twitter:data1\" content=\"2 minutes\" \/>\n<script type=\"application\/ld+json\" class=\"yoast-schema-graph\">{\"@context\":\"https:\/\/schema.org\",\"@graph\":[{\"@type\":\"WebPage\",\"@id\":\"https:\/\/www.biworldwide.com\/vn-vn\/who-we-serve\/automotive\/\",\"url\":\"https:\/\/www.biworldwide.com\/vn-vn\/who-we-serve\/automotive\/\",\"name\":\"\u00d4 T\u00f4 - Vietnam (English)\",\"isPartOf\":{\"@id\":\"https:\/\/www.biworldwide.com\/vn-vn\/#website\"},\"datePublished\":\"2025-01-14T16:20:14+00:00\",\"dateModified\":\"2025-06-12T04:36:52+00:00\",\"breadcrumb\":{\"@id\":\"https:\/\/www.biworldwide.com\/vn-vn\/who-we-serve\/automotive\/#breadcrumb\"},\"inLanguage\":\"en-US\",\"potentialAction\":[{\"@type\":\"ReadAction\",\"target\":[\"https:\/\/www.biworldwide.com\/vn-vn\/who-we-serve\/automotive\/\"]}]},{\"@type\":\"BreadcrumbList\",\"@id\":\"https:\/\/www.biworldwide.com\/vn-vn\/who-we-serve\/automotive\/#breadcrumb\",\"itemListElement\":[{\"@type\":\"ListItem\",\"position\":1,\"name\":\"Home\",\"item\":\"https:\/\/www.biworldwide.com\/vn-vn\/\"},{\"@type\":\"ListItem\",\"position\":2,\"name\":\"Who We Serve\",\"item\":\"https:\/\/www.biworldwide.com\/vn-vn\/who-we-serve\/\"},{\"@type\":\"ListItem\",\"position\":3,\"name\":\"\u00d4 T\u00f4\"}]},{\"@type\":\"WebSite\",\"@id\":\"https:\/\/www.biworldwide.com\/vn-vn\/#website\",\"url\":\"https:\/\/www.biworldwide.com\/vn-vn\/\",\"name\":\"Vietnam (English)\",\"description\":\"\",\"potentialAction\":[{\"@type\":\"SearchAction\",\"target\":{\"@type\":\"EntryPoint\",\"urlTemplate\":\"https:\/\/www.biworldwide.com\/vn-vn\/?s={search_term_string}\"},\"query-input\":{\"@type\":\"PropertyValueSpecification\",\"valueRequired\":true,\"valueName\":\"search_term_string\"}}],\"inLanguage\":\"en-US\"}]}<\/script>\n<!-- \/ Yoast SEO plugin. -->","yoast_head_json":{"title":"\u00d4 T\u00f4 - Vietnam (English)","robots":{"index":"index","follow":"follow","max-snippet":"max-snippet:-1","max-image-preview":"max-image-preview:large","max-video-preview":"max-video-preview:-1"},"canonical":"https:\/\/www.biworldwide.com\/vn-vn\/who-we-serve\/automotive\/","og_locale":"en_US","og_type":"article","og_title":"\u00d4 T\u00f4 - Vietnam (English)","og_description":"Ch\u00e0o m\u1eebng b\u1ea1n \u0111\u1ebfn v\u1edbi \u0111\u01b0\u1eddng \u0111ua t\u1ed1c \u0111\u1ed9! Ng\u00e0nh c\u00f4ng nghi\u1ec7p \u00f4 t\u00f4 r\u1ea5t ph\u1ee9c t\u1ea1p v\u00e0 kh\u00f4ng ng\u1eebng ph\u00e1t tri\u1ec3n. Ch\u00fang t\u00f4i hi\u1ec3u b\u1ea1n. V\u00e0 ch\u00fang t\u00f4i l\u00e0 nh\u1eefng ng\u01b0\u1eddi b\u1ea1n \u0111\u1ed3ng h\u00e0nh chi\u1ebfn l\u01b0\u1ee3c lu\u00f4n \u0111i tr\u01b0\u1edbc ba b\u01b0\u1edbc, \u0111\u1ec3 mang l\u1ea1i k\u1ebft qu\u1ea3 thi\u1ebft th\u1ef1c v\u00e0 l\u1ee3i nhu\u1eadn r\u00f5 r\u00e0ng cho [&hellip;]","og_url":"https:\/\/www.biworldwide.com\/vn-vn\/who-we-serve\/automotive\/","og_site_name":"Vietnam (English)","article_modified_time":"2025-06-12T04:36:52+00:00","twitter_card":"summary_large_image","twitter_misc":{"Est. reading time":"2 minutes"},"schema":{"@context":"https:\/\/schema.org","@graph":[{"@type":"WebPage","@id":"https:\/\/www.biworldwide.com\/vn-vn\/who-we-serve\/automotive\/","url":"https:\/\/www.biworldwide.com\/vn-vn\/who-we-serve\/automotive\/","name":"\u00d4 T\u00f4 - Vietnam (English)","isPartOf":{"@id":"https:\/\/www.biworldwide.com\/vn-vn\/#website"},"datePublished":"2025-01-14T16:20:14+00:00","dateModified":"2025-06-12T04:36:52+00:00","breadcrumb":{"@id":"https:\/\/www.biworldwide.com\/vn-vn\/who-we-serve\/automotive\/#breadcrumb"},"inLanguage":"en-US","potentialAction":[{"@type":"ReadAction","target":["https:\/\/www.biworldwide.com\/vn-vn\/who-we-serve\/automotive\/"]}]},{"@type":"BreadcrumbList","@id":"https:\/\/www.biworldwide.com\/vn-vn\/who-we-serve\/automotive\/#breadcrumb","itemListElement":[{"@type":"ListItem","position":1,"name":"Home","item":"https:\/\/www.biworldwide.com\/vn-vn\/"},{"@type":"ListItem","position":2,"name":"Who We Serve","item":"https:\/\/www.biworldwide.com\/vn-vn\/who-we-serve\/"},{"@type":"ListItem","position":3,"name":"\u00d4 T\u00f4"}]},{"@type":"WebSite","@id":"https:\/\/www.biworldwide.com\/vn-vn\/#website","url":"https:\/\/www.biworldwide.com\/vn-vn\/","name":"Vietnam (English)","description":"","potentialAction":[{"@type":"SearchAction","target":{"@type":"EntryPoint","urlTemplate":"https:\/\/www.biworldwide.com\/vn-vn\/?s={search_term_string}"},"query-input":{"@type":"PropertyValueSpecification","valueRequired":true,"valueName":"search_term_string"}}],"inLanguage":"en-US"}]}},"_links":{"self":[{"href":"https:\/\/www.biworldwide.com\/vn-vn\/wp-json\/wp\/v2\/pages\/144","targetHints":{"allow":["GET"]}}],"collection":[{"href":"https:\/\/www.biworldwide.com\/vn-vn\/wp-json\/wp\/v2\/pages"}],"about":[{"href":"https:\/\/www.biworldwide.com\/vn-vn\/wp-json\/wp\/v2\/types\/page"}],"author":[{"embeddable":true,"href":"https:\/\/www.biworldwide.com\/vn-vn\/wp-json\/wp\/v2\/users\/11"}],"replies":[{"embeddable":true,"href":"https:\/\/www.biworldwide.com\/vn-vn\/wp-json\/wp\/v2\/comments?post=144"}],"version-history":[{"count":6,"href":"https:\/\/www.biworldwide.com\/vn-vn\/wp-json\/wp\/v2\/pages\/144\/revisions"}],"predecessor-version":[{"id":2115,"href":"https:\/\/www.biworldwide.com\/vn-vn\/wp-json\/wp\/v2\/pages\/144\/revisions\/2115"}],"up":[{"embeddable":true,"href":"https:\/\/www.biworldwide.com\/vn-vn\/wp-json\/wp\/v2\/pages\/140"}],"wp:attachment":[{"href":"https:\/\/www.biworldwide.com\/vn-vn\/wp-json\/wp\/v2\/media?parent=144"}],"wp:term":[{"taxonomy":"wf_page_folders","embeddable":true,"href":"https:\/\/www.biworldwide.com\/vn-vn\/wp-json\/wp\/v2\/wf_page_folders?post=144"}],"curies":[{"name":"wp","href":"https:\/\/api.w.org\/{rel}","templated":true}]}}