{"id":147,"date":"2025-01-14T16:22:21","date_gmt":"2025-01-14T16:22:21","guid":{"rendered":"https:\/\/live-biw-main.pantheonsite.io\/?page_id=147"},"modified":"2025-06-09T09:54:29","modified_gmt":"2025-06-09T01:54:29","slug":"building-supply","status":"publish","type":"page","link":"https:\/\/www.biworldwide.com\/vn-vn\/who-we-serve\/building-supply\/","title":{"rendered":"T\u1ea1o D\u1ef1ng Ngu\u1ed3n Cung"},"content":{"rendered":"<div class=\" has-content-align-left has-overlay has-overlay--dark alignfull wp-block-biw-block-theme-hero\">\n\t<div class=\"biw-hero__grid\">\n\t\t\t\t\t<div class=\"biw-hero__breadcrumbs\">\n\t\t\t\t<div id=\"breadcrumbs\" class=\"breadcrumb-nav__wrapper\"><span class=\"breadcrumb-nav\"><span><a href=\"https:\/\/www.biworldwide.com\/vn-vn\/\">Home<\/a><\/span><\/span><\/div>\t\t\t<\/div>\n\t\t\n\t\t\t\t\t<div class=\"biw-hero__media \">\n\t\t\t\t\t\t\t\t\t<div class=\"biw-hero__overlay overlay-dark\"><\/div>\n\t\t\t\t\t\t\t\t<img decoding=\"async\" src=\"https:\/\/www.biworldwide.com\/wp-content\/uploads\/2025\/02\/BuildingSupply-Paint-1728x600px.jpg\" alt=\"A paintbrush rests on an open can of paint against a background with large blocks of red, orange, and yellow hues. The composition creates a vibrant and colorful visual contrast.\" class=\"biw-hero__bg-image\" style=\"object-position: 50% 50%;\">\t\t\t<\/div>\n\t\t\t\t<div class=\"biw-hero__content\">\n\t\t\t\t\t\t<h1 class=\"biw-hero__title\" style=\"line-height: 1.2\">\n\t\t\t\tT\u1ea1o D\u1ef1ng Ngu\u1ed3n Cung\t\t\t<\/h1>\n\t\t\t\t\t\t\t<h2 class=\"biw-hero__subtitle\">\n\t\t\t\t\t<strong>\u0110\u1ec3 x\u00e2y d\u1ef1ng m\u1ed9t doanh nghi\u1ec7p v\u1eefng m\u1ea1nh h\u01a1n, b\u1ea1n c\u1ea7n nh\u1eefng c\u00f4ng c\u1ee5 marketing s\u00e1ng t\u1ea1o.<\/strong>\t\t\t\t<\/h2>\n\t\t\t\t\t\t\t\t\t\t<div class=\"biw-hero__text\">\n\t\t\t\t\t\n\n<p>Vun \u0111\u1eafp l\u00f2ng trung th\u00e0nh b\u1eb1ng c\u00e1ch k\u1ebft h\u1ee3p chi\u1ebfn l\u01b0\u1ee3c gi\u1eefa th\u00f4ng tin chi ti\u1ebft v\u1ec1 kh\u00e1ch h\u00e0ng, c\u00f4ng c\u1ee5 marketing theo m\u1ee5c ti\u00eau v\u00e0 nh\u1eefng ph\u1ea7n th\u01b0\u1edfng h\u1ea5p d\u1eabn.<br><a href=\"https:\/\/www.biworldwide.com\/channel-sales\/coalition-marketing\/contractor-rewards\/#below-hero\"><\/a><\/p>\n\n\t\t\t\t<\/div>\n\t\t\t\t\t\t\t\t<\/div>\n\t<\/div>\n<\/div>\n\n\n\n<div class=\"wp-block-group  layout-columns-8 has-global-padding is-layout-constrained wp-container-core-group-is-layout-fce79bf6 wp-block-group-is-layout-constrained\">\n<p class=\"has-xl-font-size\"><strong>Th\u1eed th\u00e1ch:<\/strong><\/p>\n\n\n\n<p>Thu h\u00fat kh\u00e1ch h\u00e0ng m\u1edbi, gi\u1edbi thi\u1ec7u s\u1ea3n ph\u1ea9m v\u00e0 d\u1ecbch v\u1ee5 b\u1ed5 sung cho kh\u00e1ch h\u00e0ng hi\u1ec7n t\u1ea1i v\u00e0 t\u1ea1o d\u1ef1ng m\u1ed9t c\u1ed9ng \u0111\u1ed3ng trung th\u00e0nh nhi\u1ec7t huy\u1ebft cho th\u01b0\u01a1ng hi\u1ec7u c\u1ee7a b\u1ea1n.<\/p>\n\n\n\n<p class=\"has-xl-font-size\"><strong>Gi\u1ea3i ph\u00e1p:<\/strong><\/p>\n\n\n\n<p>Khen th\u01b0\u1edfng h\u1ecd.<\/p>\n\n\n\n<p>Tham gia c\u00f9ng nh\u1eefng th\u01b0\u01a1ng hi\u1ec7u s\u1ea3n ph\u1ea9m x\u00e2y d\u1ef1ng n\u1ed5i ti\u1ebfng nh\u1ea5t B\u1eafc M\u1ef9 trong m\u1ed9t ch\u01b0\u01a1ng tr\u00ecnh \u0111\u01b0\u1ee3c thi\u1ebft k\u1ebf \u0111\u1ec3 b\u1ea3o v\u1ec7 gi\u00e1 tr\u1ecb th\u01b0\u01a1ng hi\u1ec7u, \u0111\u1ed3ng th\u1eddi t\u1ea1o ra s\u1ee9c m\u1ea1nh b\u00e1n h\u00e0ng v\u01b0\u1ee3t tr\u1ed9i.<\/p>\n\n\n\n<p>Ch\u01b0\u01a1ng tr\u00ecnh Ph\u1ea7n Th\u01b0\u1edfng cho Nh\u00e0 Th\u1ea7u nh\u1eafm \u0111\u1ebfn c\u00e1c nh\u00e0 th\u1ea7u ch\u00ednh v\u00e0 nh\u00e0 th\u1ea7u ph\u1ee5 trong l\u0129nh v\u1ef1c x\u00e2y d\u1ef1ng nh\u00e0 \u1edf v\u00e0 th\u01b0\u01a1ng m\u1ea1i. C\u00e1ch \u0111\u0103ng k\u00fd tham gia v\u00f4 c\u00f9ng \u0111\u01a1n gi\u1ea3n, v\u00e0 c\u00e1c nh\u00e0 th\u1ea7u s\u1ebd t\u00edch \u0111i\u1ec3m khi mua c\u00e1c s\u1ea3n ph\u1ea9m tham gia ch\u01b0\u01a1ng tr\u00ecnh. S\u1ed1 \u0111i\u1ec3m n\u00e0y c\u00f3 th\u1ec3 \u0111\u01b0\u1ee3c \u0111\u1ed5i l\u1ea5y h\u01a1n 350.000 m\u00f3n qu\u00e0 h\u1ea5p d\u1eabn t\u1eeb danh m\u1ee5c qu\u00e0 t\u1eb7ng tr\u1ef1c tuy\u1ebfn.<\/p>\n\n\n\n<p>C\u00f2n b\u1ea1n th\u00ec sao? B\u1ea1n s\u1ebd nh\u1eadn \u0111\u01b0\u1ee3c l\u1ee3i th\u1ebf t\u1eeb vi\u1ec7c th\u01b0\u01a1ng hi\u1ec7u c\u1ee7a m\u00ecnh \u0111\u01b0\u1ee3c \u01b0a chu\u1ed9ng c\u0169ng nh\u01b0 s\u1edf h\u1eefu kho d\u1eef li\u1ec7u kh\u00e1ch h\u00e0ng phong ph\u00fa. Ch\u00fang t\u00f4i tin r\u1eb1ng nh\u1eefng nh\u00e0 qu\u1ea3n l\u00fd th\u01b0\u01a1ng hi\u1ec7u th\u00e0nh c\u00f4ng lu\u00f4n hi\u1ec3u r\u00f5 ai l\u00e0 ng\u01b0\u1eddi mua s\u1ea3n ph\u1ea9m c\u1ee7a h\u1ecd v\u00e0 l\u00fd do m\u00e0 kh\u00e1ch h\u00e0ng ch\u1ecdn s\u1ea3n ph\u1ea9m \u0111\u00f3. Nh\u1eefng hi\u1ec3u bi\u1ebft qu\u00fd b\u00e1u n\u00e0y gi\u00fap b\u1ea1n t\u1ea1o ra c\u00e1c chi\u1ebfn d\u1ecbch marketing nh\u1eafm \u0111\u00fang m\u1ee5c ti\u00eau, t\u1ed1i \u01b0u h\u00f3a hi\u1ec7u qu\u1ea3 cho t\u1eebng \u0111\u1ed3ng b\u1ea1n \u0111\u1ea7u t\u01b0 v\u00e0o marketing.<\/p>\n\n\n\n<p>\u0110i\u1ec1u cu\u1ed1i c\u00f9ng: Gi\u1ea3m gi\u00e1 kh\u00f4ng chi\u1ebfn th\u1eafng. L\u00f2ng trung th\u00e0nh m\u1edbi l\u00e0 y\u1ebfu t\u1ed1 l\u00e0m n\u00ean chi\u1ebfn th\u1eafng.<\/p>\n<\/div>\n\n\n\n<figure class=\"wp-block-embed is-type-video is-provider-vimeo wp-block-embed-vimeo wp-embed-aspect-16-9 wp-has-aspect-ratio\"><div class=\"wp-block-embed__wrapper\">\n<iframe loading=\"lazy\" title=\"CR_Awareness Video_Jan 2025\" src=\"https:\/\/player.vimeo.com\/video\/1059037029?dnt=1&amp;app_id=122963\" width=\"500\" height=\"281\" frameborder=\"0\" allow=\"autoplay; fullscreen; picture-in-picture; clipboard-write; encrypted-media\"><\/iframe>\n<\/div><\/figure>\n\n\n\n<div class=\"wp-block-group alignfull has-global-padding is-layout-constrained wp-container-core-group-is-layout-e04489b5 wp-block-group-is-layout-constrained\">\n<div class=\"wp-block-group  layout-columns-8 has-global-padding is-layout-constrained wp-container-core-group-is-layout-fce79bf6 wp-block-group-is-layout-constrained\">\n<h2 class=\"wp-block-heading has-text-align-center\">T\u00ednh tr\u01b0\u1edbc. L\u00e0m sau.<\/h2>\n<\/div>\n\n\n\n<div class=\"wp-block-group  layout-columns-10 has-global-padding is-layout-constrained wp-container-core-group-is-layout-0b5f5b40 wp-block-group-is-layout-constrained\">\n<div class=\"wp-block-group has-text-align-center is-layout-grid wp-container-core-group-is-layout-ef442fb0 wp-block-group-is-layout-grid\">\n<div class=\"wp-block-group is-vertical is-content-justification-center is-layout-flex wp-container-core-group-is-layout-81423f52 wp-block-group-is-layout-flex\">\n<h3 class=\"wp-block-heading has-impact-font-size  has-text-wrap-no-wrap  has-gradient-fill has-gradient-fill-orange\">450k<\/h3>\n\n\n\n<p class=\"has-text-align-center has-large-font-size  has-text-wrap-balance\">450 ngh\u00ecn h\u00f3a \u0111\u01a1n \u0111\u01b0\u1ee3c x\u1eed l\u00fd m\u1ed7i qu\u00fd<\/p>\n<\/div>\n\n\n\n<div class=\"wp-block-group is-vertical is-content-justification-center is-layout-flex wp-container-core-group-is-layout-81423f52 wp-block-group-is-layout-flex\">\n<h3 class=\"wp-block-heading has-impact-font-size  has-text-wrap-no-wrap  has-gradient-fill has-gradient-fill-orange\">95.6%<\/h3>\n\n\n\n<p class=\"has-text-align-center has-large-font-size  has-text-wrap-balance\">T\u1ef7 l\u1ec7 h\u00f3a \u0111\u01a1n \u0111\u01b0\u1ee3c ch\u1ea5p nh\u1eadn l\u00ean \u0111\u1ebfn 95,60%<\/p>\n<\/div>\n\n\n\n<div class=\"wp-block-group is-vertical is-content-justification-center is-layout-flex wp-container-core-group-is-layout-81423f52 wp-block-group-is-layout-flex\">\n<h3 class=\"wp-block-heading has-impact-font-size  has-text-wrap-no-wrap  has-gradient-fill has-gradient-fill-orange\">1.6<\/h3>\n\n\n\n<p class=\"has-text-align-center has-large-font-size  has-text-wrap-balance\">Trung b\u00ecnh m\u1ea5t kho\u1ea3ng 1,6 ng\u00e0y \u0111\u1ec3 x\u1eed l\u00fd h\u00f3a \u0111\u01a1n<\/p>\n<\/div>\n<\/div>\n<\/div>\n<\/div>\n\n\n\n<p><\/p>\n","protected":false},"excerpt":{"rendered":"<p>Th\u1eed th\u00e1ch: Thu h\u00fat kh\u00e1ch h\u00e0ng m\u1edbi, gi\u1edbi thi\u1ec7u s\u1ea3n ph\u1ea9m v\u00e0 d\u1ecbch v\u1ee5 b\u1ed5 sung cho kh\u00e1ch h\u00e0ng hi\u1ec7n t\u1ea1i v\u00e0 t\u1ea1o d\u1ef1ng m\u1ed9t c\u1ed9ng \u0111\u1ed3ng trung th\u00e0nh nhi\u1ec7t huy\u1ebft cho th\u01b0\u01a1ng hi\u1ec7u c\u1ee7a b\u1ea1n. Gi\u1ea3i ph\u00e1p: Khen th\u01b0\u1edfng h\u1ecd. Tham gia c\u00f9ng nh\u1eefng th\u01b0\u01a1ng hi\u1ec7u s\u1ea3n ph\u1ea9m x\u00e2y d\u1ef1ng n\u1ed5i ti\u1ebfng nh\u1ea5t B\u1eafc [&hellip;]<\/p>\n","protected":false},"author":11,"featured_media":0,"parent":140,"menu_order":0,"comment_status":"closed","ping_status":"closed","template":"","meta":{"featured_image_focal_point":{"x":0.5,"y":0.5},"footnotes":""},"wf_page_folders":[41],"class_list":["post-147","page","type-page","status-publish","hentry"],"yoast_head":"<!-- This site is optimized with the Yoast SEO plugin v26.2 - https:\/\/yoast.com\/wordpress\/plugins\/seo\/ -->\n<title>T\u1ea1o D\u1ef1ng Ngu\u1ed3n Cung - Vietnam (English)<\/title>\n<meta name=\"robots\" content=\"index, follow, max-snippet:-1, max-image-preview:large, max-video-preview:-1\" \/>\n<link rel=\"canonical\" href=\"https:\/\/www.biworldwide.com\/vn-vn\/who-we-serve\/building-supply\/\" \/>\n<meta property=\"og:locale\" content=\"en_US\" \/>\n<meta property=\"og:type\" content=\"article\" \/>\n<meta property=\"og:title\" content=\"T\u1ea1o D\u1ef1ng Ngu\u1ed3n Cung - Vietnam (English)\" \/>\n<meta property=\"og:description\" content=\"Th\u1eed th\u00e1ch: Thu h\u00fat kh\u00e1ch h\u00e0ng m\u1edbi, gi\u1edbi thi\u1ec7u s\u1ea3n ph\u1ea9m v\u00e0 d\u1ecbch v\u1ee5 b\u1ed5 sung cho kh\u00e1ch h\u00e0ng hi\u1ec7n t\u1ea1i v\u00e0 t\u1ea1o d\u1ef1ng m\u1ed9t c\u1ed9ng \u0111\u1ed3ng trung th\u00e0nh nhi\u1ec7t huy\u1ebft cho th\u01b0\u01a1ng hi\u1ec7u c\u1ee7a b\u1ea1n. Gi\u1ea3i ph\u00e1p: Khen th\u01b0\u1edfng h\u1ecd. Tham gia c\u00f9ng nh\u1eefng th\u01b0\u01a1ng hi\u1ec7u s\u1ea3n ph\u1ea9m x\u00e2y d\u1ef1ng n\u1ed5i ti\u1ebfng nh\u1ea5t B\u1eafc [&hellip;]\" \/>\n<meta property=\"og:url\" content=\"https:\/\/www.biworldwide.com\/vn-vn\/who-we-serve\/building-supply\/\" \/>\n<meta property=\"og:site_name\" content=\"Vietnam (English)\" \/>\n<meta property=\"article:modified_time\" content=\"2025-06-09T01:54:29+00:00\" \/>\n<meta name=\"twitter:card\" content=\"summary_large_image\" \/>\n<meta name=\"twitter:label1\" content=\"Est. reading time\" \/>\n\t<meta name=\"twitter:data1\" content=\"2 minutes\" \/>\n<script type=\"application\/ld+json\" class=\"yoast-schema-graph\">{\"@context\":\"https:\/\/schema.org\",\"@graph\":[{\"@type\":\"WebPage\",\"@id\":\"https:\/\/www.biworldwide.com\/vn-vn\/who-we-serve\/building-supply\/\",\"url\":\"https:\/\/www.biworldwide.com\/vn-vn\/who-we-serve\/building-supply\/\",\"name\":\"T\u1ea1o D\u1ef1ng Ngu\u1ed3n Cung - Vietnam (English)\",\"isPartOf\":{\"@id\":\"https:\/\/www.biworldwide.com\/vn-vn\/#website\"},\"datePublished\":\"2025-01-14T16:22:21+00:00\",\"dateModified\":\"2025-06-09T01:54:29+00:00\",\"breadcrumb\":{\"@id\":\"https:\/\/www.biworldwide.com\/vn-vn\/who-we-serve\/building-supply\/#breadcrumb\"},\"inLanguage\":\"en-US\",\"potentialAction\":[{\"@type\":\"ReadAction\",\"target\":[\"https:\/\/www.biworldwide.com\/vn-vn\/who-we-serve\/building-supply\/\"]}]},{\"@type\":\"BreadcrumbList\",\"@id\":\"https:\/\/www.biworldwide.com\/vn-vn\/who-we-serve\/building-supply\/#breadcrumb\",\"itemListElement\":[{\"@type\":\"ListItem\",\"position\":1,\"name\":\"Home\",\"item\":\"https:\/\/www.biworldwide.com\/vn-vn\/\"},{\"@type\":\"ListItem\",\"position\":2,\"name\":\"Who We Serve\",\"item\":\"https:\/\/www.biworldwide.com\/vn-vn\/who-we-serve\/\"},{\"@type\":\"ListItem\",\"position\":3,\"name\":\"T\u1ea1o D\u1ef1ng Ngu\u1ed3n Cung\"}]},{\"@type\":\"WebSite\",\"@id\":\"https:\/\/www.biworldwide.com\/vn-vn\/#website\",\"url\":\"https:\/\/www.biworldwide.com\/vn-vn\/\",\"name\":\"Vietnam (English)\",\"description\":\"\",\"potentialAction\":[{\"@type\":\"SearchAction\",\"target\":{\"@type\":\"EntryPoint\",\"urlTemplate\":\"https:\/\/www.biworldwide.com\/vn-vn\/?s={search_term_string}\"},\"query-input\":{\"@type\":\"PropertyValueSpecification\",\"valueRequired\":true,\"valueName\":\"search_term_string\"}}],\"inLanguage\":\"en-US\"}]}<\/script>\n<!-- \/ Yoast SEO plugin. -->","yoast_head_json":{"title":"T\u1ea1o D\u1ef1ng Ngu\u1ed3n Cung - Vietnam (English)","robots":{"index":"index","follow":"follow","max-snippet":"max-snippet:-1","max-image-preview":"max-image-preview:large","max-video-preview":"max-video-preview:-1"},"canonical":"https:\/\/www.biworldwide.com\/vn-vn\/who-we-serve\/building-supply\/","og_locale":"en_US","og_type":"article","og_title":"T\u1ea1o D\u1ef1ng Ngu\u1ed3n Cung - Vietnam (English)","og_description":"Th\u1eed th\u00e1ch: Thu h\u00fat kh\u00e1ch h\u00e0ng m\u1edbi, gi\u1edbi thi\u1ec7u s\u1ea3n ph\u1ea9m v\u00e0 d\u1ecbch v\u1ee5 b\u1ed5 sung cho kh\u00e1ch h\u00e0ng hi\u1ec7n t\u1ea1i v\u00e0 t\u1ea1o d\u1ef1ng m\u1ed9t c\u1ed9ng \u0111\u1ed3ng trung th\u00e0nh nhi\u1ec7t huy\u1ebft cho th\u01b0\u01a1ng hi\u1ec7u c\u1ee7a b\u1ea1n. Gi\u1ea3i ph\u00e1p: Khen th\u01b0\u1edfng h\u1ecd. Tham gia c\u00f9ng nh\u1eefng th\u01b0\u01a1ng hi\u1ec7u s\u1ea3n ph\u1ea9m x\u00e2y d\u1ef1ng n\u1ed5i ti\u1ebfng nh\u1ea5t B\u1eafc [&hellip;]","og_url":"https:\/\/www.biworldwide.com\/vn-vn\/who-we-serve\/building-supply\/","og_site_name":"Vietnam (English)","article_modified_time":"2025-06-09T01:54:29+00:00","twitter_card":"summary_large_image","twitter_misc":{"Est. reading time":"2 minutes"},"schema":{"@context":"https:\/\/schema.org","@graph":[{"@type":"WebPage","@id":"https:\/\/www.biworldwide.com\/vn-vn\/who-we-serve\/building-supply\/","url":"https:\/\/www.biworldwide.com\/vn-vn\/who-we-serve\/building-supply\/","name":"T\u1ea1o D\u1ef1ng Ngu\u1ed3n Cung - Vietnam (English)","isPartOf":{"@id":"https:\/\/www.biworldwide.com\/vn-vn\/#website"},"datePublished":"2025-01-14T16:22:21+00:00","dateModified":"2025-06-09T01:54:29+00:00","breadcrumb":{"@id":"https:\/\/www.biworldwide.com\/vn-vn\/who-we-serve\/building-supply\/#breadcrumb"},"inLanguage":"en-US","potentialAction":[{"@type":"ReadAction","target":["https:\/\/www.biworldwide.com\/vn-vn\/who-we-serve\/building-supply\/"]}]},{"@type":"BreadcrumbList","@id":"https:\/\/www.biworldwide.com\/vn-vn\/who-we-serve\/building-supply\/#breadcrumb","itemListElement":[{"@type":"ListItem","position":1,"name":"Home","item":"https:\/\/www.biworldwide.com\/vn-vn\/"},{"@type":"ListItem","position":2,"name":"Who We Serve","item":"https:\/\/www.biworldwide.com\/vn-vn\/who-we-serve\/"},{"@type":"ListItem","position":3,"name":"T\u1ea1o D\u1ef1ng Ngu\u1ed3n Cung"}]},{"@type":"WebSite","@id":"https:\/\/www.biworldwide.com\/vn-vn\/#website","url":"https:\/\/www.biworldwide.com\/vn-vn\/","name":"Vietnam (English)","description":"","potentialAction":[{"@type":"SearchAction","target":{"@type":"EntryPoint","urlTemplate":"https:\/\/www.biworldwide.com\/vn-vn\/?s={search_term_string}"},"query-input":{"@type":"PropertyValueSpecification","valueRequired":true,"valueName":"search_term_string"}}],"inLanguage":"en-US"}]}},"_links":{"self":[{"href":"https:\/\/www.biworldwide.com\/vn-vn\/wp-json\/wp\/v2\/pages\/147","targetHints":{"allow":["GET"]}}],"collection":[{"href":"https:\/\/www.biworldwide.com\/vn-vn\/wp-json\/wp\/v2\/pages"}],"about":[{"href":"https:\/\/www.biworldwide.com\/vn-vn\/wp-json\/wp\/v2\/types\/page"}],"author":[{"embeddable":true,"href":"https:\/\/www.biworldwide.com\/vn-vn\/wp-json\/wp\/v2\/users\/11"}],"replies":[{"embeddable":true,"href":"https:\/\/www.biworldwide.com\/vn-vn\/wp-json\/wp\/v2\/comments?post=147"}],"version-history":[{"count":5,"href":"https:\/\/www.biworldwide.com\/vn-vn\/wp-json\/wp\/v2\/pages\/147\/revisions"}],"predecessor-version":[{"id":1883,"href":"https:\/\/www.biworldwide.com\/vn-vn\/wp-json\/wp\/v2\/pages\/147\/revisions\/1883"}],"up":[{"embeddable":true,"href":"https:\/\/www.biworldwide.com\/vn-vn\/wp-json\/wp\/v2\/pages\/140"}],"wp:attachment":[{"href":"https:\/\/www.biworldwide.com\/vn-vn\/wp-json\/wp\/v2\/media?parent=147"}],"wp:term":[{"taxonomy":"wf_page_folders","embeddable":true,"href":"https:\/\/www.biworldwide.com\/vn-vn\/wp-json\/wp\/v2\/wf_page_folders?post=147"}],"curies":[{"name":"wp","href":"https:\/\/api.w.org\/{rel}","templated":true}]}}