{"id":149,"date":"2025-01-14T16:22:47","date_gmt":"2025-01-14T16:22:47","guid":{"rendered":"https:\/\/live-biw-main.pantheonsite.io\/?page_id=149"},"modified":"2025-06-09T10:22:31","modified_gmt":"2025-06-09T02:22:31","slug":"communications-media-and-entertainment","status":"publish","type":"page","link":"https:\/\/www.biworldwide.com\/vn-vn\/who-we-serve\/communications-media-and-entertainment\/","title":{"rendered":"Truy\u1ec1n Th\u00f4ng, Truy\u1ec1n Th\u00f4ng \u0110\u1ea1i Ch\u00fang v\u00e0 Gi\u1ea3i Tr\u00ed"},"content":{"rendered":"<div class=\" has-content-align-left has-overlay has-overlay--dark alignfull wp-block-biw-block-theme-hero\">\n\t<div class=\"biw-hero__grid\">\n\t\t\t\t\t<div class=\"biw-hero__breadcrumbs\">\n\t\t\t\t<div id=\"breadcrumbs\" class=\"breadcrumb-nav__wrapper\"><span class=\"breadcrumb-nav\"><span><a href=\"https:\/\/www.biworldwide.com\/vn-vn\/\">Home<\/a><\/span><\/span><\/div>\t\t\t<\/div>\n\t\t\n\t\t\t\t\t<div class=\"biw-hero__media \">\n\t\t\t\t\t\t\t\t\t<div class=\"biw-hero__overlay overlay-dark\"><\/div>\n\t\t\t\t\t\t\t\t<img loading=\"lazy\" decoding=\"async\" width=\"1024\" height=\"577\" src=\"https:\/\/www.biworldwide.com\/vn-vn\/wp-content\/uploads\/sites\/17\/2025\/05\/Meetings-and-events-1300x732px-1024x577-1.jpg\" class=\"biw-hero__bg-image\" alt=\"M\u1ed9t ng\u01b0\u1eddi \u0111eo tai nghe \u0111ang \u0111i\u1ec1u khi\u1ec3n m\u00e1y quay video trong m\u1ed9t studio c\u00f3 \u00e1nh s\u00e1ng m\u1ea1nh v\u1edbi \u0111\u00e8n s\u00e2n kh\u1ea5u m\u00e0u xanh v\u00e0 cam c\u00f9ng m\u00e0n h\u00ecnh ph\u00e1t s\u00e1ng \u1edf ph\u00eda sau.\" style=\"object-position: 50% 50%;\" srcset=\"https:\/\/www.biworldwide.com\/vn-vn\/wp-content\/uploads\/sites\/17\/2025\/05\/Meetings-and-events-1300x732px-1024x577-1.jpg 1024w, https:\/\/www.biworldwide.com\/vn-vn\/wp-content\/uploads\/sites\/17\/2025\/05\/Meetings-and-events-1300x732px-1024x577-1-300x169.jpg 300w, https:\/\/www.biworldwide.com\/vn-vn\/wp-content\/uploads\/sites\/17\/2025\/05\/Meetings-and-events-1300x732px-1024x577-1-768x433.jpg 768w\" sizes=\"auto, (max-width: 1024px) 100vw, 1024px\" \/>\t\t\t<\/div>\n\t\t\t\t<div class=\"biw-hero__content\">\n\t\t\t\t\t\t<h1 class=\"biw-hero__title\" style=\"line-height: 1.2\">\n\t\t\t\tTruy\u1ec1n Th\u00f4ng, Truy\u1ec1n Th\u00f4ng \u0110\u1ea1i Ch\u00fang v\u00e0 Gi\u1ea3i Tr\u00ed\t\t\t<\/h1>\n\t\t\t\t\t\t\t<h2 class=\"biw-hero__subtitle\">\n\t\t\t\t\tT\u1ea1o \u0111\u1ed9ng l\u1ef1c cho nh\u00e2n vi\u00ean v\u00e0 t\u0103ng doanh s\u1ed1 \u0111\u1ec3 mang l\u1ea1i s\u1ef1 h\u00e0i l\u00f2ng cho kh\u00e1ch h\u00e0ng.\t\t\t\t<\/h2>\n\t\t\t\t\t\t\t\t\t\t<div class=\"biw-hero__text\">\n\t\t\t\t\t\n\n<p>\u0110\u00e0o t\u1ea1o, truy\u1ec1n c\u1ea3m h\u1ee9ng v\u00e0 t\u1ea1o s\u1ef1 g\u1eafn k\u1ebft cho \u0111\u1ed9i ng\u0169 tuy\u1ebfn \u0111\u1ea7u c\u1ee7a b\u1ea1n \u0111\u1ec3 thay \u0111\u1ed5i h\u00e0nh vi m\u1ed9t c\u00e1ch t\u00edch c\u1ef1c, t\u1ea1o th\u00eam \u0111\u1ed9ng l\u1ef1c n\u00e2ng cao doanh s\u1ed1 nh\u1eb1m t\u0103ng c\u01b0\u1eddng m\u1ee9c \u0111\u1ed9 g\u1eafn b\u00f3 c\u1ee7a nh\u00e2n vi\u00ean v\u00e0 gi\u00fap kh\u00e1ch h\u00e0ng th\u00eam h\u00e0i l\u00f2ng.<\/p>\n\n\t\t\t\t<\/div>\n\t\t\t\t\t\t\t\t<\/div>\n\t<\/div>\n<\/div>\n\n\n\n<div class=\"wp-block-group  layout-columns-8 has-global-padding is-layout-constrained wp-container-core-group-is-layout-fce79bf6 wp-block-group-is-layout-constrained\">\n<p class=\"has-xxl-font-size\"><strong>Nh\u1eefng v\u1ea5n \u0111\u1ec1 ch\u00fang t\u00f4i gi\u1ea3i quy\u1ebft.<\/strong><\/p>\n\n\n\n<p class=\"has-xl-font-size\"><strong><a href=\"https:\/\/www.biworldwide.com\/vn-vn\/sales-team-motivation\/\">\u0110\u1ed9ng vi\u00ean t\u1ea5t c\u1ea3 nh\u1eefng ng\u01b0\u1eddi b\u00e1n h\u00e0ng<\/a><\/strong><\/p>\n\n\n\n<p>Ch\u00fang t\u00f4i truy\u1ec1n c\u1ea3m h\u1ee9ng cho to\u00e0n \u0111\u1ed9i ng\u0169 b\u00e1n h\u00e0ng c\u1ee7a b\u1ea1n t\u1ea1o ra s\u1ef1 thay \u0111\u1ed5i t\u00edch c\u1ef1c, th\u00fac \u0111\u1ea9y l\u1ee3i nhu\u1eadn v\u00e0 t\u0103ng tr\u01b0\u1edfng doanh s\u1ed1 b\u1eb1ng c\u00e1ch:<\/p>\n\n\n\n<ul class=\"wp-block-list\">\n<li class=\"has-large-font-size\">R\u00fat ng\u1eafn th\u1eddi gian n\u00e2ng cao nh\u1eadn th\u1ee9c v\u00e0 hi\u1ec3u bi\u1ebft v\u1ec1 c\u00e1c s\u00e1ng ki\u1ebfn quan tr\u1ecdng \u0111\u1ec3 th\u00fac \u0111\u1ea9y th\u00e0nh t\u1ef1u m\u1ee5c ti\u00eau t\u1eebng b\u01b0\u1edbc, lan t\u1ecfa kh\u1eafp \u0111\u1ed9i ng\u0169 b\u00e1n h\u00e0ng.<\/li>\n\n\n\n<li class=\"has-large-font-size\">T\u1eadp trung v\u00e0o nh\u1eefng h\u00e0nh \u0111\u1ed9ng gi\u00e1 tr\u1ecb cao, mang l\u1ea1i k\u1ebft qu\u1ea3 t\u00edch c\u1ef1c cho c\u00e1c chi\u1ebfn d\u1ecbch b\u00e1n h\u00e0ng.<\/li>\n\n\n\n<li class=\"has-large-font-size\">\u1ee8ng d\u1ee5ng tr\u00f2 ch\u01a1i h\u00f3a \u0111\u1ec3 b\u1ed3i d\u01b0\u1ee1ng cho \u0111\u1ed9i ng\u0169 b\u00e1n h\u00e0ng c\u1ee7a b\u1ea1n v\u1ec1 ki\u1ebfn th\u1ee9c v\u00e0 k\u1ef9 n\u0103ng quan tr\u1ecdng, gi\u00fap h\u1ecd truy\u1ec1n t\u1ea3i gi\u00e1 tr\u1ecb c\u1ee7a b\u1ea1n m\u1ed9t c\u00e1ch thuy\u1ebft ph\u1ee5c nh\u1ea5t t\u1edbi ng\u01b0\u1eddi d\u00f9ng cu\u1ed1i.<\/li>\n\n\n\n<li class=\"has-large-font-size\">T\u1ed1i \u01b0u h\u00f3a kho\u1ea3n \u0111\u1ea7u t\u01b0 kh\u00edch l\u1ec7 v\u00e0 ghi nh\u1eadn \u0111\u1ed1i v\u1edbi \u0111\u1ed9i ng\u0169 b\u00e1n h\u00e0ng c\u1ee7a b\u1ea1n.<\/li>\n<\/ul>\n\n\n\n<figure class=\"wp-block-image size-large\"><img decoding=\"async\" src=\"https:\/\/www.biworldwide.com\/wp-content\/uploads\/2025\/02\/Sales-team-motivation-1300x732px-1024x577.jpg\" alt=\"Blurry image of a speaker in a suit onstage, holding a microphone, addressing an audience. The room is dimly lit, with attendees mostly out of focus, suggesting a conference or presentation setting.\" class=\"wp-image-2275\" \/><\/figure>\n<\/div>\n\n\n\n<div class=\"wp-block-group  layout-columns-8 has-global-padding is-layout-constrained wp-container-core-group-is-layout-fce79bf6 wp-block-group-is-layout-constrained\">\n<p class=\"has-xl-font-size\"><a href=\"https:\/\/www.biworldwide.com\/vn-vn\/employee-engagement\/\"><strong>Truy\u1ec1n c\u1ea3m h\u1ee9ng v\u00e0 g\u1eafn k\u1ebft nh\u00e2n vi\u00ean c\u1ee7a b\u1ea1n<\/strong><\/a><\/p>\n\n\n\n<p>Ch\u00fang t\u00f4i h\u1ed7 tr\u1ee3 b\u1ea1n thu h\u00fat, truy\u1ec1n c\u1ea3m h\u1ee9ng v\u00e0 gi\u1eef ch\u00e2n \u0111\u1ed9i ng\u0169 b\u00e1n h\u00e0ng xu\u1ea5t s\u1eafc b\u1eb1ng c\u00e1ch:<\/p>\n\n\n\n<ul class=\"wp-block-list\">\n<li class=\"has-large-font-size\">Nh\u1eadn di\u1ec7n nh\u1eefng h\u00e0nh vi quan tr\u1ecdng v\u00e0 th\u00e0nh t\u1ef1u \u0111\u00e1ng t\u1ef1 h\u00e0o.<\/li>\n\n\n\n<li class=\"has-large-font-size\">Connecting employees to your culture and purpose.<\/li>\n\n\n\n<li class=\"has-large-font-size\">K\u1ebft n\u1ed1i nh\u00e2n vi\u00ean v\u1edbi v\u0103n h\u00f3a v\u00e0 s\u1ee9 m\u1ec7nh c\u1ee7a b\u1ea1n.<\/li>\n\n\n\n<li class=\"has-large-font-size\">Rewarding employees for living the culture on a daily basis.<\/li>\n\n\n\n<li class=\"has-large-font-size\">T\u00f4n vinh v\u00e0 ghi nh\u1eadn nh\u1eefng \u0111\u00f3ng g\u00f3p c\u1ee7a nh\u00e2n vi\u00ean.<\/li>\n<\/ul>\n\n\n\n<figure class=\"wp-block-image size-large\"><img decoding=\"async\" src=\"https:\/\/www.biworldwide.com\/wp-content\/uploads\/2025\/02\/Employee-engagement-WomanReceivingApplause-1300x732px-1024x577.jpg\" alt=\"A smiling woman with curly hair sits at a table, looking up. She is surrounded by several people clapping, all wearing business attire. A laptop is visible in front of her. The atmosphere appears celebratory and supportive.\" class=\"wp-image-2254\" \/><\/figure>\n<\/div>\n\n\n\n<div class=\"wp-block-group  layout-columns-8 has-global-padding is-layout-constrained wp-container-core-group-is-layout-fce79bf6 wp-block-group-is-layout-constrained\">\n<p class=\"has-xl-font-size\"><strong><a href=\"https:\/\/www.biworldwide.com\/vn-vn\/channel-engagement\/\">T\u0103ng c\u01b0\u1eddng l\u00f2ng trung th\u00e0nh c\u1ee7a \u0111\u1ed1i t\u00e1c<\/a><\/strong><\/p>\n\n\n\n<p>Ch\u00fang t\u00f4i gi\u00fap b\u1ea1n x\u00e2y d\u1ef1ng nh\u1eefng m\u1ed1i quan h\u1ec7 b\u1ec1n ch\u1eb7t v\u00e0 l\u00e2u d\u00e0i, \u0111\u1ed3ng th\u1eddi t\u0103ng doanh s\u1ed1 v\u00e0 l\u1ee3i nhu\u1eadn c\u00f9ng c\u00e1c nh\u00e0 ph\u00e2n ph\u1ed1i, \u0111\u1ea1i l\u00fd v\u00e0 nh\u00e0 cung c\u1ea5p gi\u1ea3i ph\u00e1p b\u1eb1ng c\u00e1ch:<\/p>\n\n\n\n<ul class=\"wp-block-list\">\n<li class=\"has-large-font-size\">Ph\u00e2n t\u00edch v\u00e0 ph\u00e2n lo\u1ea1i hi\u1ec7u su\u1ea5t c\u1ee7a c\u00e1c \u0111\u1ed1i t\u00e1c k\u00eanh ph\u00e2n ph\u1ed1i.<\/li>\n\n\n\n<li class=\"has-large-font-size\">T\u00ecm ki\u1ebfm nh\u1eefng s\u00e1ng ki\u1ebfn \u0111\u1ed9t ph\u00e1 \u0111\u1ec3 th\u00fac \u0111\u1ea9y t\u0103ng tr\u01b0\u1edfng v\u00e0 l\u1ee3i nhu\u1eadn, t\u1eeb \u0111\u00f3 t\u1ed1i \u0111a h\u00f3a l\u1ee3i nhu\u1eadn \u0111\u1ea7u t\u01b0 cho chi\u1ebfn d\u1ecbch marketing c\u1ee7a b\u1ea1n.<\/li>\n\n\n\n<li class=\"has-large-font-size\">Thu h\u00fat s\u1ef1 ch\u00fa \u00fd c\u1ee7a \u0111\u1ed1i t\u00e1c k\u00eanh v\u00e0 duy tr\u00ec v\u1ecb th\u1ebf h\u00e0ng \u0111\u1ea7u cho doanh nghi\u1ec7p c\u1ee7a b\u1ea1n.<\/li>\n\n\n\n<li class=\"has-large-font-size\">Th\u00fac \u0111\u1ea9y kh\u1ea3 n\u0103ng b\u00e1n h\u00e0ng qua k\u00eanh v\u00e0 nh\u1eefng ho\u1ea1t \u0111\u1ed9ng mang l\u1ea1i gi\u00e1 tr\u1ecb cao.<\/li>\n\n\n\n<li class=\"has-large-font-size\">N\u00e2ng cao ki\u1ebfn th\u1ee9c, k\u1ef9 n\u0103ng v\u00e0 kh\u1ea3 n\u0103ng c\u1ee7a \u0111\u1ed1i t\u00e1c k\u00eanh \u0111\u1ec3 truy\u1ec1n t\u1ea3i gi\u00e1 tr\u1ecb \u0111\u1eb7c bi\u1ec7t c\u1ee7a b\u1ea1n v\u00e0 b\u00e1n c\u00e1c gi\u1ea3i ph\u00e1p m\u1ed9t c\u00e1ch hi\u1ec7u qu\u1ea3.<\/li>\n\n\n\n<li class=\"has-large-font-size\">Khuy\u1ebfn kh\u00edch, ghi nh\u1eadn v\u00e0 khen th\u01b0\u1edfng s\u1ef1 ph\u00e1t tri\u1ec3n doanh s\u1ed1 qua c\u00e1c \u0111\u1ed1i t\u00e1c k\u00eanh \u1edf m\u1ecdi ph\u00e2n kh\u00fac v\u00e0\/ho\u1eb7c c\u1ea5p \u0111\u1ed9.<\/li>\n<\/ul>\n\n\n\n<figure class=\"wp-block-image size-large\"><img decoding=\"async\" src=\"https:\/\/www.biworldwide.com\/wp-content\/uploads\/2025\/02\/Channel-sales-LoadingDock-1300x732px-1024x577.jpg\" alt=\"Aerial view of four parked trucks in a row, one being orange and the others white. They are aligned diagonally on a marked gray asphalt surface.\" class=\"wp-image-2246\" \/><\/figure>\n<\/div>\n","protected":false},"excerpt":{"rendered":"<p>Nh\u1eefng v\u1ea5n \u0111\u1ec1 ch\u00fang t\u00f4i gi\u1ea3i quy\u1ebft. \u0110\u1ed9ng vi\u00ean t\u1ea5t c\u1ea3 nh\u1eefng ng\u01b0\u1eddi b\u00e1n h\u00e0ng Ch\u00fang t\u00f4i truy\u1ec1n c\u1ea3m h\u1ee9ng cho to\u00e0n \u0111\u1ed9i ng\u0169 b\u00e1n h\u00e0ng c\u1ee7a b\u1ea1n t\u1ea1o ra s\u1ef1 thay \u0111\u1ed5i t\u00edch c\u1ef1c, th\u00fac \u0111\u1ea9y l\u1ee3i nhu\u1eadn v\u00e0 t\u0103ng tr\u01b0\u1edfng doanh s\u1ed1 b\u1eb1ng c\u00e1ch: Truy\u1ec1n c\u1ea3m h\u1ee9ng v\u00e0 g\u1eafn k\u1ebft nh\u00e2n vi\u00ean c\u1ee7a [&hellip;]<\/p>\n","protected":false},"author":11,"featured_media":0,"parent":140,"menu_order":0,"comment_status":"closed","ping_status":"closed","template":"","meta":{"featured_image_focal_point":{"x":0.5,"y":0.5},"footnotes":""},"wf_page_folders":[41],"class_list":["post-149","page","type-page","status-publish","hentry"],"yoast_head":"<!-- This site is optimized with the Yoast SEO plugin v26.2 - https:\/\/yoast.com\/wordpress\/plugins\/seo\/ -->\n<title>Truy\u1ec1n Th\u00f4ng, Truy\u1ec1n Th\u00f4ng \u0110\u1ea1i Ch\u00fang v\u00e0 Gi\u1ea3i Tr\u00ed - Vietnam (English)<\/title>\n<meta name=\"robots\" content=\"index, follow, max-snippet:-1, max-image-preview:large, max-video-preview:-1\" \/>\n<link rel=\"canonical\" href=\"https:\/\/www.biworldwide.com\/vn-vn\/who-we-serve\/communications-media-and-entertainment\/\" \/>\n<meta property=\"og:locale\" content=\"en_US\" \/>\n<meta property=\"og:type\" content=\"article\" \/>\n<meta property=\"og:title\" content=\"Truy\u1ec1n Th\u00f4ng, Truy\u1ec1n Th\u00f4ng \u0110\u1ea1i Ch\u00fang v\u00e0 Gi\u1ea3i Tr\u00ed - Vietnam (English)\" \/>\n<meta property=\"og:description\" content=\"Nh\u1eefng v\u1ea5n \u0111\u1ec1 ch\u00fang t\u00f4i gi\u1ea3i quy\u1ebft. \u0110\u1ed9ng vi\u00ean t\u1ea5t c\u1ea3 nh\u1eefng ng\u01b0\u1eddi b\u00e1n h\u00e0ng Ch\u00fang t\u00f4i truy\u1ec1n c\u1ea3m h\u1ee9ng cho to\u00e0n \u0111\u1ed9i ng\u0169 b\u00e1n h\u00e0ng c\u1ee7a b\u1ea1n t\u1ea1o ra s\u1ef1 thay \u0111\u1ed5i t\u00edch c\u1ef1c, th\u00fac \u0111\u1ea9y l\u1ee3i nhu\u1eadn v\u00e0 t\u0103ng tr\u01b0\u1edfng doanh s\u1ed1 b\u1eb1ng c\u00e1ch: Truy\u1ec1n c\u1ea3m h\u1ee9ng v\u00e0 g\u1eafn k\u1ebft nh\u00e2n vi\u00ean c\u1ee7a [&hellip;]\" \/>\n<meta property=\"og:url\" content=\"https:\/\/www.biworldwide.com\/vn-vn\/who-we-serve\/communications-media-and-entertainment\/\" \/>\n<meta property=\"og:site_name\" content=\"Vietnam (English)\" \/>\n<meta property=\"article:modified_time\" content=\"2025-06-09T02:22:31+00:00\" \/>\n<meta property=\"og:image\" content=\"https:\/\/www.biworldwide.com\/wp-content\/uploads\/2025\/02\/Sales-team-motivation-1300x732px-1024x577.jpg\" \/>\n<meta name=\"twitter:card\" content=\"summary_large_image\" \/>\n<meta name=\"twitter:label1\" content=\"Est. reading time\" \/>\n\t<meta name=\"twitter:data1\" content=\"3 minutes\" \/>\n<script type=\"application\/ld+json\" class=\"yoast-schema-graph\">{\"@context\":\"https:\/\/schema.org\",\"@graph\":[{\"@type\":\"WebPage\",\"@id\":\"https:\/\/www.biworldwide.com\/vn-vn\/who-we-serve\/communications-media-and-entertainment\/\",\"url\":\"https:\/\/www.biworldwide.com\/vn-vn\/who-we-serve\/communications-media-and-entertainment\/\",\"name\":\"Truy\u1ec1n Th\u00f4ng, Truy\u1ec1n Th\u00f4ng \u0110\u1ea1i Ch\u00fang v\u00e0 Gi\u1ea3i Tr\u00ed - Vietnam (English)\",\"isPartOf\":{\"@id\":\"https:\/\/www.biworldwide.com\/vn-vn\/#website\"},\"primaryImageOfPage\":{\"@id\":\"https:\/\/www.biworldwide.com\/vn-vn\/who-we-serve\/communications-media-and-entertainment\/#primaryimage\"},\"image\":{\"@id\":\"https:\/\/www.biworldwide.com\/vn-vn\/who-we-serve\/communications-media-and-entertainment\/#primaryimage\"},\"thumbnailUrl\":\"https:\/\/www.biworldwide.com\/wp-content\/uploads\/2025\/02\/Sales-team-motivation-1300x732px-1024x577.jpg\",\"datePublished\":\"2025-01-14T16:22:47+00:00\",\"dateModified\":\"2025-06-09T02:22:31+00:00\",\"breadcrumb\":{\"@id\":\"https:\/\/www.biworldwide.com\/vn-vn\/who-we-serve\/communications-media-and-entertainment\/#breadcrumb\"},\"inLanguage\":\"en-US\",\"potentialAction\":[{\"@type\":\"ReadAction\",\"target\":[\"https:\/\/www.biworldwide.com\/vn-vn\/who-we-serve\/communications-media-and-entertainment\/\"]}]},{\"@type\":\"ImageObject\",\"inLanguage\":\"en-US\",\"@id\":\"https:\/\/www.biworldwide.com\/vn-vn\/who-we-serve\/communications-media-and-entertainment\/#primaryimage\",\"url\":\"https:\/\/www.biworldwide.com\/wp-content\/uploads\/2025\/02\/Sales-team-motivation-1300x732px-1024x577.jpg\",\"contentUrl\":\"https:\/\/www.biworldwide.com\/wp-content\/uploads\/2025\/02\/Sales-team-motivation-1300x732px-1024x577.jpg\"},{\"@type\":\"BreadcrumbList\",\"@id\":\"https:\/\/www.biworldwide.com\/vn-vn\/who-we-serve\/communications-media-and-entertainment\/#breadcrumb\",\"itemListElement\":[{\"@type\":\"ListItem\",\"position\":1,\"name\":\"Home\",\"item\":\"https:\/\/www.biworldwide.com\/vn-vn\/\"},{\"@type\":\"ListItem\",\"position\":2,\"name\":\"Who We Serve\",\"item\":\"https:\/\/www.biworldwide.com\/vn-vn\/who-we-serve\/\"},{\"@type\":\"ListItem\",\"position\":3,\"name\":\"Truy\u1ec1n Th\u00f4ng, Truy\u1ec1n Th\u00f4ng \u0110\u1ea1i Ch\u00fang v\u00e0 Gi\u1ea3i Tr\u00ed\"}]},{\"@type\":\"WebSite\",\"@id\":\"https:\/\/www.biworldwide.com\/vn-vn\/#website\",\"url\":\"https:\/\/www.biworldwide.com\/vn-vn\/\",\"name\":\"Vietnam (English)\",\"description\":\"\",\"potentialAction\":[{\"@type\":\"SearchAction\",\"target\":{\"@type\":\"EntryPoint\",\"urlTemplate\":\"https:\/\/www.biworldwide.com\/vn-vn\/?s={search_term_string}\"},\"query-input\":{\"@type\":\"PropertyValueSpecification\",\"valueRequired\":true,\"valueName\":\"search_term_string\"}}],\"inLanguage\":\"en-US\"}]}<\/script>\n<!-- \/ Yoast SEO plugin. -->","yoast_head_json":{"title":"Truy\u1ec1n Th\u00f4ng, Truy\u1ec1n Th\u00f4ng \u0110\u1ea1i Ch\u00fang v\u00e0 Gi\u1ea3i Tr\u00ed - Vietnam (English)","robots":{"index":"index","follow":"follow","max-snippet":"max-snippet:-1","max-image-preview":"max-image-preview:large","max-video-preview":"max-video-preview:-1"},"canonical":"https:\/\/www.biworldwide.com\/vn-vn\/who-we-serve\/communications-media-and-entertainment\/","og_locale":"en_US","og_type":"article","og_title":"Truy\u1ec1n Th\u00f4ng, Truy\u1ec1n Th\u00f4ng \u0110\u1ea1i Ch\u00fang v\u00e0 Gi\u1ea3i Tr\u00ed - Vietnam (English)","og_description":"Nh\u1eefng v\u1ea5n \u0111\u1ec1 ch\u00fang t\u00f4i gi\u1ea3i quy\u1ebft. \u0110\u1ed9ng vi\u00ean t\u1ea5t c\u1ea3 nh\u1eefng ng\u01b0\u1eddi b\u00e1n h\u00e0ng Ch\u00fang t\u00f4i truy\u1ec1n c\u1ea3m h\u1ee9ng cho to\u00e0n \u0111\u1ed9i ng\u0169 b\u00e1n h\u00e0ng c\u1ee7a b\u1ea1n t\u1ea1o ra s\u1ef1 thay \u0111\u1ed5i t\u00edch c\u1ef1c, th\u00fac \u0111\u1ea9y l\u1ee3i nhu\u1eadn v\u00e0 t\u0103ng tr\u01b0\u1edfng doanh s\u1ed1 b\u1eb1ng c\u00e1ch: Truy\u1ec1n c\u1ea3m h\u1ee9ng v\u00e0 g\u1eafn k\u1ebft nh\u00e2n vi\u00ean c\u1ee7a [&hellip;]","og_url":"https:\/\/www.biworldwide.com\/vn-vn\/who-we-serve\/communications-media-and-entertainment\/","og_site_name":"Vietnam (English)","article_modified_time":"2025-06-09T02:22:31+00:00","og_image":[{"url":"https:\/\/www.biworldwide.com\/wp-content\/uploads\/2025\/02\/Sales-team-motivation-1300x732px-1024x577.jpg","type":"","width":"","height":""}],"twitter_card":"summary_large_image","twitter_misc":{"Est. reading time":"3 minutes"},"schema":{"@context":"https:\/\/schema.org","@graph":[{"@type":"WebPage","@id":"https:\/\/www.biworldwide.com\/vn-vn\/who-we-serve\/communications-media-and-entertainment\/","url":"https:\/\/www.biworldwide.com\/vn-vn\/who-we-serve\/communications-media-and-entertainment\/","name":"Truy\u1ec1n Th\u00f4ng, Truy\u1ec1n Th\u00f4ng \u0110\u1ea1i Ch\u00fang v\u00e0 Gi\u1ea3i Tr\u00ed - Vietnam (English)","isPartOf":{"@id":"https:\/\/www.biworldwide.com\/vn-vn\/#website"},"primaryImageOfPage":{"@id":"https:\/\/www.biworldwide.com\/vn-vn\/who-we-serve\/communications-media-and-entertainment\/#primaryimage"},"image":{"@id":"https:\/\/www.biworldwide.com\/vn-vn\/who-we-serve\/communications-media-and-entertainment\/#primaryimage"},"thumbnailUrl":"https:\/\/www.biworldwide.com\/wp-content\/uploads\/2025\/02\/Sales-team-motivation-1300x732px-1024x577.jpg","datePublished":"2025-01-14T16:22:47+00:00","dateModified":"2025-06-09T02:22:31+00:00","breadcrumb":{"@id":"https:\/\/www.biworldwide.com\/vn-vn\/who-we-serve\/communications-media-and-entertainment\/#breadcrumb"},"inLanguage":"en-US","potentialAction":[{"@type":"ReadAction","target":["https:\/\/www.biworldwide.com\/vn-vn\/who-we-serve\/communications-media-and-entertainment\/"]}]},{"@type":"ImageObject","inLanguage":"en-US","@id":"https:\/\/www.biworldwide.com\/vn-vn\/who-we-serve\/communications-media-and-entertainment\/#primaryimage","url":"https:\/\/www.biworldwide.com\/wp-content\/uploads\/2025\/02\/Sales-team-motivation-1300x732px-1024x577.jpg","contentUrl":"https:\/\/www.biworldwide.com\/wp-content\/uploads\/2025\/02\/Sales-team-motivation-1300x732px-1024x577.jpg"},{"@type":"BreadcrumbList","@id":"https:\/\/www.biworldwide.com\/vn-vn\/who-we-serve\/communications-media-and-entertainment\/#breadcrumb","itemListElement":[{"@type":"ListItem","position":1,"name":"Home","item":"https:\/\/www.biworldwide.com\/vn-vn\/"},{"@type":"ListItem","position":2,"name":"Who We Serve","item":"https:\/\/www.biworldwide.com\/vn-vn\/who-we-serve\/"},{"@type":"ListItem","position":3,"name":"Truy\u1ec1n Th\u00f4ng, Truy\u1ec1n Th\u00f4ng \u0110\u1ea1i Ch\u00fang v\u00e0 Gi\u1ea3i Tr\u00ed"}]},{"@type":"WebSite","@id":"https:\/\/www.biworldwide.com\/vn-vn\/#website","url":"https:\/\/www.biworldwide.com\/vn-vn\/","name":"Vietnam (English)","description":"","potentialAction":[{"@type":"SearchAction","target":{"@type":"EntryPoint","urlTemplate":"https:\/\/www.biworldwide.com\/vn-vn\/?s={search_term_string}"},"query-input":{"@type":"PropertyValueSpecification","valueRequired":true,"valueName":"search_term_string"}}],"inLanguage":"en-US"}]}},"_links":{"self":[{"href":"https:\/\/www.biworldwide.com\/vn-vn\/wp-json\/wp\/v2\/pages\/149","targetHints":{"allow":["GET"]}}],"collection":[{"href":"https:\/\/www.biworldwide.com\/vn-vn\/wp-json\/wp\/v2\/pages"}],"about":[{"href":"https:\/\/www.biworldwide.com\/vn-vn\/wp-json\/wp\/v2\/types\/page"}],"author":[{"embeddable":true,"href":"https:\/\/www.biworldwide.com\/vn-vn\/wp-json\/wp\/v2\/users\/11"}],"replies":[{"embeddable":true,"href":"https:\/\/www.biworldwide.com\/vn-vn\/wp-json\/wp\/v2\/comments?post=149"}],"version-history":[{"count":5,"href":"https:\/\/www.biworldwide.com\/vn-vn\/wp-json\/wp\/v2\/pages\/149\/revisions"}],"predecessor-version":[{"id":1885,"href":"https:\/\/www.biworldwide.com\/vn-vn\/wp-json\/wp\/v2\/pages\/149\/revisions\/1885"}],"up":[{"embeddable":true,"href":"https:\/\/www.biworldwide.com\/vn-vn\/wp-json\/wp\/v2\/pages\/140"}],"wp:attachment":[{"href":"https:\/\/www.biworldwide.com\/vn-vn\/wp-json\/wp\/v2\/media?parent=149"}],"wp:term":[{"taxonomy":"wf_page_folders","embeddable":true,"href":"https:\/\/www.biworldwide.com\/vn-vn\/wp-json\/wp\/v2\/wf_page_folders?post=149"}],"curies":[{"name":"wp","href":"https:\/\/api.w.org\/{rel}","templated":true}]}}