{"id":151,"date":"2025-01-14T16:23:43","date_gmt":"2025-01-14T16:23:43","guid":{"rendered":"https:\/\/live-biw-main.pantheonsite.io\/?page_id=151"},"modified":"2025-06-09T10:30:10","modified_gmt":"2025-06-09T02:30:10","slug":"consumer-goods-and-services","status":"publish","type":"page","link":"https:\/\/www.biworldwide.com\/vn-vn\/who-we-serve\/consumer-goods-and-services\/","title":{"rendered":"H\u00e0ng Ti\u00eau D\u00f9ng v\u00e0 D\u1ecbch V\u1ee5"},"content":{"rendered":"<div class=\" has-content-align-left has-overlay has-overlay--dark alignfull wp-block-biw-block-theme-hero\">\n\t<div class=\"biw-hero__grid\">\n\t\t\t\t\t<div class=\"biw-hero__breadcrumbs\">\n\t\t\t\t<div id=\"breadcrumbs\" class=\"breadcrumb-nav__wrapper\"><span class=\"breadcrumb-nav\"><span><a href=\"https:\/\/www.biworldwide.com\/vn-vn\/\">Home<\/a><\/span><\/span><\/div>\t\t\t<\/div>\n\t\t\n\t\t\t\t\t<div class=\"biw-hero__media \">\n\t\t\t\t\t\t\t\t\t<div class=\"biw-hero__overlay overlay-dark\"><\/div>\n\t\t\t\t\t\t\t\t<img decoding=\"async\" src=\"https:\/\/www.biworldwide.com\/wp-content\/uploads\/2025\/02\/ConsumerGoods-1728x600px.jpg\" alt=\"Shelves filled with various types of packaged bread rolls in a bakery section of a grocery store. The bread is neatly arranged in metal racks, and each package has a label. The floor is a light-colored tile.\" class=\"biw-hero__bg-image\" style=\"object-position: 50% 50%;\">\t\t\t<\/div>\n\t\t\t\t<div class=\"biw-hero__content\">\n\t\t\t\t\t\t<h1 class=\"biw-hero__title\" style=\"line-height: 1.2\">\n\t\t\t\tH\u00e0ng Ti\u00eau D\u00f9ng v\u00e0 D\u1ecbch V\u1ee5\t\t\t<\/h1>\n\t\t\t\t\t\t\t<h2 class=\"biw-hero__subtitle\">\n\t\t\t\t\tT\u1eeb c\u1eeda kho \u0111\u1ebfn qu\u1ea7y thanh to\u00e1n, ch\u00fang t\u00f4i c\u00f3 nh\u1eefng gi\u1ea3i ph\u00e1p g\u1eafn k\u1ebft \u0111\u01b0\u1ee3c thi\u1ebft k\u1ebf \u0111\u1eb7c bi\u1ec7t cho h\u00e0ng ti\u00eau d\u00f9ng v\u00e0 d\u1ecbch v\u1ee5.\t\t\t\t<\/h2>\n\t\t\t\t\t\t\t\t\t\t<div class=\"biw-hero__text\">\n\t\t\t\t\t\n\n<p>Ch\u00fang t\u00f4i h\u1ee3p t\u00e1c v\u1edbi c\u00e1c c\u00f4ng ty h\u00e0ng \u0111\u1ea7u trong ng\u00e0nh h\u00e0ng ti\u00eau d\u00f9ng, t\u1ea1o ra nh\u1eefng gi\u1ea3i ph\u00e1p thu h\u00fat nhi\u1ec1u \u0111\u1ed1i t\u01b0\u1ee3ng kh\u00e1c nhau, t\u1eeb s\u1ea3n xu\u1ea5t, ph\u00e2n ph\u1ed1i, b\u00e1n h\u00e0ng cho \u0111\u1ebfn nh\u00e2n vi\u00ean v\u0103n ph\u00f2ng.<\/p>\n\n\t\t\t\t<\/div>\n\t\t\t\t\t\t\t\t<\/div>\n\t<\/div>\n<\/div>\n\n\n\n<div class=\"wp-block-group alignfull has-global-padding is-layout-constrained wp-container-core-group-is-layout-97ab3c77 wp-block-group-is-layout-constrained\">\n<div class=\"wp-block-group has-text-align-center  layout-columns-8 has-global-padding is-layout-constrained wp-container-core-group-is-layout-ee362a79 wp-block-group-is-layout-constrained\">\n<h2 class=\"wp-block-heading has-text-align-center  has-text-wrap-pretty\">Nh\u1eefng gi\u1ea3i ph\u00e1p mang l\u1ea1i hi\u1ec7u qu\u1ea3 th\u1eadt s\u1ef1.<\/h2>\n\n\n\n<p class=\" has-text-wrap-balance\">C\u00e1c ch\u01b0\u01a1ng tr\u00ecnh c\u1ee7a ch\u00fang t\u00f4i t\u1ea1o \u0111\u1ed9ng l\u1ef1c m\u1ea1nh m\u1ebd, n\u1ed7 l\u1ef1c t\u1ed1i \u0111a v\u00e0 ngu\u1ed3n c\u1ea3m h\u1ee9ng d\u1ed3i d\u00e0o, \u0111\u01b0\u1ee3c thi\u1ebft k\u1ebf ri\u00eang cho ng\u00e0nh c\u1ee7a b\u1ea1n. D\u00f9 b\u1ea1n ho\u1ea1t \u0111\u1ed9ng trong l\u0129nh v\u1ef1c s\u1ea3n xu\u1ea5t hay ph\u00e2n ph\u1ed1i, t\u1eeb ng\u00e0nh th\u1ef1c ph\u1ea9m v\u00e0 \u0111\u1ed3 u\u1ed1ng \u0111\u1ebfn m\u1ef9 ph\u1ea9m, ch\u00fang t\u00f4i \u0111\u1ec1u c\u00f3 gi\u1ea3i ph\u00e1p ph\u00f9 h\u1ee3p.<\/p>\n<\/div>\n\n\n\n<div class=\"wp-block-group  layout-columns-12 has-global-padding is-layout-constrained wp-container-core-group-is-layout-9e09659d wp-block-group-is-layout-constrained\">\n<div class=\"wp-block-group is-layout-grid wp-container-core-group-is-layout-c765d3c1 wp-block-group-is-layout-grid\"><div class=\" has-dynamic-border-radius has-link has-image-size-cover has-image-radius-none is-style-default wp-block-biw-block-theme-biw-card\">\n\t\t\t<figure class=\"biw-card__image-wrapper \">\n\t\t\t<img decoding=\"async\" src=\"https:\/\/www.biworldwide.com\/wp-content\/uploads\/2025\/02\/Contests-and-incentives-Yellow-1300x732px.jpg\" alt=\"A man and a woman sit together at a desk, looking at a tablet. The woman is in the foreground, smiling slightly, while the man points at the tablet screen. A laptop is open on the desk beside them, and the background is softly blurred.\" class=\"biw-card__image\" style=\"object-position: 50% 50%;\">\t\t<\/figure>\n\t\t<div class=\"biw-card__content\">\n\t\t<h3 class=\"biw-card__title\">\n\t\t\t\t\t\t\t<a href=\"https:\/\/www.biworldwide.com\/vn-vn\/contests-and-incentives\/\" >\n\t\t\t\tC\u00e1c kh\u00edch l\u1ec7 \u0111\u1ed1i v\u1edbi \u0111\u1ed9i ng\u0169 b\u00e1n h\u00e0ng\t\t\t\t<\/a>\n\t\t\t\t\t<\/h3>\n\t\t<div class=\"biw-card__text\">\n\n<p>V\u01b0\u1ee3t qua nh\u1eefng th\u00f3i quen c\u0169 \u0111\u1ec3 th\u00fac \u0111\u1ea9y nh\u1eefng h\u00e0nh \u0111\u1ed9ng m\u1edbi m\u00e0 b\u1ea1n mong mu\u1ed1n. V\u1edbi kinh nghi\u1ec7m s\u00e2u r\u1ed9ng trong vi\u1ec7c t\u1ea1o \u0111\u1ed9ng l\u1ef1c b\u00e1n h\u00e0ng, ch\u00fang t\u00f4i s\u1ebd thi\u1ebft k\u1ebf c\u1ea5u tr\u00fac v\u00e0 ph\u1ea7n th\u01b0\u1edfng gi\u00fap b\u1ea1n chinh ph\u1ee5c nh\u1eefng con s\u1ed1 v\u01b0\u1ee3t tr\u1ed9i.<\/p>\n\n<\/div>\n\t<\/div>\n\t\t\t<span class=\"biw-card__cta\">T\u00ecm Hi\u1ec3u Th\u00eam<\/span>\n\t<\/div>\n\n<div class=\" has-dynamic-border-radius has-link has-image-size-cover has-image-radius-none is-style-default wp-block-biw-block-theme-biw-card\">\n\t\t\t<figure class=\"biw-card__image-wrapper \">\n\t\t\t<img decoding=\"async\" src=\"https:\/\/www.biworldwide.com\/wp-content\/uploads\/2025\/02\/BIW_Site_Card_Learning-scaled.jpg\" alt=\"Open book on a table with numerous orange origami birds flying out, symbolizing imagination and knowledge. Shelves filled with books in the blurry background. Bright and airy atmosphere.\" class=\"biw-card__image\" style=\"object-position: 50% 50%;\">\t\t<\/figure>\n\t\t<div class=\"biw-card__content\">\n\t\t<h3 class=\"biw-card__title\">\n\t\t\t\t\t\t\t<a href=\"https:\/\/www.biworldwide.com\/vn-vn\/learning\/\" >\n\t\t\t\tH\u1ecdc T\u1eadp\t\t\t\t<\/a>\n\t\t\t\t\t<\/h3>\n\t\t<div class=\"biw-card__text\">\n\n<p>Cho d\u00f9 nh\u00e2n vi\u00ean c\u1ea7n t\u00ecm hi\u1ec3u v\u1ec1 m\u1ed9t s\u1ea3n ph\u1ea9m m\u1edbi, an to\u00e0n, quy t\u1eafc tu\u00e2n th\u1ee7 hay c\u00e1ch tr\u01b0ng b\u00e0y s\u1ea3n ph\u1ea9m, ph\u01b0\u01a1ng ph\u00e1p h\u1ecdc t\u1eadp \u0111\u1ea7y h\u1ea5p d\u1eabn c\u1ee7a ch\u00fang t\u00f4i lu\u00f4n kh\u00edch l\u1ec7 nh\u00e2n vi\u00ean ph\u00e1t huy t\u1ed1i \u0111a ti\u1ec1m n\u0103ng b\u1ea3n th\u00e2n.<\/p>\n\n<\/div>\n\t<\/div>\n\t\t\t<span class=\"biw-card__cta\">T\u00ecm Hi\u1ec3u Th\u00eam<\/span>\n\t<\/div>\n\n<div class=\" has-dynamic-border-radius has-link has-image-size-cover has-image-radius-none is-style-default wp-block-biw-block-theme-biw-card\">\n\t\t\t<figure class=\"biw-card__image-wrapper \">\n\t\t\t<img decoding=\"async\" src=\"https:\/\/www.biworldwide.com\/wp-content\/uploads\/2025\/02\/Employee-engagement-WomanReceivingApplause-1300x732px.jpg\" alt=\"A smiling woman with curly hair sits at a table, looking up. She is surrounded by several people clapping, all wearing business attire. A laptop is visible in front of her. The atmosphere appears celebratory and supportive.\" class=\"biw-card__image\" style=\"object-position: 50% 50%;\">\t\t<\/figure>\n\t\t<div class=\"biw-card__content\">\n\t\t<h3 class=\"biw-card__title\">\n\t\t\t\t\t\t\t<a href=\"https:\/\/www.biworldwide.com\/vn-vn\/employee-engagement\/\" >\n\t\t\t\tPh\u00e1t tri\u1ec3n \u0110\u1ec1 Xu\u1ea5t Gi\u00e1 Tr\u1ecb cho Nh\u00e2n vi\u00ean, K\u00edch ho\u1ea1t v\u00e0 X\u00e2y d\u1ef1ng Th\u01b0\u01a1ng hi\u1ec7u\t\t\t\t<\/a>\n\t\t\t\t\t<\/h3>\n\t\t<div class=\"biw-card__text\">\n\n<p>Thu h\u00fat, g\u1eafn k\u1ebft v\u00e0 gi\u1eef ch\u00e2n nh\u1eefng nh\u00e2n t\u00e0i h\u00e0ng \u0111\u1ea7u trong ng\u00e0nh c\u00f4ng nghi\u1ec7p c\u1ea1nh tranh, t\u1ef7 l\u1ec7 thay \u0111\u1ed5i nh\u00e2n s\u1ef1 cao n\u00e0y b\u1eb1ng m\u1ed9t l\u1eddi h\u1ee9a gi\u00e1 tr\u1ecb nh\u00e2n vi\u00ean (EVP) v\u00e0 th\u01b0\u01a1ng hi\u1ec7u nh\u00e0 tuy\u1ec3n d\u1ee5ng truy\u1ec1n c\u1ea3m h\u1ee9ng y\u00eau th\u01b0\u01a1ng th\u01b0\u01a1ng hi\u1ec7u t\u1eeb ch\u00ednh nh\u00e2n vi\u00ean c\u1ee7a b\u1ea1n.<\/p>\n\n<\/div>\n\t<\/div>\n\t\t\t<span class=\"biw-card__cta\">T\u00ecm Hi\u1ec3u Th\u00eam<\/span>\n\t<\/div>\n\n\n<div class=\"wp-block-group  has-dynamic-border-radius has-global-padding is-layout-constrained wp-block-group-is-layout-constrained\">\n<figure class=\"wp-block-image size-full\"><img decoding=\"async\" src=\"https:\/\/www.biworldwide.com\/wp-content\/uploads\/2025\/02\/Loyalty-1300x732px.jpg\" alt=\"A smiling woman with curly hair, wearing a white shirt and necklace, receives a small package. She stands outdoors with a colorful, blurred background.\" class=\"wp-image-2263\" style=\"aspect-ratio:3\/2;object-fit:cover\" \/><\/figure>\n<\/div>\n\n\n<div class=\" has-dynamic-border-radius has-link has-image-size-cover has-image-radius-none is-style-default wp-block-biw-block-theme-biw-card\">\n\t\t\t<figure class=\"biw-card__image-wrapper \">\n\t\t\t<img decoding=\"async\" src=\"https:\/\/www.biworldwide.com\/wp-content\/uploads\/2025\/02\/Communications-colored-paper-1300x732px.jpg\" alt=\"Abstract digital artwork featuring curved, layered shapes in vibrant orange, yellow, green, and red tones, creating a dynamic and visually striking composition against an orange background.\" class=\"biw-card__image\" style=\"object-position: 50% 50%;\">\t\t<\/figure>\n\t\t<div class=\"biw-card__content\">\n\t\t<h3 class=\"biw-card__title\">\n\t\t\t\t\t\t\t<a href=\"https:\/\/www.biworldwide.com\/vn-vn\/communications\/\" >\n\t\t\t\tTruy\u1ec1n th\u00f4ng\t\t\t\t<\/a>\n\t\t\t\t\t<\/h3>\n\t\t<div class=\"biw-card__text\">\n\n<p>C\u00e1c th\u00f4ng \u0111i\u1ec7p c\u1ee7a ch\u00fang t\u00f4i \u0111\u01b0\u1ee3c ph\u00e2n \u0111o\u1ea1n c\u1ea9n th\u1eadn, \u0111\u1ea3m b\u1ea3o r\u1eb1ng kh\u00e1ch h\u00e0ng c\u1ee7a b\u1ea1n nh\u1eadn \u0111\u01b0\u1ee3c nh\u1eefng th\u00f4ng \u0111i\u1ec7p ph\u00f9 h\u1ee3p qua k\u00eanh \u0111\u00fang \u0111\u1ec3 t\u1ea1o \u0111\u1ed9ng l\u1ef1c h\u00e0nh \u0111\u1ed9ng.<\/p>\n\n<\/div>\n\t<\/div>\n\t\t\t<span class=\"biw-card__cta\">T\u00ecm Hi\u1ec3u Th\u00eam<\/span>\n\t<\/div>\n\n<div class=\" has-dynamic-border-radius has-link has-image-size-cover has-image-radius-none is-style-default wp-block-biw-block-theme-biw-card\">\n\t\t\t<figure class=\"biw-card__image-wrapper \">\n\t\t\t<img decoding=\"async\" src=\"https:\/\/www.biworldwide.com\/wp-content\/uploads\/2025\/02\/Recognition-cupcake-sparkler-orangebackground-1300x732px.jpg\" alt=\"A cupcake with orange frosting is topped with a lit sparkler. The background is a gradient of pink to orange, complementing the cupcakes vibrant icing.\" class=\"biw-card__image\" style=\"object-position: 50% 50%;\">\t\t<\/figure>\n\t\t<div class=\"biw-card__content\">\n\t\t<h3 class=\"biw-card__title\">\n\t\t\t\t\t\t\t<a href=\"https:\/\/www.biworldwide.com\/vn-vn\/recognition\/\" >\n\t\t\t\tGhi Nh\u1eadn\t\t\t\t<\/a>\n\t\t\t\t\t<\/h3>\n\t\t<div class=\"biw-card__text\">\n\n<p>Ch\u00fang t\u00f4i thi\u1ebft k\u1ebf c\u00e1c ch\u01b0\u01a1ng tr\u00ecnh truy\u1ec1n c\u1ea3m h\u1ee9ng cho nh\u1eefng \u0111\u1ed1i t\u01b0\u1ee3ng \u0111a d\u1ea1ng trong ng\u00e0nh n\u00e0y, h\u01b0\u1edbng t\u1edbi c\u00e1c m\u1ee5c ti\u00eau chung c\u1ee7a t\u1ed5 ch\u1ee9c.<\/p>\n\n<\/div>\n\t<\/div>\n\t\t\t<span class=\"biw-card__cta\">T\u00ecm Hi\u1ec3u Th\u00eam<\/span>\n\t<\/div><\/div>\n<\/div>\n<\/div>\n","protected":false},"excerpt":{"rendered":"<p>Nh\u1eefng gi\u1ea3i ph\u00e1p mang l\u1ea1i hi\u1ec7u qu\u1ea3 th\u1eadt s\u1ef1. C\u00e1c ch\u01b0\u01a1ng tr\u00ecnh c\u1ee7a ch\u00fang t\u00f4i t\u1ea1o \u0111\u1ed9ng l\u1ef1c m\u1ea1nh m\u1ebd, n\u1ed7 l\u1ef1c t\u1ed1i \u0111a v\u00e0 ngu\u1ed3n c\u1ea3m h\u1ee9ng d\u1ed3i d\u00e0o, \u0111\u01b0\u1ee3c thi\u1ebft k\u1ebf ri\u00eang cho ng\u00e0nh c\u1ee7a b\u1ea1n. D\u00f9 b\u1ea1n ho\u1ea1t \u0111\u1ed9ng trong l\u0129nh v\u1ef1c s\u1ea3n xu\u1ea5t hay ph\u00e2n ph\u1ed1i, t\u1eeb ng\u00e0nh th\u1ef1c ph\u1ea9m v\u00e0 [&hellip;]<\/p>\n","protected":false},"author":11,"featured_media":0,"parent":140,"menu_order":0,"comment_status":"closed","ping_status":"closed","template":"","meta":{"featured_image_focal_point":{"x":0.5,"y":0.5},"footnotes":""},"wf_page_folders":[41],"class_list":["post-151","page","type-page","status-publish","hentry"],"yoast_head":"<!-- This site is optimized with the Yoast SEO plugin v26.2 - https:\/\/yoast.com\/wordpress\/plugins\/seo\/ -->\n<title>H\u00e0ng Ti\u00eau D\u00f9ng v\u00e0 D\u1ecbch V\u1ee5 - Vietnam (English)<\/title>\n<meta name=\"robots\" content=\"index, follow, max-snippet:-1, max-image-preview:large, max-video-preview:-1\" \/>\n<link rel=\"canonical\" href=\"https:\/\/www.biworldwide.com\/vn-vn\/who-we-serve\/consumer-goods-and-services\/\" \/>\n<meta property=\"og:locale\" content=\"en_US\" \/>\n<meta property=\"og:type\" content=\"article\" \/>\n<meta property=\"og:title\" content=\"H\u00e0ng Ti\u00eau D\u00f9ng v\u00e0 D\u1ecbch V\u1ee5 - Vietnam (English)\" \/>\n<meta property=\"og:description\" content=\"Nh\u1eefng gi\u1ea3i ph\u00e1p mang l\u1ea1i hi\u1ec7u qu\u1ea3 th\u1eadt s\u1ef1. C\u00e1c ch\u01b0\u01a1ng tr\u00ecnh c\u1ee7a ch\u00fang t\u00f4i t\u1ea1o \u0111\u1ed9ng l\u1ef1c m\u1ea1nh m\u1ebd, n\u1ed7 l\u1ef1c t\u1ed1i \u0111a v\u00e0 ngu\u1ed3n c\u1ea3m h\u1ee9ng d\u1ed3i d\u00e0o, \u0111\u01b0\u1ee3c thi\u1ebft k\u1ebf ri\u00eang cho ng\u00e0nh c\u1ee7a b\u1ea1n. D\u00f9 b\u1ea1n ho\u1ea1t \u0111\u1ed9ng trong l\u0129nh v\u1ef1c s\u1ea3n xu\u1ea5t hay ph\u00e2n ph\u1ed1i, t\u1eeb ng\u00e0nh th\u1ef1c ph\u1ea9m v\u00e0 [&hellip;]\" \/>\n<meta property=\"og:url\" content=\"https:\/\/www.biworldwide.com\/vn-vn\/who-we-serve\/consumer-goods-and-services\/\" \/>\n<meta property=\"og:site_name\" content=\"Vietnam (English)\" \/>\n<meta property=\"article:modified_time\" content=\"2025-06-09T02:30:10+00:00\" \/>\n<meta property=\"og:image\" content=\"https:\/\/www.biworldwide.com\/wp-content\/uploads\/2025\/02\/Loyalty-1300x732px.jpg\" \/>\n<meta name=\"twitter:card\" content=\"summary_large_image\" \/>\n<meta name=\"twitter:label1\" content=\"Est. reading time\" \/>\n\t<meta name=\"twitter:data1\" content=\"2 minutes\" \/>\n<script type=\"application\/ld+json\" class=\"yoast-schema-graph\">{\"@context\":\"https:\/\/schema.org\",\"@graph\":[{\"@type\":\"WebPage\",\"@id\":\"https:\/\/www.biworldwide.com\/vn-vn\/who-we-serve\/consumer-goods-and-services\/\",\"url\":\"https:\/\/www.biworldwide.com\/vn-vn\/who-we-serve\/consumer-goods-and-services\/\",\"name\":\"H\u00e0ng Ti\u00eau D\u00f9ng v\u00e0 D\u1ecbch V\u1ee5 - Vietnam (English)\",\"isPartOf\":{\"@id\":\"https:\/\/www.biworldwide.com\/vn-vn\/#website\"},\"primaryImageOfPage\":{\"@id\":\"https:\/\/www.biworldwide.com\/vn-vn\/who-we-serve\/consumer-goods-and-services\/#primaryimage\"},\"image\":{\"@id\":\"https:\/\/www.biworldwide.com\/vn-vn\/who-we-serve\/consumer-goods-and-services\/#primaryimage\"},\"thumbnailUrl\":\"https:\/\/www.biworldwide.com\/wp-content\/uploads\/2025\/02\/Loyalty-1300x732px.jpg\",\"datePublished\":\"2025-01-14T16:23:43+00:00\",\"dateModified\":\"2025-06-09T02:30:10+00:00\",\"breadcrumb\":{\"@id\":\"https:\/\/www.biworldwide.com\/vn-vn\/who-we-serve\/consumer-goods-and-services\/#breadcrumb\"},\"inLanguage\":\"en-US\",\"potentialAction\":[{\"@type\":\"ReadAction\",\"target\":[\"https:\/\/www.biworldwide.com\/vn-vn\/who-we-serve\/consumer-goods-and-services\/\"]}]},{\"@type\":\"ImageObject\",\"inLanguage\":\"en-US\",\"@id\":\"https:\/\/www.biworldwide.com\/vn-vn\/who-we-serve\/consumer-goods-and-services\/#primaryimage\",\"url\":\"https:\/\/www.biworldwide.com\/wp-content\/uploads\/2025\/02\/Loyalty-1300x732px.jpg\",\"contentUrl\":\"https:\/\/www.biworldwide.com\/wp-content\/uploads\/2025\/02\/Loyalty-1300x732px.jpg\"},{\"@type\":\"BreadcrumbList\",\"@id\":\"https:\/\/www.biworldwide.com\/vn-vn\/who-we-serve\/consumer-goods-and-services\/#breadcrumb\",\"itemListElement\":[{\"@type\":\"ListItem\",\"position\":1,\"name\":\"Home\",\"item\":\"https:\/\/www.biworldwide.com\/vn-vn\/\"},{\"@type\":\"ListItem\",\"position\":2,\"name\":\"Who We Serve\",\"item\":\"https:\/\/www.biworldwide.com\/vn-vn\/who-we-serve\/\"},{\"@type\":\"ListItem\",\"position\":3,\"name\":\"H\u00e0ng Ti\u00eau D\u00f9ng v\u00e0 D\u1ecbch V\u1ee5\"}]},{\"@type\":\"WebSite\",\"@id\":\"https:\/\/www.biworldwide.com\/vn-vn\/#website\",\"url\":\"https:\/\/www.biworldwide.com\/vn-vn\/\",\"name\":\"Vietnam (English)\",\"description\":\"\",\"potentialAction\":[{\"@type\":\"SearchAction\",\"target\":{\"@type\":\"EntryPoint\",\"urlTemplate\":\"https:\/\/www.biworldwide.com\/vn-vn\/?s={search_term_string}\"},\"query-input\":{\"@type\":\"PropertyValueSpecification\",\"valueRequired\":true,\"valueName\":\"search_term_string\"}}],\"inLanguage\":\"en-US\"}]}<\/script>\n<!-- \/ Yoast SEO plugin. -->","yoast_head_json":{"title":"H\u00e0ng Ti\u00eau D\u00f9ng v\u00e0 D\u1ecbch V\u1ee5 - Vietnam (English)","robots":{"index":"index","follow":"follow","max-snippet":"max-snippet:-1","max-image-preview":"max-image-preview:large","max-video-preview":"max-video-preview:-1"},"canonical":"https:\/\/www.biworldwide.com\/vn-vn\/who-we-serve\/consumer-goods-and-services\/","og_locale":"en_US","og_type":"article","og_title":"H\u00e0ng Ti\u00eau D\u00f9ng v\u00e0 D\u1ecbch V\u1ee5 - Vietnam (English)","og_description":"Nh\u1eefng gi\u1ea3i ph\u00e1p mang l\u1ea1i hi\u1ec7u qu\u1ea3 th\u1eadt s\u1ef1. C\u00e1c ch\u01b0\u01a1ng tr\u00ecnh c\u1ee7a ch\u00fang t\u00f4i t\u1ea1o \u0111\u1ed9ng l\u1ef1c m\u1ea1nh m\u1ebd, n\u1ed7 l\u1ef1c t\u1ed1i \u0111a v\u00e0 ngu\u1ed3n c\u1ea3m h\u1ee9ng d\u1ed3i d\u00e0o, \u0111\u01b0\u1ee3c thi\u1ebft k\u1ebf ri\u00eang cho ng\u00e0nh c\u1ee7a b\u1ea1n. D\u00f9 b\u1ea1n ho\u1ea1t \u0111\u1ed9ng trong l\u0129nh v\u1ef1c s\u1ea3n xu\u1ea5t hay ph\u00e2n ph\u1ed1i, t\u1eeb ng\u00e0nh th\u1ef1c ph\u1ea9m v\u00e0 [&hellip;]","og_url":"https:\/\/www.biworldwide.com\/vn-vn\/who-we-serve\/consumer-goods-and-services\/","og_site_name":"Vietnam (English)","article_modified_time":"2025-06-09T02:30:10+00:00","og_image":[{"url":"https:\/\/www.biworldwide.com\/wp-content\/uploads\/2025\/02\/Loyalty-1300x732px.jpg","type":"","width":"","height":""}],"twitter_card":"summary_large_image","twitter_misc":{"Est. reading time":"2 minutes"},"schema":{"@context":"https:\/\/schema.org","@graph":[{"@type":"WebPage","@id":"https:\/\/www.biworldwide.com\/vn-vn\/who-we-serve\/consumer-goods-and-services\/","url":"https:\/\/www.biworldwide.com\/vn-vn\/who-we-serve\/consumer-goods-and-services\/","name":"H\u00e0ng Ti\u00eau D\u00f9ng v\u00e0 D\u1ecbch V\u1ee5 - Vietnam (English)","isPartOf":{"@id":"https:\/\/www.biworldwide.com\/vn-vn\/#website"},"primaryImageOfPage":{"@id":"https:\/\/www.biworldwide.com\/vn-vn\/who-we-serve\/consumer-goods-and-services\/#primaryimage"},"image":{"@id":"https:\/\/www.biworldwide.com\/vn-vn\/who-we-serve\/consumer-goods-and-services\/#primaryimage"},"thumbnailUrl":"https:\/\/www.biworldwide.com\/wp-content\/uploads\/2025\/02\/Loyalty-1300x732px.jpg","datePublished":"2025-01-14T16:23:43+00:00","dateModified":"2025-06-09T02:30:10+00:00","breadcrumb":{"@id":"https:\/\/www.biworldwide.com\/vn-vn\/who-we-serve\/consumer-goods-and-services\/#breadcrumb"},"inLanguage":"en-US","potentialAction":[{"@type":"ReadAction","target":["https:\/\/www.biworldwide.com\/vn-vn\/who-we-serve\/consumer-goods-and-services\/"]}]},{"@type":"ImageObject","inLanguage":"en-US","@id":"https:\/\/www.biworldwide.com\/vn-vn\/who-we-serve\/consumer-goods-and-services\/#primaryimage","url":"https:\/\/www.biworldwide.com\/wp-content\/uploads\/2025\/02\/Loyalty-1300x732px.jpg","contentUrl":"https:\/\/www.biworldwide.com\/wp-content\/uploads\/2025\/02\/Loyalty-1300x732px.jpg"},{"@type":"BreadcrumbList","@id":"https:\/\/www.biworldwide.com\/vn-vn\/who-we-serve\/consumer-goods-and-services\/#breadcrumb","itemListElement":[{"@type":"ListItem","position":1,"name":"Home","item":"https:\/\/www.biworldwide.com\/vn-vn\/"},{"@type":"ListItem","position":2,"name":"Who We Serve","item":"https:\/\/www.biworldwide.com\/vn-vn\/who-we-serve\/"},{"@type":"ListItem","position":3,"name":"H\u00e0ng Ti\u00eau D\u00f9ng v\u00e0 D\u1ecbch V\u1ee5"}]},{"@type":"WebSite","@id":"https:\/\/www.biworldwide.com\/vn-vn\/#website","url":"https:\/\/www.biworldwide.com\/vn-vn\/","name":"Vietnam (English)","description":"","potentialAction":[{"@type":"SearchAction","target":{"@type":"EntryPoint","urlTemplate":"https:\/\/www.biworldwide.com\/vn-vn\/?s={search_term_string}"},"query-input":{"@type":"PropertyValueSpecification","valueRequired":true,"valueName":"search_term_string"}}],"inLanguage":"en-US"}]}},"_links":{"self":[{"href":"https:\/\/www.biworldwide.com\/vn-vn\/wp-json\/wp\/v2\/pages\/151","targetHints":{"allow":["GET"]}}],"collection":[{"href":"https:\/\/www.biworldwide.com\/vn-vn\/wp-json\/wp\/v2\/pages"}],"about":[{"href":"https:\/\/www.biworldwide.com\/vn-vn\/wp-json\/wp\/v2\/types\/page"}],"author":[{"embeddable":true,"href":"https:\/\/www.biworldwide.com\/vn-vn\/wp-json\/wp\/v2\/users\/11"}],"replies":[{"embeddable":true,"href":"https:\/\/www.biworldwide.com\/vn-vn\/wp-json\/wp\/v2\/comments?post=151"}],"version-history":[{"count":4,"href":"https:\/\/www.biworldwide.com\/vn-vn\/wp-json\/wp\/v2\/pages\/151\/revisions"}],"predecessor-version":[{"id":1887,"href":"https:\/\/www.biworldwide.com\/vn-vn\/wp-json\/wp\/v2\/pages\/151\/revisions\/1887"}],"up":[{"embeddable":true,"href":"https:\/\/www.biworldwide.com\/vn-vn\/wp-json\/wp\/v2\/pages\/140"}],"wp:attachment":[{"href":"https:\/\/www.biworldwide.com\/vn-vn\/wp-json\/wp\/v2\/media?parent=151"}],"wp:term":[{"taxonomy":"wf_page_folders","embeddable":true,"href":"https:\/\/www.biworldwide.com\/vn-vn\/wp-json\/wp\/v2\/wf_page_folders?post=151"}],"curies":[{"name":"wp","href":"https:\/\/api.w.org\/{rel}","templated":true}]}}