{"id":153,"date":"2025-01-14T16:24:04","date_gmt":"2025-01-14T16:24:04","guid":{"rendered":"https:\/\/live-biw-main.pantheonsite.io\/?page_id=153"},"modified":"2025-06-11T12:47:48","modified_gmt":"2025-06-11T04:47:48","slug":"energy-and-chemicals","status":"publish","type":"page","link":"https:\/\/www.biworldwide.com\/vn-vn\/who-we-serve\/energy-and-chemicals\/","title":{"rendered":"N\u0103ng L\u01b0\u1ee3ng v\u00e0 H\u00f3a Ch\u1ea5t"},"content":{"rendered":"<div class=\" has-content-align-left has-overlay has-overlay--dark alignfull wp-block-biw-block-theme-hero\">\n\t<div class=\"biw-hero__grid\">\n\t\t\t\t\t<div class=\"biw-hero__breadcrumbs\">\n\t\t\t\t<div id=\"breadcrumbs\" class=\"breadcrumb-nav__wrapper\"><span class=\"breadcrumb-nav\"><span><a href=\"https:\/\/www.biworldwide.com\/vn-vn\/\">Home<\/a><\/span><\/span><\/div>\t\t\t<\/div>\n\t\t\n\t\t\t\t\t<div class=\"biw-hero__media \">\n\t\t\t\t\t\t\t\t\t<div class=\"biw-hero__overlay overlay-dark\"><\/div>\n\t\t\t\t\t\t\t\t<img decoding=\"async\" src=\"https:\/\/www.biworldwide.com\/wp-content\/uploads\/2025\/02\/Energy-and-chemicals-1728x600px.jpg\" alt=\"Close-up of a metal gear partially submerged in swirling golden-brown oil against a black background. The oil splashes dynamically around the gear, highlighting the industrial and mechanical theme.\" class=\"biw-hero__bg-image\" style=\"object-position: 50% 50%;\">\t\t\t<\/div>\n\t\t\t\t<div class=\"biw-hero__content\">\n\t\t\t\t\t\t<h1 class=\"biw-hero__title\" style=\"line-height: 1.2\">\n\t\t\t\tN\u0103ng L\u01b0\u1ee3ng v\u00e0 H\u00f3a Ch\u1ea5t\t\t\t<\/h1>\n\t\t\t\t\t\t\t<h2 class=\"biw-hero__subtitle\">\n\t\t\t\t\tTi\u1ebfp c\u1eadn \u0111\u00fang \u0111\u1ed1i t\u01b0\u1ee3ng c\u1ee7a b\u1ea1n l\u00e0 m\u1ed9t th\u00e1ch th\u1ee9c l\u1edbn trong h\u1ec7 sinh th\u00e1i n\u0103ng l\u01b0\u1ee3ng v\u1edbi vi\u1ec7c ph\u00e2n ph\u1ed1i m\u00e0 kh\u00f4ng \u0111\u1ecbnh h\u01b0\u1edbng.\t\t\t\t<\/h2>\n\t\t\t\t\t\t\t\t\t\t<div class=\"biw-hero__text\">\n\t\t\t\t\t\n\n<p>Hi\u1ec3u \u0111\u01b0\u1ee3c s\u1ef1 \u0111a d\u1ea1ng trong k\u00eanh c\u1ee7a b\u1ea1n v\u00e0 nh\u1eefng ng\u01b0\u1eddi d\u00f9ng cu\u1ed1i, \u0111\u1ed3ng th\u1eddi c\u00f3 c\u00e1i nh\u00ecn r\u00f5 r\u00e0ng v\u1ec1 d\u1eef li\u1ec7u l\u00e0 ch\u00eca kh\u00f3a \u0111\u1ec3 tri\u1ec3n khai c\u00e1c ch\u01b0\u01a1ng tr\u00ecnh th\u00fac \u0111\u1ea9y nh\u1eadn th\u1ee9c v\u00e0 kh\u1ed1i l\u01b0\u1ee3ng mua s\u1eafm.<\/p>\n\n\t\t\t\t<\/div>\n\t\t\t\t\t\t\t\t<\/div>\n\t<\/div>\n<\/div>\n\n\n\n<div class=\"wp-block-group  layout-columns-8 has-global-padding is-layout-constrained wp-container-core-group-is-layout-fce79bf6 wp-block-group-is-layout-constrained\">\n<p class=\"has-xxl-font-size\"><strong>Kh\u00e1m ph\u00e1 nh\u1eefng ngu\u1ed3n t\u00e0i nguy\u00ean d\u1eef li\u1ec7u qu\u00fd gi\u00e1.<\/strong><\/p>\n\n\n\n<p>\u0110\u1ec3 t\u1ed1i \u01b0u h\u00f3a hi\u1ec7u qu\u1ea3 k\u00eanh, \u0111i\u1ec1u quan tr\u1ecdng l\u00e0 c\u00e1c gi\u1ea3i ph\u00e1p c\u1ee7a b\u1ea1n ph\u1ea3i k\u1ebft h\u1ee3p to\u00e0n b\u1ed9 k\u00eanh l\u00e0m vi\u1ec7c c\u00f9ng nhau \u0111\u1ec3 t\u1ea1o ra k\u1ebft qu\u1ea3 t\u1ed1t nh\u1ea5t. D\u1eef li\u1ec7u c\u00f3 gi\u00e1 tr\u1ecb l\u1edbn trong vi\u1ec7c hi\u1ec3u h\u00e0nh vi mua s\u1eafm, nh\u1eafm m\u1ee5c ti\u00eau c\u00e1c kh\u00e1ch h\u00e0ng quan tr\u1ecdng v\u00e0 quy\u1ebft \u0111\u1ecbnh h\u00e0nh \u0111\u1ed9ng ti\u1ebfp theo. Vi\u1ec7c thu h\u00fat k\u00eanh ph\u00e2n ph\u1ed1i c\u1ee7a b\u1ea1n ch\u00ednh l\u00e0 b\u01b0\u1edbc \u0111\u1ea7u ti\u00ean trong vi\u1ec7c x\u00e2y d\u1ef1ng m\u1ed9t ch\u01b0\u01a1ng tr\u00ecnh m\u00e0 h\u1ecd \u0111\u01b0\u1ee3c th\u01b0\u1edfng khi chia s\u1ebb d\u1eef li\u1ec7u b\u00e1n h\u00e0ng. M\u1ed9t c\u00e1ch ti\u1ebfp c\u1eadn to\u00e0n di\u1ec7n bao g\u1ed3m ph\u00e1t tri\u1ec3n chi\u1ebfn l\u01b0\u1ee3c \u0111\u1ea9y\/k\u00e9o, t\u1eeb \u0111\u00f3 khuy\u1ebfn kh\u00edch ng\u01b0\u1eddi d\u00f9ng cu\u1ed1i cho nh\u1eefng l\u1ea7n mua s\u1eafm c\u1ee7a h\u1ecd.<\/p>\n\n\n\n<p class=\"has-xl-font-size\"><strong>Nh\u1eefng v\u1ea5n \u0111\u1ec1 ch\u00fang t\u00f4i gi\u1ea3i quy\u1ebft.<\/strong><\/p>\n\n\n\n<ul class=\"wp-block-list\">\n<li class=\"has-large-font-size\">Hi\u1ec3u r\u00f5 \u0111\u1ed1i t\u00e1c v\u00e0 c\u01a1 h\u1ed9i trong k\u00eanh c\u1ee7a b\u1ea1n.<\/li>\n\n\n\n<li class=\"has-large-font-size\">K\u00edch ho\u1ea1t v\u00e0 t\u01b0\u01a1ng t\u00e1c k\u00eanh.<\/li>\n\n\n\n<li class=\"has-large-font-size\">C\u01a1 h\u1ed9i gi\u1edbi thi\u1ec7u v\u00e0 n\u00e2ng cao l\u1ef1a ch\u1ecdn s\u1ea3n ph\u1ea9m.<\/li>\n\n\n\n<li class=\"has-large-font-size\">Thu th\u1eadp d\u1eef li\u1ec7u v\u00e0 \u0111\u01b0a ra quy\u1ebft \u0111\u1ecbnh d\u1ef1a tr\u00ean d\u1eef li\u1ec7u.<\/li>\n<\/ul>\n\n\n\n<p>D\u00f9 b\u1ea1n \u0111ang t\u00ecm ki\u1ebfm c\u00e1ch k\u1ebft n\u1ed1i v\u1edbi c\u00e1c nh\u00e0 ph\u00e2n ph\u1ed1i, nh\u00e2n vi\u00ean b\u00e1n h\u00e0ng, th\u1ee3 l\u1eafp \u0111\u1eb7t, nh\u00e0 b\u00e1n l\u1ebb, nh\u00e2n vi\u00ean t\u01b0 v\u1ea5n t\u1ea1i c\u1eeda h\u00e0ng, c\u00e1c nh\u00e0 th\u1ea7u hay ng\u01b0\u1eddi d\u00f9ng cu\u1ed1i, ch\u00fang t\u00f4i \u0111\u1ec1u c\u00f3 gi\u1ea3i ph\u00e1p v\u00e0 chuy\u00ean m\u00f4n c\u1ea7n thi\u1ebft \u0111\u1ec3 mang l\u1ea1i k\u1ebft qu\u1ea3 nh\u01b0 mong \u0111\u1ee3i.<\/p>\n<\/div>\n\n\n\n<div class=\"wp-block-group alignfull has-global-padding is-layout-constrained wp-container-core-group-is-layout-e04489b5 wp-block-group-is-layout-constrained\">\n<div class=\"wp-block-group  layout-columns-8 has-global-padding is-layout-constrained wp-container-core-group-is-layout-fce79bf6 wp-block-group-is-layout-constrained\">\n<h2 class=\"wp-block-heading has-text-align-center\">Nh\u1eefng d\u1eef li\u1ec7u bi\u1ebft n\u00f3i.<\/h2>\n<\/div>\n\n\n\n<div class=\"wp-block-group  layout-columns-10 has-global-padding is-layout-constrained wp-container-core-group-is-layout-0b5f5b40 wp-block-group-is-layout-constrained\">\n<div class=\"wp-block-group has-text-align-center is-layout-grid wp-container-core-group-is-layout-ef442fb0 wp-block-group-is-layout-grid\">\n<div class=\"wp-block-group is-vertical is-content-justification-center is-layout-flex wp-container-core-group-is-layout-81423f52 wp-block-group-is-layout-flex\">\n<h3 class=\"wp-block-heading has-impact-font-size  has-text-wrap-no-wrap  has-gradient-fill has-gradient-fill-purple\">69%<\/h3>\n\n\n\n<p class=\"has-text-align-center has-large-font-size  has-text-wrap-balance\">69% \u0111\u1ea1i di\u1ec7n b\u00e1n h\u00e0ng tham gia nhi\u1ec7t t\u00ecnh<\/p>\n<\/div>\n\n\n\n<div class=\"wp-block-group is-vertical is-content-justification-center is-layout-flex wp-container-core-group-is-layout-81423f52 wp-block-group-is-layout-flex\">\n<h3 class=\"wp-block-heading has-impact-font-size  has-text-wrap-no-wrap  has-gradient-fill has-gradient-fill-purple\">5.7%<\/h3>\n\n\n\n<p class=\"has-text-align-center has-large-font-size  has-text-wrap-balance\">Trong ch\u01b0\u01a1ng tr\u00ecnh d\u00e0nh cho kh\u00e1ch h\u00e0ng c\u1ee7a ch\u00fang t\u00f4i, ch\u00fang t\u00f4i \u0111\u00e3 ch\u1ee9ng ki\u1ebfn m\u1ee9c t\u0103ng trung b\u00ecnh 5,70% v\u1ec1 doanh s\u1ed1 b\u00e1n h\u00e0ng t\u1eeb c\u00e1c kh\u00e1ch h\u00e0ng m\u1edbi.<\/p>\n<\/div>\n\n\n\n<div class=\"wp-block-group is-vertical is-content-justification-center is-layout-flex wp-container-core-group-is-layout-81423f52 wp-block-group-is-layout-flex\">\n<h3 class=\"wp-block-heading has-impact-font-size  has-text-wrap-no-wrap  has-gradient-fill has-gradient-fill-purple\">100%<\/h3>\n\n\n\n<p class=\"has-text-align-center has-large-font-size  has-text-wrap-balance\">D\u1eef li\u1ec7u b\u00e1n h\u00e0ng \u0111\u01b0\u1ee3c ph\u00e2n ph\u1ed1i 100% \u0111\u1ebfn tay kh\u00e1ch h\u00e0ng<\/p>\n<\/div>\n<\/div>\n<\/div>\n<\/div>\n","protected":false},"excerpt":{"rendered":"<p>Kh\u00e1m ph\u00e1 nh\u1eefng ngu\u1ed3n t\u00e0i nguy\u00ean d\u1eef li\u1ec7u qu\u00fd gi\u00e1. \u0110\u1ec3 t\u1ed1i \u01b0u h\u00f3a hi\u1ec7u qu\u1ea3 k\u00eanh, \u0111i\u1ec1u quan tr\u1ecdng l\u00e0 c\u00e1c gi\u1ea3i ph\u00e1p c\u1ee7a b\u1ea1n ph\u1ea3i k\u1ebft h\u1ee3p to\u00e0n b\u1ed9 k\u00eanh l\u00e0m vi\u1ec7c c\u00f9ng nhau \u0111\u1ec3 t\u1ea1o ra k\u1ebft qu\u1ea3 t\u1ed1t nh\u1ea5t. D\u1eef li\u1ec7u c\u00f3 gi\u00e1 tr\u1ecb l\u1edbn trong vi\u1ec7c hi\u1ec3u h\u00e0nh vi mua [&hellip;]<\/p>\n","protected":false},"author":11,"featured_media":0,"parent":140,"menu_order":0,"comment_status":"closed","ping_status":"closed","template":"","meta":{"featured_image_focal_point":{"x":0.5,"y":0.5},"footnotes":""},"wf_page_folders":[41],"class_list":["post-153","page","type-page","status-publish","hentry"],"yoast_head":"<!-- This site is optimized with the Yoast SEO plugin v26.2 - https:\/\/yoast.com\/wordpress\/plugins\/seo\/ -->\n<title>N\u0103ng L\u01b0\u1ee3ng v\u00e0 H\u00f3a Ch\u1ea5t - Vietnam (English)<\/title>\n<meta name=\"robots\" content=\"index, follow, max-snippet:-1, max-image-preview:large, max-video-preview:-1\" \/>\n<link rel=\"canonical\" href=\"https:\/\/www.biworldwide.com\/vn-vn\/who-we-serve\/energy-and-chemicals\/\" \/>\n<meta property=\"og:locale\" content=\"en_US\" \/>\n<meta property=\"og:type\" content=\"article\" \/>\n<meta property=\"og:title\" content=\"N\u0103ng L\u01b0\u1ee3ng v\u00e0 H\u00f3a Ch\u1ea5t - Vietnam (English)\" \/>\n<meta property=\"og:description\" content=\"Kh\u00e1m ph\u00e1 nh\u1eefng ngu\u1ed3n t\u00e0i nguy\u00ean d\u1eef li\u1ec7u qu\u00fd gi\u00e1. \u0110\u1ec3 t\u1ed1i \u01b0u h\u00f3a hi\u1ec7u qu\u1ea3 k\u00eanh, \u0111i\u1ec1u quan tr\u1ecdng l\u00e0 c\u00e1c gi\u1ea3i ph\u00e1p c\u1ee7a b\u1ea1n ph\u1ea3i k\u1ebft h\u1ee3p to\u00e0n b\u1ed9 k\u00eanh l\u00e0m vi\u1ec7c c\u00f9ng nhau \u0111\u1ec3 t\u1ea1o ra k\u1ebft qu\u1ea3 t\u1ed1t nh\u1ea5t. D\u1eef li\u1ec7u c\u00f3 gi\u00e1 tr\u1ecb l\u1edbn trong vi\u1ec7c hi\u1ec3u h\u00e0nh vi mua [&hellip;]\" \/>\n<meta property=\"og:url\" content=\"https:\/\/www.biworldwide.com\/vn-vn\/who-we-serve\/energy-and-chemicals\/\" \/>\n<meta property=\"og:site_name\" content=\"Vietnam (English)\" \/>\n<meta property=\"article:modified_time\" content=\"2025-06-11T04:47:48+00:00\" \/>\n<meta name=\"twitter:card\" content=\"summary_large_image\" \/>\n<meta name=\"twitter:label1\" content=\"Est. reading time\" \/>\n\t<meta name=\"twitter:data1\" content=\"2 minutes\" \/>\n<script type=\"application\/ld+json\" class=\"yoast-schema-graph\">{\"@context\":\"https:\/\/schema.org\",\"@graph\":[{\"@type\":\"WebPage\",\"@id\":\"https:\/\/www.biworldwide.com\/vn-vn\/who-we-serve\/energy-and-chemicals\/\",\"url\":\"https:\/\/www.biworldwide.com\/vn-vn\/who-we-serve\/energy-and-chemicals\/\",\"name\":\"N\u0103ng L\u01b0\u1ee3ng v\u00e0 H\u00f3a Ch\u1ea5t - Vietnam (English)\",\"isPartOf\":{\"@id\":\"https:\/\/www.biworldwide.com\/vn-vn\/#website\"},\"datePublished\":\"2025-01-14T16:24:04+00:00\",\"dateModified\":\"2025-06-11T04:47:48+00:00\",\"breadcrumb\":{\"@id\":\"https:\/\/www.biworldwide.com\/vn-vn\/who-we-serve\/energy-and-chemicals\/#breadcrumb\"},\"inLanguage\":\"en-US\",\"potentialAction\":[{\"@type\":\"ReadAction\",\"target\":[\"https:\/\/www.biworldwide.com\/vn-vn\/who-we-serve\/energy-and-chemicals\/\"]}]},{\"@type\":\"BreadcrumbList\",\"@id\":\"https:\/\/www.biworldwide.com\/vn-vn\/who-we-serve\/energy-and-chemicals\/#breadcrumb\",\"itemListElement\":[{\"@type\":\"ListItem\",\"position\":1,\"name\":\"Home\",\"item\":\"https:\/\/www.biworldwide.com\/vn-vn\/\"},{\"@type\":\"ListItem\",\"position\":2,\"name\":\"Who We Serve\",\"item\":\"https:\/\/www.biworldwide.com\/vn-vn\/who-we-serve\/\"},{\"@type\":\"ListItem\",\"position\":3,\"name\":\"N\u0103ng L\u01b0\u1ee3ng v\u00e0 H\u00f3a Ch\u1ea5t\"}]},{\"@type\":\"WebSite\",\"@id\":\"https:\/\/www.biworldwide.com\/vn-vn\/#website\",\"url\":\"https:\/\/www.biworldwide.com\/vn-vn\/\",\"name\":\"Vietnam (English)\",\"description\":\"\",\"potentialAction\":[{\"@type\":\"SearchAction\",\"target\":{\"@type\":\"EntryPoint\",\"urlTemplate\":\"https:\/\/www.biworldwide.com\/vn-vn\/?s={search_term_string}\"},\"query-input\":{\"@type\":\"PropertyValueSpecification\",\"valueRequired\":true,\"valueName\":\"search_term_string\"}}],\"inLanguage\":\"en-US\"}]}<\/script>\n<!-- \/ Yoast SEO plugin. -->","yoast_head_json":{"title":"N\u0103ng L\u01b0\u1ee3ng v\u00e0 H\u00f3a Ch\u1ea5t - Vietnam (English)","robots":{"index":"index","follow":"follow","max-snippet":"max-snippet:-1","max-image-preview":"max-image-preview:large","max-video-preview":"max-video-preview:-1"},"canonical":"https:\/\/www.biworldwide.com\/vn-vn\/who-we-serve\/energy-and-chemicals\/","og_locale":"en_US","og_type":"article","og_title":"N\u0103ng L\u01b0\u1ee3ng v\u00e0 H\u00f3a Ch\u1ea5t - Vietnam (English)","og_description":"Kh\u00e1m ph\u00e1 nh\u1eefng ngu\u1ed3n t\u00e0i nguy\u00ean d\u1eef li\u1ec7u qu\u00fd gi\u00e1. \u0110\u1ec3 t\u1ed1i \u01b0u h\u00f3a hi\u1ec7u qu\u1ea3 k\u00eanh, \u0111i\u1ec1u quan tr\u1ecdng l\u00e0 c\u00e1c gi\u1ea3i ph\u00e1p c\u1ee7a b\u1ea1n ph\u1ea3i k\u1ebft h\u1ee3p to\u00e0n b\u1ed9 k\u00eanh l\u00e0m vi\u1ec7c c\u00f9ng nhau \u0111\u1ec3 t\u1ea1o ra k\u1ebft qu\u1ea3 t\u1ed1t nh\u1ea5t. D\u1eef li\u1ec7u c\u00f3 gi\u00e1 tr\u1ecb l\u1edbn trong vi\u1ec7c hi\u1ec3u h\u00e0nh vi mua [&hellip;]","og_url":"https:\/\/www.biworldwide.com\/vn-vn\/who-we-serve\/energy-and-chemicals\/","og_site_name":"Vietnam (English)","article_modified_time":"2025-06-11T04:47:48+00:00","twitter_card":"summary_large_image","twitter_misc":{"Est. reading time":"2 minutes"},"schema":{"@context":"https:\/\/schema.org","@graph":[{"@type":"WebPage","@id":"https:\/\/www.biworldwide.com\/vn-vn\/who-we-serve\/energy-and-chemicals\/","url":"https:\/\/www.biworldwide.com\/vn-vn\/who-we-serve\/energy-and-chemicals\/","name":"N\u0103ng L\u01b0\u1ee3ng v\u00e0 H\u00f3a Ch\u1ea5t - Vietnam (English)","isPartOf":{"@id":"https:\/\/www.biworldwide.com\/vn-vn\/#website"},"datePublished":"2025-01-14T16:24:04+00:00","dateModified":"2025-06-11T04:47:48+00:00","breadcrumb":{"@id":"https:\/\/www.biworldwide.com\/vn-vn\/who-we-serve\/energy-and-chemicals\/#breadcrumb"},"inLanguage":"en-US","potentialAction":[{"@type":"ReadAction","target":["https:\/\/www.biworldwide.com\/vn-vn\/who-we-serve\/energy-and-chemicals\/"]}]},{"@type":"BreadcrumbList","@id":"https:\/\/www.biworldwide.com\/vn-vn\/who-we-serve\/energy-and-chemicals\/#breadcrumb","itemListElement":[{"@type":"ListItem","position":1,"name":"Home","item":"https:\/\/www.biworldwide.com\/vn-vn\/"},{"@type":"ListItem","position":2,"name":"Who We Serve","item":"https:\/\/www.biworldwide.com\/vn-vn\/who-we-serve\/"},{"@type":"ListItem","position":3,"name":"N\u0103ng L\u01b0\u1ee3ng v\u00e0 H\u00f3a Ch\u1ea5t"}]},{"@type":"WebSite","@id":"https:\/\/www.biworldwide.com\/vn-vn\/#website","url":"https:\/\/www.biworldwide.com\/vn-vn\/","name":"Vietnam (English)","description":"","potentialAction":[{"@type":"SearchAction","target":{"@type":"EntryPoint","urlTemplate":"https:\/\/www.biworldwide.com\/vn-vn\/?s={search_term_string}"},"query-input":{"@type":"PropertyValueSpecification","valueRequired":true,"valueName":"search_term_string"}}],"inLanguage":"en-US"}]}},"_links":{"self":[{"href":"https:\/\/www.biworldwide.com\/vn-vn\/wp-json\/wp\/v2\/pages\/153","targetHints":{"allow":["GET"]}}],"collection":[{"href":"https:\/\/www.biworldwide.com\/vn-vn\/wp-json\/wp\/v2\/pages"}],"about":[{"href":"https:\/\/www.biworldwide.com\/vn-vn\/wp-json\/wp\/v2\/types\/page"}],"author":[{"embeddable":true,"href":"https:\/\/www.biworldwide.com\/vn-vn\/wp-json\/wp\/v2\/users\/11"}],"replies":[{"embeddable":true,"href":"https:\/\/www.biworldwide.com\/vn-vn\/wp-json\/wp\/v2\/comments?post=153"}],"version-history":[{"count":3,"href":"https:\/\/www.biworldwide.com\/vn-vn\/wp-json\/wp\/v2\/pages\/153\/revisions"}],"predecessor-version":[{"id":2050,"href":"https:\/\/www.biworldwide.com\/vn-vn\/wp-json\/wp\/v2\/pages\/153\/revisions\/2050"}],"up":[{"embeddable":true,"href":"https:\/\/www.biworldwide.com\/vn-vn\/wp-json\/wp\/v2\/pages\/140"}],"wp:attachment":[{"href":"https:\/\/www.biworldwide.com\/vn-vn\/wp-json\/wp\/v2\/media?parent=153"}],"wp:term":[{"taxonomy":"wf_page_folders","embeddable":true,"href":"https:\/\/www.biworldwide.com\/vn-vn\/wp-json\/wp\/v2\/wf_page_folders?post=153"}],"curies":[{"name":"wp","href":"https:\/\/api.w.org\/{rel}","templated":true}]}}