{"id":155,"date":"2025-01-14T16:24:27","date_gmt":"2025-01-14T16:24:27","guid":{"rendered":"https:\/\/live-biw-main.pantheonsite.io\/?page_id=155"},"modified":"2025-06-09T11:09:14","modified_gmt":"2025-06-09T03:09:14","slug":"financial-services-and-insurance","status":"publish","type":"page","link":"https:\/\/www.biworldwide.com\/vn-vn\/who-we-serve\/financial-services-and-insurance\/","title":{"rendered":"D\u1ecbch V\u1ee5 T\u00e0i Ch\u00ednh v\u00e0 B\u1ea3o Hi\u1ec3m"},"content":{"rendered":"<div class=\" has-content-align-left has-overlay has-overlay--dark alignfull wp-block-biw-block-theme-hero\">\n\t<div class=\"biw-hero__grid\">\n\t\t\t\t\t<div class=\"biw-hero__breadcrumbs\">\n\t\t\t\t<div id=\"breadcrumbs\" class=\"breadcrumb-nav__wrapper\"><span class=\"breadcrumb-nav\"><span><a href=\"https:\/\/www.biworldwide.com\/vn-vn\/\">Home<\/a><\/span><\/span><\/div>\t\t\t<\/div>\n\t\t\n\t\t\t\t\t<div class=\"biw-hero__media \">\n\t\t\t\t\t\t\t\t\t<div class=\"biw-hero__overlay overlay-dark\"><\/div>\n\t\t\t\t\t\t\t\t<img decoding=\"async\" src=\"https:\/\/www.biworldwide.com\/wp-content\/uploads\/2025\/02\/BIW_Site_Hero_Financial-scaled.jpg\" alt=\"A screen shot of a computer screen.\" class=\"biw-hero__bg-image\" style=\"object-position: 50% 50%;\">\t\t\t<\/div>\n\t\t\t\t<div class=\"biw-hero__content\">\n\t\t\t\t\t\t<h1 class=\"biw-hero__title\" style=\"line-height: 1.2\">\n\t\t\t\tD\u1ecbch V\u1ee5 T\u00e0i Ch\u00ednh v\u00e0 B\u1ea3o Hi\u1ec3m\t\t\t<\/h1>\n\t\t\t\t\t\t\t<h2 class=\"biw-hero__subtitle\">\n\t\t\t\t\t\u0110\u1ea1t \u0111\u01b0\u1ee3c k\u1ebft qu\u1ea3 v\u01b0\u1ee3t tr\u1ed9i trong khu\u00f4n kh\u1ed5 quy \u0111\u1ecbnh v\u00e0 \u0111\u01b0\u1ee3c c\u00e1c t\u1ed5 ch\u1ee9c t\u00e0i ch\u00ednh h\u00e0ng \u0111\u1ea7u tin t\u01b0\u1edfng \u0111\u1ec3 kh\u01a1i d\u1eady tinh th\u1ea7n c\u1ed1ng hi\u1ebfn, n\u1ed7 l\u1ef1c v\u00e0 ngu\u1ed3n c\u1ea3m h\u1ee9ng h\u00e0ng \u0111\u1ea7u t\u1eeb \u0111\u1ed9i ng\u0169 nh\u00e2n vi\u00ean.\t\t\t\t<\/h2>\n\t\t\t\t\t\t\t\t\t\t<div class=\"biw-hero__text\">\n\t\t\t\t\t\n\n<p>Trong ng\u00e0nh c\u00f4ng nghi\u1ec7p t\u00e0i ch\u00ednh \u0111\u1ea7y quy t\u1eafc, nh\u1eefng chi\u1ebfn l\u01b0\u1ee3c n\u1ed5i ti\u1ebfng to\u00e0n c\u1ea7u c\u1ee7a ch\u00fang t\u00f4i \u0111\u01b0\u1ee3c thi\u1ebft k\u1ebf \u0111\u1ec3 tu\u00e2n th\u1ee7 ch\u1eb7t ch\u1ebd v\u00e0 mang l\u1ea1i k\u1ebft qu\u1ea3 \u0111\u00e1ng kinh ng\u1ea1c cho c\u00e1c ng\u00e2n h\u00e0ng, c\u00f4ng ty b\u1ea3o hi\u1ec3m, nh\u00e0 \u0111\u1ea7u t\u01b0, c\u1ed1 v\u1ea5n t\u00e0i ch\u00ednh, nh\u00e0 ph\u00e2n t\u00edch, qu\u1ea3n l\u00fd \u0111\u1ea7u t\u01b0 v\u00e0 m\u00f4i gi\u1edbi.<\/p>\n\n\t\t\t\t<\/div>\n\t\t\t\t\t\t\t\t<\/div>\n\t<\/div>\n<\/div>\n\n\n\n<div class=\"wp-block-group  layout-columns-7 has-global-padding is-layout-constrained wp-container-core-group-is-layout-a133ec42 wp-block-group-is-layout-constrained\">\n<h2 class=\"wp-block-heading\">Hi\u1ec7u su\u1ea5t b\u1ea1n c\u00f3 th\u1ec3 tin t\u01b0\u1edfng.<\/h2>\n\n\n\n<p>Ch\u00fang t\u00f4i t\u1ea1o ra c\u00e1c ch\u01b0\u01a1ng tr\u00ecnh \u0111\u1ed9c \u0111\u00e1o \u0111\u01b0\u1ee3c thi\u1ebft k\u1ebf ri\u00eang nh\u1eb1m k\u1ebft n\u1ed1i, h\u01b0\u1edbng d\u1eabn, n\u00e2ng cao ki\u1ebfn th\u1ee9c, truy\u1ec1n c\u1ea3m h\u1ee9ng, ch\u1ee9ng nh\u1eadn, ghi nh\u1eadn v\u00e0 th\u00fac \u0111\u1ea9y \u0111\u1ed9i ng\u0169 c\u1ee7a b\u1ea1n v\u1edbi c\u00e1c gi\u1ea3i ph\u00e1p t\u00edch h\u1ee3p.<\/p>\n\n\n\n<p class=\"has-xl-font-size\"><strong><a href=\"https:\/\/www.biworldwide.com\/vn-vn\/recognition\/\">Ghi nh\u1eadn th\u00e0nh qu\u1ea3 \u0111\u00e1ng t\u1ef1 h\u00e0o<\/a><\/strong><\/p>\n\n\n\n<p>C\u00e1ch ti\u1ebfp c\u1eadn k\u1ebft h\u1ee3p c\u1ee7a ch\u00fang t\u00f4i h\u00f2a quy\u1ec7n gi\u1eefa nh\u1eefng s\u00e1ng ki\u1ebfn thay \u0111\u1ed5i h\u00e0nh vi ch\u1ea5t l\u01b0\u1ee3ng v\u1edbi c\u00e1c \u0111\u1ed9ng l\u1ef1c k\u00edch th\u00edch k\u1ebft qu\u1ea3 c\u1ee5 th\u1ec3. Trong ng\u00e0nh t\u00e0i ch\u00ednh n\u01a1i quy \u0111\u1ecbnh r\u1ea5t nghi\u00eam ng\u1eb7t, c\u00e1c ch\u01b0\u01a1ng tr\u00ecnh c\u1ee7a ch\u00fang t\u00f4i kh\u00f4ng ch\u1ec9 t\u1ea1o ra k\u1ebft qu\u1ea3 m\u00e0 c\u00f2n tu\u00e2n th\u1ee7 \u0111\u1ea7y \u0111\u1ee7 quy \u0111\u1ecbnh. Ch\u00fang t\u00f4i ch\u00fa tr\u1ecdng ph\u00e1t tri\u1ec3n quan h\u1ec7 kh\u00e1ch h\u00e0ng l\u00e2u d\u00e0i, tr\u00e1nh xa nh\u1eefng giao d\u1ecbch ch\u1ec9 mang t\u00ednh th\u1eddi v\u1ee5. Chi\u1ebfn l\u01b0\u1ee3c n\u00e0y m\u1edf r\u1ed9ng danh m\u1ee5c \u0111\u1ea7u t\u01b0, mang l\u1ea1i l\u1ee3i \u00edch kh\u00f4ng ch\u1ec9 cho l\u1ee3i nhu\u1eadn doanh nghi\u1ec7p m\u00e0 c\u00f2n cho l\u1ee3i \u00edch c\u00e1 nh\u00e2n c\u1ee7a ng\u01b0\u1eddi ti\u00eau d\u00f9ng, t\u1ea1o ra m\u1ed9t t\u00ecnh hu\u1ed1ng \u0111\u00f4i b\u00ean c\u00f9ng c\u00f3 l\u1ee3i cho c\u00e1c t\u1ed5 ch\u1ee9c t\u00e0i ch\u00ednh trong c\u1ea3 hai ng\u00e0nh B2B v\u00e0 B2C.<\/p>\n\n\n\n<p class=\"has-xl-font-size\"><strong><a href=\"https:\/\/www.biworldwide.com\/vn-vn\/employee-engagement\/\">H\u00f2a nh\u1eadp v\u00e0 gi\u1eef ch\u00e2n nh\u00e2n vi\u00ean<\/a><\/strong><\/p>\n\n\n\n<p>Ch\u00fang t\u00f4i c\u00f3 nh\u1eefng ch\u01b0\u01a1ng tr\u00ecnh h\u1ea5p d\u1eabn nh\u1eb1m thu h\u00fat v\u00e0 gi\u1eef ch\u00e2n nh\u1eefng t\u00e0i n\u0103ng \u0111\u1eb3ng c\u1ea5p th\u1ebf gi\u1edbi trong ng\u00e0nh ng\u00e2n h\u00e0ng. Nh\u1eefng s\u00e1ng ki\u1ebfn c\u1ee7a ch\u00fang t\u00f4i t\u00f4n vinh c\u00e1c c\u1ed9t m\u1ed1c quan tr\u1ecdng trong su\u1ed1t h\u00e0nh tr\u00ecnh ngh\u1ec1 nghi\u1ec7p c\u1ee7a nh\u00e2n vi\u00ean, t\u1eeb tuy\u1ec3n d\u1ee5ng cho \u0111\u1ebfn khi ngh\u1ec9 h\u01b0u. B\u1eb1ng c\u00e1ch k\u1ebft h\u1ee3p gi\u1eefa tuy\u1ec3n d\u1ee5ng, \u0111\u00e0o t\u1ea1o, ghi nh\u1eadn nh\u1eefng d\u1ea5u \u1ea5n \u0111\u00e1ng nh\u1edb v\u00e0 ph\u1ea7n th\u01b0\u1edfng x\u1ee9ng \u0111\u00e1ng, ch\u00fang t\u00f4i x\u00e2y d\u1ef1ng m\u1ed9t n\u1ec1n v\u0103n h\u00f3a gi\u00fap nh\u00e2n vi\u00ean h\u00f2a nh\u1eadp nhanh ch\u00f3ng v\u00e0 li\u00ean t\u1ee5c t\u1ea1o \u0111\u1ed9ng l\u1ef1c c\u0169ng nh\u01b0 tr\u00e2n tr\u1ecdng h\u1ecd su\u1ed1t ch\u1eb7ng \u0111\u01b0\u1eddng s\u1ef1 nghi\u1ec7p.<\/p>\n\n\n\n<p class=\"has-xl-font-size\"><strong><a href=\"https:\/\/www.biworldwide.com\/vn-vn\/the-new-rules-of-engagement\/\">Chi\u1ebfn l\u01b0\u1ee3c d\u1ef1a tr\u00ean v\u0103n h\u00f3a<\/a><\/strong><\/p>\n\n\n\n<p>Ch\u00fang t\u00f4i t\u1ea1o ra c\u00e1c ch\u01b0\u01a1ng tr\u00ecnh ghi nh\u1eadn \u0111\u1ec3 thu h\u00fat t\u1ea5t c\u1ea3 nh\u00e2n vi\u00ean, b\u1ea5t k\u1ec3 th\u1eddi gian l\u00e0m vi\u1ec7c. B\u1eb1ng c\u00e1ch t\u00f4n vinh nh\u1eefng th\u00e0nh t\u1ef1u v\u01b0\u1ee3t tr\u1ed9i v\u00e0 s\u1ef1 h\u1ed7 tr\u1ee3 gi\u1eefa \u0111\u1ed3ng nghi\u1ec7p, ch\u00fang t\u00f4i \u0111\u1ea3m b\u1ea3o m\u1ecdi ng\u01b0\u1eddi \u0111\u1ec1u c\u1ea3m th\u1ea5y \u0111\u01b0\u1ee3c tr\u00e2n tr\u1ecdng. C\u00e1c nh\u00e0 qu\u1ea3n l\u00fd c\u00f3 th\u1ec3 s\u1eed d\u1ee5ng c\u00f4ng ngh\u1ec7 th\u00f4ng minh \u0111\u1ec3 thi\u1ebft k\u1ebf nh\u1eefng ch\u01b0\u01a1ng tr\u00ecnh \u0111\u1eb7c th\u00f9, ph\u00f9 h\u1ee3p v\u1edbi m\u1ee5c ti\u00eau c\u1ee7a b\u1ed9 ph\u1eadn v\u00e0 t\u1ed5 ch\u1ee9c, t\u1eeb \u0111\u00f3 \u0111\u1ea3m b\u1ea3o s\u1eed d\u1ee5ng ng\u00e2n s\u00e1ch hi\u1ec7u qu\u1ea3 v\u00e0 gia t\u0103ng g\u1eafn k\u1ebft nh\u00e2n vi\u00ean.<\/p>\n<\/div>\n\n\n\n<div class=\"wp-block-group alignfull  has-background-angle-to-left bg-angle-accent-cyan has-global-padding is-layout-constrained wp-container-core-group-is-layout-d3543a3b wp-block-group-is-layout-constrained\">\n<div class=\"wp-block-group  layout-columns-10 has-global-padding is-layout-constrained wp-container-core-group-is-layout-0b5f5b40 wp-block-group-is-layout-constrained\">\n<div class=\"wp-block-group is-content-justification-center is-layout-flex wp-container-core-group-is-layout-b4c50f06 wp-block-group-is-layout-flex\"><div class=\" has-dynamic-border-radius has-image-size-cover has-image-radius-none is-style-default wp-block-biw-block-theme-biw-card\">\n\t\t\t<figure class=\"biw-card__image-wrapper \">\n\t\t\t<img decoding=\"async\" src=\"https:\/\/www.biworldwide.com\/wp-content\/uploads\/2025\/03\/BIW_Brand_Banks-and-Investment-Houses.svg\" alt=\"\" class=\"biw-card__image\" style=\"object-position: 50% 50%;\">\t\t<\/figure>\n\t\t<div class=\"biw-card__content\">\n\t\t<h3 class=\"biw-card__title\">\n\t\t\t\t\t\t\tNg\u00e2n h\u00e0ng v\u00e0 c\u00f4ng ty \u0111\u1ea7u t\u01b0\t\t\t\t\t<\/h3>\n\t\t<div class=\"biw-card__text\">\n\n<p><\/p>\n\n<\/div>\n\t<\/div>\n\t<\/div>\n\n<div class=\" has-dynamic-border-radius has-image-size-cover has-image-radius-none is-style-default wp-block-biw-block-theme-biw-card\">\n\t\t\t<figure class=\"biw-card__image-wrapper \">\n\t\t\t<img decoding=\"async\" src=\"https:\/\/www.biworldwide.com\/wp-content\/uploads\/2025\/03\/BIW_Brand_Insurance-Agencies.svg\" alt=\"\" class=\"biw-card__image\" style=\"object-position: 50% 50%;\">\t\t<\/figure>\n\t\t<div class=\"biw-card__content\">\n\t\t<h3 class=\"biw-card__title\">\n\t\t\t\t\t\t\tC\u00e1c c\u00f4ng ty b\u1ea3o hi\u1ec3m\t\t\t\t\t<\/h3>\n\t\t<div class=\"biw-card__text\">\n\n<p><\/p>\n\n<\/div>\n\t<\/div>\n\t<\/div>\n\n<div class=\" has-dynamic-border-radius has-image-size-cover has-image-radius-none is-style-default wp-block-biw-block-theme-biw-card\">\n\t\t\t<figure class=\"biw-card__image-wrapper \">\n\t\t\t<img decoding=\"async\" src=\"https:\/\/www.biworldwide.com\/wp-content\/uploads\/2025\/03\/BIW_Brand_Analsys-investments-managers-and-brokers.svg\" alt=\"\" class=\"biw-card__image\" style=\"object-position: 50% 50%;\">\t\t<\/figure>\n\t\t<div class=\"biw-card__content\">\n\t\t<h3 class=\"biw-card__title\">\n\t\t\t\t\t\t\tC\u00e1c chuy\u00ean gia ph\u00e2n t\u00edch, qu\u1ea3n l\u00fd \u0111\u1ea7u t\u01b0 v\u00e0 m\u00f4i gi\u1edbi\t\t\t\t\t<\/h3>\n\t\t<div class=\"biw-card__text\">\n\n<p><\/p>\n\n<\/div>\n\t<\/div>\n\t<\/div><\/div>\n<\/div>\n<span class='background-angle-wrapper'><svg fill='none' viewBox='0 0 1728 699' xmlns='http:\/\/www.w3.org\/2000\/svg'><path d='M1728 0H0V294.923L1728 698.43V0Z' fill='url(#69debd0310ee7)'\/><defs><linearGradient id='69debd0310ee7' x1='1738.8' x2='1701' y1='717.27' y2='15.023' gradientUnits='userSpaceOnUse'><stop stop-color='#19C3D0' stop-opacity='.3' offset='0'\/><stop stop-color='#19C3D0' stop-opacity='0' offset='1'\/><\/linearGradient><\/defs><\/svg><\/span><\/div>","protected":false},"excerpt":{"rendered":"<p>Hi\u1ec7u su\u1ea5t b\u1ea1n c\u00f3 th\u1ec3 tin t\u01b0\u1edfng. Ch\u00fang t\u00f4i t\u1ea1o ra c\u00e1c ch\u01b0\u01a1ng tr\u00ecnh \u0111\u1ed9c \u0111\u00e1o \u0111\u01b0\u1ee3c thi\u1ebft k\u1ebf ri\u00eang nh\u1eb1m k\u1ebft n\u1ed1i, h\u01b0\u1edbng d\u1eabn, n\u00e2ng cao ki\u1ebfn th\u1ee9c, truy\u1ec1n c\u1ea3m h\u1ee9ng, ch\u1ee9ng nh\u1eadn, ghi nh\u1eadn v\u00e0 th\u00fac \u0111\u1ea9y \u0111\u1ed9i ng\u0169 c\u1ee7a b\u1ea1n v\u1edbi c\u00e1c gi\u1ea3i ph\u00e1p t\u00edch h\u1ee3p. Ghi nh\u1eadn th\u00e0nh qu\u1ea3 \u0111\u00e1ng t\u1ef1 [&hellip;]<\/p>\n","protected":false},"author":11,"featured_media":0,"parent":140,"menu_order":0,"comment_status":"closed","ping_status":"closed","template":"","meta":{"featured_image_focal_point":{"x":0.5,"y":0.5},"footnotes":""},"wf_page_folders":[41],"class_list":["post-155","page","type-page","status-publish","hentry"],"yoast_head":"<!-- This site is optimized with the Yoast SEO plugin v26.2 - https:\/\/yoast.com\/wordpress\/plugins\/seo\/ -->\n<title>D\u1ecbch V\u1ee5 T\u00e0i Ch\u00ednh v\u00e0 B\u1ea3o Hi\u1ec3m - Vietnam (English)<\/title>\n<meta name=\"robots\" content=\"index, follow, max-snippet:-1, max-image-preview:large, max-video-preview:-1\" \/>\n<link rel=\"canonical\" href=\"https:\/\/www.biworldwide.com\/vn-vn\/who-we-serve\/financial-services-and-insurance\/\" \/>\n<meta property=\"og:locale\" content=\"en_US\" \/>\n<meta property=\"og:type\" content=\"article\" \/>\n<meta property=\"og:title\" content=\"D\u1ecbch V\u1ee5 T\u00e0i Ch\u00ednh v\u00e0 B\u1ea3o Hi\u1ec3m - Vietnam (English)\" \/>\n<meta property=\"og:description\" content=\"Hi\u1ec7u su\u1ea5t b\u1ea1n c\u00f3 th\u1ec3 tin t\u01b0\u1edfng. Ch\u00fang t\u00f4i t\u1ea1o ra c\u00e1c ch\u01b0\u01a1ng tr\u00ecnh \u0111\u1ed9c \u0111\u00e1o \u0111\u01b0\u1ee3c thi\u1ebft k\u1ebf ri\u00eang nh\u1eb1m k\u1ebft n\u1ed1i, h\u01b0\u1edbng d\u1eabn, n\u00e2ng cao ki\u1ebfn th\u1ee9c, truy\u1ec1n c\u1ea3m h\u1ee9ng, ch\u1ee9ng nh\u1eadn, ghi nh\u1eadn v\u00e0 th\u00fac \u0111\u1ea9y \u0111\u1ed9i ng\u0169 c\u1ee7a b\u1ea1n v\u1edbi c\u00e1c gi\u1ea3i ph\u00e1p t\u00edch h\u1ee3p. Ghi nh\u1eadn th\u00e0nh qu\u1ea3 \u0111\u00e1ng t\u1ef1 [&hellip;]\" \/>\n<meta property=\"og:url\" content=\"https:\/\/www.biworldwide.com\/vn-vn\/who-we-serve\/financial-services-and-insurance\/\" \/>\n<meta property=\"og:site_name\" content=\"Vietnam (English)\" \/>\n<meta property=\"article:modified_time\" content=\"2025-06-09T03:09:14+00:00\" \/>\n<meta name=\"twitter:card\" content=\"summary_large_image\" \/>\n<meta name=\"twitter:label1\" content=\"Est. reading time\" \/>\n\t<meta name=\"twitter:data1\" content=\"3 minutes\" \/>\n<script type=\"application\/ld+json\" class=\"yoast-schema-graph\">{\"@context\":\"https:\/\/schema.org\",\"@graph\":[{\"@type\":\"WebPage\",\"@id\":\"https:\/\/www.biworldwide.com\/vn-vn\/who-we-serve\/financial-services-and-insurance\/\",\"url\":\"https:\/\/www.biworldwide.com\/vn-vn\/who-we-serve\/financial-services-and-insurance\/\",\"name\":\"D\u1ecbch V\u1ee5 T\u00e0i Ch\u00ednh v\u00e0 B\u1ea3o Hi\u1ec3m - Vietnam (English)\",\"isPartOf\":{\"@id\":\"https:\/\/www.biworldwide.com\/vn-vn\/#website\"},\"datePublished\":\"2025-01-14T16:24:27+00:00\",\"dateModified\":\"2025-06-09T03:09:14+00:00\",\"breadcrumb\":{\"@id\":\"https:\/\/www.biworldwide.com\/vn-vn\/who-we-serve\/financial-services-and-insurance\/#breadcrumb\"},\"inLanguage\":\"en-US\",\"potentialAction\":[{\"@type\":\"ReadAction\",\"target\":[\"https:\/\/www.biworldwide.com\/vn-vn\/who-we-serve\/financial-services-and-insurance\/\"]}]},{\"@type\":\"BreadcrumbList\",\"@id\":\"https:\/\/www.biworldwide.com\/vn-vn\/who-we-serve\/financial-services-and-insurance\/#breadcrumb\",\"itemListElement\":[{\"@type\":\"ListItem\",\"position\":1,\"name\":\"Home\",\"item\":\"https:\/\/www.biworldwide.com\/vn-vn\/\"},{\"@type\":\"ListItem\",\"position\":2,\"name\":\"Who We Serve\",\"item\":\"https:\/\/www.biworldwide.com\/vn-vn\/who-we-serve\/\"},{\"@type\":\"ListItem\",\"position\":3,\"name\":\"D\u1ecbch V\u1ee5 T\u00e0i Ch\u00ednh v\u00e0 B\u1ea3o Hi\u1ec3m\"}]},{\"@type\":\"WebSite\",\"@id\":\"https:\/\/www.biworldwide.com\/vn-vn\/#website\",\"url\":\"https:\/\/www.biworldwide.com\/vn-vn\/\",\"name\":\"Vietnam (English)\",\"description\":\"\",\"potentialAction\":[{\"@type\":\"SearchAction\",\"target\":{\"@type\":\"EntryPoint\",\"urlTemplate\":\"https:\/\/www.biworldwide.com\/vn-vn\/?s={search_term_string}\"},\"query-input\":{\"@type\":\"PropertyValueSpecification\",\"valueRequired\":true,\"valueName\":\"search_term_string\"}}],\"inLanguage\":\"en-US\"}]}<\/script>\n<!-- \/ Yoast SEO plugin. -->","yoast_head_json":{"title":"D\u1ecbch V\u1ee5 T\u00e0i Ch\u00ednh v\u00e0 B\u1ea3o Hi\u1ec3m - Vietnam (English)","robots":{"index":"index","follow":"follow","max-snippet":"max-snippet:-1","max-image-preview":"max-image-preview:large","max-video-preview":"max-video-preview:-1"},"canonical":"https:\/\/www.biworldwide.com\/vn-vn\/who-we-serve\/financial-services-and-insurance\/","og_locale":"en_US","og_type":"article","og_title":"D\u1ecbch V\u1ee5 T\u00e0i Ch\u00ednh v\u00e0 B\u1ea3o Hi\u1ec3m - Vietnam (English)","og_description":"Hi\u1ec7u su\u1ea5t b\u1ea1n c\u00f3 th\u1ec3 tin t\u01b0\u1edfng. Ch\u00fang t\u00f4i t\u1ea1o ra c\u00e1c ch\u01b0\u01a1ng tr\u00ecnh \u0111\u1ed9c \u0111\u00e1o \u0111\u01b0\u1ee3c thi\u1ebft k\u1ebf ri\u00eang nh\u1eb1m k\u1ebft n\u1ed1i, h\u01b0\u1edbng d\u1eabn, n\u00e2ng cao ki\u1ebfn th\u1ee9c, truy\u1ec1n c\u1ea3m h\u1ee9ng, ch\u1ee9ng nh\u1eadn, ghi nh\u1eadn v\u00e0 th\u00fac \u0111\u1ea9y \u0111\u1ed9i ng\u0169 c\u1ee7a b\u1ea1n v\u1edbi c\u00e1c gi\u1ea3i ph\u00e1p t\u00edch h\u1ee3p. Ghi nh\u1eadn th\u00e0nh qu\u1ea3 \u0111\u00e1ng t\u1ef1 [&hellip;]","og_url":"https:\/\/www.biworldwide.com\/vn-vn\/who-we-serve\/financial-services-and-insurance\/","og_site_name":"Vietnam (English)","article_modified_time":"2025-06-09T03:09:14+00:00","twitter_card":"summary_large_image","twitter_misc":{"Est. reading time":"3 minutes"},"schema":{"@context":"https:\/\/schema.org","@graph":[{"@type":"WebPage","@id":"https:\/\/www.biworldwide.com\/vn-vn\/who-we-serve\/financial-services-and-insurance\/","url":"https:\/\/www.biworldwide.com\/vn-vn\/who-we-serve\/financial-services-and-insurance\/","name":"D\u1ecbch V\u1ee5 T\u00e0i Ch\u00ednh v\u00e0 B\u1ea3o Hi\u1ec3m - Vietnam (English)","isPartOf":{"@id":"https:\/\/www.biworldwide.com\/vn-vn\/#website"},"datePublished":"2025-01-14T16:24:27+00:00","dateModified":"2025-06-09T03:09:14+00:00","breadcrumb":{"@id":"https:\/\/www.biworldwide.com\/vn-vn\/who-we-serve\/financial-services-and-insurance\/#breadcrumb"},"inLanguage":"en-US","potentialAction":[{"@type":"ReadAction","target":["https:\/\/www.biworldwide.com\/vn-vn\/who-we-serve\/financial-services-and-insurance\/"]}]},{"@type":"BreadcrumbList","@id":"https:\/\/www.biworldwide.com\/vn-vn\/who-we-serve\/financial-services-and-insurance\/#breadcrumb","itemListElement":[{"@type":"ListItem","position":1,"name":"Home","item":"https:\/\/www.biworldwide.com\/vn-vn\/"},{"@type":"ListItem","position":2,"name":"Who We Serve","item":"https:\/\/www.biworldwide.com\/vn-vn\/who-we-serve\/"},{"@type":"ListItem","position":3,"name":"D\u1ecbch V\u1ee5 T\u00e0i Ch\u00ednh v\u00e0 B\u1ea3o Hi\u1ec3m"}]},{"@type":"WebSite","@id":"https:\/\/www.biworldwide.com\/vn-vn\/#website","url":"https:\/\/www.biworldwide.com\/vn-vn\/","name":"Vietnam (English)","description":"","potentialAction":[{"@type":"SearchAction","target":{"@type":"EntryPoint","urlTemplate":"https:\/\/www.biworldwide.com\/vn-vn\/?s={search_term_string}"},"query-input":{"@type":"PropertyValueSpecification","valueRequired":true,"valueName":"search_term_string"}}],"inLanguage":"en-US"}]}},"_links":{"self":[{"href":"https:\/\/www.biworldwide.com\/vn-vn\/wp-json\/wp\/v2\/pages\/155","targetHints":{"allow":["GET"]}}],"collection":[{"href":"https:\/\/www.biworldwide.com\/vn-vn\/wp-json\/wp\/v2\/pages"}],"about":[{"href":"https:\/\/www.biworldwide.com\/vn-vn\/wp-json\/wp\/v2\/types\/page"}],"author":[{"embeddable":true,"href":"https:\/\/www.biworldwide.com\/vn-vn\/wp-json\/wp\/v2\/users\/11"}],"replies":[{"embeddable":true,"href":"https:\/\/www.biworldwide.com\/vn-vn\/wp-json\/wp\/v2\/comments?post=155"}],"version-history":[{"count":4,"href":"https:\/\/www.biworldwide.com\/vn-vn\/wp-json\/wp\/v2\/pages\/155\/revisions"}],"predecessor-version":[{"id":1891,"href":"https:\/\/www.biworldwide.com\/vn-vn\/wp-json\/wp\/v2\/pages\/155\/revisions\/1891"}],"up":[{"embeddable":true,"href":"https:\/\/www.biworldwide.com\/vn-vn\/wp-json\/wp\/v2\/pages\/140"}],"wp:attachment":[{"href":"https:\/\/www.biworldwide.com\/vn-vn\/wp-json\/wp\/v2\/media?parent=155"}],"wp:term":[{"taxonomy":"wf_page_folders","embeddable":true,"href":"https:\/\/www.biworldwide.com\/vn-vn\/wp-json\/wp\/v2\/wf_page_folders?post=155"}],"curies":[{"name":"wp","href":"https:\/\/api.w.org\/{rel}","templated":true}]}}