{"id":157,"date":"2025-01-14T16:24:49","date_gmt":"2025-01-14T16:24:49","guid":{"rendered":"https:\/\/live-biw-main.pantheonsite.io\/?page_id=157"},"modified":"2025-06-12T12:38:14","modified_gmt":"2025-06-12T04:38:14","slug":"life-sciences-and-healthcare","status":"publish","type":"page","link":"https:\/\/www.biworldwide.com\/vn-vn\/who-we-serve\/life-sciences-and-healthcare\/","title":{"rendered":"Khoa H\u1ecdc \u0110\u1eddi S\u1ed1ng v\u00e0 Ch\u0103m S\u00f3c S\u1ee9c Kh\u1ecfe"},"content":{"rendered":"<div class=\" has-enable-tall-hero has-content-align-left has-overlay has-overlay--dark alignfull wp-block-biw-block-theme-hero\">\n\t<div class=\"biw-hero__grid\">\n\t\t\t\t\t<div class=\"biw-hero__breadcrumbs\">\n\t\t\t\t<div id=\"breadcrumbs\" class=\"breadcrumb-nav__wrapper\"><span class=\"breadcrumb-nav\"><span><a href=\"https:\/\/www.biworldwide.com\/vn-vn\/\">Home<\/a><\/span><\/span><\/div>\t\t\t<\/div>\n\t\t\n\t\t\t\t\t<div class=\"biw-hero__media \">\n\t\t\t\t\t\t\t\t\t<div class=\"biw-hero__overlay overlay-dark\"><\/div>\n\t\t\t\t\t\t\t\t<img decoding=\"async\" src=\"https:\/\/www.biworldwide.com\/wp-content\/uploads\/2025\/02\/Lifesciences-and-healthcare-1728x600px.jpg\" alt=\"A stethoscope rests on a table in the foreground, with a blurred background featuring an audience of people seated in a conference room. The lighting is a mix of blue and purple tones, creating a professional and modern atmosphere.\" class=\"biw-hero__bg-image\" style=\"object-position: 50% 50%;\">\t\t\t<\/div>\n\t\t\t\t<div class=\"biw-hero__content\">\n\t\t\t\t\t\t<h1 class=\"biw-hero__title\" style=\"line-height: 1.2\">\n\t\t\t\tKhoa H\u1ecdc \u0110\u1eddi S\u1ed1ng v\u00e0 Ch\u0103m S\u00f3c S\u1ee9c Kh\u1ecfe\t\t\t<\/h1>\n\t\t\t\t\t\t\t<h2 class=\"biw-hero__subtitle\">\n\t\t\t\t\tK\u1ebft qu\u1ea3 t\u1ed1t h\u01a1n, l\u1ee3i nhu\u1eadn b\u1ec1n v\u1eefng h\u01a1n\t\t\t\t<\/h2>\n\t\t\t\t\t\t\t\t\t\t<div class=\"biw-hero__text\">\n\t\t\t\t\t\n\n<p>\u0110\u01b0\u1ee3c c\u00e1c t\u1ed5 ch\u1ee9c h\u00e0ng \u0111\u1ea7u trong ng\u00e0nh khoa h\u1ecdc \u0111\u1eddi s\u1ed1ng v\u00e0 ch\u0103m s\u00f3c s\u1ee9c kh\u1ecfe tin t\u01b0\u1edfng \u0111\u1ec3 thay \u0111\u1ed5i h\u00e0nh vi v\u00e0 th\u00fac \u0111\u1ea9y k\u1ebft qu\u1ea3 kinh doanh v\u1edbi nh\u1eefng \u0111\u1ed1i t\u01b0\u1ee3ng quan tr\u1ecdng nh\u01b0 nh\u00e2n vi\u00ean, \u0111\u1ed9i ng\u0169 b\u00e1n h\u00e0ng, th\u00e0nh vi\u00ean, b\u00e1c s\u0129 v\u00e0 b\u1ec7nh nh\u00e2n.<\/p>\n\n\t\t\t\t<\/div>\n\t\t\t\t\t\t\t\t<\/div>\n\t<\/div>\n<\/div>\n\n\n\n<div class=\"wp-block-group  layout-columns-7 has-global-padding is-layout-constrained wp-container-core-group-is-layout-a133ec42 wp-block-group-is-layout-constrained\">\n<h2 class=\"wp-block-heading\">Gi\u1ea3i ph\u00e1p th\u00f4ng minh, d\u1ec5 d\u00e0ng th\u1ef1c hi\u1ec7n<\/h2>\n\n\n\n<p>Ng\u00e0nh khoa h\u1ecdc \u0111\u1eddi s\u1ed1ng v\u00e0 ch\u0103m s\u00f3c s\u1ee9c kh\u1ecfe \u0111ang thay \u0111\u1ed5i nhanh ch\u00f3ng m\u1eb7t. Ch\u00fang t\u00f4i th\u1ea5u hi\u1ec3u \u0111i\u1ec1u \u0111\u00f3.<\/p>\n\n\n\n<p>Ch\u00fang t\u00f4i l\u00e0 nh\u1eefng ng\u01b0\u1eddi b\u1ea1n \u0111\u1ed3ng h\u00e0nh chi\u1ebfn l\u01b0\u1ee3c, lu\u00f4n \u0111\u1ed3ng l\u00f2ng c\u00f9ng nhu c\u1ea7u c\u1ee7a kh\u00e1ch h\u00e0ng v\u00e0 mang \u0111\u1ebfn nh\u1eefng k\u1ebft qu\u1ea3 v\u01b0\u1ee3t tr\u1ed9i, hi\u1ec7n th\u1ef1c h\u00f3a m\u1ee5c ti\u00eau v\u00e0 d\u1eabn \u0111\u1ea7u trong ng\u00e0nh.<\/p>\n\n\n\n<ul class=\"wp-block-list\">\n<li class=\"has-xl-font-size\">Ghi nh\u1eadn v\u00e0 vinh danh c\u00e1 nh\u00e2n v\u00e0 \u0111\u1ed9i ng\u0169 b\u00e1n h\u00e0ng \u0111\u1ec3 th\u00fac \u0111\u1ea9y th\u00e0nh c\u00f4ng<\/li>\n\n\n\n<li class=\"has-xl-font-size\">Kh\u01a1i d\u1eady s\u1ef1 tham gia c\u1ee7a th\u00e0nh vi\u00ean v\u00e0 b\u1ec7nh nh\u00e2n th\u00f4ng qua chi\u1ebfn l\u01b0\u1ee3c thay \u0111\u1ed5i h\u00e0nh vi, ch\u01b0\u01a1ng tr\u00ecnh v\u00e0 c\u00e1c chi\u1ebfn d\u1ecbch th\u00fac \u0111\u1ea9y l\u00f2ng trung th\u00e0nh<\/li>\n\n\n\n<li class=\"has-xl-font-size\">Th\u1eed th\u00e1ch c\u00e1c qu\u1ea3n l\u00fd \u0111\u1ec3 thu h\u00fat, gi\u1eef ch\u00e2n, k\u1ebft n\u1ed1i v\u00e0 truy\u1ec1n c\u1ea3m h\u1ee9ng cho t\u00e0i n\u0103ng h\u00e0ng \u0111\u1ea7u trong m\u00f4i tr\u01b0\u1eddng l\u00e0m vi\u1ec7c kh\u00f4ng ng\u1eebng thay \u0111\u1ed5i<\/li>\n\n\n\n<li class=\"has-xl-font-size\">Th\u00fac \u0111\u1ea9y v\u00e0 c\u1ee7ng c\u1ed1 v\u0103n h\u00f3a c\u00f4ng ty qua c\u00e1c chi\u1ebfn d\u1ecbch truy\u1ec1n th\u00f4ng v\u00e0 ghi nh\u1eadn nh\u00e2n vi\u00ean<\/li>\n\n\n\n<li class=\"has-xl-font-size\">T\u1ed5 ch\u1ee9c nh\u1eefng s\u1ef1 ki\u1ec7n v\u00e0 ch\u01b0\u01a1ng tr\u00ecnh ra m\u1eaft s\u1ea3n ph\u1ea9m \u0111\u1ea7y s\u00e1ng t\u1ea1o v\u00e0 \u0111\u1ed9c \u0111\u00e1o, h\u01b0\u1edbng t\u1edbi \u0111\u1ed9i ng\u0169 b\u00e1n h\u00e0ng, nh\u00e2n vi\u00ean v\u00e0 c\u00e1c chuy\u00ean gia ch\u0103m s\u00f3c s\u1ee9c kh\u1ecfe<\/li>\n\n\n\n<li class=\"has-xl-font-size\">\u0110\u00e0o t\u1ea1o nh\u00e2n vi\u00ean \u0111\u1ec3 n\u00e2ng cao hi\u1ec7u qu\u1ea3 l\u00e0m vi\u1ec7c v\u00e0 c\u1ea3i thi\u1ec7n tr\u1ea3i nghi\u1ec7m c\u1ee7a b\u1ec7nh nh\u00e2n<\/li>\n\n\n\n<li class=\"has-xl-font-size\">Gi\u00fap \u0111\u1ee1 v\u00e0 n\u00e2ng cao nh\u1eadn th\u1ee9c cho b\u1ec7nh nh\u00e2n \u0111\u1ec3 h\u1ecd c\u00f3 s\u1ee9c kho\u1ebb t\u1ed1t h\u01a1n v\u00e0 ti\u1ebft ki\u1ec7m chi ph\u00ed<\/li>\n<\/ul>\n<\/div>\n\n\n\n<div class=\"wp-block-group is-layout-grid wp-container-core-group-is-layout-988b637e wp-block-group-is-layout-grid\"><div class=\" has-dynamic-border-radius has-image-size-cover has-image-radius-none wp-block-biw-block-theme-biw-card\">\n\t\t\t<figure class=\"biw-card__image-wrapper \">\n\t\t\t<img decoding=\"async\" src=\"https:\/\/www.biworldwide.com\/wp-content\/uploads\/2025\/03\/BIW_Brand_Distribution.svg\" alt=\"\" class=\"biw-card__image\" style=\"object-position: 50% 50%;\">\t\t<\/figure>\n\t\t<div class=\"biw-card__content\">\n\t\t<h3 class=\"biw-card__title\">\n\t\t\t\t\t\t\tPh\u00e2n Ph\u1ed1i\t\t\t\t\t<\/h3>\n\t\t<div class=\"biw-card__text\"><\/div>\n\t<\/div>\n\t<\/div>\n\n<div class=\" has-dynamic-border-radius has-image-size-cover has-image-radius-none wp-block-biw-block-theme-biw-card\">\n\t\t\t<figure class=\"biw-card__image-wrapper \">\n\t\t\t<img decoding=\"async\" src=\"https:\/\/www.biworldwide.com\/wp-content\/uploads\/2025\/03\/BIW_Brand_Insurance.svg\" alt=\"\" class=\"biw-card__image\" style=\"object-position: 50% 50%;\">\t\t<\/figure>\n\t\t<div class=\"biw-card__content\">\n\t\t<h3 class=\"biw-card__title\">\n\t\t\t\t\t\t\tB\u1ea3o Hi\u1ec3m\t\t\t\t\t<\/h3>\n\t\t<div class=\"biw-card__text\"><\/div>\n\t<\/div>\n\t<\/div>\n\n<div class=\" has-dynamic-border-radius has-image-size-cover has-image-radius-none wp-block-biw-block-theme-biw-card\">\n\t\t\t<figure class=\"biw-card__image-wrapper \">\n\t\t\t<img decoding=\"async\" src=\"https:\/\/www.biworldwide.com\/wp-content\/uploads\/2025\/03\/BIW_Brand_MedicalDevice.svg\" alt=\"\" class=\"biw-card__image\" style=\"object-position: 50% 50%;\">\t\t<\/figure>\n\t\t<div class=\"biw-card__content\">\n\t\t<h3 class=\"biw-card__title\">\n\t\t\t\t\t\t\tThi\u1ebft B\u1ecb Y T\u1ebf\t\t\t\t\t<\/h3>\n\t\t<div class=\"biw-card__text\"><\/div>\n\t<\/div>\n\t<\/div>\n\n<div class=\" has-dynamic-border-radius has-image-size-cover has-image-radius-none wp-block-biw-block-theme-biw-card\">\n\t\t\t<figure class=\"biw-card__image-wrapper \">\n\t\t\t<img decoding=\"async\" src=\"https:\/\/www.biworldwide.com\/wp-content\/uploads\/2025\/03\/BIW_Brand_Pharma.svg\" alt=\"\" class=\"biw-card__image\" style=\"object-position: 50% 50%;\">\t\t<\/figure>\n\t\t<div class=\"biw-card__content\">\n\t\t<h3 class=\"biw-card__title\">\n\t\t\t\t\t\t\tD\u01b0\u1ee3c Ph\u1ea9m\t\t\t\t\t<\/h3>\n\t\t<div class=\"biw-card__text\">\n\n<p><\/p>\n\n<\/div>\n\t<\/div>\n\t<\/div>\n\n<div class=\" has-dynamic-border-radius has-image-size-cover has-image-radius-none wp-block-biw-block-theme-biw-card\">\n\t\t\t<figure class=\"biw-card__image-wrapper \">\n\t\t\t<img decoding=\"async\" src=\"https:\/\/www.biworldwide.com\/wp-content\/uploads\/2025\/03\/BIW_Brand_ClinicalResearch.svg\" alt=\"\" class=\"biw-card__image\" style=\"object-position: 50% 50%;\">\t\t<\/figure>\n\t\t<div class=\"biw-card__content\">\n\t\t<h3 class=\"biw-card__title\">\n\t\t\t\t\t\t\tNghi\u00ean C\u1ee9u L\u00e2m S\u00e0ng\t\t\t\t\t<\/h3>\n\t\t<div class=\"biw-card__text\"><\/div>\n\t<\/div>\n\t<\/div>\n\n<div class=\" has-dynamic-border-radius has-image-size-cover has-image-radius-none wp-block-biw-block-theme-biw-card\">\n\t\t\t<figure class=\"biw-card__image-wrapper \">\n\t\t\t<img decoding=\"async\" src=\"https:\/\/www.biworldwide.com\/wp-content\/uploads\/2025\/03\/BIW_Brand_AnimalHealth.svg\" alt=\"\" class=\"biw-card__image\" style=\"object-position: 50% 50%;\">\t\t<\/figure>\n\t\t<div class=\"biw-card__content\">\n\t\t<h3 class=\"biw-card__title\">\n\t\t\t\t\t\t\tS\u1ee9c Kh\u1ecfe \u0110\u1ed9ng V\u1eadt\t\t\t\t\t<\/h3>\n\t\t<div class=\"biw-card__text\"><\/div>\n\t<\/div>\n\t<\/div><\/div>\n\n\n\n<figure class=\"wp-block-embed is-type-video is-provider-vimeo wp-block-embed-vimeo wp-embed-aspect-16-9 wp-has-aspect-ratio\"><div class=\"wp-block-embed__wrapper\">\n<iframe loading=\"lazy\" title=\"BIW LIFE SCIENCES fin_v2\" src=\"https:\/\/player.vimeo.com\/video\/867215630?dnt=1&amp;app_id=122963\" width=\"500\" height=\"281\" frameborder=\"0\" allow=\"autoplay; fullscreen; picture-in-picture; clipboard-write; encrypted-media\"><\/iframe>\n<\/div><\/figure>\n\n\n\n<div class=\"wp-block-group alignfull  layout-columns-10 has-global-padding is-layout-constrained wp-container-core-group-is-layout-cc7bd7df wp-block-group-is-layout-constrained\">\n<div class=\"wp-block-group  layout-columns-8 has-global-padding is-layout-constrained wp-container-core-group-is-layout-fce79bf6 wp-block-group-is-layout-constrained\">\n<h2 class=\"wp-block-heading has-text-align-center\">M\u1ed7i con s\u1ed1 \u0111\u1ec1u \u1ea9n ch\u1ee9a m\u1ed9t c\u00e2u chuy\u1ec7n.<\/h2>\n<\/div>\n\n\n\n<div class=\"wp-block-group  layout-columns-10 has-global-padding is-layout-constrained wp-container-core-group-is-layout-0b5f5b40 wp-block-group-is-layout-constrained\">\n<div class=\"wp-block-group has-text-align-center is-layout-grid wp-container-core-group-is-layout-ef442fb0 wp-block-group-is-layout-grid\">\n<div class=\"wp-block-group is-vertical is-content-justification-center is-layout-flex wp-container-core-group-is-layout-81423f52 wp-block-group-is-layout-flex\">\n<h3 class=\"wp-block-heading has-text-align-left has-impact-font-size  has-text-wrap-no-wrap  has-gradient-fill has-gradient-fill-orange\">18<\/h3>\n\n\n\n<p class=\"has-text-align-center has-large-font-size  has-text-wrap-balance\">Trung b\u00ecnh ch\u1ec9 m\u1ea5t 18 th\u00e1ng \u0111\u1ec3 \u0111\u1ea1t \u0111\u01b0\u1ee3c m\u1ee5c ti\u00eau ti\u1ebft ki\u1ec7m chi ph\u00ed 3 n\u0103m c\u1ee7a kh\u00e1ch h\u00e0ng<\/p>\n<\/div>\n\n\n\n<div class=\"wp-block-group is-vertical is-content-justification-center is-layout-flex wp-container-core-group-is-layout-81423f52 wp-block-group-is-layout-flex\">\n<h3 class=\"wp-block-heading has-text-align-left has-impact-font-size  has-text-wrap-no-wrap  has-gradient-fill has-gradient-fill-orange\">500k<\/h3>\n\n\n\n<p class=\"has-text-align-center has-large-font-size  has-text-wrap-balance\">Ch\u1ec9 ri\u00eang n\u0103m ngo\u00e1i \u0111\u00e3 c\u00f3 500 ngh\u00ecn nh\u00e2n vi\u00ean b\u1ecb \u1ea3nh h\u01b0\u1edfng<\/p>\n<\/div>\n\n\n\n<div class=\"wp-block-group has-text-align-center is-vertical is-content-justification-center is-layout-flex wp-container-core-group-is-layout-81423f52 wp-block-group-is-layout-flex\">\n<h3 class=\"wp-block-heading has-text-align-left has-impact-font-size  has-text-wrap-no-wrap  has-gradient-fill has-gradient-fill-orange\">90+<\/h3>\n\n\n\n<p class=\"has-text-align-center has-large-font-size  has-text-wrap-balance\">H\u01a1n 90 kh\u00e1ch h\u00e0ng trong l\u0129nh v\u1ef1c khoa h\u1ecdc \u0111\u1eddi s\u1ed1ng \u0111\u1ea7y n\u0103ng \u0111\u1ed9ng<\/p>\n<\/div>\n<\/div>\n<\/div>\n<\/div>\n\n\n\n<div class=\"wp-block-group alignfull has-global-padding is-layout-constrained wp-container-core-group-is-layout-d3543a3b wp-block-group-is-layout-constrained\">\n<div class=\"wp-block-group  layout-columns-8 has-global-padding is-layout-constrained wp-container-core-group-is-layout-ee362a79 wp-block-group-is-layout-constrained\">\n<h2 class=\"wp-block-heading has-text-align-center  has-text-wrap-pretty\">Gi\u1ea3i Ph\u00e1p<\/h2>\n\n\n\n<p class=\"has-text-align-center has-large-font-size\"><\/p>\n<\/div>\n\n\n\n<div class=\"wp-block-group has-global-padding is-layout-constrained wp-block-group-is-layout-constrained\">\n<div class=\"wp-block-group  has-row-gap is-layout-grid wp-container-core-group-is-layout-c765d3c1 wp-block-group-is-layout-grid\" style=\"--row-gap:var(--wp--preset--spacing--50)\"><div class=\" has-link has-image-size-cover has-image-radius-none is-style-image-left wp-block-biw-block-theme-biw-card\">\n\t\t\t<figure class=\"biw-card__image-wrapper \">\n\t\t\t<img decoding=\"async\" src=\"https:\/\/www.biworldwide.com\/wp-content\/uploads\/2025\/02\/Recognition-cupcake-sparkler-orangebackground-1300x732px.jpg\" alt=\"A cupcake with orange frosting is topped with a lit sparkler. The background is a gradient of pink to orange, complementing the cupcakes vibrant icing.\" class=\"biw-card__image\" style=\"object-position: 50% 50%;\">\t\t<\/figure>\n\t\t<div class=\"biw-card__content\">\n\t\t<h3 class=\"biw-card__title\">\n\t\t\t\t\t\t\t<a href=\"https:\/\/www.biworldwide.com\/vn-vn\/recognition\/\" >\n\t\t\t\tGhi Nh\u1eadn\t\t\t\t<\/a>\n\t\t\t\t\t<\/h3>\n\t\t<div class=\"biw-card__text\">\n\n<p>\u0110\u01b0a \u0111\u1ed9i ng\u0169 c\u1ee7a b\u1ea1n t\u1eeb t\u1ed1t \u0111\u1ebfn tuy\u1ec7t v\u1eddi.<\/p>\n\n<\/div>\n\t<\/div>\n\t\t\t<span class=\"biw-card__cta\">\u0110\u1ecdc Th\u00eam<\/span>\n\t<\/div>\n\n<div class=\" has-link has-image-size-cover has-image-radius-none is-style-image-left wp-block-biw-block-theme-biw-card\">\n\t\t\t<figure class=\"biw-card__image-wrapper \">\n\t\t\t<img decoding=\"async\" src=\"https:\/\/www.biworldwide.com\/wp-content\/uploads\/2025\/02\/BIW_Site_Card_Technology.jpg\" alt=\"A dynamic digital abstract with intersecting lines and shapes in orange, red, teal, and white on a dark background. The composition creates a sense of depth and motion, resembling a network or futuristic data visualization.\" class=\"biw-card__image\" style=\"object-position: 50% 50%;\">\t\t<\/figure>\n\t\t<div class=\"biw-card__content\">\n\t\t<h3 class=\"biw-card__title\">\n\t\t\t\t\t\t\t<a href=\"https:\/\/www.biworldwide.com\/vn-vn\/goalquest-ai\/\" >\n\t\t\t\tGoalquest\u2122 AI\t\t\t\t<\/a>\n\t\t\t\t\t<\/h3>\n\t\t<div class=\"biw-card__text\">\n\n<p>C\u00f4ng c\u1ee5 thi \u0111ua b\u00e1n h\u00e0ng \u0111\u1ed9t ph\u00e1.<\/p>\n\n<\/div>\n\t<\/div>\n\t\t\t<span class=\"biw-card__cta\">\u0110\u1ecdc Th\u00eam<\/span>\n\t<\/div>\n\n<div class=\" has-link has-image-size-cover has-image-radius-none is-style-image-left wp-block-biw-block-theme-biw-card\">\n\t\t\t<figure class=\"biw-card__image-wrapper \">\n\t\t\t<img decoding=\"async\" src=\"https:\/\/www.biworldwide.com\/wp-content\/uploads\/2025\/02\/Rewards-1300x732px.jpg\" alt=\"Two people sit at a table with a laptop, smiling and high-fiving. One person holds a coffee cup. The background features abstract pink and orange shapes.\" class=\"biw-card__image\" style=\"object-position: 50% 50%;\">\t\t<\/figure>\n\t\t<div class=\"biw-card__content\">\n\t\t<h3 class=\"biw-card__title\">\n\t\t\t\t\t\t\t<a href=\"https:\/\/www.biworldwide.com\/vn-vn\/reward-marketplace\/\" >\n\t\t\t\tPh\u1ea7n Th\u01b0\u1edfng\t\t\t\t<\/a>\n\t\t\t\t\t<\/h3>\n\t\t<div class=\"biw-card__text\">\n\n<p>Nh\u1eefng tr\u1ea3i nghi\u1ec7m \u0111\u1eb7c bi\u1ec7t mang l\u1ea1i t\u00e1c \u0111\u1ed9ng t\u00edch c\u1ef1c.<\/p>\n\n<\/div>\n\t<\/div>\n\t\t\t<span class=\"biw-card__cta\">\u0110\u1ecdc Th\u00eam<\/span>\n\t<\/div>\n\n<div class=\" has-link has-image-size-cover has-image-radius-none is-style-image-left wp-block-biw-block-theme-biw-card\">\n\t\t\t<figure class=\"biw-card__image-wrapper \">\n\t\t\t<img decoding=\"async\" src=\"https:\/\/www.biworldwide.com\/wp-content\/uploads\/2025\/02\/BIW_Site_Card_Gamification-scaled.jpg\" alt=\"A luminous purple knight chess piece stands prominently on a board, surrounded by blurred white chess pieces in the background. A network of glowing connections extends on the right, suggesting a blend of strategy and technology.\" class=\"biw-card__image\" style=\"object-position: 50% 50%;\">\t\t<\/figure>\n\t\t<div class=\"biw-card__content\">\n\t\t<h3 class=\"biw-card__title\">\n\t\t\t\t\t\t\t<a href=\"https:\/\/www.biworldwide.com\/vn-vn\/gamification\/\" >\n\t\t\t\tTr\u00f2 Ch\u01a1i H\u00f3a\t\t\t\t<\/a>\n\t\t\t\t\t<\/h3>\n\t\t<div class=\"biw-card__text\">\n\n<p>T\u1ea1o s\u1ef1 k\u1ebft n\u1ed1i \u00fd ngh\u0129a trong m\u00f4i tr\u01b0\u1eddng s\u1ed1 cho c\u00f4ng vi\u1ec7c, h\u1ecdc t\u1eadp v\u00e0 x\u00e3 h\u1ed9i.<\/p>\n\n<\/div>\n\t<\/div>\n\t\t\t<span class=\"biw-card__cta\">\u0110\u1ecdc Th\u00eam<\/span>\n\t<\/div><\/div>\n<\/div>\n<\/div>\n\n\n\n<p><\/p>\n","protected":false},"excerpt":{"rendered":"<p>Gi\u1ea3i ph\u00e1p th\u00f4ng minh, d\u1ec5 d\u00e0ng th\u1ef1c hi\u1ec7n Ng\u00e0nh khoa h\u1ecdc \u0111\u1eddi s\u1ed1ng v\u00e0 ch\u0103m s\u00f3c s\u1ee9c kh\u1ecfe \u0111ang thay \u0111\u1ed5i nhanh ch\u00f3ng m\u1eb7t. Ch\u00fang t\u00f4i th\u1ea5u hi\u1ec3u \u0111i\u1ec1u \u0111\u00f3. Ch\u00fang t\u00f4i l\u00e0 nh\u1eefng ng\u01b0\u1eddi b\u1ea1n \u0111\u1ed3ng h\u00e0nh chi\u1ebfn l\u01b0\u1ee3c, lu\u00f4n \u0111\u1ed3ng l\u00f2ng c\u00f9ng nhu c\u1ea7u c\u1ee7a kh\u00e1ch h\u00e0ng v\u00e0 mang \u0111\u1ebfn nh\u1eefng k\u1ebft qu\u1ea3 [&hellip;]<\/p>\n","protected":false},"author":11,"featured_media":0,"parent":140,"menu_order":0,"comment_status":"closed","ping_status":"closed","template":"","meta":{"featured_image_focal_point":{"x":0.5,"y":0.5},"footnotes":""},"wf_page_folders":[41],"class_list":["post-157","page","type-page","status-publish","hentry"],"yoast_head":"<!-- This site is optimized with the Yoast SEO plugin v26.2 - https:\/\/yoast.com\/wordpress\/plugins\/seo\/ -->\n<title>Khoa H\u1ecdc \u0110\u1eddi S\u1ed1ng v\u00e0 Ch\u0103m S\u00f3c S\u1ee9c Kh\u1ecfe - Vietnam (English)<\/title>\n<meta name=\"robots\" content=\"index, follow, max-snippet:-1, max-image-preview:large, max-video-preview:-1\" \/>\n<link rel=\"canonical\" href=\"https:\/\/www.biworldwide.com\/vn-vn\/who-we-serve\/life-sciences-and-healthcare\/\" \/>\n<meta property=\"og:locale\" content=\"en_US\" \/>\n<meta property=\"og:type\" content=\"article\" \/>\n<meta property=\"og:title\" content=\"Khoa H\u1ecdc \u0110\u1eddi S\u1ed1ng v\u00e0 Ch\u0103m S\u00f3c S\u1ee9c Kh\u1ecfe - Vietnam (English)\" \/>\n<meta property=\"og:description\" content=\"Gi\u1ea3i ph\u00e1p th\u00f4ng minh, d\u1ec5 d\u00e0ng th\u1ef1c hi\u1ec7n Ng\u00e0nh khoa h\u1ecdc \u0111\u1eddi s\u1ed1ng v\u00e0 ch\u0103m s\u00f3c s\u1ee9c kh\u1ecfe \u0111ang thay \u0111\u1ed5i nhanh ch\u00f3ng m\u1eb7t. Ch\u00fang t\u00f4i th\u1ea5u hi\u1ec3u \u0111i\u1ec1u \u0111\u00f3. Ch\u00fang t\u00f4i l\u00e0 nh\u1eefng ng\u01b0\u1eddi b\u1ea1n \u0111\u1ed3ng h\u00e0nh chi\u1ebfn l\u01b0\u1ee3c, lu\u00f4n \u0111\u1ed3ng l\u00f2ng c\u00f9ng nhu c\u1ea7u c\u1ee7a kh\u00e1ch h\u00e0ng v\u00e0 mang \u0111\u1ebfn nh\u1eefng k\u1ebft qu\u1ea3 [&hellip;]\" \/>\n<meta property=\"og:url\" content=\"https:\/\/www.biworldwide.com\/vn-vn\/who-we-serve\/life-sciences-and-healthcare\/\" \/>\n<meta property=\"og:site_name\" content=\"Vietnam (English)\" \/>\n<meta property=\"article:modified_time\" content=\"2025-06-12T04:38:14+00:00\" \/>\n<meta name=\"twitter:card\" content=\"summary_large_image\" \/>\n<meta name=\"twitter:label1\" content=\"Est. reading time\" \/>\n\t<meta name=\"twitter:data1\" content=\"2 minutes\" \/>\n<script type=\"application\/ld+json\" class=\"yoast-schema-graph\">{\"@context\":\"https:\/\/schema.org\",\"@graph\":[{\"@type\":\"WebPage\",\"@id\":\"https:\/\/www.biworldwide.com\/vn-vn\/who-we-serve\/life-sciences-and-healthcare\/\",\"url\":\"https:\/\/www.biworldwide.com\/vn-vn\/who-we-serve\/life-sciences-and-healthcare\/\",\"name\":\"Khoa H\u1ecdc \u0110\u1eddi S\u1ed1ng v\u00e0 Ch\u0103m S\u00f3c S\u1ee9c Kh\u1ecfe - Vietnam (English)\",\"isPartOf\":{\"@id\":\"https:\/\/www.biworldwide.com\/vn-vn\/#website\"},\"datePublished\":\"2025-01-14T16:24:49+00:00\",\"dateModified\":\"2025-06-12T04:38:14+00:00\",\"breadcrumb\":{\"@id\":\"https:\/\/www.biworldwide.com\/vn-vn\/who-we-serve\/life-sciences-and-healthcare\/#breadcrumb\"},\"inLanguage\":\"en-US\",\"potentialAction\":[{\"@type\":\"ReadAction\",\"target\":[\"https:\/\/www.biworldwide.com\/vn-vn\/who-we-serve\/life-sciences-and-healthcare\/\"]}]},{\"@type\":\"BreadcrumbList\",\"@id\":\"https:\/\/www.biworldwide.com\/vn-vn\/who-we-serve\/life-sciences-and-healthcare\/#breadcrumb\",\"itemListElement\":[{\"@type\":\"ListItem\",\"position\":1,\"name\":\"Home\",\"item\":\"https:\/\/www.biworldwide.com\/vn-vn\/\"},{\"@type\":\"ListItem\",\"position\":2,\"name\":\"Who We Serve\",\"item\":\"https:\/\/www.biworldwide.com\/vn-vn\/who-we-serve\/\"},{\"@type\":\"ListItem\",\"position\":3,\"name\":\"Khoa H\u1ecdc \u0110\u1eddi S\u1ed1ng v\u00e0 Ch\u0103m S\u00f3c S\u1ee9c Kh\u1ecfe\"}]},{\"@type\":\"WebSite\",\"@id\":\"https:\/\/www.biworldwide.com\/vn-vn\/#website\",\"url\":\"https:\/\/www.biworldwide.com\/vn-vn\/\",\"name\":\"Vietnam (English)\",\"description\":\"\",\"potentialAction\":[{\"@type\":\"SearchAction\",\"target\":{\"@type\":\"EntryPoint\",\"urlTemplate\":\"https:\/\/www.biworldwide.com\/vn-vn\/?s={search_term_string}\"},\"query-input\":{\"@type\":\"PropertyValueSpecification\",\"valueRequired\":true,\"valueName\":\"search_term_string\"}}],\"inLanguage\":\"en-US\"}]}<\/script>\n<!-- \/ Yoast SEO plugin. -->","yoast_head_json":{"title":"Khoa H\u1ecdc \u0110\u1eddi S\u1ed1ng v\u00e0 Ch\u0103m S\u00f3c S\u1ee9c Kh\u1ecfe - Vietnam (English)","robots":{"index":"index","follow":"follow","max-snippet":"max-snippet:-1","max-image-preview":"max-image-preview:large","max-video-preview":"max-video-preview:-1"},"canonical":"https:\/\/www.biworldwide.com\/vn-vn\/who-we-serve\/life-sciences-and-healthcare\/","og_locale":"en_US","og_type":"article","og_title":"Khoa H\u1ecdc \u0110\u1eddi S\u1ed1ng v\u00e0 Ch\u0103m S\u00f3c S\u1ee9c Kh\u1ecfe - Vietnam (English)","og_description":"Gi\u1ea3i ph\u00e1p th\u00f4ng minh, d\u1ec5 d\u00e0ng th\u1ef1c hi\u1ec7n Ng\u00e0nh khoa h\u1ecdc \u0111\u1eddi s\u1ed1ng v\u00e0 ch\u0103m s\u00f3c s\u1ee9c kh\u1ecfe \u0111ang thay \u0111\u1ed5i nhanh ch\u00f3ng m\u1eb7t. Ch\u00fang t\u00f4i th\u1ea5u hi\u1ec3u \u0111i\u1ec1u \u0111\u00f3. Ch\u00fang t\u00f4i l\u00e0 nh\u1eefng ng\u01b0\u1eddi b\u1ea1n \u0111\u1ed3ng h\u00e0nh chi\u1ebfn l\u01b0\u1ee3c, lu\u00f4n \u0111\u1ed3ng l\u00f2ng c\u00f9ng nhu c\u1ea7u c\u1ee7a kh\u00e1ch h\u00e0ng v\u00e0 mang \u0111\u1ebfn nh\u1eefng k\u1ebft qu\u1ea3 [&hellip;]","og_url":"https:\/\/www.biworldwide.com\/vn-vn\/who-we-serve\/life-sciences-and-healthcare\/","og_site_name":"Vietnam (English)","article_modified_time":"2025-06-12T04:38:14+00:00","twitter_card":"summary_large_image","twitter_misc":{"Est. reading time":"2 minutes"},"schema":{"@context":"https:\/\/schema.org","@graph":[{"@type":"WebPage","@id":"https:\/\/www.biworldwide.com\/vn-vn\/who-we-serve\/life-sciences-and-healthcare\/","url":"https:\/\/www.biworldwide.com\/vn-vn\/who-we-serve\/life-sciences-and-healthcare\/","name":"Khoa H\u1ecdc \u0110\u1eddi S\u1ed1ng v\u00e0 Ch\u0103m S\u00f3c S\u1ee9c Kh\u1ecfe - Vietnam (English)","isPartOf":{"@id":"https:\/\/www.biworldwide.com\/vn-vn\/#website"},"datePublished":"2025-01-14T16:24:49+00:00","dateModified":"2025-06-12T04:38:14+00:00","breadcrumb":{"@id":"https:\/\/www.biworldwide.com\/vn-vn\/who-we-serve\/life-sciences-and-healthcare\/#breadcrumb"},"inLanguage":"en-US","potentialAction":[{"@type":"ReadAction","target":["https:\/\/www.biworldwide.com\/vn-vn\/who-we-serve\/life-sciences-and-healthcare\/"]}]},{"@type":"BreadcrumbList","@id":"https:\/\/www.biworldwide.com\/vn-vn\/who-we-serve\/life-sciences-and-healthcare\/#breadcrumb","itemListElement":[{"@type":"ListItem","position":1,"name":"Home","item":"https:\/\/www.biworldwide.com\/vn-vn\/"},{"@type":"ListItem","position":2,"name":"Who We Serve","item":"https:\/\/www.biworldwide.com\/vn-vn\/who-we-serve\/"},{"@type":"ListItem","position":3,"name":"Khoa H\u1ecdc \u0110\u1eddi S\u1ed1ng v\u00e0 Ch\u0103m S\u00f3c S\u1ee9c Kh\u1ecfe"}]},{"@type":"WebSite","@id":"https:\/\/www.biworldwide.com\/vn-vn\/#website","url":"https:\/\/www.biworldwide.com\/vn-vn\/","name":"Vietnam (English)","description":"","potentialAction":[{"@type":"SearchAction","target":{"@type":"EntryPoint","urlTemplate":"https:\/\/www.biworldwide.com\/vn-vn\/?s={search_term_string}"},"query-input":{"@type":"PropertyValueSpecification","valueRequired":true,"valueName":"search_term_string"}}],"inLanguage":"en-US"}]}},"_links":{"self":[{"href":"https:\/\/www.biworldwide.com\/vn-vn\/wp-json\/wp\/v2\/pages\/157","targetHints":{"allow":["GET"]}}],"collection":[{"href":"https:\/\/www.biworldwide.com\/vn-vn\/wp-json\/wp\/v2\/pages"}],"about":[{"href":"https:\/\/www.biworldwide.com\/vn-vn\/wp-json\/wp\/v2\/types\/page"}],"author":[{"embeddable":true,"href":"https:\/\/www.biworldwide.com\/vn-vn\/wp-json\/wp\/v2\/users\/11"}],"replies":[{"embeddable":true,"href":"https:\/\/www.biworldwide.com\/vn-vn\/wp-json\/wp\/v2\/comments?post=157"}],"version-history":[{"count":5,"href":"https:\/\/www.biworldwide.com\/vn-vn\/wp-json\/wp\/v2\/pages\/157\/revisions"}],"predecessor-version":[{"id":2116,"href":"https:\/\/www.biworldwide.com\/vn-vn\/wp-json\/wp\/v2\/pages\/157\/revisions\/2116"}],"up":[{"embeddable":true,"href":"https:\/\/www.biworldwide.com\/vn-vn\/wp-json\/wp\/v2\/pages\/140"}],"wp:attachment":[{"href":"https:\/\/www.biworldwide.com\/vn-vn\/wp-json\/wp\/v2\/media?parent=157"}],"wp:term":[{"taxonomy":"wf_page_folders","embeddable":true,"href":"https:\/\/www.biworldwide.com\/vn-vn\/wp-json\/wp\/v2\/wf_page_folders?post=157"}],"curies":[{"name":"wp","href":"https:\/\/api.w.org\/{rel}","templated":true}]}}