{"id":159,"date":"2025-01-14T16:25:11","date_gmt":"2025-01-14T16:25:11","guid":{"rendered":"https:\/\/live-biw-main.pantheonsite.io\/?page_id=159"},"modified":"2025-06-09T11:24:39","modified_gmt":"2025-06-09T03:24:39","slug":"manufacturing","status":"publish","type":"page","link":"https:\/\/www.biworldwide.com\/vn-vn\/who-we-serve\/manufacturing\/","title":{"rendered":"S\u1ea3n Xu\u1ea5t"},"content":{"rendered":"<div class=\" has-content-align-left has-overlay has-overlay--dark alignfull wp-block-biw-block-theme-hero\">\n\t<div class=\"biw-hero__grid\">\n\t\t\t\t\t<div class=\"biw-hero__breadcrumbs\">\n\t\t\t\t<div id=\"breadcrumbs\" class=\"breadcrumb-nav__wrapper\"><span class=\"breadcrumb-nav\"><span><a href=\"https:\/\/www.biworldwide.com\/vn-vn\/\">Home<\/a><\/span><\/span><\/div>\t\t\t<\/div>\n\t\t\n\t\t\t\t\t<div class=\"biw-hero__media \">\n\t\t\t\t\t\t\t\t\t<div class=\"biw-hero__overlay overlay-dark\"><\/div>\n\t\t\t\t\t\t\t\t<img decoding=\"async\" src=\"https:\/\/www.biworldwide.com\/wp-content\/uploads\/2025\/02\/Manufacturing-warehouse-1728x600px.jpg\" alt=\"Top view of two warehouse workers wearing safety vests and helmets, moving boxes in an industrial setting. Brown boxes are stacked around them, with an orange translucent overlay on the left side of the image.\" class=\"biw-hero__bg-image\" style=\"object-position: 50% 50%;\">\t\t\t<\/div>\n\t\t\t\t<div class=\"biw-hero__content\">\n\t\t\t\t\t\t<h1 class=\"biw-hero__title\" style=\"line-height: 1.2\">\n\t\t\t\tS\u1ea3n Xu\u1ea5t\t\t\t<\/h1>\n\t\t\t\t\t\t\t<h2 class=\"biw-hero__subtitle\">\n\t\t\t\t\t<br>C\u00e1c ch\u01b0\u01a1ng tr\u00ecnh kh\u00edch l\u1ec7, ghi nh\u1eadn v\u00e0 l\u00f2ng trung th\u00e0nh \u0111\u1ea7y \u1ea5n t\u01b0\u1ee3ng \u0111\u01b0\u1ee3c thi\u1ebft k\u1ebf ri\u00eang cho ng\u00e0nh s\u1ea3n xu\u1ea5t.\t\t\t\t<\/h2>\n\t\t\t\t\t\t\t\t\t\t<div class=\"biw-hero__text\">\n\t\t\t\t\t\n\n<p>Ph\u01b0\u01a1ng ph\u00e1p c\u1ee7a ch\u00fang t\u00f4i d\u1ef1a tr\u00ean nguy\u00ean t\u1eafc kinh t\u1ebf h\u1ecdc h\u00e0nh vi, \u0111\u1ea3m b\u1ea3o r\u1eb1ng c\u00e1c chi\u1ebfn l\u01b0\u1ee3c c\u1ee7a ch\u00fang t\u00f4i lu\u00f4n kh\u01a1i d\u1eady c\u1ea3m h\u1ee9ng v\u00e0 s\u1ef1 g\u1eafn k\u1ebft trong \u0111\u1ed9i ng\u0169 c\u1ee7a b\u1ea1n.<\/p>\n\n\t\t\t\t<\/div>\n\t\t\t\t\t\t\t\t<\/div>\n\t<\/div>\n<\/div>\n\n\n\n<div class=\"wp-block-group  layout-columns-8 has-global-padding is-layout-constrained wp-container-core-group-is-layout-fce79bf6 wp-block-group-is-layout-constrained\">\n<p class=\"has-xxl-font-size\"><strong>Chuy\u00ean M\u00f4n C\u1ee7a Ch\u00fang T\u00f4i.<\/strong><\/p>\n\n\n\n<ul class=\"wp-block-list\">\n<li class=\"has-large-font-size\"><strong>Ch\u01b0\u01a1ng tr\u00ecnh kh\u00edch l\u1ec7:<\/strong> T\u1ea1o ra c\u00e1c c\u1ea5u tr\u00fac khuy\u1ebfn kh\u00edch \u0111\u1ed9c \u0111\u00e1o, th\u00fac \u0111\u1ea9y s\u1ef1 hi\u1ec7u qu\u1ea3 trong v\u1eadn h\u00e0nh v\u00e0 gia t\u0103ng n\u0103ng su\u1ea5t t\u1ea1i n\u01a1i l\u00e0m vi\u1ec7c.<\/li>\n\n\n\n<li class=\"has-large-font-size\"><strong>Ch\u01b0\u01a1ng tr\u00ecnh ghi nh\u1eadn:<\/strong> \u00c1p d\u1ee5ng nh\u1eefng h\u1ec7 th\u1ed1ng \u0111\u1ec3 vinh danh v\u00e0 khen th\u01b0\u1edfng nh\u1eefng th\u00e0nh t\u1ef1u c\u1ee7a nh\u00e2n vi\u00ean nh\u01b0 k\u1ef7 ni\u1ec7m th\u00e2m ni\u00ean c\u1ed1ng hi\u1ebfn.<\/li>\n\n\n\n<li class=\"has-large-font-size\"><strong>Ch\u01b0\u01a1ng tr\u00ecnh kh\u00e1ch h\u00e0ng th\u00e2n thi\u1ebft:<\/strong> X\u00e2y d\u1ef1ng l\u00f2ng trung th\u00e0nh l\u00e2u d\u00e0i th\u00f4ng qua nh\u1eefng ph\u1ea7n th\u01b0\u1edfng \u00fd ngh\u0129a v\u00e0 c\u00e1 nh\u00e2n h\u00f3a, \u0111\u00fang \u0111i\u1ec7u v\u1edbi \u0111\u1ed9i ng\u0169 s\u1ea3n xu\u1ea5t c\u1ee7a b\u1ea1n.<\/li>\n\n\n\n<li class=\"has-large-font-size\"><strong>Kinh t\u1ebf h\u1ecdc h\u00e0nh vi:<\/strong> \u1ee8ng d\u1ee5ng hi\u1ec3u bi\u1ebft khoa h\u1ecdc \u0111\u1ec3 thi\u1ebft k\u1ebf c\u00e1c ch\u01b0\u01a1ng tr\u00ecnh ph\u00f9 h\u1ee3p v\u1edbi \u0111\u1eb7c th\u00f9 \u0111\u1ed9c \u0111\u00e1o c\u1ee7a m\u00f4i tr\u01b0\u1eddng s\u1ea3n xu\u1ea5t.<\/li>\n<\/ul>\n\n\n\n<p class=\"has-xxl-font-size\"><strong>T\u1ea1i sao n\u00ean ch\u1ecdn ch\u00fang t\u00f4i?<\/strong><\/p>\n\n\n\n<ul class=\"wp-block-list\">\n<li class=\"has-large-font-size\"><strong>T\u1eadp trung v\u00e0o ng\u00e0nh:<\/strong> Hi\u1ec3u s\u00e2u s\u1eafc nh\u1eefng th\u00e1ch th\u1ee9c v\u00e0 c\u01a1 h\u1ed9i \u0111\u1eb7c bi\u1ec7t trong ng\u00e0nh s\u1ea3n xu\u1ea5t, t\u1eeb s\u1ef1 ph\u1ee9c t\u1ea1p c\u1ee7a chu\u1ed7i cung \u1ee9ng \u0111\u1ebfn vi\u1ec7c qu\u1ea3n l\u00fd \u0111\u1ed9i ng\u0169 nh\u00e2n l\u1ef1c.<\/li>\n\n\n\n<li class=\"has-large-font-size\"><strong>Chi\u1ebfn l\u01b0\u1ee3c hi\u1ec7u qu\u1ea3:<\/strong> V\u1eadn d\u1ee5ng ph\u01b0\u01a1ng ph\u00e1p d\u1ef1a tr\u00ean b\u1eb1ng ch\u1ee9ng \u0111\u1ec3 mang l\u1ea1i nh\u1eefng c\u1ea3i thi\u1ec7n \u0111\u00e1ng k\u1ec3 trong hi\u1ec7u su\u1ea5t v\u00e0 s\u1ef1 tham gia c\u1ee7a nh\u00e2n vi\u00ean.<\/li>\n<\/ul>\n\n\n\n<p>B\u1eb1ng c\u00e1ch t\u00edch h\u1ee3p nh\u1eefng ch\u01b0\u01a1ng tr\u00ecnh chuy\u00ean bi\u1ec7t n\u00e0y, ch\u00fang t\u00f4i gi\u00fap c\u00e1c c\u00f4ng ty s\u1ea3n xu\u1ea5t t\u0103ng c\u01b0\u1eddng \u0111\u1ed9ng l\u1ef1c, n\u0103ng su\u1ea5t v\u00e0 s\u1ef1 trung th\u00e0nh c\u1ee7a nh\u00e2n vi\u00ean, t\u1ea1o \u0111\u1ed9ng l\u1ef1c m\u1ea1nh m\u1ebd \u0111\u1ec3 h\u01b0\u1edbng \u0111\u1ebfn s\u1ef1 xu\u1ea5t s\u1eafc trong m\u1ecdi ho\u1ea1t \u0111\u1ed9ng.<\/p>\n<\/div>\n\n\n\n<p><\/p>\n","protected":false},"excerpt":{"rendered":"<p>Chuy\u00ean M\u00f4n C\u1ee7a Ch\u00fang T\u00f4i. T\u1ea1i sao n\u00ean ch\u1ecdn ch\u00fang t\u00f4i? B\u1eb1ng c\u00e1ch t\u00edch h\u1ee3p nh\u1eefng ch\u01b0\u01a1ng tr\u00ecnh chuy\u00ean bi\u1ec7t n\u00e0y, ch\u00fang t\u00f4i gi\u00fap c\u00e1c c\u00f4ng ty s\u1ea3n xu\u1ea5t t\u0103ng c\u01b0\u1eddng \u0111\u1ed9ng l\u1ef1c, n\u0103ng su\u1ea5t v\u00e0 s\u1ef1 trung th\u00e0nh c\u1ee7a nh\u00e2n vi\u00ean, t\u1ea1o \u0111\u1ed9ng l\u1ef1c m\u1ea1nh m\u1ebd \u0111\u1ec3 h\u01b0\u1edbng \u0111\u1ebfn s\u1ef1 xu\u1ea5t s\u1eafc trong m\u1ecdi [&hellip;]<\/p>\n","protected":false},"author":11,"featured_media":0,"parent":140,"menu_order":0,"comment_status":"closed","ping_status":"closed","template":"","meta":{"featured_image_focal_point":{"x":0.5,"y":0.5},"footnotes":""},"wf_page_folders":[41],"class_list":["post-159","page","type-page","status-publish","hentry"],"yoast_head":"<!-- This site is optimized with the Yoast SEO plugin v26.2 - https:\/\/yoast.com\/wordpress\/plugins\/seo\/ -->\n<title>S\u1ea3n Xu\u1ea5t - Vietnam (English)<\/title>\n<meta name=\"robots\" content=\"index, follow, max-snippet:-1, max-image-preview:large, max-video-preview:-1\" \/>\n<link rel=\"canonical\" href=\"https:\/\/www.biworldwide.com\/vn-vn\/who-we-serve\/manufacturing\/\" \/>\n<meta property=\"og:locale\" content=\"en_US\" \/>\n<meta property=\"og:type\" content=\"article\" \/>\n<meta property=\"og:title\" content=\"S\u1ea3n Xu\u1ea5t - Vietnam (English)\" \/>\n<meta property=\"og:description\" content=\"Chuy\u00ean M\u00f4n C\u1ee7a Ch\u00fang T\u00f4i. T\u1ea1i sao n\u00ean ch\u1ecdn ch\u00fang t\u00f4i? B\u1eb1ng c\u00e1ch t\u00edch h\u1ee3p nh\u1eefng ch\u01b0\u01a1ng tr\u00ecnh chuy\u00ean bi\u1ec7t n\u00e0y, ch\u00fang t\u00f4i gi\u00fap c\u00e1c c\u00f4ng ty s\u1ea3n xu\u1ea5t t\u0103ng c\u01b0\u1eddng \u0111\u1ed9ng l\u1ef1c, n\u0103ng su\u1ea5t v\u00e0 s\u1ef1 trung th\u00e0nh c\u1ee7a nh\u00e2n vi\u00ean, t\u1ea1o \u0111\u1ed9ng l\u1ef1c m\u1ea1nh m\u1ebd \u0111\u1ec3 h\u01b0\u1edbng \u0111\u1ebfn s\u1ef1 xu\u1ea5t s\u1eafc trong m\u1ecdi [&hellip;]\" \/>\n<meta property=\"og:url\" content=\"https:\/\/www.biworldwide.com\/vn-vn\/who-we-serve\/manufacturing\/\" \/>\n<meta property=\"og:site_name\" content=\"Vietnam (English)\" \/>\n<meta property=\"article:modified_time\" content=\"2025-06-09T03:24:39+00:00\" \/>\n<meta name=\"twitter:card\" content=\"summary_large_image\" \/>\n<meta name=\"twitter:label1\" content=\"Est. reading time\" \/>\n\t<meta name=\"twitter:data1\" content=\"2 minutes\" \/>\n<script type=\"application\/ld+json\" class=\"yoast-schema-graph\">{\"@context\":\"https:\/\/schema.org\",\"@graph\":[{\"@type\":\"WebPage\",\"@id\":\"https:\/\/www.biworldwide.com\/vn-vn\/who-we-serve\/manufacturing\/\",\"url\":\"https:\/\/www.biworldwide.com\/vn-vn\/who-we-serve\/manufacturing\/\",\"name\":\"S\u1ea3n Xu\u1ea5t - Vietnam (English)\",\"isPartOf\":{\"@id\":\"https:\/\/www.biworldwide.com\/vn-vn\/#website\"},\"datePublished\":\"2025-01-14T16:25:11+00:00\",\"dateModified\":\"2025-06-09T03:24:39+00:00\",\"breadcrumb\":{\"@id\":\"https:\/\/www.biworldwide.com\/vn-vn\/who-we-serve\/manufacturing\/#breadcrumb\"},\"inLanguage\":\"en-US\",\"potentialAction\":[{\"@type\":\"ReadAction\",\"target\":[\"https:\/\/www.biworldwide.com\/vn-vn\/who-we-serve\/manufacturing\/\"]}]},{\"@type\":\"BreadcrumbList\",\"@id\":\"https:\/\/www.biworldwide.com\/vn-vn\/who-we-serve\/manufacturing\/#breadcrumb\",\"itemListElement\":[{\"@type\":\"ListItem\",\"position\":1,\"name\":\"Home\",\"item\":\"https:\/\/www.biworldwide.com\/vn-vn\/\"},{\"@type\":\"ListItem\",\"position\":2,\"name\":\"Who We Serve\",\"item\":\"https:\/\/www.biworldwide.com\/vn-vn\/who-we-serve\/\"},{\"@type\":\"ListItem\",\"position\":3,\"name\":\"S\u1ea3n Xu\u1ea5t\"}]},{\"@type\":\"WebSite\",\"@id\":\"https:\/\/www.biworldwide.com\/vn-vn\/#website\",\"url\":\"https:\/\/www.biworldwide.com\/vn-vn\/\",\"name\":\"Vietnam (English)\",\"description\":\"\",\"potentialAction\":[{\"@type\":\"SearchAction\",\"target\":{\"@type\":\"EntryPoint\",\"urlTemplate\":\"https:\/\/www.biworldwide.com\/vn-vn\/?s={search_term_string}\"},\"query-input\":{\"@type\":\"PropertyValueSpecification\",\"valueRequired\":true,\"valueName\":\"search_term_string\"}}],\"inLanguage\":\"en-US\"}]}<\/script>\n<!-- \/ Yoast SEO plugin. -->","yoast_head_json":{"title":"S\u1ea3n Xu\u1ea5t - Vietnam (English)","robots":{"index":"index","follow":"follow","max-snippet":"max-snippet:-1","max-image-preview":"max-image-preview:large","max-video-preview":"max-video-preview:-1"},"canonical":"https:\/\/www.biworldwide.com\/vn-vn\/who-we-serve\/manufacturing\/","og_locale":"en_US","og_type":"article","og_title":"S\u1ea3n Xu\u1ea5t - Vietnam (English)","og_description":"Chuy\u00ean M\u00f4n C\u1ee7a Ch\u00fang T\u00f4i. T\u1ea1i sao n\u00ean ch\u1ecdn ch\u00fang t\u00f4i? B\u1eb1ng c\u00e1ch t\u00edch h\u1ee3p nh\u1eefng ch\u01b0\u01a1ng tr\u00ecnh chuy\u00ean bi\u1ec7t n\u00e0y, ch\u00fang t\u00f4i gi\u00fap c\u00e1c c\u00f4ng ty s\u1ea3n xu\u1ea5t t\u0103ng c\u01b0\u1eddng \u0111\u1ed9ng l\u1ef1c, n\u0103ng su\u1ea5t v\u00e0 s\u1ef1 trung th\u00e0nh c\u1ee7a nh\u00e2n vi\u00ean, t\u1ea1o \u0111\u1ed9ng l\u1ef1c m\u1ea1nh m\u1ebd \u0111\u1ec3 h\u01b0\u1edbng \u0111\u1ebfn s\u1ef1 xu\u1ea5t s\u1eafc trong m\u1ecdi [&hellip;]","og_url":"https:\/\/www.biworldwide.com\/vn-vn\/who-we-serve\/manufacturing\/","og_site_name":"Vietnam (English)","article_modified_time":"2025-06-09T03:24:39+00:00","twitter_card":"summary_large_image","twitter_misc":{"Est. reading time":"2 minutes"},"schema":{"@context":"https:\/\/schema.org","@graph":[{"@type":"WebPage","@id":"https:\/\/www.biworldwide.com\/vn-vn\/who-we-serve\/manufacturing\/","url":"https:\/\/www.biworldwide.com\/vn-vn\/who-we-serve\/manufacturing\/","name":"S\u1ea3n Xu\u1ea5t - Vietnam (English)","isPartOf":{"@id":"https:\/\/www.biworldwide.com\/vn-vn\/#website"},"datePublished":"2025-01-14T16:25:11+00:00","dateModified":"2025-06-09T03:24:39+00:00","breadcrumb":{"@id":"https:\/\/www.biworldwide.com\/vn-vn\/who-we-serve\/manufacturing\/#breadcrumb"},"inLanguage":"en-US","potentialAction":[{"@type":"ReadAction","target":["https:\/\/www.biworldwide.com\/vn-vn\/who-we-serve\/manufacturing\/"]}]},{"@type":"BreadcrumbList","@id":"https:\/\/www.biworldwide.com\/vn-vn\/who-we-serve\/manufacturing\/#breadcrumb","itemListElement":[{"@type":"ListItem","position":1,"name":"Home","item":"https:\/\/www.biworldwide.com\/vn-vn\/"},{"@type":"ListItem","position":2,"name":"Who We Serve","item":"https:\/\/www.biworldwide.com\/vn-vn\/who-we-serve\/"},{"@type":"ListItem","position":3,"name":"S\u1ea3n Xu\u1ea5t"}]},{"@type":"WebSite","@id":"https:\/\/www.biworldwide.com\/vn-vn\/#website","url":"https:\/\/www.biworldwide.com\/vn-vn\/","name":"Vietnam (English)","description":"","potentialAction":[{"@type":"SearchAction","target":{"@type":"EntryPoint","urlTemplate":"https:\/\/www.biworldwide.com\/vn-vn\/?s={search_term_string}"},"query-input":{"@type":"PropertyValueSpecification","valueRequired":true,"valueName":"search_term_string"}}],"inLanguage":"en-US"}]}},"_links":{"self":[{"href":"https:\/\/www.biworldwide.com\/vn-vn\/wp-json\/wp\/v2\/pages\/159","targetHints":{"allow":["GET"]}}],"collection":[{"href":"https:\/\/www.biworldwide.com\/vn-vn\/wp-json\/wp\/v2\/pages"}],"about":[{"href":"https:\/\/www.biworldwide.com\/vn-vn\/wp-json\/wp\/v2\/types\/page"}],"author":[{"embeddable":true,"href":"https:\/\/www.biworldwide.com\/vn-vn\/wp-json\/wp\/v2\/users\/11"}],"replies":[{"embeddable":true,"href":"https:\/\/www.biworldwide.com\/vn-vn\/wp-json\/wp\/v2\/comments?post=159"}],"version-history":[{"count":4,"href":"https:\/\/www.biworldwide.com\/vn-vn\/wp-json\/wp\/v2\/pages\/159\/revisions"}],"predecessor-version":[{"id":1895,"href":"https:\/\/www.biworldwide.com\/vn-vn\/wp-json\/wp\/v2\/pages\/159\/revisions\/1895"}],"up":[{"embeddable":true,"href":"https:\/\/www.biworldwide.com\/vn-vn\/wp-json\/wp\/v2\/pages\/140"}],"wp:attachment":[{"href":"https:\/\/www.biworldwide.com\/vn-vn\/wp-json\/wp\/v2\/media?parent=159"}],"wp:term":[{"taxonomy":"wf_page_folders","embeddable":true,"href":"https:\/\/www.biworldwide.com\/vn-vn\/wp-json\/wp\/v2\/wf_page_folders?post=159"}],"curies":[{"name":"wp","href":"https:\/\/api.w.org\/{rel}","templated":true}]}}