{"id":161,"date":"2025-01-14T16:25:30","date_gmt":"2025-01-14T16:25:30","guid":{"rendered":"https:\/\/live-biw-main.pantheonsite.io\/?page_id=161"},"modified":"2025-06-09T11:30:17","modified_gmt":"2025-06-09T03:30:17","slug":"retail","status":"publish","type":"page","link":"https:\/\/www.biworldwide.com\/vn-vn\/who-we-serve\/retail\/","title":{"rendered":"Retail"},"content":{"rendered":"<div class=\" has-content-align-left has-overlay has-overlay--dark alignfull wp-block-biw-block-theme-hero\">\n\t<div class=\"biw-hero__grid\">\n\t\t\t\t\t<div class=\"biw-hero__breadcrumbs\">\n\t\t\t\t<div id=\"breadcrumbs\" class=\"breadcrumb-nav__wrapper\"><span class=\"breadcrumb-nav\"><span><a href=\"https:\/\/www.biworldwide.com\/vn-vn\/\">Home<\/a><\/span><\/span><\/div>\t\t\t<\/div>\n\t\t\n\t\t\t\t\t<div class=\"biw-hero__media \">\n\t\t\t\t\t\t\t\t\t<div class=\"biw-hero__overlay overlay-dark\"><\/div>\n\t\t\t\t\t\t\t\t<img decoding=\"async\" src=\"https:\/\/www.biworldwide.com\/wp-content\/uploads\/2025\/02\/Retail-1728x600px.jpg\" alt=\"A person is swiping a credit card through a payment terminal on a glossy surface. Another hand is visible, poised to receive the card. The background is blurred with a mix of white and purple areas.\" class=\"biw-hero__bg-image\" style=\"object-position: 50% 50%;\">\t\t\t<\/div>\n\t\t\t\t<div class=\"biw-hero__content\">\n\t\t\t\t\t\t<h1 class=\"biw-hero__title\" style=\"line-height: 1.2\">\n\t\t\t\tB\u00e1n L\u1ebb\t\t\t<\/h1>\n\t\t\t\t\t\t\t<h2 class=\"biw-hero__subtitle\">\n\t\t\t\t\tT\u1eeb nh\u1eefng vi\u00ean g\u1ea1ch \u0111\u1ebfn th\u1ebf gi\u1edbi s\u1ed1 h\u00f3a ph\u00e1t tri\u1ec3n m\u1edbi\t\t\t\t<\/h2>\n\t\t\t\t\t\t\t\t\t\t<div class=\"biw-hero__text\">\n\t\t\t\t\t\n\n<p>Ch\u00fang t\u00f4i l\u00e0 nh\u1eefng chuy\u00ean gia v\u1ec1 thay \u0111\u1ed5i h\u00e0nh vi v\u1edbi nh\u1eefng k\u1ebft qu\u1ea3 \u0111\u00e3 \u0111\u01b0\u1ee3c ki\u1ec3m ch\u1ee9ng, s\u1eb5n s\u00e0ng h\u1ed7 tr\u1ee3 c\u00e1c nh\u00e0 b\u00e1n l\u1ebb m\u1edf r\u1ed9ng m\u1ea1ng l\u01b0\u1edbi kh\u00e1ch h\u00e0ng \u0111a k\u00eanh v\u00e0 kh\u01a1i d\u1eady c\u1ea3m h\u1ee9ng cho to\u00e0n th\u1ec3 nh\u00e2n vi\u00ean trong t\u1ed5 ch\u1ee9c.<\/p>\n\n\t\t\t\t<\/div>\n\t\t\t\t\t\t\t\t<\/div>\n\t<\/div>\n<\/div>\n\n\n\n<div class=\"wp-block-group alignfull  layout-columns-8 has-global-padding is-layout-constrained wp-container-core-group-is-layout-fce79bf6 wp-block-group-is-layout-constrained\">\n<div class=\"wp-block-group  layout-columns-8 has-global-padding is-layout-constrained wp-container-core-group-is-layout-fce79bf6 wp-block-group-is-layout-constrained\">\n<p class=\"has-large-font-size\">Th\u1ebf gi\u1edbi b\u00e1n l\u1ebb c\u00f3 th\u1ec3 kh\u00e1 ph\u1ee9c t\u1ea1p, khi ph\u1ee5c v\u1ee5 nhi\u1ec1u lo\u1ea1i \u0111\u1ed1i t\u01b0\u1ee3ng kh\u00e1c nhau m\u00e0 c\u00f3 th\u1ec3 l\u00e0 kh\u00e1ch h\u00e0ng trung th\u00e0nh ho\u1eb7c kh\u00f4ng trung th\u00e0nh. BIW t\u1ef1 h\u00e0o l\u00e0 \u0111\u01a1n v\u1ecb am hi\u1ec3u v\u00e0 ph\u00e1t tri\u1ec3n t\u1ed1t trong m\u1ecdi ph\u00e2n kh\u00fac kinh doanh c\u1ee7a b\u1ea1n. Ch\u00fang t\u00f4i l\u00e0 nh\u1eefng chuy\u00ean gia trong vi\u1ec7c thay \u0111\u1ed5i h\u00e0nh vi c\u1ee7a kh\u00e1ch h\u00e0ng v\u1edbi nh\u1eefng k\u1ebft qu\u1ea3 \u0111\u00e3 \u0111\u01b0\u1ee3c ch\u1ee9ng minh, gi\u00fap b\u1ea1n v\u01b0\u1ee3t qua c\u00e1c Ch\u1ec9 s\u1ed1 Hi\u1ec7u su\u1ea5t Ch\u00ednh trong m\u1ecdi chi\u1ebfn l\u01b0\u1ee3c b\u00e1n h\u00e0ng \u0111a k\u00eanh. Ch\u00fang t\u00f4i t\u00f9y ch\u1ec9nh chi\u1ebfn l\u01b0\u1ee3c c\u1ee7a m\u00ecnh \u0111\u1ec3 thu h\u00fat, h\u01b0\u1edbng d\u1eabn, gi\u00e1o d\u1ee5c, truy\u1ec1n c\u1ea3m h\u1ee9ng, ghi nh\u1eadn, v\u00e0 \u0111\u1ed9ng vi\u00ean kh\u00e1ch h\u00e0ng quan tr\u1ecdng nh\u1ea5t v\u1edbi b\u1ea1n, gi\u00fap \u0111\u01a1n gi\u1ea3n h\u00f3a m\u00f4i tr\u01b0\u1eddng ph\u1ee9c t\u1ea1p. T\u1eeb qu\u1ea7n \u00e1o, th\u1eddi trang \u0111\u1ebfn \u0111i\u1ec7n t\u1eed, c\u00f4ng ngh\u1ec7, t\u1eeb h\u00e0ng gia d\u1ee5ng \u0111\u1ebfn c\u1ea3i thi\u1ec7n nh\u00e0 c\u1eeda, t\u1eeb y t\u1ebf, l\u00e0m \u0111\u1eb9p \u0111\u1ebfn th\u1ec3 thao v\u00e0 gi\u1ea3i tr\u00ed (v\u00e0 c\u00f2n h\u01a1n th\u1ebf n\u1eefa!), kh\u00e1ch h\u00e0ng li\u00ean t\u1ee5c t\u00ecm \u0111\u1ebfn ch\u00fang t\u00f4i v\u1edbi nh\u1eefng \u00fd t\u01b0\u1edfng m\u1edbi m\u1ebb v\u00e0 kh\u1ea3 n\u0103ng th\u1ef1c hi\u1ec7n v\u01b0\u1ee3t tr\u1ed9i.<\/p>\n<\/div>\n\n\n\n<div data-animate=\"true\" data-animation-direction=\"up\" data-child-animation=\"individual\" class=\"wp-block-group alignfull  has-background-angle-to-right bg-angle-action  layout-columns-8 has-global-padding is-layout-constrained wp-container-core-group-is-layout-e142e3cd wp-block-group-is-layout-constrained\">\n<div class=\"wp-block-group  layout-columns-8 has-global-padding is-layout-constrained wp-container-core-group-is-layout-ee362a79 wp-block-group-is-layout-constrained\">\n<h2 class=\"wp-block-heading has-text-align-center  has-text-wrap-pretty\">T\u1eeb ng\u00e0y l\u00e0m vi\u1ec7c \u0111\u1ea7u ti\u00ean \u0111\u1ebfn m\u1ecdi ng\u00e0y sau.<\/h2>\n<\/div>\n\n\n\n<div class=\"wp-block-group has-global-padding is-layout-constrained wp-block-group-is-layout-constrained\">\n<div class=\"wp-block-group is-layout-grid wp-container-core-group-is-layout-c765d3c1 wp-block-group-is-layout-grid\"><div class=\" has-image-size-cover has-image-radius-none is-style-image-left wp-block-biw-block-theme-biw-card\">\n\t\t\t<figure class=\"biw-card__image-wrapper \">\n\t\t\t<img decoding=\"async\" src=\"https:\/\/www.biworldwide.com\/wp-content\/uploads\/2025\/03\/01-Brand-RetailConnect.svg\" alt=\"\" class=\"biw-card__image\" style=\"object-position: 50% 50%;\">\t\t<\/figure>\n\t\t<div class=\"biw-card__content\">\n\t\t<h3 class=\"biw-card__title\">\n\t\t\t\t\t\t\tK\u1ebft N\u1ed1i B\u00e1n L\u1ebb\t\t\t\t\t<\/h3>\n\t\t<div class=\"biw-card__text\">\n\n<p>T\u0103ng doanh s\u1ed1 v\u00e0 l\u00f2ng trung th\u00e0nh v\u1edbi th\u01b0\u01a1ng hi\u1ec7u c\u1ee7a b\u1ea1n b\u1eb1ng c\u00e1ch bi\u1ebfn c\u00e1c nh\u00e2n vi\u00ean b\u00e1n h\u00e0ng th\u00e0nh nh\u1eefng ng\u01b0\u1eddi b\u00e1n h\u00e0ng t\u1ef1 tin v\u00e0 \u0111\u1ea7y nhi\u1ec7t huy\u1ebft. V\u1edbi Retail Connect, c\u00e1c th\u01b0\u01a1ng hi\u1ec7u c\u00f3 th\u1ec3 &#8220;chi\u1ebfn th\u1eafng trong 4 b\u01b0\u1edbc cu\u1ed1i&#8221; th\u00f4ng qua m\u1ed9t gi\u1ea3i ph\u00e1p th\u00fa v\u1ecb v\u00e0 h\u1ea5p d\u1eabn, k\u1ebft h\u1ee3p c\u00e1c l\u1ed9 tr\u00ecnh h\u1ecdc t\u1eadp c\u00e1 nh\u00e2n h\u00f3a, tr\u00f2 ch\u01a1i h\u00f3a, giao ti\u1ebfp li\u1ec1n m\u1ea1ch v\u00e0 nh\u1eefng hi\u1ec3u bi\u1ebft c\u00f3 th\u1ec3 h\u00e0nh \u0111\u1ed9ng. Th\u00fac \u0111\u1ea9y c\u00e1c ch\u1ec9 s\u1ed1 hi\u1ec7u qu\u1ea3 quan tr\u1ecdng trong b\u00e1n l\u1ebb v\u00e0 n\u00e2ng t\u1ea7m hi\u1ec7u su\u1ea5t c\u1ee7a th\u01b0\u01a1ng hi\u1ec7u t\u1ea1i \u0111i\u1ec3m b\u00e1n h\u00e0ng.<\/p>\n\n<\/div>\n\t<\/div>\n\t<\/div>\n\n<div class=\" has-image-size-cover has-image-radius-none is-style-image-left wp-block-biw-block-theme-biw-card\">\n\t\t\t<figure class=\"biw-card__image-wrapper \">\n\t\t\t<img decoding=\"async\" src=\"https:\/\/www.biworldwide.com\/wp-content\/uploads\/2025\/03\/02-Brand-Learning.svg\" alt=\"\" class=\"biw-card__image\" style=\"object-position: 50% 50%;\">\t\t<\/figure>\n\t\t<div class=\"biw-card__content\">\n\t\t<h3 class=\"biw-card__title\">\n\t\t\t\t\t\t\tPh\u00e1t tri\u1ec3n k\u1ef9 n\u0103ng v\u00e0 \u0111\u00e0o t\u1ea1o\t\t\t\t\t<\/h3>\n\t\t<div class=\"biw-card__text\">\n\n<p>T\u1eeb nh\u1eefng s\u1ef1 ki\u1ec7n \u0111\u00e0o t\u1ea1o \u0111\u1ea7y s\u00f4i \u0111\u1ed9ng v\u00e0 ph\u00e1t tri\u1ec3n ch\u01b0\u01a1ng tr\u00ecnh gi\u1ea3ng d\u1ea1y t\u00f9y ch\u1ec9nh \u0111\u1ebfn m\u00f4i tr\u01b0\u1eddng h\u1ecdc t\u1eadp \u1ea3o c\u00f3 th\u1ec3 m\u1edf r\u1ed9ng, ch\u00fang t\u00f4i t\u1ea1o ra nh\u1eefng gi\u1ea3i ph\u00e1p h\u1ecdc t\u1eadp \u0111\u1eafm ch\u00ecm mang l\u1ea1i k\u1ebft qu\u1ea3 th\u1ef1c s\u1ef1. B\u1eb1ng c\u00e1ch t\u00edch h\u1ee3p y\u1ebfu t\u1ed1 tr\u00f2 ch\u01a1i, ch\u00fang t\u00f4i n\u00e2ng cao s\u1ef1 h\u1ee9ng th\u00fa, l\u00e0m cho vi\u1ec7c h\u1ecdc tr\u1edf n\u00ean t\u01b0\u01a1ng t\u00e1c v\u00e0 th\u00fa v\u1ecb h\u01a1n. B\u1edfi v\u00ec khi h\u1ecdc l\u00e0 ni\u1ec1m vui v\u00e0 \u0111\u1ea7y ph\u1ea7n th\u01b0\u1edfng, hi\u1ec7u su\u1ea5t s\u1ebd \u0111i l\u00ean v\u00e0 s\u1ef1 g\u1eafn b\u00f3 s\u1ebd b\u00f9ng n\u1ed5.<\/p>\n\n<\/div>\n\t<\/div>\n\t<\/div>\n\n<div class=\" has-image-size-cover has-image-radius-none is-style-image-left wp-block-biw-block-theme-biw-card\">\n\t\t\t<figure class=\"biw-card__image-wrapper \">\n\t\t\t<img decoding=\"async\" src=\"https:\/\/www.biworldwide.com\/wp-content\/uploads\/2025\/03\/03-Brand-Onboarding.svg\" alt=\"\" class=\"biw-card__image\" style=\"object-position: 50% 50%;\">\t\t<\/figure>\n\t\t<div class=\"biw-card__content\">\n\t\t<h3 class=\"biw-card__title\">\n\t\t\t\t\t\t\tGi\u1edbi thi\u1ec7u v\u00e0 tuy\u1ec3n d\u1ee5ng nh\u00e2n vi\u00ean m\u1edbi\t\t\t\t\t<\/h3>\n\t\t<div class=\"biw-card__text\">\n\n<p>D\u00f9 b\u1ea1n \u0111ang t\u00ecm ki\u1ebfm Gi\u00e1m \u0111\u1ed1c \u0110i\u1ec1u h\u00e0nh Logistics ti\u1ebfp theo hay chu\u1ea9n b\u1ecb cho m\u00f9a tuy\u1ec3n d\u1ee5ng cao \u0111i\u1ec3m, ch\u00fang t\u00f4i h\u1ed7 tr\u1ee3 c\u00e1c ph\u00f2ng nh\u00e2n s\u1ef1 tuy\u1ec3n d\u1ee5ng, gi\u1edbi thi\u1ec7u v\u00e0 gi\u1eef ch\u00e2n nh\u1eefng t\u00e0i n\u0103ng h\u00e0ng \u0111\u1ea7u.<\/p>\n\n<\/div>\n\t<\/div>\n\t<\/div>\n\n<div class=\" has-image-size-cover has-image-radius-none is-style-image-left wp-block-biw-block-theme-biw-card\">\n\t\t\t<figure class=\"biw-card__image-wrapper \">\n\t\t\t<img decoding=\"async\" src=\"https:\/\/www.biworldwide.com\/wp-content\/uploads\/2025\/03\/04-Brand-CustomerChannel.svg\" alt=\"\" class=\"biw-card__image\" style=\"object-position: 50% 50%;\">\t\t<\/figure>\n\t\t<div class=\"biw-card__content\">\n\t\t<h3 class=\"biw-card__title\">\n\t\t\t\t\t\t\tKh\u00e1ch h\u00e0ng v\u00e0 s\u1ef1 trung th\u00e0nh v\u1edbi k\u00eanh\t\t\t\t\t<\/h3>\n\t\t<div class=\"biw-card__text\">\n\n<p>N\u00e2ng t\u1ea7m th\u01b0\u01a1ng hi\u1ec7u c\u1ee7a b\u1ea1n b\u1eb1ng c\u00e1c ch\u01b0\u01a1ng tr\u00ecnh \u00fd ngh\u0129a v\u00e0 gi\u1ea3i th\u01b0\u1edfng \u0111\u1eb7c bi\u1ec7t d\u00e0nh cho \u0111\u1ed1i t\u00e1c v\u00e0 kh\u00e1ch h\u00e0ng, t\u1ea1o n\u00ean m\u1ed1i quan h\u1ec7 v\u1eefng b\u1ec1n v\u00e0 l\u00f2ng trung th\u00e0nh l\u00e2u d\u00e0i.<\/p>\n\n<\/div>\n\t<\/div>\n\t<\/div>\n\n<div class=\" has-image-size-cover has-image-radius-none is-style-image-left wp-block-biw-block-theme-biw-card\">\n\t\t\t<figure class=\"biw-card__image-wrapper \">\n\t\t\t<img decoding=\"async\" src=\"https:\/\/www.biworldwide.com\/wp-content\/uploads\/2025\/03\/05-Brand-RetailSales.svg\" alt=\"\" class=\"biw-card__image\" style=\"object-position: 50% 50%;\">\t\t<\/figure>\n\t\t<div class=\"biw-card__content\">\n\t\t<h3 class=\"biw-card__title\">\n\t\t\t\t\t\t\tDoanh s\u1ed1 b\u00e1n l\u1ebb v\u00e0 kh\u00edch l\u1ec7 h\u1ea5p d\u1eabn\t\t\t\t\t<\/h3>\n\t\t<div class=\"biw-card__text\">\n\n<p>Ch\u00fang t\u00f4i thi\u1ebft k\u1ebf c\u00e1c ch\u01b0\u01a1ng tr\u00ecnh kh\u00edch l\u1ec7 qua tr\u00f2 ch\u01a1i, gi\u00fap th\u00fac \u0111\u1ea9y c\u00e1c ch\u1ec9 s\u1ed1 b\u00e1n l\u1ebb, gia t\u0103ng l\u00f2ng trung th\u00e0nh c\u1ee7a kh\u00e1ch h\u00e0ng v\u00e0 lan t\u1ecfa \u0111\u1ed9ng l\u1ef1c, ni\u1ec1m c\u1ea3m h\u1ee9ng cho nh\u00e2n vi\u00ean b\u00e1n h\u00e0ng.<\/p>\n\n<\/div>\n\t<\/div>\n\t<\/div>\n\n<div class=\" has-image-size-cover has-image-radius-none is-style-image-left wp-block-biw-block-theme-biw-card\">\n\t\t\t<figure class=\"biw-card__image-wrapper \">\n\t\t\t<img decoding=\"async\" src=\"https:\/\/www.biworldwide.com\/wp-content\/uploads\/2025\/03\/06-Brand-EmployeeReco.svg\" alt=\"\" class=\"biw-card__image\" style=\"object-position: 50% 50%;\">\t\t<\/figure>\n\t\t<div class=\"biw-card__content\">\n\t\t<h3 class=\"biw-card__title\">\n\t\t\t\t\t\t\tGhi nh\u1eadn nh\u00e2n vi\u00ean\t\t\t\t\t<\/h3>\n\t\t<div class=\"biw-card__text\">\n\n<p>C\u00e1c ch\u01b0\u01a1ng tr\u00ecnh g\u1eafn k\u1ebft v\u00e0 khen th\u01b0\u1edfng nh\u00e2n vi\u00ean m\u1ea1nh m\u1ebd kh\u01a1i d\u1eady ni\u1ec1m c\u1ea3m h\u1ee9ng \u0111\u1ec3 nh\u00e2n vi\u00ean y\u00eau th\u00edch c\u00f4ng vi\u1ec7c c\u1ee7a h\u1ecd v\u00e0 y\u00eau m\u1ebfn th\u01b0\u01a1ng hi\u1ec7u c\u1ee7a b\u1ea1n.<\/p>\n\n<\/div>\n\t<\/div>\n\t<\/div>\n\n<div class=\" has-image-size-cover has-image-radius-none is-style-image-left wp-block-biw-block-theme-biw-card\">\n\t\t\t<figure class=\"biw-card__image-wrapper \">\n\t\t\t<img decoding=\"async\" src=\"https:\/\/www.biworldwide.com\/wp-content\/uploads\/2025\/03\/07-Brand-InStore-Activations.svg\" alt=\"\" class=\"biw-card__image\" style=\"object-position: 50% 50%;\">\t\t<\/figure>\n\t\t<div class=\"biw-card__content\">\n\t\t<h3 class=\"biw-card__title\">\n\t\t\t\t\t\t\tC\u00e1c ho\u1ea1t \u0111\u1ed9ng v\u00e0 tr\u1ea3i nghi\u1ec7m t\u1ea1i c\u1eeda h\u00e0ng\t\t\t\t\t<\/h3>\n\t\t<div class=\"biw-card__text\">\n\n<p>T\u1ea1o ra nh\u1eefng kho\u1ea3nh kh\u1eafc th\u01b0\u01a1ng hi\u1ec7u \u0111\u00e1ng nh\u1edb thu h\u00fat s\u1ef1 ch\u00fa \u00fd v\u00e0 gi\u00fap b\u1ea1n n\u1ed5i b\u1eadt gi\u1eefa \u0111\u00e1m \u0111\u00f4ng. Ch\u00fang t\u00f4i k\u1ebft h\u1ee3p t\u01b0\u01a1ng t\u00e1c tr\u1ef1c ti\u1ebfp, ghi l\u1ea1i n\u1ed9i dung, v\u00e0 lan t\u1ecfa tr\u00ean m\u1ea1ng x\u00e3 h\u1ed9i \u0111\u1ec3 mang \u0111\u1ebfn nh\u1eefng tr\u1ea3i nghi\u1ec7m \u0111\u1ea7y \u1ea5n t\u01b0\u1ee3ng.<\/p>\n\n<\/div>\n\t<\/div>\n\t<\/div><\/div>\n<\/div>\n<span class='background-angle-wrapper'><svg fill='none' viewBox='0 0 1728 699' xmlns='http:\/\/www.w3.org\/2000\/svg'><path d='M1728 0H0V294.923L1728 698.43V0Z' fill='url(#69db758a9f243)'\/><defs><linearGradient id='69db758a9f243' x1='1738.8' x2='1701' y1='717.27' y2='15.023' gradientUnits='userSpaceOnUse'><stop stop-color='#6D28D9' stop-opacity='.3' offset='0'\/><stop stop-color='#6D28D9' stop-opacity='0' offset='1'\/><\/linearGradient><\/defs><\/svg><\/span><\/div>\n\n\n<figure class=\"wp-block-embed is-type-video is-provider-vimeo wp-block-embed-vimeo wp-embed-aspect-16-9 wp-has-aspect-ratio\"><div class=\"wp-block-embed__wrapper\">\n<iframe loading=\"lazy\" title=\"Retail Connect | BI WORLDWIDE\" src=\"https:\/\/player.vimeo.com\/video\/1070072068?dnt=1&amp;app_id=122963\" width=\"500\" height=\"281\" frameborder=\"0\" allow=\"autoplay; fullscreen; picture-in-picture; clipboard-write; encrypted-media\"><\/iframe>\n<\/div><\/figure>\n\n\n\n<div data-animate=\"true\" data-animation-direction=\"left\" data-child-animation=\"individual\" class=\"wp-block-group alignfull  has-background-angle-to-left bg-angle-accent-cyan has-global-padding is-layout-constrained wp-container-core-group-is-layout-e04489b5 wp-block-group-is-layout-constrained\">\n<div class=\"wp-block-group  layout-columns-8 has-global-padding is-layout-constrained wp-container-core-group-is-layout-fce79bf6 wp-block-group-is-layout-constrained\">\n<h2 class=\"wp-block-heading has-text-align-center\">Nh\u1eefng s\u1ed1 li\u1ec7u bi\u1ebft n\u00f3i.<\/h2>\n<\/div>\n\n\n\n<div class=\"wp-block-group  layout-columns-10 has-global-padding is-layout-constrained wp-container-core-group-is-layout-0b5f5b40 wp-block-group-is-layout-constrained\">\n<div class=\"wp-block-group has-text-align-center is-layout-grid wp-container-core-group-is-layout-ef442fb0 wp-block-group-is-layout-grid\">\n<div class=\"wp-block-group is-vertical is-content-justification-center is-layout-flex wp-container-core-group-is-layout-81423f52 wp-block-group-is-layout-flex\">\n<h3 class=\"wp-block-heading has-impact-font-size  has-text-wrap-no-wrap  has-gradient-fill has-gradient-fill-purple\">90%<\/h3>\n\n\n\n<p class=\"has-text-align-center has-large-font-size  has-text-wrap-balance\">Ng\u01b0\u1eddi d\u00f9ng c\u00f3 m\u1ee9c \u0111\u1ed9 g\u1eafn k\u1ebft cao t\u0103ng trung b\u00ecnh 90% s\u1ed1 l\u01b0\u1ee3ng s\u1ea3n ph\u1ea9m b\u00e1n ra<\/p>\n<\/div>\n\n\n\n<div class=\"wp-block-group is-vertical is-content-justification-center is-layout-flex wp-container-core-group-is-layout-81423f52 wp-block-group-is-layout-flex\">\n<h3 class=\"wp-block-heading has-impact-font-size  has-text-wrap-no-wrap  has-gradient-fill has-gradient-fill-purple\">75%<\/h3>\n\n\n\n<p class=\"has-text-align-center has-large-font-size  has-text-wrap-balance\">S\u1ed1 l\u01b0\u1ee3ng \u0111\u0103ng k\u00fd th\u1ebb t\u00edn d\u1ee5ng t\u0103ng 75% so v\u1edbi n\u0103m tr\u01b0\u1edbc<\/p>\n<\/div>\n\n\n\n<div class=\"wp-block-group is-vertical is-content-justification-center is-layout-flex wp-container-core-group-is-layout-81423f52 wp-block-group-is-layout-flex\">\n<h3 class=\"wp-block-heading has-impact-font-size  has-text-wrap-no-wrap  has-gradient-fill has-gradient-fill-purple\">50%<\/h3>\n\n\n\n<p class=\"has-text-align-center has-large-font-size  has-text-wrap-balance\">Gi\u1ea3m 50% t\u1ef7 l\u1ec7 nh\u1ea3y vi\u1ec7c cho nh\u00e2n vi\u00ean l\u00e0m vi\u1ec7c h\u01a1n 1 n\u0103m<\/p>\n<\/div>\n<\/div>\n<\/div>\n<span class='background-angle-wrapper'><svg fill='none' viewBox='0 0 1728 699' xmlns='http:\/\/www.w3.org\/2000\/svg'><path d='M1728 0H0V294.923L1728 698.43V0Z' fill='url(#69db758aa0328)'\/><defs><linearGradient id='69db758aa0328' x1='1738.8' x2='1701' y1='717.27' y2='15.023' gradientUnits='userSpaceOnUse'><stop stop-color='#3EC4D5' stop-opacity='.3' offset='0'\/><stop stop-color='#3EC4D5' stop-opacity='0' offset='1'\/><\/linearGradient><\/defs><\/svg><\/span><\/div><\/div>\n","protected":false},"excerpt":{"rendered":"<p>Th\u1ebf gi\u1edbi b\u00e1n l\u1ebb c\u00f3 th\u1ec3 kh\u00e1 ph\u1ee9c t\u1ea1p, khi ph\u1ee5c v\u1ee5 nhi\u1ec1u lo\u1ea1i \u0111\u1ed1i t\u01b0\u1ee3ng kh\u00e1c nhau m\u00e0 c\u00f3 th\u1ec3 l\u00e0 kh\u00e1ch h\u00e0ng trung th\u00e0nh ho\u1eb7c kh\u00f4ng trung th\u00e0nh. BIW t\u1ef1 h\u00e0o l\u00e0 \u0111\u01a1n v\u1ecb am hi\u1ec3u v\u00e0 ph\u00e1t tri\u1ec3n t\u1ed1t trong m\u1ecdi ph\u00e2n kh\u00fac kinh doanh c\u1ee7a b\u1ea1n. Ch\u00fang t\u00f4i l\u00e0 nh\u1eefng chuy\u00ean [&hellip;]<\/p>\n","protected":false},"author":11,"featured_media":0,"parent":140,"menu_order":0,"comment_status":"closed","ping_status":"closed","template":"","meta":{"featured_image_focal_point":{"x":0.5,"y":0.5},"footnotes":""},"wf_page_folders":[41],"class_list":["post-161","page","type-page","status-publish","hentry"],"yoast_head":"<!-- This site is optimized with the Yoast SEO plugin v26.2 - https:\/\/yoast.com\/wordpress\/plugins\/seo\/ -->\n<title>Retail - Vietnam (English)<\/title>\n<meta name=\"robots\" content=\"index, follow, max-snippet:-1, max-image-preview:large, max-video-preview:-1\" \/>\n<link rel=\"canonical\" href=\"https:\/\/www.biworldwide.com\/vn-vn\/who-we-serve\/retail\/\" \/>\n<meta property=\"og:locale\" content=\"en_US\" \/>\n<meta property=\"og:type\" content=\"article\" \/>\n<meta property=\"og:title\" content=\"Retail - Vietnam (English)\" \/>\n<meta property=\"og:description\" content=\"Th\u1ebf gi\u1edbi b\u00e1n l\u1ebb c\u00f3 th\u1ec3 kh\u00e1 ph\u1ee9c t\u1ea1p, khi ph\u1ee5c v\u1ee5 nhi\u1ec1u lo\u1ea1i \u0111\u1ed1i t\u01b0\u1ee3ng kh\u00e1c nhau m\u00e0 c\u00f3 th\u1ec3 l\u00e0 kh\u00e1ch h\u00e0ng trung th\u00e0nh ho\u1eb7c kh\u00f4ng trung th\u00e0nh. BIW t\u1ef1 h\u00e0o l\u00e0 \u0111\u01a1n v\u1ecb am hi\u1ec3u v\u00e0 ph\u00e1t tri\u1ec3n t\u1ed1t trong m\u1ecdi ph\u00e2n kh\u00fac kinh doanh c\u1ee7a b\u1ea1n. Ch\u00fang t\u00f4i l\u00e0 nh\u1eefng chuy\u00ean [&hellip;]\" \/>\n<meta property=\"og:url\" content=\"https:\/\/www.biworldwide.com\/vn-vn\/who-we-serve\/retail\/\" \/>\n<meta property=\"og:site_name\" content=\"Vietnam (English)\" \/>\n<meta property=\"article:modified_time\" content=\"2025-06-09T03:30:17+00:00\" \/>\n<meta name=\"twitter:card\" content=\"summary_large_image\" \/>\n<meta name=\"twitter:label1\" content=\"Est. reading time\" \/>\n\t<meta name=\"twitter:data1\" content=\"4 minutes\" \/>\n<script type=\"application\/ld+json\" class=\"yoast-schema-graph\">{\"@context\":\"https:\/\/schema.org\",\"@graph\":[{\"@type\":\"WebPage\",\"@id\":\"https:\/\/www.biworldwide.com\/vn-vn\/who-we-serve\/retail\/\",\"url\":\"https:\/\/www.biworldwide.com\/vn-vn\/who-we-serve\/retail\/\",\"name\":\"Retail - Vietnam (English)\",\"isPartOf\":{\"@id\":\"https:\/\/www.biworldwide.com\/vn-vn\/#website\"},\"datePublished\":\"2025-01-14T16:25:30+00:00\",\"dateModified\":\"2025-06-09T03:30:17+00:00\",\"breadcrumb\":{\"@id\":\"https:\/\/www.biworldwide.com\/vn-vn\/who-we-serve\/retail\/#breadcrumb\"},\"inLanguage\":\"en-US\",\"potentialAction\":[{\"@type\":\"ReadAction\",\"target\":[\"https:\/\/www.biworldwide.com\/vn-vn\/who-we-serve\/retail\/\"]}]},{\"@type\":\"BreadcrumbList\",\"@id\":\"https:\/\/www.biworldwide.com\/vn-vn\/who-we-serve\/retail\/#breadcrumb\",\"itemListElement\":[{\"@type\":\"ListItem\",\"position\":1,\"name\":\"Home\",\"item\":\"https:\/\/www.biworldwide.com\/vn-vn\/\"},{\"@type\":\"ListItem\",\"position\":2,\"name\":\"Who We Serve\",\"item\":\"https:\/\/www.biworldwide.com\/vn-vn\/who-we-serve\/\"},{\"@type\":\"ListItem\",\"position\":3,\"name\":\"Retail\"}]},{\"@type\":\"WebSite\",\"@id\":\"https:\/\/www.biworldwide.com\/vn-vn\/#website\",\"url\":\"https:\/\/www.biworldwide.com\/vn-vn\/\",\"name\":\"Vietnam (English)\",\"description\":\"\",\"potentialAction\":[{\"@type\":\"SearchAction\",\"target\":{\"@type\":\"EntryPoint\",\"urlTemplate\":\"https:\/\/www.biworldwide.com\/vn-vn\/?s={search_term_string}\"},\"query-input\":{\"@type\":\"PropertyValueSpecification\",\"valueRequired\":true,\"valueName\":\"search_term_string\"}}],\"inLanguage\":\"en-US\"}]}<\/script>\n<!-- \/ Yoast SEO plugin. -->","yoast_head_json":{"title":"Retail - Vietnam (English)","robots":{"index":"index","follow":"follow","max-snippet":"max-snippet:-1","max-image-preview":"max-image-preview:large","max-video-preview":"max-video-preview:-1"},"canonical":"https:\/\/www.biworldwide.com\/vn-vn\/who-we-serve\/retail\/","og_locale":"en_US","og_type":"article","og_title":"Retail - Vietnam (English)","og_description":"Th\u1ebf gi\u1edbi b\u00e1n l\u1ebb c\u00f3 th\u1ec3 kh\u00e1 ph\u1ee9c t\u1ea1p, khi ph\u1ee5c v\u1ee5 nhi\u1ec1u lo\u1ea1i \u0111\u1ed1i t\u01b0\u1ee3ng kh\u00e1c nhau m\u00e0 c\u00f3 th\u1ec3 l\u00e0 kh\u00e1ch h\u00e0ng trung th\u00e0nh ho\u1eb7c kh\u00f4ng trung th\u00e0nh. BIW t\u1ef1 h\u00e0o l\u00e0 \u0111\u01a1n v\u1ecb am hi\u1ec3u v\u00e0 ph\u00e1t tri\u1ec3n t\u1ed1t trong m\u1ecdi ph\u00e2n kh\u00fac kinh doanh c\u1ee7a b\u1ea1n. Ch\u00fang t\u00f4i l\u00e0 nh\u1eefng chuy\u00ean [&hellip;]","og_url":"https:\/\/www.biworldwide.com\/vn-vn\/who-we-serve\/retail\/","og_site_name":"Vietnam (English)","article_modified_time":"2025-06-09T03:30:17+00:00","twitter_card":"summary_large_image","twitter_misc":{"Est. reading time":"4 minutes"},"schema":{"@context":"https:\/\/schema.org","@graph":[{"@type":"WebPage","@id":"https:\/\/www.biworldwide.com\/vn-vn\/who-we-serve\/retail\/","url":"https:\/\/www.biworldwide.com\/vn-vn\/who-we-serve\/retail\/","name":"Retail - Vietnam (English)","isPartOf":{"@id":"https:\/\/www.biworldwide.com\/vn-vn\/#website"},"datePublished":"2025-01-14T16:25:30+00:00","dateModified":"2025-06-09T03:30:17+00:00","breadcrumb":{"@id":"https:\/\/www.biworldwide.com\/vn-vn\/who-we-serve\/retail\/#breadcrumb"},"inLanguage":"en-US","potentialAction":[{"@type":"ReadAction","target":["https:\/\/www.biworldwide.com\/vn-vn\/who-we-serve\/retail\/"]}]},{"@type":"BreadcrumbList","@id":"https:\/\/www.biworldwide.com\/vn-vn\/who-we-serve\/retail\/#breadcrumb","itemListElement":[{"@type":"ListItem","position":1,"name":"Home","item":"https:\/\/www.biworldwide.com\/vn-vn\/"},{"@type":"ListItem","position":2,"name":"Who We Serve","item":"https:\/\/www.biworldwide.com\/vn-vn\/who-we-serve\/"},{"@type":"ListItem","position":3,"name":"Retail"}]},{"@type":"WebSite","@id":"https:\/\/www.biworldwide.com\/vn-vn\/#website","url":"https:\/\/www.biworldwide.com\/vn-vn\/","name":"Vietnam (English)","description":"","potentialAction":[{"@type":"SearchAction","target":{"@type":"EntryPoint","urlTemplate":"https:\/\/www.biworldwide.com\/vn-vn\/?s={search_term_string}"},"query-input":{"@type":"PropertyValueSpecification","valueRequired":true,"valueName":"search_term_string"}}],"inLanguage":"en-US"}]}},"_links":{"self":[{"href":"https:\/\/www.biworldwide.com\/vn-vn\/wp-json\/wp\/v2\/pages\/161","targetHints":{"allow":["GET"]}}],"collection":[{"href":"https:\/\/www.biworldwide.com\/vn-vn\/wp-json\/wp\/v2\/pages"}],"about":[{"href":"https:\/\/www.biworldwide.com\/vn-vn\/wp-json\/wp\/v2\/types\/page"}],"author":[{"embeddable":true,"href":"https:\/\/www.biworldwide.com\/vn-vn\/wp-json\/wp\/v2\/users\/11"}],"replies":[{"embeddable":true,"href":"https:\/\/www.biworldwide.com\/vn-vn\/wp-json\/wp\/v2\/comments?post=161"}],"version-history":[{"count":5,"href":"https:\/\/www.biworldwide.com\/vn-vn\/wp-json\/wp\/v2\/pages\/161\/revisions"}],"predecessor-version":[{"id":1897,"href":"https:\/\/www.biworldwide.com\/vn-vn\/wp-json\/wp\/v2\/pages\/161\/revisions\/1897"}],"up":[{"embeddable":true,"href":"https:\/\/www.biworldwide.com\/vn-vn\/wp-json\/wp\/v2\/pages\/140"}],"wp:attachment":[{"href":"https:\/\/www.biworldwide.com\/vn-vn\/wp-json\/wp\/v2\/media?parent=161"}],"wp:term":[{"taxonomy":"wf_page_folders","embeddable":true,"href":"https:\/\/www.biworldwide.com\/vn-vn\/wp-json\/wp\/v2\/wf_page_folders?post=161"}],"curies":[{"name":"wp","href":"https:\/\/api.w.org\/{rel}","templated":true}]}}