{"id":163,"date":"2025-01-14T16:25:49","date_gmt":"2025-01-14T16:25:49","guid":{"rendered":"https:\/\/live-biw-main.pantheonsite.io\/?page_id=163"},"modified":"2025-06-09T11:36:22","modified_gmt":"2025-06-09T03:36:22","slug":"technology","status":"publish","type":"page","link":"https:\/\/www.biworldwide.com\/vn-vn\/who-we-serve\/technology\/","title":{"rendered":"C\u00f4ng Ngh\u1ec7"},"content":{"rendered":"<div class=\" has-content-align-left has-overlay has-overlay--dark alignfull wp-block-biw-block-theme-hero\">\n\t<div class=\"biw-hero__grid\">\n\t\t\t\t\t<div class=\"biw-hero__breadcrumbs\">\n\t\t\t\t<div id=\"breadcrumbs\" class=\"breadcrumb-nav__wrapper\"><span class=\"breadcrumb-nav\"><span><a href=\"https:\/\/www.biworldwide.com\/vn-vn\/\">Home<\/a><\/span><\/span><\/div>\t\t\t<\/div>\n\t\t\n\t\t\t\t\t<div class=\"biw-hero__media \">\n\t\t\t\t\t\t\t\t\t<div class=\"biw-hero__overlay overlay-dark\"><\/div>\n\t\t\t\t\t\t\t\t<img decoding=\"async\" src=\"https:\/\/www.biworldwide.com\/wp-content\/uploads\/2025\/03\/BIW_Site_Hero_Technology-1-scaled.jpg\" alt=\"A person works intently on a laptop, surrounded by colorful bokeh lights in a dark setting. The atmosphere is vibrant, with blues, reds, and occasional star-like sparkles adding a dynamic, futuristic touch to the scene.\" class=\"biw-hero__bg-image\" style=\"object-position: 50% 50%;\">\t\t\t<\/div>\n\t\t\t\t<div class=\"biw-hero__content\">\n\t\t\t\t\t\t<h1 class=\"biw-hero__title\" style=\"line-height: 1.2\">\n\t\t\t\tC\u00f4ng Ngh\u1ec7\t\t\t<\/h1>\n\t\t\t\t\t\t\t<h2 class=\"biw-hero__subtitle\">\n\t\t\t\t\t\u0110\u1ec9nh cao m\u1edbi c\u1ee7a kinh t\u1ebf h\u1ecdc h\u00e0nh vi\t\t\t\t<\/h2>\n\t\t\t\t\t\t\t\t\t\t<div class=\"biw-hero__text\">\n\t\t\t\t\t\n\n<p>\u0110\u01b0\u1ee3c c\u00e1c t\u1eadp \u0111o\u00e0n c\u00f4ng ngh\u1ec7 h\u00e0ng \u0111\u1ea7u tin t\u01b0\u1edfng nh\u1edd kh\u1ea3 n\u0103ng n\u00e2ng cao hi\u1ec7u qu\u1ea3 kinh doanh b\u1eb1ng c\u00e1ch thu h\u00fat, truy\u1ec1n c\u1ea3m h\u1ee9ng v\u00e0 gi\u1eef ch\u00e2n \u0111\u1ed9i ng\u0169 nh\u00e2n vi\u00ean xu\u1ea5t s\u1eafc; t\u0103ng c\u01b0\u1eddng hi\u1ec7u qu\u1ea3 c\u1ee7a l\u1ef1c l\u01b0\u1ee3ng b\u00e1n h\u00e0ng; n\u00e2ng cao l\u00f2ng trung th\u00e0nh c\u1ee7a \u0111\u1ed1i t\u00e1c; v\u00e0 truy\u1ec1n ngu\u1ed3n n\u0103ng l\u01b0\u1ee3ng t\u00edch c\u1ef1c cho kh\u00e1ch h\u00e0ng t\u1ea1i c\u00e1c s\u1ef1 ki\u1ec7n.<\/p>\n\n\t\t\t\t<\/div>\n\t\t\t\t\t\t\t\t<\/div>\n\t<\/div>\n<\/div>\n\n\n\n<div class=\"wp-block-group  layout-columns-8 has-global-padding is-layout-constrained wp-container-core-group-is-layout-fce79bf6 wp-block-group-is-layout-constrained\">\n<p class=\"has-xl-font-size\"><strong><a href=\"https:\/\/www.biworldwide.com\/vn-vn\/employee-engagement\/\">G\u1eafn k\u1ebft nh\u00e2n vi\u00ean<\/a><\/strong><\/p>\n\n\n\n<p>Ch\u00fang t\u00f4i h\u1ed7 tr\u1ee3 b\u1ea1n thu h\u00fat, truy\u1ec1n c\u1ea3m h\u1ee9ng v\u00e0 gi\u1eef ch\u00e2n \u0111\u1ed9i ng\u0169 xu\u1ea5t s\u1eafc b\u1eb1ng c\u00e1ch:<\/p>\n\n\n\n<ul class=\"wp-block-list\">\n<li class=\"has-large-font-size\">C\u1ee7ng c\u1ed1 n\u1ec1n v\u0103n h\u00f3a c\u1ee7a b\u1ea1n<\/li>\n\n\n\n<li class=\"has-large-font-size\">K\u1ebft n\u1ed1i nh\u00e2n vi\u00ean v\u1edbi v\u0103n h\u00f3a v\u00e0 s\u1ee9 m\u1ec7nh c\u1ee7a b\u1ea1n<\/li>\n\n\n\n<li class=\"has-large-font-size\">N\u00e2ng cao tr\u1ea3i nghi\u1ec7m cho nh\u00e2n vi\u00ean c\u1ee7a b\u1ea1n<\/li>\n\n\n\n<li class=\"has-large-font-size\">T\u00f4n vinh v\u00e0 ghi nh\u1eadn nh\u1eefng \u0111\u00f3ng g\u00f3p c\u1ee7a nh\u00e2n vi\u00ean<\/li>\n\n\n\n<li class=\"has-large-font-size\">T\u0103ng c\u01b0\u1eddng c\u1ea3m gi\u00e1c g\u1eafn b\u00f3 cho nh\u00e2n vi\u00ean<\/li>\n<\/ul>\n\n\n\n<figure class=\"wp-block-image size-large\"><img decoding=\"async\" src=\"https:\/\/www.biworldwide.com\/wp-content\/uploads\/2025\/02\/Employee-engagement-WomanReceivingApplause-1300x732px-1024x577.jpg\" alt=\"A smiling woman with curly hair sits at a table, looking up. She is surrounded by several people clapping, all wearing business attire. A laptop is visible in front of her. The atmosphere appears celebratory and supportive.\" class=\"wp-image-2254\" \/><\/figure>\n<\/div>\n\n\n\n<div class=\"wp-block-group  layout-columns-8 has-global-padding is-layout-constrained wp-container-core-group-is-layout-fce79bf6 wp-block-group-is-layout-constrained\">\n<p class=\"has-xl-font-size\"><strong><a href=\"https:\/\/www.biworldwide.com\/vn-vn\/sales-team-motivation\/\">\u0110\u1ed9ng vi\u00ean \u0111\u1ed9i ng\u0169 b\u00e1n h\u00e0ng<\/a><\/strong><\/p>\n\n\n\n<p>Ch\u00fang t\u00f4i gi\u00fap kh\u00e1ch h\u00e0ng t\u0103ng doanh thu v\u00e0 c\u1ea3i thi\u1ec7n l\u1ee3i nhu\u1eadn b\u1eb1ng c\u00e1ch n\u00e2ng cao s\u1ef1 g\u1eafn k\u1ebft v\u00e0 hi\u1ec7u qu\u1ea3 c\u1ee7a \u0111\u1ed9i ng\u0169 b\u00e1n h\u00e0ng. M\u1ed7i ho\u00e0n c\u1ea3nh l\u00e0 m\u1ed9t c\u00e2u chuy\u1ec7n ri\u00eang, kh\u00f4ng c\u00f3 gi\u1ea3i ph\u00e1p n\u00e0o ph\u00f9 h\u1ee3p cho t\u1ea5t c\u1ea3. V\u00ec v\u1eady, ch\u00fang t\u00f4i \u00e1p d\u1ee5ng c\u00e1c nguy\u00ean t\u1eafc kinh t\u1ebf h\u1ecdc h\u00e0nh vi \u0111\u1ec3 s\u00e1ng t\u1ea1o ra nh\u1eefng gi\u1ea3i ph\u00e1p \u0111\u1ed9t ph\u00e1, th\u00fac \u0111\u1ea9y h\u00e0nh vi v\u00e0 hi\u1ec7u su\u1ea5t c\u1ee7a ng\u01b0\u1eddi b\u00e1n th\u00f4ng qua:<\/p>\n\n\n\n<ul class=\"wp-block-list\">\n<li class=\"has-large-font-size\">N\u00e2ng cao nh\u1eadn th\u1ee9c, g\u1eafn k\u1ebft t\u00ecnh c\u1ea3m v\u00e0 s\u1ef1 t\u1eadp trung v\u00e0o m\u1ee5c ti\u00eau c\u1ee7a \u0111\u1ed9i ng\u0169 b\u00e1n h\u00e0ng c\u1ee7a b\u1ea1n<\/li>\n\n\n\n<li class=\"has-large-font-size\">Th\u00fac \u0111\u1ea9y doanh s\u1ed1 v\u00e0 nh\u1eefng ho\u1ea1t \u0111\u1ed9ng gi\u00e1 tr\u1ecb cao<\/li>\n\n\n\n<li class=\"has-large-font-size\">N\u00e2ng cao ki\u1ebfn th\u1ee9c, k\u1ef9 n\u0103ng v\u00e0 kh\u1ea3 n\u0103ng c\u1ee7a \u0111\u1ed9i ng\u0169 b\u00e1n h\u00e0ng \u0111\u1ec3 \u0111\u1ecbnh v\u1ecb gi\u00e1 tr\u1ecb v\u00e0 marketing gi\u1ea3i ph\u00e1p c\u1ee7a b\u1ea1n m\u1ed9t c\u00e1ch hi\u1ec7u qu\u1ea3 h\u01a1n<\/li>\n\n\n\n<li class=\"has-large-font-size\">Truy\u1ec1n c\u1ea3m h\u1ee9ng, ghi nh\u1eadn v\u00e0 kh\u00edch l\u1ec7 nh\u1eefng th\u00e0nh qu\u1ea3 v\u00e0 b\u01b0\u1edbc ti\u1ebfn trong doanh s\u1ed1 b\u00e1n h\u00e0ng v\u01b0\u1ee3t tr\u1ed9i \u1edf m\u1ecdi m\u1ee9c \u0111\u1ed9<\/li>\n\n\n\n<li class=\"has-large-font-size\">T\u1ed1i \u01b0u h\u00f3a kho\u1ea3n \u0111\u1ea7u t\u01b0 kh\u00edch l\u1ec7 v\u00e0 ghi nh\u1eadn \u0111\u1ed1i v\u1edbi \u0111\u1ed9i ng\u0169 b\u00e1n h\u00e0ng c\u1ee7a b\u1ea1n<\/li>\n<\/ul>\n\n\n\n<figure class=\"wp-block-image size-large\"><img decoding=\"async\" src=\"https:\/\/www.biworldwide.com\/wp-content\/uploads\/2025\/02\/Sales-team-motivation-1300x732px-1024x577.jpg\" alt=\"Blurry image of a speaker in a suit onstage, holding a microphone, addressing an audience. The room is dimly lit, with attendees mostly out of focus, suggesting a conference or presentation setting.\" class=\"wp-image-2275\" \/><\/figure>\n<\/div>\n\n\n\n<div class=\"wp-block-group  layout-columns-8 has-global-padding is-layout-constrained wp-container-core-group-is-layout-fce79bf6 wp-block-group-is-layout-constrained\">\n<p class=\"has-xl-font-size\"><strong><a href=\"https:\/\/www.biworldwide.com\/vn-vn\/channel-engagement\/\">Th\u00fac \u0111\u1ea9y l\u00f2ng trung th\u00e0nh c\u1ee7a \u0111\u1ed1i t\u00e1c<\/a><\/strong><\/p>\n\n\n\n<p>Ch\u00fang t\u00f4i gi\u00fap b\u1ea1n x\u00e2y d\u1ef1ng m\u1ed1i quan h\u1ec7 v\u1eefng ch\u1eafc v\u00e0 b\u1ec1n l\u00e2u v\u1edbi c\u00e1c nh\u00e0 ph\u00e2n ph\u1ed1i, \u0111\u1ea1i l\u00fd v\u00e0 nh\u00e0 cung c\u1ea5p gi\u1ea3i ph\u00e1p b\u1eb1ng c\u00e1ch gia t\u0103ng s\u1ef1 g\u1eafn k\u1ebft, doanh s\u1ed1 b\u00e1n h\u00e0ng v\u00e0 l\u00f2ng trung th\u00e0nh c\u1ee7a h\u1ecd. D\u00f9 \u0111\u00f3 l\u00e0 ph\u00e2n t\u00edch ph\u00e2n kh\u00fac \u0111\u1ed1i t\u00e1c, \u0111\u1ed9ng l\u1ef1c b\u00e1n h\u00e0ng truy\u1ec1n th\u1ed1ng, gi\u1ea3i ph\u00e1p h\u1ecdc t\u1eadp hay k\u1ebft h\u1ee3p h\u1ecdc v\u00e0 ki\u1ebfm, ch\u00fang t\u00f4i t\u1ea1o c\u01a1 h\u1ed9i cho \u0111\u1ed1i t\u00e1c k\u00eanh c\u1ee7a b\u1ea1n giao ti\u1ebfp hi\u1ec7u qu\u1ea3 v\u1ec1 gi\u00e1 tr\u1ecb c\u1ee7a c\u00f4ng ty v\u00e0 \u0111\u1ec3 doanh nghi\u1ec7p c\u1ee7a b\u1ea1n lu\u00f4n \u0111\u01b0\u1ee3c nh\u1edb \u0111\u1ebfn b\u1eb1ng c\u00e1ch:<\/p>\n\n\n\n<ul class=\"wp-block-list\">\n<li class=\"has-large-font-size\">Ph\u00e2n t\u00edch v\u00e0 ph\u00e2n lo\u1ea1i hi\u1ec7u su\u1ea5t c\u1ee7a \u0111\u1ed1i t\u00e1c k\u00eanh<\/li>\n\n\n\n<li class=\"has-large-font-size\">T\u00ecm ki\u1ebfm nh\u1eefng s\u00e1ng ki\u1ebfn \u0111\u1ed9t ph\u00e1 \u0111\u1ec3 th\u00fac \u0111\u1ea9y t\u0103ng tr\u01b0\u1edfng v\u00e0 l\u1ee3i nhu\u1eadn, t\u1eeb \u0111\u00f3 t\u1ed1i \u0111a h\u00f3a l\u1ee3i nhu\u1eadn \u0111\u1ea7u t\u01b0 cho chi\u1ebfn d\u1ecbch marketing k\u00eanh c\u1ee7a b\u1ea1n<\/li>\n\n\n\n<li class=\"has-large-font-size\">Chi\u1ebfm tr\u1ecdn ni\u1ec1m tin c\u1ee7a \u0111\u1ed1i t\u00e1c k\u00eanh v\u00e0 gi\u1eef cho doanh nghi\u1ec7p c\u1ee7a b\u1ea1n lu\u00f4n \u0111\u01b0\u1ee3c nh\u1edb \u0111\u1ebfn<\/li>\n\n\n\n<li class=\"has-large-font-size\">Th\u00fac \u0111\u1ea9y doanh s\u1ed1 tr\u00ean k\u00eanh v\u00e0 nh\u1eefng ho\u1ea1t \u0111\u1ed9ng gi\u00e1 tr\u1ecb cao<\/li>\n\n\n\n<li class=\"has-large-font-size\">N\u00e2ng cao hi\u1ec3u bi\u1ebft, k\u1ef9 n\u0103ng v\u00e0 kh\u1ea3 n\u0103ng c\u1ee7a \u0111\u1ed1i t\u00e1c k\u00eanh \u0111\u1ec3 h\u1ecd c\u00f3 th\u1ec3 th\u1ec3 hi\u1ec7n gi\u00e1 tr\u1ecb c\u1ee7a b\u1ea1n v\u00e0 gi\u1edbi thi\u1ec7u gi\u1ea3i ph\u00e1p<\/li>\n\n\n\n<li class=\"has-large-font-size\">Truy\u1ec1n c\u1ea3m h\u1ee9ng, ghi nh\u1eadn v\u00e0 vinh danh s\u1ef1 ph\u00e1t tri\u1ec3n b\u00e1n h\u00e0ng qua c\u00e1c k\u00eanh \u0111\u1ed1i t\u00e1c \u1edf m\u1ecdi ph\u00e2n kh\u00fac v\u00e0\/ho\u1eb7c c\u1ea5p \u0111\u1ed9 kh\u00e1c nhau<\/li>\n<\/ul>\n\n\n\n<figure class=\"wp-block-image size-large\"><img decoding=\"async\" src=\"https:\/\/www.biworldwide.com\/wp-content\/uploads\/2025\/02\/Channel-sales-LoadingDock-1300x732px-1024x577.jpg\" alt=\"Aerial view of four parked trucks in a row, one being orange and the others white. They are aligned diagonally on a marked gray asphalt surface.\" class=\"wp-image-2246\" \/><\/figure>\n<\/div>\n\n\n\n<div class=\"wp-block-group  layout-columns-8 has-global-padding is-layout-constrained wp-container-core-group-is-layout-fce79bf6 wp-block-group-is-layout-constrained\">\n<p class=\"has-xl-font-size\"><strong><a href=\"https:\/\/www.biworldwide.com\/vn-vn\/meetings-and-events\/\">Truy\u1ec1n c\u1ea3m h\u1ee9ng cho kh\u00e1ch h\u00e0ng t\u1ea1i s\u1ef1 ki\u1ec7n<\/a><\/strong><\/p>\n\n\n\n<p>Ch\u00fang t\u00f4i gi\u00fap b\u1ea1n thi\u1ebft k\u1ebf v\u00e0 t\u1ed5 ch\u1ee9c c\u00e1c s\u1ef1 ki\u1ec7n \u0111\u1eb3ng c\u1ea5p th\u1ebf gi\u1edbi, mang l\u1ea1i n\u0103ng l\u01b0\u1ee3ng v\u00e0 c\u1ea3m h\u1ee9ng cho kh\u00e1ch h\u00e0ng c\u1ee7a b\u1ea1n b\u1eb1ng c\u00e1ch:<\/p>\n\n\n\n<ul class=\"wp-block-list\">\n<li class=\"has-large-font-size\">Mang \u0111\u1ebfn nh\u1eefng t\u01b0 duy m\u1edbi m\u1ebb, \u00fd t\u01b0\u1edfng s\u00e1ng t\u1ea1o, v\u00e0 gi\u1ea3i ph\u00e1p \u0111\u1ed9t ph\u00e1 \u0111\u1ec3 n\u00e2ng t\u1ea7m tr\u1ea3i nghi\u1ec7m to\u00e0n di\u1ec7n<\/li>\n\n\n\n<li class=\"has-large-font-size\">Mang \u0111\u1ebfn nh\u1eefng suy ngh\u0129 v\u00e0 gi\u1ea3i ph\u00e1p to\u00e0n di\u1ec7n, t\u1eadp trung v\u00e0o kh\u00e1ch h\u00e0ng \u2013 v\u01b0\u1ee3t xa kh\u1ecfi s\u1ef1 s\u00e1ng t\u1ea1o, s\u1ea3n xu\u1ea5t v\u00e0 h\u1eadu c\u1ea7n \u2013 \u0111\u1ec3 kh\u01a1i ngu\u1ed3n c\u1ea3m h\u1ee9ng cho kh\u00e1ch h\u00e0ng v\u00e0 t\u1ed1i \u0111a h\u00f3a t\u00e1c \u0111\u1ed9ng c\u1ee7a m\u1ed7i s\u1ef1 ki\u1ec7n<\/li>\n\n\n\n<li class=\"has-large-font-size\">Cung c\u1ea5p gi\u1ea3i ph\u00e1p to\u00e0n di\u1ec7n gi\u00fap \u0111\u01a1n gi\u1ea3n h\u00f3a m\u1ecdi nhu c\u1ea7u t\u1eeb l\u00ean k\u1ebf ho\u1ea1ch, \u0111i\u1ec1u ph\u1ed1i \u0111\u1ebfn v\u1eadn h\u00e0nh s\u1ef1 ki\u1ec7n \u0111\u1eb3ng c\u1ea5p th\u1ebf gi\u1edbi<\/li>\n\n\n\n<li class=\"has-large-font-size\">T\u1eadn d\u1ee5ng m\u1ea1ng l\u01b0\u1edbi to\u00e0n c\u1ea7u r\u1ed9ng l\u1edbn c\u00f9ng nh\u1eefng ngu\u1ed3n l\u1ef1c v\u00e0 hi\u1ec3u bi\u1ebft s\u00e2u s\u1eafc v\u1ec1 th\u1ecb tr\u01b0\u1eddng \u0111\u1ecba ph\u01b0\u01a1ng, ch\u00fang t\u00f4i t\u1ed5 ch\u1ee9c c\u00e1c s\u1ef1 ki\u1ec7n to\u00e0n c\u1ea7u d\u1ec5 d\u00e0ng th\u00edch \u1ee9ng v\u1edbi nhu c\u1ea7u \u0111\u1eb7c bi\u1ec7t c\u1ee7a t\u1eebng th\u1ecb tr\u01b0\u1eddng<\/li>\n<\/ul>\n\n\n\n<figure class=\"wp-block-image size-large\"><img decoding=\"async\" src=\"https:\/\/www.biworldwide.com\/wp-content\/uploads\/2025\/02\/Meetings-and-events-1300x732px-1024x577.jpg\" alt=\"A person wearing headphones operates a camera in a studio with bright stage lights in the background. The scene is predominantly blue with a translucent orange overlay on the right side. The background shows out-of-focus illuminated screens.\" class=\"wp-image-2265\" \/><\/figure>\n<\/div>\n\n\n\n<div class=\"wp-block-group alignfull has-global-padding is-layout-constrained wp-container-core-group-is-layout-e04489b5 wp-block-group-is-layout-constrained\">\n<div class=\"wp-block-group  layout-columns-8 has-global-padding is-layout-constrained wp-container-core-group-is-layout-fce79bf6 wp-block-group-is-layout-constrained\">\n<h2 class=\"wp-block-heading has-text-align-center\">Nh\u1eefng con s\u1ed1 bi\u1ebft n\u00f3i.<\/h2>\n<\/div>\n\n\n\n<div class=\"wp-block-group  layout-columns-10 has-global-padding is-layout-constrained wp-container-core-group-is-layout-0b5f5b40 wp-block-group-is-layout-constrained\">\n<div class=\"wp-block-group has-text-align-center is-layout-grid wp-container-core-group-is-layout-ef442fb0 wp-block-group-is-layout-grid\">\n<div class=\"wp-block-group is-vertical is-content-justification-center is-layout-flex wp-container-core-group-is-layout-81423f52 wp-block-group-is-layout-flex\">\n<h3 class=\"wp-block-heading has-impact-font-size  has-text-wrap-no-wrap  has-gradient-fill has-gradient-fill-purple\">24<\/h3>\n\n\n\n<p class=\"has-text-align-center has-large-font-size  has-text-wrap-balance\">24 t\u1eadp \u0111o\u00e0n c\u00f4ng ngh\u1ec7 h\u00e0ng \u0111\u1ea7u th\u1ebf gi\u1edbi tin t\u01b0\u1edfng v\u00e0o ch\u00fang t\u00f4i<\/p>\n<\/div>\n\n\n\n<div class=\"wp-block-group is-vertical is-content-justification-center is-layout-flex wp-container-core-group-is-layout-81423f52 wp-block-group-is-layout-flex\">\n<h3 class=\"wp-block-heading has-impact-font-size  has-text-wrap-no-wrap  has-gradient-fill has-gradient-fill-purple\">550k<\/h3>\n\n\n\n<p class=\"has-text-align-center has-large-font-size  has-text-wrap-balance\">550 ngh\u00ecn ng\u01b0\u1eddi tham gia ch\u01b0\u01a1ng tr\u00ecnh<\/p>\n<\/div>\n\n\n\n<div class=\"wp-block-group is-vertical is-content-justification-center is-layout-flex wp-container-core-group-is-layout-81423f52 wp-block-group-is-layout-flex\">\n<h3 class=\"wp-block-heading has-impact-font-size  has-text-wrap-no-wrap  has-gradient-fill has-gradient-fill-purple\">10:1<\/h3>\n\n\n\n<p class=\"has-text-align-center has-large-font-size  has-text-wrap-balance\">ROI tr\u00ean 10:1 t\u1eeb c\u00e1c ch\u01b0\u01a1ng tr\u00ecnh kh\u00edch l\u1ec7 \u0111\u1ed9i ng\u0169 b\u00e1n h\u00e0ng<\/p>\n<\/div>\n<\/div>\n<\/div>\n<\/div>\n","protected":false},"excerpt":{"rendered":"<p>G\u1eafn k\u1ebft nh\u00e2n vi\u00ean Ch\u00fang t\u00f4i h\u1ed7 tr\u1ee3 b\u1ea1n thu h\u00fat, truy\u1ec1n c\u1ea3m h\u1ee9ng v\u00e0 gi\u1eef ch\u00e2n \u0111\u1ed9i ng\u0169 xu\u1ea5t s\u1eafc b\u1eb1ng c\u00e1ch: \u0110\u1ed9ng vi\u00ean \u0111\u1ed9i ng\u0169 b\u00e1n h\u00e0ng Ch\u00fang t\u00f4i gi\u00fap kh\u00e1ch h\u00e0ng t\u0103ng doanh thu v\u00e0 c\u1ea3i thi\u1ec7n l\u1ee3i nhu\u1eadn b\u1eb1ng c\u00e1ch n\u00e2ng cao s\u1ef1 g\u1eafn k\u1ebft v\u00e0 hi\u1ec7u qu\u1ea3 c\u1ee7a \u0111\u1ed9i ng\u0169 [&hellip;]<\/p>\n","protected":false},"author":11,"featured_media":0,"parent":140,"menu_order":0,"comment_status":"closed","ping_status":"closed","template":"","meta":{"featured_image_focal_point":{"x":0.5,"y":0.5},"footnotes":""},"wf_page_folders":[41],"class_list":["post-163","page","type-page","status-publish","hentry"],"yoast_head":"<!-- This site is optimized with the Yoast SEO plugin v26.2 - https:\/\/yoast.com\/wordpress\/plugins\/seo\/ -->\n<title>C\u00f4ng Ngh\u1ec7 - Vietnam (English)<\/title>\n<meta name=\"robots\" content=\"index, follow, max-snippet:-1, max-image-preview:large, max-video-preview:-1\" \/>\n<link rel=\"canonical\" href=\"https:\/\/www.biworldwide.com\/vn-vn\/who-we-serve\/technology\/\" \/>\n<meta property=\"og:locale\" content=\"en_US\" \/>\n<meta property=\"og:type\" content=\"article\" \/>\n<meta property=\"og:title\" content=\"C\u00f4ng Ngh\u1ec7 - Vietnam (English)\" \/>\n<meta property=\"og:description\" content=\"G\u1eafn k\u1ebft nh\u00e2n vi\u00ean Ch\u00fang t\u00f4i h\u1ed7 tr\u1ee3 b\u1ea1n thu h\u00fat, truy\u1ec1n c\u1ea3m h\u1ee9ng v\u00e0 gi\u1eef ch\u00e2n \u0111\u1ed9i ng\u0169 xu\u1ea5t s\u1eafc b\u1eb1ng c\u00e1ch: \u0110\u1ed9ng vi\u00ean \u0111\u1ed9i ng\u0169 b\u00e1n h\u00e0ng Ch\u00fang t\u00f4i gi\u00fap kh\u00e1ch h\u00e0ng t\u0103ng doanh thu v\u00e0 c\u1ea3i thi\u1ec7n l\u1ee3i nhu\u1eadn b\u1eb1ng c\u00e1ch n\u00e2ng cao s\u1ef1 g\u1eafn k\u1ebft v\u00e0 hi\u1ec7u qu\u1ea3 c\u1ee7a \u0111\u1ed9i ng\u0169 [&hellip;]\" \/>\n<meta property=\"og:url\" content=\"https:\/\/www.biworldwide.com\/vn-vn\/who-we-serve\/technology\/\" \/>\n<meta property=\"og:site_name\" content=\"Vietnam (English)\" \/>\n<meta property=\"article:modified_time\" content=\"2025-06-09T03:36:22+00:00\" \/>\n<meta property=\"og:image\" content=\"https:\/\/www.biworldwide.com\/wp-content\/uploads\/2025\/02\/Employee-engagement-WomanReceivingApplause-1300x732px-1024x577.jpg\" \/>\n<meta name=\"twitter:card\" content=\"summary_large_image\" \/>\n<meta name=\"twitter:label1\" content=\"Est. reading time\" \/>\n\t<meta name=\"twitter:data1\" content=\"5 minutes\" \/>\n<script type=\"application\/ld+json\" class=\"yoast-schema-graph\">{\"@context\":\"https:\/\/schema.org\",\"@graph\":[{\"@type\":\"WebPage\",\"@id\":\"https:\/\/www.biworldwide.com\/vn-vn\/who-we-serve\/technology\/\",\"url\":\"https:\/\/www.biworldwide.com\/vn-vn\/who-we-serve\/technology\/\",\"name\":\"C\u00f4ng Ngh\u1ec7 - Vietnam (English)\",\"isPartOf\":{\"@id\":\"https:\/\/www.biworldwide.com\/vn-vn\/#website\"},\"primaryImageOfPage\":{\"@id\":\"https:\/\/www.biworldwide.com\/vn-vn\/who-we-serve\/technology\/#primaryimage\"},\"image\":{\"@id\":\"https:\/\/www.biworldwide.com\/vn-vn\/who-we-serve\/technology\/#primaryimage\"},\"thumbnailUrl\":\"https:\/\/www.biworldwide.com\/wp-content\/uploads\/2025\/02\/Employee-engagement-WomanReceivingApplause-1300x732px-1024x577.jpg\",\"datePublished\":\"2025-01-14T16:25:49+00:00\",\"dateModified\":\"2025-06-09T03:36:22+00:00\",\"breadcrumb\":{\"@id\":\"https:\/\/www.biworldwide.com\/vn-vn\/who-we-serve\/technology\/#breadcrumb\"},\"inLanguage\":\"en-US\",\"potentialAction\":[{\"@type\":\"ReadAction\",\"target\":[\"https:\/\/www.biworldwide.com\/vn-vn\/who-we-serve\/technology\/\"]}]},{\"@type\":\"ImageObject\",\"inLanguage\":\"en-US\",\"@id\":\"https:\/\/www.biworldwide.com\/vn-vn\/who-we-serve\/technology\/#primaryimage\",\"url\":\"https:\/\/www.biworldwide.com\/wp-content\/uploads\/2025\/02\/Employee-engagement-WomanReceivingApplause-1300x732px-1024x577.jpg\",\"contentUrl\":\"https:\/\/www.biworldwide.com\/wp-content\/uploads\/2025\/02\/Employee-engagement-WomanReceivingApplause-1300x732px-1024x577.jpg\"},{\"@type\":\"BreadcrumbList\",\"@id\":\"https:\/\/www.biworldwide.com\/vn-vn\/who-we-serve\/technology\/#breadcrumb\",\"itemListElement\":[{\"@type\":\"ListItem\",\"position\":1,\"name\":\"Home\",\"item\":\"https:\/\/www.biworldwide.com\/vn-vn\/\"},{\"@type\":\"ListItem\",\"position\":2,\"name\":\"Who We Serve\",\"item\":\"https:\/\/www.biworldwide.com\/vn-vn\/who-we-serve\/\"},{\"@type\":\"ListItem\",\"position\":3,\"name\":\"C\u00f4ng Ngh\u1ec7\"}]},{\"@type\":\"WebSite\",\"@id\":\"https:\/\/www.biworldwide.com\/vn-vn\/#website\",\"url\":\"https:\/\/www.biworldwide.com\/vn-vn\/\",\"name\":\"Vietnam (English)\",\"description\":\"\",\"potentialAction\":[{\"@type\":\"SearchAction\",\"target\":{\"@type\":\"EntryPoint\",\"urlTemplate\":\"https:\/\/www.biworldwide.com\/vn-vn\/?s={search_term_string}\"},\"query-input\":{\"@type\":\"PropertyValueSpecification\",\"valueRequired\":true,\"valueName\":\"search_term_string\"}}],\"inLanguage\":\"en-US\"}]}<\/script>\n<!-- \/ Yoast SEO plugin. -->","yoast_head_json":{"title":"C\u00f4ng Ngh\u1ec7 - Vietnam (English)","robots":{"index":"index","follow":"follow","max-snippet":"max-snippet:-1","max-image-preview":"max-image-preview:large","max-video-preview":"max-video-preview:-1"},"canonical":"https:\/\/www.biworldwide.com\/vn-vn\/who-we-serve\/technology\/","og_locale":"en_US","og_type":"article","og_title":"C\u00f4ng Ngh\u1ec7 - Vietnam (English)","og_description":"G\u1eafn k\u1ebft nh\u00e2n vi\u00ean Ch\u00fang t\u00f4i h\u1ed7 tr\u1ee3 b\u1ea1n thu h\u00fat, truy\u1ec1n c\u1ea3m h\u1ee9ng v\u00e0 gi\u1eef ch\u00e2n \u0111\u1ed9i ng\u0169 xu\u1ea5t s\u1eafc b\u1eb1ng c\u00e1ch: \u0110\u1ed9ng vi\u00ean \u0111\u1ed9i ng\u0169 b\u00e1n h\u00e0ng Ch\u00fang t\u00f4i gi\u00fap kh\u00e1ch h\u00e0ng t\u0103ng doanh thu v\u00e0 c\u1ea3i thi\u1ec7n l\u1ee3i nhu\u1eadn b\u1eb1ng c\u00e1ch n\u00e2ng cao s\u1ef1 g\u1eafn k\u1ebft v\u00e0 hi\u1ec7u qu\u1ea3 c\u1ee7a \u0111\u1ed9i ng\u0169 [&hellip;]","og_url":"https:\/\/www.biworldwide.com\/vn-vn\/who-we-serve\/technology\/","og_site_name":"Vietnam (English)","article_modified_time":"2025-06-09T03:36:22+00:00","og_image":[{"url":"https:\/\/www.biworldwide.com\/wp-content\/uploads\/2025\/02\/Employee-engagement-WomanReceivingApplause-1300x732px-1024x577.jpg","type":"","width":"","height":""}],"twitter_card":"summary_large_image","twitter_misc":{"Est. reading time":"5 minutes"},"schema":{"@context":"https:\/\/schema.org","@graph":[{"@type":"WebPage","@id":"https:\/\/www.biworldwide.com\/vn-vn\/who-we-serve\/technology\/","url":"https:\/\/www.biworldwide.com\/vn-vn\/who-we-serve\/technology\/","name":"C\u00f4ng Ngh\u1ec7 - Vietnam (English)","isPartOf":{"@id":"https:\/\/www.biworldwide.com\/vn-vn\/#website"},"primaryImageOfPage":{"@id":"https:\/\/www.biworldwide.com\/vn-vn\/who-we-serve\/technology\/#primaryimage"},"image":{"@id":"https:\/\/www.biworldwide.com\/vn-vn\/who-we-serve\/technology\/#primaryimage"},"thumbnailUrl":"https:\/\/www.biworldwide.com\/wp-content\/uploads\/2025\/02\/Employee-engagement-WomanReceivingApplause-1300x732px-1024x577.jpg","datePublished":"2025-01-14T16:25:49+00:00","dateModified":"2025-06-09T03:36:22+00:00","breadcrumb":{"@id":"https:\/\/www.biworldwide.com\/vn-vn\/who-we-serve\/technology\/#breadcrumb"},"inLanguage":"en-US","potentialAction":[{"@type":"ReadAction","target":["https:\/\/www.biworldwide.com\/vn-vn\/who-we-serve\/technology\/"]}]},{"@type":"ImageObject","inLanguage":"en-US","@id":"https:\/\/www.biworldwide.com\/vn-vn\/who-we-serve\/technology\/#primaryimage","url":"https:\/\/www.biworldwide.com\/wp-content\/uploads\/2025\/02\/Employee-engagement-WomanReceivingApplause-1300x732px-1024x577.jpg","contentUrl":"https:\/\/www.biworldwide.com\/wp-content\/uploads\/2025\/02\/Employee-engagement-WomanReceivingApplause-1300x732px-1024x577.jpg"},{"@type":"BreadcrumbList","@id":"https:\/\/www.biworldwide.com\/vn-vn\/who-we-serve\/technology\/#breadcrumb","itemListElement":[{"@type":"ListItem","position":1,"name":"Home","item":"https:\/\/www.biworldwide.com\/vn-vn\/"},{"@type":"ListItem","position":2,"name":"Who We Serve","item":"https:\/\/www.biworldwide.com\/vn-vn\/who-we-serve\/"},{"@type":"ListItem","position":3,"name":"C\u00f4ng Ngh\u1ec7"}]},{"@type":"WebSite","@id":"https:\/\/www.biworldwide.com\/vn-vn\/#website","url":"https:\/\/www.biworldwide.com\/vn-vn\/","name":"Vietnam (English)","description":"","potentialAction":[{"@type":"SearchAction","target":{"@type":"EntryPoint","urlTemplate":"https:\/\/www.biworldwide.com\/vn-vn\/?s={search_term_string}"},"query-input":{"@type":"PropertyValueSpecification","valueRequired":true,"valueName":"search_term_string"}}],"inLanguage":"en-US"}]}},"_links":{"self":[{"href":"https:\/\/www.biworldwide.com\/vn-vn\/wp-json\/wp\/v2\/pages\/163","targetHints":{"allow":["GET"]}}],"collection":[{"href":"https:\/\/www.biworldwide.com\/vn-vn\/wp-json\/wp\/v2\/pages"}],"about":[{"href":"https:\/\/www.biworldwide.com\/vn-vn\/wp-json\/wp\/v2\/types\/page"}],"author":[{"embeddable":true,"href":"https:\/\/www.biworldwide.com\/vn-vn\/wp-json\/wp\/v2\/users\/11"}],"replies":[{"embeddable":true,"href":"https:\/\/www.biworldwide.com\/vn-vn\/wp-json\/wp\/v2\/comments?post=163"}],"version-history":[{"count":4,"href":"https:\/\/www.biworldwide.com\/vn-vn\/wp-json\/wp\/v2\/pages\/163\/revisions"}],"predecessor-version":[{"id":1899,"href":"https:\/\/www.biworldwide.com\/vn-vn\/wp-json\/wp\/v2\/pages\/163\/revisions\/1899"}],"up":[{"embeddable":true,"href":"https:\/\/www.biworldwide.com\/vn-vn\/wp-json\/wp\/v2\/pages\/140"}],"wp:attachment":[{"href":"https:\/\/www.biworldwide.com\/vn-vn\/wp-json\/wp\/v2\/media?parent=163"}],"wp:term":[{"taxonomy":"wf_page_folders","embeddable":true,"href":"https:\/\/www.biworldwide.com\/vn-vn\/wp-json\/wp\/v2\/wf_page_folders?post=163"}],"curies":[{"name":"wp","href":"https:\/\/api.w.org\/{rel}","templated":true}]}}