{"id":385,"date":"2025-04-04T14:53:36","date_gmt":"2025-04-04T06:53:36","guid":{"rendered":"https:\/\/www.biworldwide.com\/vn-vn\/?page_id=385"},"modified":"2025-06-10T17:44:35","modified_gmt":"2025-06-10T09:44:35","slug":"experiences-marketplace","status":"publish","type":"page","link":"https:\/\/www.biworldwide.com\/vn-vn\/experiences-marketplace\/","title":{"rendered":"Experiences Marketplace"},"content":{"rendered":"<div class=\" has-content-align-left has-overlay has-overlay--light alignfull wp-block-biw-block-theme-hero\">\n\t<div class=\"biw-hero__grid\">\n\t\t\t\t\t<div class=\"biw-hero__breadcrumbs\">\n\t\t\t\t<div id=\"breadcrumbs\" class=\"breadcrumb-nav__wrapper\"><span class=\"breadcrumb-nav\"><span><a href=\"https:\/\/www.biworldwide.com\/vn-vn\/\">Home<\/a><\/span><\/span><\/div>\t\t\t<\/div>\n\t\t\n\t\t\t\t\t<div class=\"biw-hero__media \">\n\t\t\t\t\t\t\t\t\t<div class=\"biw-hero__overlay overlay-light\"><\/div>\n\t\t\t\t\t\t\t\t<img decoding=\"async\" src=\"https:\/\/www.biworldwide.com\/wp-content\/uploads\/2025\/02\/BIW_Site_Hero_MarketExp-1-scaled.jpg\" alt=\"A hiker with a backpack and poles stands on a rocky peak, overlooking a vast mountain landscape under a bright, cloudy sky. The foreground features green slopes and rugged terrain, with fluffy clouds at the bottom of the image.\" class=\"biw-hero__bg-image\" style=\"object-position: 50% 50%;\">\t\t\t<\/div>\n\t\t\t\t<div class=\"biw-hero__content\">\n\t\t\t\t\t\t<h1 class=\"biw-hero__title\" style=\"line-height: 1.2\">\n\t\t\t\tCh\u1ee3 Tr\u1ea3i Nghi\u1ec7m\t\t\t<\/h1>\n\t\t\t\t\t\t\t<h2 class=\"biw-hero__subtitle\">\n\t\t\t\t\tNh\u1eefng ph\u1ea7n th\u01b0\u1edfng tuy\u1ec7t v\u1eddi nh\u1ea5t trong cu\u1ed9c s\u1ed1ng ch\u00ednh l\u00e0 nh\u1eefng tr\u1ea3i nghi\u1ec7m ch\u00fang ta chia s\u1ebb c\u00f9ng nhau.\t\t\t\t<\/h2>\n\t\t\t\t\t\t\t\t\t\t<div class=\"biw-hero__text\">\n\t\t\t\t\t\n\n<p>Ch\u00fang t\u00f4i mang \u0111\u1ebfn cho b\u1ea1n m\u1ed9t lo\u1ea1t c\u00e1c l\u1ef1a ch\u1ecdn ph\u1ea7n th\u01b0\u1edfng si\u00eau h\u1ea5p d\u1eabn v\u00e0 c\u00f3 th\u1ec3 t\u00f9y ch\u1ec9nh d\u00e0nh cho nh\u00e2n vi\u00ean, \u0111\u1ea1i di\u1ec7n k\u00eanh v\u00e0 kh\u00e1ch h\u00e0ng c\u1ee7a b\u1ea1n. \u0110\u00e2y l\u00e0 c\u01a1 h\u1ed9i tuy\u1ec7t v\u1eddi \u0111\u1ec3 t\u1ea1o n\u00ean nh\u1eefng k\u1ef7 ni\u1ec7m kh\u00f3 qu\u00ean, ngay t\u1ea1i n\u01a1i h\u1ecd s\u1ed1ng hay b\u1ea5t c\u1ee9 \u0111i\u1ec3m \u0111\u1ebfn n\u00e0o tr\u00ean to\u00e0n th\u1ebf gi\u1edbi.<\/p>\n\n\t\t\t\t<\/div>\n\t\t\t\t\t\t\t\t<\/div>\n\t<\/div>\n<\/div>\n\n\n\n<div class=\"wp-block-group  layout-columns-7 has-global-padding is-layout-constrained wp-container-core-group-is-layout-a133ec42 wp-block-group-is-layout-constrained\">\n<h2 class=\"wp-block-heading\">\u0110i\u1ec1u th\u00fa v\u1ecb d\u00e0nh cho t\u1ea5t c\u1ea3 m\u1ecdi ng\u01b0\u1eddi.<\/h2>\n\n\n\n<p>V\u1edbi h\u01a1n 20 danh m\u1ee5c tr\u1ea3i nghi\u1ec7m kh\u00e1c nhau \u0111\u1ec3 l\u1ef1a ch\u1ecdn, b\u1ea1n c\u00f3 th\u1ec3 d\u00f9ng \u0111i\u1ec3m \u0111\u1ec3 \u0111\u1ed5i nh\u1eefng tr\u1ea3i nghi\u1ec7m nh\u01b0 v\u00e9 tham quan \u01b0u ti\u00ean kh\u00f4ng c\u1ea7n x\u1ebfp h\u00e0ng, du thuy\u1ec1n \u0103n t\u1ed1i, chuy\u1ebfn \u0111i trong ng\u00e0y, l\u1edbp h\u1ecdc n\u1ea5u \u0103n, v\u00e9 xem phim, tham quan c\u00e1c \u0111\u1ecba danh n\u1ed5i ti\u1ebfng, v\u00e9 xem k\u1ecbch hay h\u00f2a nh\u1ea1c, chuy\u1ebfn ngh\u1ec9 d\u01b0\u1ee1ng cu\u1ed1i tu\u1ea7n v\u00e0 nhi\u1ec1u \u0111i\u1ec1u th\u00fa v\u1ecb kh\u00e1c. Ch\u1ee3 Tr\u1ea3i Nghi\u1ec7m th\u1ef1c s\u1ef1 c\u00f3 nhi\u1ec1u \u0111i\u1ec1u \u0111\u1ec3 m\u1ecdi ng\u01b0\u1eddi kh\u00e1m ph\u00e1.<\/p>\n\n\n\n<p>Ch\u00fang t\u00f4i mang \u0111\u1ebfn h\u01a1n 140.000 l\u1ef1a ch\u1ecdn, t\u1eeb \u0111\u1ecba ph\u01b0\u01a1ng \u0111\u1ebfn kh\u1eafp n\u01a1i tr\u00ean th\u1ebf gi\u1edbi, \u0111\u1ec3 b\u1ea1n c\u00f3 c\u01a1 h\u1ed9i kh\u00e1m ph\u00e1 v\u00e0 tr\u1ea3i nghi\u1ec7m nh\u1eefng \u0111i\u1ec1u th\u00fa v\u1ecb nh\u1ea5t. \u0110\u00e2y s\u1ebd l\u00e0 nh\u1eefng k\u1ef7 ni\u1ec7m \u0111\u1ecdng m\u00e3i trong l\u00f2ng, khi\u1ebfn b\u1ea1n tr\u1edf l\u1ea1i v\u1edbi m\u1ed9t tinh th\u1ea7n d\u1ed3i d\u00e0o \u0111\u1ed9ng l\u1ef1c.<\/p>\n\n\n\n<div class=\"wp-block-group alignfull has-global-padding is-layout-constrained wp-container-core-group-is-layout-97ab3c77 wp-block-group-is-layout-constrained\">\n<div class=\"wp-block-group has-text-align-center  layout-columns-8 has-global-padding is-layout-constrained wp-container-core-group-is-layout-ee362a79 wp-block-group-is-layout-constrained\">\n<h2 class=\"wp-block-heading has-text-align-center  has-text-wrap-pretty\">Tr\u1ea3i nghi\u1ec7m<\/h2>\n\n\n\n<p class=\" has-text-wrap-balance\"><\/p>\n<\/div>\n\n\n\n<div class=\"wp-block-group  layout-columns-12 has-global-padding is-layout-constrained wp-container-core-group-is-layout-9e09659d wp-block-group-is-layout-constrained\">\n<div class=\"wp-block-group is-layout-grid wp-container-core-group-is-layout-c765d3c1 wp-block-group-is-layout-grid\">\n<div class=\"wp-block-group  has-dynamic-border-radius wp-container-content-e9e3d78d has-global-padding is-layout-constrained wp-block-group-is-layout-constrained\">\n<figure class=\"wp-block-image size-full\"><img decoding=\"async\" src=\"https:\/\/www.biworldwide.com\/en-sg\/wp-content\/uploads\/sites\/15\/2025\/05\/BIW_Website_Rewards-Marketplace-Banner_2.png\" alt=\"A collage shows three people: a woman relaxing with headphones and a smartphone, a woman smiling with a coffee cup and shopping bags, and a person in outdoor gear looking to the side, set against colorful geometric backgrounds.\" class=\"wp-image-2110\" \/><\/figure>\n<\/div>\n\n\n<div class=\" has-dynamic-border-radius has-image-size-cover has-image-radius-none is-style-default wp-block-biw-block-theme-biw-card\">\n\t\t\t<figure class=\"biw-card__image-wrapper \">\n\t\t\t<img decoding=\"async\" src=\"https:\/\/www.biworldwide.com\/wp-content\/uploads\/2025\/02\/experiences-icon-foodwine.svg\" alt=\"\" class=\"biw-card__image\" style=\"object-position: 50% 50%;\">\t\t<\/figure>\n\t\t<div class=\"biw-card__content\">\n\t\t<h3 class=\"biw-card__title\">\n\t\t\t\t\t\t\t\u1ea8m th\u1ef1c, r\u01b0\u1ee3u vang v\u00e0 cu\u1ed9c s\u1ed1ng v\u1ec1 \u0111\u00eam\t\t\t\t\t<\/h3>\n\t\t<div class=\"biw-card__text\">\n\n<p>Savor curated dining, wine tastings, and nightlife experiences that highlight the best of local culture.<\/p>\n\n<\/div>\n\t<\/div>\n\t<\/div>\n\n<div class=\" has-dynamic-border-radius has-image-size-cover has-image-radius-none is-style-default wp-block-biw-block-theme-biw-card\">\n\t\t\t<figure class=\"biw-card__image-wrapper \">\n\t\t\t<img decoding=\"async\" src=\"https:\/\/www.biworldwide.com\/wp-content\/uploads\/2025\/02\/experiences-icon-outdoor.svg\" alt=\"\" class=\"biw-card__image\" style=\"object-position: 50% 50%;\">\t\t<\/figure>\n\t\t<div class=\"biw-card__content\">\n\t\t<h3 class=\"biw-card__title\">\n\t\t\t\t\t\t\tC\u00e1c ho\u1ea1t \u0111\u1ed9ng ngo\u00e0i tr\u1eddi\t\t\t\t\t<\/h3>\n\t\t<div class=\"biw-card__text\">\n\n<p>Recharge in nature with outdoor adventures like hiking, kayaking, and more.<\/p>\n\n<\/div>\n\t<\/div>\n\t<\/div>\n\n<div class=\" has-dynamic-border-radius has-image-size-cover has-image-radius-none is-style-default wp-block-biw-block-theme-biw-card\">\n\t\t\t<figure class=\"biw-card__image-wrapper \">\n\t\t\t<img decoding=\"async\" src=\"https:\/\/www.biworldwide.com\/wp-content\/uploads\/2025\/02\/experiences-icon-daytrips.svg\" alt=\"\" class=\"biw-card__image\" style=\"object-position: 50% 50%;\">\t\t<\/figure>\n\t\t<div class=\"biw-card__content\">\n\t\t<h3 class=\"biw-card__title\">\n\t\t\t\t\t\t\tC\u00e1c chuy\u1ebfn \u0111i trong ng\u00e0y v\u00e0 cu\u1ed9c phi\u00eau l\u01b0u kh\u00e1m ph\u00e1\t\t\t\t\t<\/h3>\n\t\t<div class=\"biw-card__text\">\n\n<p>Take a refreshing break with curated day trips to nearby destinations and hidden gems.<\/p>\n\n<\/div>\n\t<\/div>\n\t<\/div>\n\n<div class=\" has-dynamic-border-radius has-image-size-cover has-image-radius-none is-style-default wp-block-biw-block-theme-biw-card\">\n\t\t\t<figure class=\"biw-card__image-wrapper \">\n\t\t\t<img decoding=\"async\" src=\"https:\/\/www.biworldwide.com\/wp-content\/uploads\/2025\/02\/experiences-icon-tours.svg\" alt=\"\" class=\"biw-card__image\" style=\"object-position: 50% 50%;\">\t\t<\/figure>\n\t\t<div class=\"biw-card__content\">\n\t\t<h3 class=\"biw-card__title\">\n\t\t\t\t\t\t\tChuy\u1ebfn du l\u1ecbch v\u00e0 tham quan th\u1eafng c\u1ea3nh\t\t\t\t\t<\/h3>\n\t\t<div class=\"biw-card__text\">\n\n<p>Experience iconic landmarks and local sights through immersive, guided tours.<\/p>\n\n<\/div>\n\t<\/div>\n\t<\/div>\n\n\n<div class=\"wp-block-group  has-dynamic-border-radius has-global-padding is-layout-constrained wp-block-group-is-layout-constrained\">\n<figure class=\"wp-block-image size-full\"><img decoding=\"async\" src=\"https:\/\/www.biworldwide.com\/wp-content\/uploads\/2025\/02\/BIW_Site_Card_MarketExp-scaled.jpg\" alt=\"A person paddles a blue kayak on a calm lake, surrounded by mountains under a clear blue sky. The tip of a red kayak is visible in the foreground, enhancing the perspective of the serene natural setting.\" class=\"wp-image-3584\" style=\"aspect-ratio:16\/9;object-fit:cover\" \/><\/figure>\n<\/div>\n\n\n<div class=\" has-dynamic-border-radius has-image-size-cover has-image-radius-none is-style-default wp-block-biw-block-theme-biw-card\">\n\t\t\t<figure class=\"biw-card__image-wrapper \">\n\t\t\t<img decoding=\"async\" src=\"https:\/\/www.biworldwide.com\/wp-content\/uploads\/2025\/02\/experiences-icon-cultural.svg\" alt=\"\" class=\"biw-card__image\" style=\"object-position: 50% 50%;\">\t\t<\/figure>\n\t\t<div class=\"biw-card__content\">\n\t\t<h3 class=\"biw-card__title\">\n\t\t\t\t\t\t\tC\u00e1c chuy\u1ebfn du l\u1ecbch v\u0103n h\u00f3a v\u00e0 ch\u1ee7 \u0111\u1ec1\t\t\t\t\t<\/h3>\n\t\t<div class=\"biw-card__text\">\n\n<p>Explore art, history, and storytelling through enriching cultural and themed experiences.<\/p>\n\n<\/div>\n\t<\/div>\n\t<\/div>\n\n<div class=\" has-dynamic-border-radius has-image-size-cover has-image-radius-none is-style-default wp-block-biw-block-theme-biw-card\">\n\t\t\t<figure class=\"biw-card__image-wrapper \">\n\t\t\t<img decoding=\"async\" src=\"https:\/\/www.biworldwide.com\/wp-content\/uploads\/2025\/02\/experiences-icon-movie.svg\" alt=\"\" class=\"biw-card__image\" style=\"object-position: 50% 50%;\">\t\t<\/figure>\n\t\t<div class=\"biw-card__content\">\n\t\t<h3 class=\"biw-card__title\">\n\t\t\t\t\t\t\tV\u00e9 v\u00e0o c\u00f4ng vi\u00ean gi\u1ea3i tr\u00ed v\u00e0 v\u00e9 v\u00e0o c\u00f4ng vi\u00ean qu\u1ed1c gia\t\t\t\t\t<\/h3>\n\t\t<div class=\"biw-card__text\">\n\n<p>From thrills to tranquility, access top attractions or explore the beauty of nature\u2019s best-kept treasures.<\/p>\n\n<\/div>\n\t<\/div>\n\t<\/div>\n\n<div class=\" has-dynamic-border-radius has-image-size-cover has-image-radius-none is-style-default wp-block-biw-block-theme-biw-card\">\n\t\t\t<figure class=\"biw-card__image-wrapper \">\n\t\t\t<img decoding=\"async\" src=\"https:\/\/www.biworldwide.com\/wp-content\/uploads\/2025\/02\/experiences-icon-classes.svg\" alt=\"\" class=\"biw-card__image\" style=\"object-position: 50% 50%;\">\t\t<\/figure>\n\t\t<div class=\"biw-card__content\">\n\t\t<h3 class=\"biw-card__title\">\n\t\t\t\t\t\t\tC\u00e1c l\u1edbp h\u1ecdc v\u00e0 h\u1ed9i th\u1ea3o\t\t\t\t\t<\/h3>\n\t\t<div class=\"biw-card__text\">\n\n<p>Gain new skills and spark creativity with expert-led sessions in cooking, crafting, and more.<\/p>\n\n<\/div>\n\t<\/div>\n\t<\/div><\/div>\n<\/div>\n<\/div>\n<\/div>\n\n\n\n<div class=\"wp-block-group alignfull  layout-columns-10 has-global-padding is-layout-constrained wp-container-core-group-is-layout-cc7bd7df wp-block-group-is-layout-constrained\">\n<div class=\"wp-block-group  layout-columns-8 has-global-padding is-layout-constrained wp-container-core-group-is-layout-fce79bf6 wp-block-group-is-layout-constrained\">\n<h2 class=\"wp-block-heading has-text-align-center\">M\u1ed7i con s\u1ed1 \u0111\u1ec1u \u1ea9n ch\u1ee9a m\u1ed9t c\u00e2u chuy\u1ec7n.<\/h2>\n<\/div>\n\n\n\n<div class=\"wp-block-group  layout-columns-10 has-global-padding is-layout-constrained wp-container-core-group-is-layout-0b5f5b40 wp-block-group-is-layout-constrained\">\n<div class=\"wp-block-group has-text-align-center is-layout-grid wp-container-core-group-is-layout-ef442fb0 wp-block-group-is-layout-grid\">\n<div class=\"wp-block-group is-vertical is-content-justification-center is-layout-flex wp-container-core-group-is-layout-81423f52 wp-block-group-is-layout-flex\">\n<h3 class=\"wp-block-heading has-text-align-left has-impact-font-size  has-text-wrap-no-wrap  has-gradient-fill has-gradient-fill-orange\">350k<\/h3>\n\n\n\n<p class=\"has-text-align-center has-large-font-size  has-text-wrap-balance\">350 ngh\u00ecn l\u1ef1a ch\u1ecdn tr\u1ea3i nghi\u1ec7m tr\u00ean to\u00e0n c\u1ea7u<\/p>\n<\/div>\n\n\n\n<div class=\"wp-block-group is-vertical is-content-justification-center is-layout-flex wp-container-core-group-is-layout-81423f52 wp-block-group-is-layout-flex\">\n<h3 class=\"wp-block-heading has-text-align-left has-impact-font-size  has-text-wrap-no-wrap  has-gradient-fill has-gradient-fill-orange\">550k<\/h3>\n\n\n\n<p class=\"has-text-align-center has-large-font-size  has-text-wrap-balance\">550 ngh\u00ecn l\u1ef1a ch\u1ecdn kh\u00e1ch s\u1ea1n v\u00e0 n\u01a1i ngh\u1ec9 d\u01b0\u1ee1ng<\/p>\n<\/div>\n\n\n\n<div class=\"wp-block-group has-text-align-center is-vertical is-content-justification-center is-layout-flex wp-container-core-group-is-layout-81423f52 wp-block-group-is-layout-flex\">\n<h3 class=\"wp-block-heading has-text-align-left has-impact-font-size  has-text-wrap-no-wrap  has-gradient-fill has-gradient-fill-orange\">100k<\/h3>\n\n\n\n<p class=\"has-text-align-center has-large-font-size  has-text-wrap-balance\">100 ngh\u00ecn l\u1ef1a ch\u1ecdn s\u1ef1 ki\u1ec7n l\u00e0m b\u1ea1n b\u1ea5t ng\u1edd v\u00e0 th\u00edch th\u00fa<\/p>\n<\/div>\n<\/div>\n<\/div>\n<\/div>\n","protected":false},"excerpt":{"rendered":"<p>\u0110i\u1ec1u th\u00fa v\u1ecb d\u00e0nh cho t\u1ea5t c\u1ea3 m\u1ecdi ng\u01b0\u1eddi. V\u1edbi h\u01a1n 20 danh m\u1ee5c tr\u1ea3i nghi\u1ec7m kh\u00e1c nhau \u0111\u1ec3 l\u1ef1a ch\u1ecdn, b\u1ea1n c\u00f3 th\u1ec3 d\u00f9ng \u0111i\u1ec3m \u0111\u1ec3 \u0111\u1ed5i nh\u1eefng tr\u1ea3i nghi\u1ec7m nh\u01b0 v\u00e9 tham quan \u01b0u ti\u00ean kh\u00f4ng c\u1ea7n x\u1ebfp h\u00e0ng, du thuy\u1ec1n \u0103n t\u1ed1i, chuy\u1ebfn \u0111i trong ng\u00e0y, l\u1edbp h\u1ecdc n\u1ea5u \u0103n, v\u00e9 xem [&hellip;]<\/p>\n","protected":false},"author":55,"featured_media":0,"parent":0,"menu_order":0,"comment_status":"closed","ping_status":"closed","template":"","meta":{"featured_image_focal_point":{"x":0.5,"y":0.5},"footnotes":""},"wf_page_folders":[45],"class_list":["post-385","page","type-page","status-publish","hentry"],"yoast_head":"<!-- This site is optimized with the Yoast SEO plugin v26.2 - https:\/\/yoast.com\/wordpress\/plugins\/seo\/ -->\n<title>Experiences Marketplace - Vietnam (English)<\/title>\n<meta name=\"robots\" content=\"index, follow, max-snippet:-1, max-image-preview:large, max-video-preview:-1\" \/>\n<link rel=\"canonical\" href=\"https:\/\/www.biworldwide.com\/vn-vn\/experiences-marketplace\/\" \/>\n<meta property=\"og:locale\" content=\"en_US\" \/>\n<meta property=\"og:type\" content=\"article\" \/>\n<meta property=\"og:title\" content=\"Experiences Marketplace - Vietnam (English)\" \/>\n<meta property=\"og:description\" content=\"\u0110i\u1ec1u th\u00fa v\u1ecb d\u00e0nh cho t\u1ea5t c\u1ea3 m\u1ecdi ng\u01b0\u1eddi. V\u1edbi h\u01a1n 20 danh m\u1ee5c tr\u1ea3i nghi\u1ec7m kh\u00e1c nhau \u0111\u1ec3 l\u1ef1a ch\u1ecdn, b\u1ea1n c\u00f3 th\u1ec3 d\u00f9ng \u0111i\u1ec3m \u0111\u1ec3 \u0111\u1ed5i nh\u1eefng tr\u1ea3i nghi\u1ec7m nh\u01b0 v\u00e9 tham quan \u01b0u ti\u00ean kh\u00f4ng c\u1ea7n x\u1ebfp h\u00e0ng, du thuy\u1ec1n \u0103n t\u1ed1i, chuy\u1ebfn \u0111i trong ng\u00e0y, l\u1edbp h\u1ecdc n\u1ea5u \u0103n, v\u00e9 xem [&hellip;]\" \/>\n<meta property=\"og:url\" content=\"https:\/\/www.biworldwide.com\/vn-vn\/experiences-marketplace\/\" \/>\n<meta property=\"og:site_name\" content=\"Vietnam (English)\" \/>\n<meta property=\"article:modified_time\" content=\"2025-06-10T09:44:35+00:00\" \/>\n<meta property=\"og:image\" content=\"https:\/\/www.biworldwide.com\/en-sg\/wp-content\/uploads\/sites\/15\/2025\/05\/BIW_Website_Rewards-Marketplace-Banner_2.png\" \/>\n<meta name=\"twitter:card\" content=\"summary_large_image\" \/>\n<meta name=\"twitter:label1\" content=\"Est. reading time\" \/>\n\t<meta name=\"twitter:data1\" content=\"2 minutes\" \/>\n<script type=\"application\/ld+json\" class=\"yoast-schema-graph\">{\"@context\":\"https:\/\/schema.org\",\"@graph\":[{\"@type\":\"WebPage\",\"@id\":\"https:\/\/www.biworldwide.com\/vn-vn\/experiences-marketplace\/\",\"url\":\"https:\/\/www.biworldwide.com\/vn-vn\/experiences-marketplace\/\",\"name\":\"Experiences Marketplace - Vietnam (English)\",\"isPartOf\":{\"@id\":\"https:\/\/www.biworldwide.com\/vn-vn\/#website\"},\"primaryImageOfPage\":{\"@id\":\"https:\/\/www.biworldwide.com\/vn-vn\/experiences-marketplace\/#primaryimage\"},\"image\":{\"@id\":\"https:\/\/www.biworldwide.com\/vn-vn\/experiences-marketplace\/#primaryimage\"},\"thumbnailUrl\":\"https:\/\/www.biworldwide.com\/en-sg\/wp-content\/uploads\/sites\/15\/2025\/05\/BIW_Website_Rewards-Marketplace-Banner_2.png\",\"datePublished\":\"2025-04-04T06:53:36+00:00\",\"dateModified\":\"2025-06-10T09:44:35+00:00\",\"breadcrumb\":{\"@id\":\"https:\/\/www.biworldwide.com\/vn-vn\/experiences-marketplace\/#breadcrumb\"},\"inLanguage\":\"en-US\",\"potentialAction\":[{\"@type\":\"ReadAction\",\"target\":[\"https:\/\/www.biworldwide.com\/vn-vn\/experiences-marketplace\/\"]}]},{\"@type\":\"ImageObject\",\"inLanguage\":\"en-US\",\"@id\":\"https:\/\/www.biworldwide.com\/vn-vn\/experiences-marketplace\/#primaryimage\",\"url\":\"https:\/\/www.biworldwide.com\/en-sg\/wp-content\/uploads\/sites\/15\/2025\/05\/BIW_Website_Rewards-Marketplace-Banner_2.png\",\"contentUrl\":\"https:\/\/www.biworldwide.com\/en-sg\/wp-content\/uploads\/sites\/15\/2025\/05\/BIW_Website_Rewards-Marketplace-Banner_2.png\"},{\"@type\":\"BreadcrumbList\",\"@id\":\"https:\/\/www.biworldwide.com\/vn-vn\/experiences-marketplace\/#breadcrumb\",\"itemListElement\":[{\"@type\":\"ListItem\",\"position\":1,\"name\":\"Home\",\"item\":\"https:\/\/www.biworldwide.com\/vn-vn\/\"},{\"@type\":\"ListItem\",\"position\":2,\"name\":\"Experiences Marketplace\"}]},{\"@type\":\"WebSite\",\"@id\":\"https:\/\/www.biworldwide.com\/vn-vn\/#website\",\"url\":\"https:\/\/www.biworldwide.com\/vn-vn\/\",\"name\":\"Vietnam (English)\",\"description\":\"\",\"potentialAction\":[{\"@type\":\"SearchAction\",\"target\":{\"@type\":\"EntryPoint\",\"urlTemplate\":\"https:\/\/www.biworldwide.com\/vn-vn\/?s={search_term_string}\"},\"query-input\":{\"@type\":\"PropertyValueSpecification\",\"valueRequired\":true,\"valueName\":\"search_term_string\"}}],\"inLanguage\":\"en-US\"}]}<\/script>\n<!-- \/ Yoast SEO plugin. -->","yoast_head_json":{"title":"Experiences Marketplace - Vietnam (English)","robots":{"index":"index","follow":"follow","max-snippet":"max-snippet:-1","max-image-preview":"max-image-preview:large","max-video-preview":"max-video-preview:-1"},"canonical":"https:\/\/www.biworldwide.com\/vn-vn\/experiences-marketplace\/","og_locale":"en_US","og_type":"article","og_title":"Experiences Marketplace - Vietnam (English)","og_description":"\u0110i\u1ec1u th\u00fa v\u1ecb d\u00e0nh cho t\u1ea5t c\u1ea3 m\u1ecdi ng\u01b0\u1eddi. V\u1edbi h\u01a1n 20 danh m\u1ee5c tr\u1ea3i nghi\u1ec7m kh\u00e1c nhau \u0111\u1ec3 l\u1ef1a ch\u1ecdn, b\u1ea1n c\u00f3 th\u1ec3 d\u00f9ng \u0111i\u1ec3m \u0111\u1ec3 \u0111\u1ed5i nh\u1eefng tr\u1ea3i nghi\u1ec7m nh\u01b0 v\u00e9 tham quan \u01b0u ti\u00ean kh\u00f4ng c\u1ea7n x\u1ebfp h\u00e0ng, du thuy\u1ec1n \u0103n t\u1ed1i, chuy\u1ebfn \u0111i trong ng\u00e0y, l\u1edbp h\u1ecdc n\u1ea5u \u0103n, v\u00e9 xem [&hellip;]","og_url":"https:\/\/www.biworldwide.com\/vn-vn\/experiences-marketplace\/","og_site_name":"Vietnam (English)","article_modified_time":"2025-06-10T09:44:35+00:00","og_image":[{"url":"https:\/\/www.biworldwide.com\/en-sg\/wp-content\/uploads\/sites\/15\/2025\/05\/BIW_Website_Rewards-Marketplace-Banner_2.png","type":"","width":"","height":""}],"twitter_card":"summary_large_image","twitter_misc":{"Est. reading time":"2 minutes"},"schema":{"@context":"https:\/\/schema.org","@graph":[{"@type":"WebPage","@id":"https:\/\/www.biworldwide.com\/vn-vn\/experiences-marketplace\/","url":"https:\/\/www.biworldwide.com\/vn-vn\/experiences-marketplace\/","name":"Experiences Marketplace - Vietnam (English)","isPartOf":{"@id":"https:\/\/www.biworldwide.com\/vn-vn\/#website"},"primaryImageOfPage":{"@id":"https:\/\/www.biworldwide.com\/vn-vn\/experiences-marketplace\/#primaryimage"},"image":{"@id":"https:\/\/www.biworldwide.com\/vn-vn\/experiences-marketplace\/#primaryimage"},"thumbnailUrl":"https:\/\/www.biworldwide.com\/en-sg\/wp-content\/uploads\/sites\/15\/2025\/05\/BIW_Website_Rewards-Marketplace-Banner_2.png","datePublished":"2025-04-04T06:53:36+00:00","dateModified":"2025-06-10T09:44:35+00:00","breadcrumb":{"@id":"https:\/\/www.biworldwide.com\/vn-vn\/experiences-marketplace\/#breadcrumb"},"inLanguage":"en-US","potentialAction":[{"@type":"ReadAction","target":["https:\/\/www.biworldwide.com\/vn-vn\/experiences-marketplace\/"]}]},{"@type":"ImageObject","inLanguage":"en-US","@id":"https:\/\/www.biworldwide.com\/vn-vn\/experiences-marketplace\/#primaryimage","url":"https:\/\/www.biworldwide.com\/en-sg\/wp-content\/uploads\/sites\/15\/2025\/05\/BIW_Website_Rewards-Marketplace-Banner_2.png","contentUrl":"https:\/\/www.biworldwide.com\/en-sg\/wp-content\/uploads\/sites\/15\/2025\/05\/BIW_Website_Rewards-Marketplace-Banner_2.png"},{"@type":"BreadcrumbList","@id":"https:\/\/www.biworldwide.com\/vn-vn\/experiences-marketplace\/#breadcrumb","itemListElement":[{"@type":"ListItem","position":1,"name":"Home","item":"https:\/\/www.biworldwide.com\/vn-vn\/"},{"@type":"ListItem","position":2,"name":"Experiences Marketplace"}]},{"@type":"WebSite","@id":"https:\/\/www.biworldwide.com\/vn-vn\/#website","url":"https:\/\/www.biworldwide.com\/vn-vn\/","name":"Vietnam (English)","description":"","potentialAction":[{"@type":"SearchAction","target":{"@type":"EntryPoint","urlTemplate":"https:\/\/www.biworldwide.com\/vn-vn\/?s={search_term_string}"},"query-input":{"@type":"PropertyValueSpecification","valueRequired":true,"valueName":"search_term_string"}}],"inLanguage":"en-US"}]}},"_links":{"self":[{"href":"https:\/\/www.biworldwide.com\/vn-vn\/wp-json\/wp\/v2\/pages\/385","targetHints":{"allow":["GET"]}}],"collection":[{"href":"https:\/\/www.biworldwide.com\/vn-vn\/wp-json\/wp\/v2\/pages"}],"about":[{"href":"https:\/\/www.biworldwide.com\/vn-vn\/wp-json\/wp\/v2\/types\/page"}],"author":[{"embeddable":true,"href":"https:\/\/www.biworldwide.com\/vn-vn\/wp-json\/wp\/v2\/users\/55"}],"replies":[{"embeddable":true,"href":"https:\/\/www.biworldwide.com\/vn-vn\/wp-json\/wp\/v2\/comments?post=385"}],"version-history":[{"count":5,"href":"https:\/\/www.biworldwide.com\/vn-vn\/wp-json\/wp\/v2\/pages\/385\/revisions"}],"predecessor-version":[{"id":2008,"href":"https:\/\/www.biworldwide.com\/vn-vn\/wp-json\/wp\/v2\/pages\/385\/revisions\/2008"}],"wp:attachment":[{"href":"https:\/\/www.biworldwide.com\/vn-vn\/wp-json\/wp\/v2\/media?parent=385"}],"wp:term":[{"taxonomy":"wf_page_folders","embeddable":true,"href":"https:\/\/www.biworldwide.com\/vn-vn\/wp-json\/wp\/v2\/wf_page_folders?post=385"}],"curies":[{"name":"wp","href":"https:\/\/api.w.org\/{rel}","templated":true}]}}