{"id":387,"date":"2025-04-04T14:53:52","date_gmt":"2025-04-04T06:53:52","guid":{"rendered":"https:\/\/www.biworldwide.com\/vn-vn\/?page_id=387"},"modified":"2025-06-11T11:07:31","modified_gmt":"2025-06-11T03:07:31","slug":"mastery-marketplace","status":"publish","type":"page","link":"https:\/\/www.biworldwide.com\/vn-vn\/mastery-marketplace\/","title":{"rendered":"Mastery Marketplace"},"content":{"rendered":"<div class=\" has-content-align-left has-overlay has-overlay--light alignfull wp-block-biw-block-theme-hero\">\n\t<div class=\"biw-hero__grid\">\n\t\t\t\t\t<div class=\"biw-hero__breadcrumbs\">\n\t\t\t\t<div id=\"breadcrumbs\" class=\"breadcrumb-nav__wrapper\"><span class=\"breadcrumb-nav\"><span><a href=\"https:\/\/www.biworldwide.com\/vn-vn\/\">Home<\/a><\/span><\/span><\/div>\t\t\t<\/div>\n\t\t\n\t\t\t\t\t<div class=\"biw-hero__media \">\n\t\t\t\t\t\t\t\t\t<div class=\"biw-hero__overlay overlay-light\"><\/div>\n\t\t\t\t\t\t\t\t<img decoding=\"async\" src=\"https:\/\/www.biworldwide.com\/wp-content\/uploads\/2025\/03\/BIW_Site_Hero_MarketMast-1-scaled.jpg\" alt=\"Man with headphones sitting at a desk, writing in a notebook while looking at a laptop. He is wearing glasses and a blue shirt. A yellow book and a plant are on the desk. A neutral background with minimalist decor is visible.\" class=\"biw-hero__bg-image\" style=\"object-position: 50% 50%;\">\t\t\t<\/div>\n\t\t\t\t<div class=\"biw-hero__content\">\n\t\t\t\t\t\t<h1 class=\"biw-hero__title\" style=\"line-height: 1.2\">\n\t\t\t\tMastery Marketplace\u2122\t\t\t<\/h1>\n\t\t\t\t\t\t\t<h2 class=\"biw-hero__subtitle\">\n\t\t\t\t\tKh\u00f4ng ch\u1ec9 truy\u1ec1n c\u1ea3m h\u1ee9ng. H\u00e3y n\u00e2ng t\u1ea7m tr\u1ea3i nghi\u1ec7m.\t\t\t\t<\/h2>\n\t\t\t\t\t\t\t\t\t\t<div class=\"biw-hero__text\">\n\t\t\t\t\t\n\n<p>Mastery Marketplace l\u00e0 ngu\u1ed3n \u0111\u1ed9ng l\u1ef1c th\u00fac \u0111\u1ea9y s\u1ef1 ph\u00e1t tri\u1ec3n kh\u00f4ng ng\u1eebng, gi\u00fap m\u1ed7i ng\u01b0\u1eddi khai ph\u00e1 h\u1ebft ti\u1ec1m n\u0103ng c\u1ee7a ch\u00ednh m\u00ecnh.<\/p>\n\n\t\t\t\t<\/div>\n\t\t\t\t\t\t\t\t<\/div>\n\t<\/div>\n<\/div>\n\n\n\n<div class=\"wp-block-group  layout-columns-7 has-global-padding is-layout-constrained wp-container-core-group-is-layout-a133ec42 wp-block-group-is-layout-constrained\">\n<h2 class=\"wp-block-heading\">Vi\u1ec7c h\u1ecdc t\u1eadp l\u00e0 m\u1ed9t trong nh\u1eefng tr\u1ea3i nghi\u1ec7m vui th\u00edch v\u00e0 \u0111\u1ea7y ph\u1ea5n kh\u00edch nh\u1ea5t trong cu\u1ed9c s\u1ed1ng.<\/h2>\n\n\n\n<p>Ch\u00fang t\u00f4i mong mu\u1ed1n kh\u01a1i ngu\u1ed3n c\u1ea3m h\u1ee9ng cho nh\u1eefng ng\u01b0\u1eddi c\u00f3 \u1ea3nh h\u01b0\u1edfng \u0111\u1ebfn doanh nghi\u1ec7p c\u1ee7a b\u1ea1n b\u1eb1ng nh\u1eefng ph\u1ea7n th\u01b0\u1edfng s\u00e1ng t\u1ea1o v\u00e0 \u0111\u1ea7y \u0111\u1ed9ng l\u1ef1c nh\u1ea5t.<\/p>\n\n\n\n<p>T\u1eeb c\u00e1c kh\u00f3a h\u1ecdc n\u1ea5u \u0103n \u0111\u1ebfn ch\u01b0\u01a1ng tr\u00ecnh h\u1ecdc ng\u00f4n ng\u1eef, t\u1eeb nh\u1eefng b\u00e0i h\u1ecdc \u00e2m nh\u1ea1c \u0111\u1ebfn c\u00e1c bu\u1ed5i ch\u0103m s\u00f3c s\u1ee9c kh\u1ecfe, Mastery Marketplace mang \u0111\u1ebfn nh\u1eefng l\u1edbp h\u1ecdc th\u00fa v\u1ecb t\u1eeb nh\u1eefng t\u00ean tu\u1ed5i l\u1edbn nh\u1ea5t trong ng\u00e0nh.<\/p>\n\n\n\n<figure class=\"wp-block-embed is-type-video is-provider-vimeo wp-block-embed-vimeo wp-embed-aspect-16-9 wp-has-aspect-ratio\"><div class=\"wp-block-embed__wrapper\">\n<iframe loading=\"lazy\" title=\"Mastery Marketplace from BI WORLDWIDE\" src=\"https:\/\/player.vimeo.com\/video\/854872056?dnt=1&amp;app_id=122963\" width=\"500\" height=\"281\" frameborder=\"0\" allow=\"autoplay; fullscreen; picture-in-picture; clipboard-write; encrypted-media\"><\/iframe>\n<\/div><\/figure>\n<\/div>\n\n\n\n<div class=\"wp-block-group alignfull has-global-padding is-layout-constrained wp-container-core-group-is-layout-e04489b5 wp-block-group-is-layout-constrained\">\n<div class=\"wp-block-group  layout-columns-8 has-global-padding is-layout-constrained wp-container-core-group-is-layout-fce79bf6 wp-block-group-is-layout-constrained\">\n<h2 class=\"wp-block-heading has-text-align-center\"><\/h2>\n<\/div>\n\n\n\n<div class=\"wp-block-group  layout-columns-10 has-global-padding is-layout-constrained wp-container-core-group-is-layout-0b5f5b40 wp-block-group-is-layout-constrained\">\n<div class=\"wp-block-group has-text-align-center is-layout-grid wp-container-core-group-is-layout-ef442fb0 wp-block-group-is-layout-grid\">\n<div class=\"wp-block-group is-vertical is-content-justification-center is-layout-flex wp-container-core-group-is-layout-81423f52 wp-block-group-is-layout-flex\">\n<h3 class=\"wp-block-heading has-impact-font-size  has-text-wrap-no-wrap  has-gradient-fill has-gradient-fill-green\">90%<\/h3>\n\n\n\n<p class=\"has-text-align-center has-large-font-size  has-text-wrap-balance\">nh\u00e2n vi\u00ean cho r\u1eb1ng c\u00e1c t\u00e0i nguy\u00ean h\u1ed7 tr\u1ee3 th\u0103ng ti\u1ebfn ngh\u1ec1 nghi\u1ec7p l\u00e0 quan tr\u1ecdng ho\u1eb7c kh\u00f4ng th\u1ec3 thi\u1ebfu<\/p>\n<\/div>\n\n\n\n<div class=\"wp-block-group is-vertical is-content-justification-center is-layout-flex wp-container-core-group-is-layout-81423f52 wp-block-group-is-layout-flex\">\n<h3 class=\"wp-block-heading has-impact-font-size  has-text-wrap-no-wrap  has-gradient-fill has-gradient-fill-green\">15x<\/h3>\n\n\n\n<p class=\"has-text-align-center has-large-font-size  has-text-wrap-balance\">15 l\u1ea7n Nh\u1eefng nh\u00e2n vi\u00ean cho r\u1eb1ng c\u00f4ng vi\u1ec7c c\u1ee7a h\u1ecd gi\u00fap h\u1ecd l\u00e0m ch\u1ee7 c\u00e1c k\u1ef9 n\u0103ng quan tr\u1ecdng \u0111\u1ed1i v\u1edbi h\u1ecd v\u00e0 gi\u00fap h\u1ecd c\u1ea3m th\u1ea5y \u0111\u01b0\u1ee3c truy\u1ec1n c\u1ea3m h\u1ee9ng cao g\u1ea5p 15 l\u1ea7n t\u1ea1i n\u01a1i l\u00e0m vi\u1ec7c<\/p>\n<\/div>\n\n\n\n<div class=\"wp-block-group is-vertical is-content-justification-center is-layout-flex wp-container-core-group-is-layout-81423f52 wp-block-group-is-layout-flex\">\n<h3 class=\"wp-block-heading has-impact-font-size  has-text-wrap-no-wrap  has-gradient-fill has-gradient-fill-green\">2x<\/h3>\n\n\n\n<p class=\"has-text-align-center has-large-font-size  has-text-wrap-balance\">Nh\u1eefng nh\u00e2n vi\u00ean \u0111\u00f3 c\u00f3 g\u1ea5p \u0111\u00f4i kh\u1ea3 n\u0103ng c\u1ea3m th\u1ea5y h\u1ecd th\u1ef1c s\u1ef1 thu\u1ed9c v\u1ec1 t\u1ed5 ch\u1ee9c c\u1ee7a m\u00ecnh<\/p>\n<\/div>\n<\/div>\n<\/div>\n<\/div>\n\n\n\n<div class=\"wp-block-group alignfull has-global-padding is-layout-constrained wp-container-core-group-is-layout-97ab3c77 wp-block-group-is-layout-constrained\">\n<div class=\"wp-block-group has-text-align-center  layout-columns-8 has-global-padding is-layout-constrained wp-container-core-group-is-layout-ee362a79 wp-block-group-is-layout-constrained\">\n<h2 class=\"wp-block-heading has-text-align-center  has-text-wrap-pretty\"><strong>Kh\u00e1m ph\u00e1 m\u1ed9t th\u1ebf gi\u1edbi ti\u1ec1m n\u0103ng.<\/strong><\/h2>\n\n\n\n<p class=\" has-text-wrap-balance\">Ti\u1ebfp c\u1eadn c\u00e1c c\u00f4ng c\u1ee5 v\u00e0 d\u1ecbch v\u1ee5 h\u1ecdc t\u1eadp gi\u00fap ph\u00e1t tri\u1ec3n v\u00e0 th\u00e0nh th\u1ea1o l\u00e0 m\u1ed9t trong nh\u1eefng t\u00e0i nguy\u00ean quan tr\u1ecdng nh\u1ea5t m\u00e0 m\u1ed9t t\u1ed5 ch\u1ee9c c\u00f3 th\u1ec3 cung c\u1ea5p:<\/p>\n<\/div>\n\n\n\n<div class=\"wp-block-group  layout-columns-12 has-global-padding is-layout-constrained wp-container-core-group-is-layout-9e09659d wp-block-group-is-layout-constrained\">\n<div class=\"wp-block-group is-layout-grid wp-container-core-group-is-layout-c765d3c1 wp-block-group-is-layout-grid\">\n<div class=\"wp-block-group  has-dynamic-border-radius has-global-padding is-layout-constrained wp-block-group-is-layout-constrained\">\n<figure class=\"wp-block-image size-large\"><img loading=\"lazy\" decoding=\"async\" width=\"1024\" height=\"683\" src=\"https:\/\/www.biworldwide.com\/vn-vn\/wp-content\/uploads\/sites\/17\/2025\/05\/iStock-1207318396-1-1024x683.jpg\" alt=\"M\u1ed9t ng\u01b0\u1eddi ph\u1ee5 n\u1eef \u0111eo tai nghe v\u00e0 m\u1eb7c \u00e1o len m\u00e0u cam ng\u1ed3i tr\u00ean chi\u1ebfc gh\u1ebf d\u00e0i m\u00e0u n\u00e2u, m\u1ec9m c\u01b0\u1eddi v\u00e0 v\u1eaby tay v\u00e0o \u0111i\u1ec7n tho\u1ea1i th\u00f4ng minh trong cu\u1ed9c g\u1ecdi video trong ph\u00f2ng kh\u00e1ch \u1ea5m c\u00fang.\" class=\"wp-image-1812\" style=\"aspect-ratio:1;object-fit:cover\" srcset=\"https:\/\/www.biworldwide.com\/vn-vn\/wp-content\/uploads\/sites\/17\/2025\/05\/iStock-1207318396-1-1024x683.jpg 1024w, https:\/\/www.biworldwide.com\/vn-vn\/wp-content\/uploads\/sites\/17\/2025\/05\/iStock-1207318396-1-300x200.jpg 300w, https:\/\/www.biworldwide.com\/vn-vn\/wp-content\/uploads\/sites\/17\/2025\/05\/iStock-1207318396-1-768x512.jpg 768w, https:\/\/www.biworldwide.com\/vn-vn\/wp-content\/uploads\/sites\/17\/2025\/05\/iStock-1207318396-1.jpg 1254w\" sizes=\"auto, (max-width: 1024px) 100vw, 1024px\" \/><\/figure>\n<\/div>\n\n\n<div class=\" has-dynamic-border-radius has-image-size-cover has-image-radius-none is-style-default wp-block-biw-block-theme-biw-card\">\n\t\t\t<figure class=\"biw-card__image-wrapper \">\n\t\t\t<img decoding=\"async\" src=\"https:\/\/www.biworldwide.com\/wp-content\/uploads\/2025\/02\/mastery-icon-upskill.svg\" alt=\"\" class=\"biw-card__image\" style=\"object-position: 50% 50%;\">\t\t<\/figure>\n\t\t<div class=\"biw-card__content\">\n\t\t<h2 class=\"biw-card__title\">\n\t\t\t\t\t\t\tN\u00e2ng cao k\u1ef9 n\u0103ng\t\t\t\t\t<\/h2>\n\t\t<div class=\"biw-card__text\">\n\n<p>N\u1ed9i dung n\u00e0y \u0111\u01b0\u1ee3c t\u1ea1o ra \u0111\u1ec3 gi\u00fap m\u1ecdi ng\u01b0\u1eddi ph\u00e1t tri\u1ec3n k\u1ef9 n\u0103ng c\u1ea7n thi\u1ebft, gi\u00fap b\u1ea1n t\u1ecfa s\u00e1ng trong c\u00f4ng vi\u1ec7c hi\u1ec7n t\u1ea1i hay chinh ph\u1ee5c v\u1ecb tr\u00ed m\u00e0 b\u1ea1n h\u1eb1ng m\u01a1 \u01b0\u1edbc.<\/p>\n\n<\/div>\n\t<\/div>\n\t<\/div>\n\n<div class=\" has-dynamic-border-radius has-image-size-cover has-image-radius-none is-style-default wp-block-biw-block-theme-biw-card\">\n\t\t\t<figure class=\"biw-card__image-wrapper \">\n\t\t\t<img decoding=\"async\" src=\"https:\/\/www.biworldwide.com\/wp-content\/uploads\/2025\/02\/mastery-icon-personaldev.svg\" alt=\"\" class=\"biw-card__image\" style=\"object-position: 50% 50%;\">\t\t<\/figure>\n\t\t<div class=\"biw-card__content\">\n\t\t<h2 class=\"biw-card__title\">\n\t\t\t\t\t\t\tPh\u00e1t Tri\u1ec3n B\u1ea3n Th\u00e2n\t\t\t\t\t<\/h2>\n\t\t<div class=\"biw-card__text\">\n\n<p>C\u00e1c l\u1edbp h\u1ecdc tr\u1ef1c tuy\u1ebfn do nh\u1eefng ng\u01b0\u1eddi gi\u1ecfi nh\u1ea5t th\u1ebf gi\u1edbi gi\u1ea3ng d\u1ea1y, \u0111\u01b0\u1ee3c thi\u1ebft k\u1ebf \u0111\u1ec3 th\u1ecfa m\u00e3n s\u1ef1 t\u00f2 m\u00f2 t\u1ef1 nhi\u00ean c\u1ee7a nh\u1eefng ng\u01b0\u1eddi y\u00eau th\u00edch h\u1ecdc t\u1eadp su\u1ed1t \u0111\u1eddi trong c\u00e1c l\u0129nh v\u1ef1c nh\u01b0 kinh doanh, vi\u1ebft l\u00e1ch, \u1ea9m th\u1ef1c, ngh\u1ec7 thu\u1eadt &amp; gi\u1ea3i tr\u00ed, v.v.<\/p>\n\n<\/div>\n\t<\/div>\n\t<\/div>\n\n<div class=\" has-dynamic-border-radius has-image-size-cover has-image-radius-none is-style-default wp-block-biw-block-theme-biw-card\">\n\t\t\t<figure class=\"biw-card__image-wrapper \">\n\t\t\t<img decoding=\"async\" src=\"https:\/\/www.biworldwide.com\/wp-content\/uploads\/2025\/02\/mastery-icon-music.svg\" alt=\"\" class=\"biw-card__image\" style=\"object-position: 50% 50%;\">\t\t<\/figure>\n\t\t<div class=\"biw-card__content\">\n\t\t<h2 class=\"biw-card__title\">\n\t\t\t\t\t\t\t\u00c2m nh\u1ea1c\t\t\t\t\t<\/h2>\n\t\t<div class=\"biw-card__text\">\n\n<p>M\u1ed9t li\u00ean minh c\u1ee7a c\u00e1c c\u00f4ng ty gi\u00e1o d\u1ee5c \u00e2m nh\u1ea1c tr\u1ef1c tuy\u1ebfn h\u00e0ng \u0111\u1ea7u tr\u00ean th\u1ebf gi\u1edbi mang \u0111\u1ebfn nh\u1eefng b\u00e0i h\u1ecdc t\u1eeb c\u00e1c nh\u1ea1c s\u0129 h\u00e0ng \u0111\u1ea7u cho m\u1ecdi th\u1ee9 t\u1eeb \u0111\u00e0n mandolin, \u0111\u00e0n piano \u0111\u1ebfn s\u1ea3n xu\u1ea5t \u00e2m nh\u1ea1c \u0111i\u1ec7n t\u1eed.<\/p>\n\n<\/div>\n\t<\/div>\n\t<\/div>\n\n<div class=\" has-dynamic-border-radius has-image-size-cover has-image-radius-none is-style-default wp-block-biw-block-theme-biw-card\">\n\t\t\t<figure class=\"biw-card__image-wrapper \">\n\t\t\t<img decoding=\"async\" src=\"https:\/\/www.biworldwide.com\/wp-content\/uploads\/2025\/02\/mastery-icon-language.svg\" alt=\"\" class=\"biw-card__image\" style=\"object-position: 50% 50%;\">\t\t<\/figure>\n\t\t<div class=\"biw-card__content\">\n\t\t<h2 class=\"biw-card__title\">\n\t\t\t\t\t\t\tNg\u00f4n Ng\u1eef\t\t\t\t\t<\/h2>\n\t\t<div class=\"biw-card__text\">\n\n<p>Ch\u00fang t\u00f4i cung c\u1ea5p 61 ng\u00f4n ng\u1eef t\u1eeb Afrikaans \u0111\u1ebfn ti\u1ebfng Vi\u1ec7t, \u0111\u01b0\u1ee3c thi\u1ebft k\u1ebf ph\u00f9 h\u1ee3p v\u1edbi nhi\u1ec1u phong c\u00e1ch h\u1ecdc t\u1eadp kh\u00e1c nhau; d\u00f9 b\u1ea1n th\u00edch ph\u01b0\u01a1ng ph\u00e1p truy\u1ec1n th\u1ed1ng, h\u1ecdc t\u1eadp m\u1ecdi l\u00fac m\u1ecdi n\u01a1i, c\u00f3 nh\u1eefng b\u00e0i h\u1ecdc d\u00e0nh ri\u00eang cho tr\u1ebb em hay tr\u1ea3i nghi\u1ec7m trong m\u00f4i tr\u01b0\u1eddng th\u1ef1c t\u1ebf \u1ea3o, ch\u00fang t\u00f4i \u0111\u1ec1u \u0111\u00e1p \u1ee9ng \u0111\u01b0\u1ee3c nhu c\u1ea7u c\u1ee7a b\u1ea1n.<\/p>\n\n<\/div>\n\t<\/div>\n\t<\/div>\n\n<div class=\" has-dynamic-border-radius has-image-size-cover has-image-radius-none is-style-default wp-block-biw-block-theme-biw-card\">\n\t\t\t<figure class=\"biw-card__image-wrapper \">\n\t\t\t<img decoding=\"async\" src=\"https:\/\/www.biworldwide.com\/wp-content\/uploads\/2025\/02\/mastery-icon-wellness.svg\" alt=\"\" class=\"biw-card__image\" style=\"object-position: 50% 50%;\">\t\t<\/figure>\n\t\t<div class=\"biw-card__content\">\n\t\t<h2 class=\"biw-card__title\">\n\t\t\t\t\t\t\tS\u1ee9c Kh\u1ecfe To\u00e0n Di\u1ec7n\t\t\t\t\t<\/h2>\n\t\t<div class=\"biw-card__text\">\n\n<p>T\u1eeb c\u00e1c ch\u01b0\u01a1ng tr\u00ecnh hu\u1ea5n luy\u1ec7n c\u00e1 nh\u00e2n v\u00e0 yoga tr\u1ef1c tuy\u1ebfn \u0111\u1ebfn \u1ee9ng d\u1ee5ng r\u00e8n luy\u1ec7n tr\u00ed n\u00e3o d\u1ef1a tr\u00ean nghi\u00ean c\u1ee9u khoa h\u1ecdc. Ng\u01b0\u1eddi tham gia c\u00f3 th\u1ec3 t\u1ea3i c\u00e1c \u1ee9ng d\u1ee5ng n\u00e0y v\u1ec1 v\u00e0 s\u1eed d\u1ee5ng m\u1ecdi l\u00fac, m\u1ecdi n\u01a1i.<\/p>\n\n<\/div>\n\t<\/div>\n\t<\/div><\/div>\n<\/div>\n<\/div>\n","protected":false},"excerpt":{"rendered":"<p>Vi\u1ec7c h\u1ecdc t\u1eadp l\u00e0 m\u1ed9t trong nh\u1eefng tr\u1ea3i nghi\u1ec7m vui th\u00edch v\u00e0 \u0111\u1ea7y ph\u1ea5n kh\u00edch nh\u1ea5t trong cu\u1ed9c s\u1ed1ng. Ch\u00fang t\u00f4i mong mu\u1ed1n kh\u01a1i ngu\u1ed3n c\u1ea3m h\u1ee9ng cho nh\u1eefng ng\u01b0\u1eddi c\u00f3 \u1ea3nh h\u01b0\u1edfng \u0111\u1ebfn doanh nghi\u1ec7p c\u1ee7a b\u1ea1n b\u1eb1ng nh\u1eefng ph\u1ea7n th\u01b0\u1edfng s\u00e1ng t\u1ea1o v\u00e0 \u0111\u1ea7y \u0111\u1ed9ng l\u1ef1c nh\u1ea5t. T\u1eeb c\u00e1c kh\u00f3a h\u1ecdc n\u1ea5u \u0103n [&hellip;]<\/p>\n","protected":false},"author":55,"featured_media":0,"parent":0,"menu_order":0,"comment_status":"closed","ping_status":"closed","template":"","meta":{"featured_image_focal_point":{"x":0.5,"y":0.5},"footnotes":""},"wf_page_folders":[45],"class_list":["post-387","page","type-page","status-publish","hentry"],"yoast_head":"<!-- This site is optimized with the Yoast SEO plugin v26.2 - https:\/\/yoast.com\/wordpress\/plugins\/seo\/ -->\n<title>Mastery Marketplace - Vietnam (English)<\/title>\n<meta name=\"robots\" content=\"index, follow, max-snippet:-1, max-image-preview:large, max-video-preview:-1\" \/>\n<link rel=\"canonical\" href=\"https:\/\/www.biworldwide.com\/vn-vn\/mastery-marketplace\/\" \/>\n<meta property=\"og:locale\" content=\"en_US\" \/>\n<meta property=\"og:type\" content=\"article\" \/>\n<meta property=\"og:title\" content=\"Mastery Marketplace - Vietnam (English)\" \/>\n<meta property=\"og:description\" content=\"Vi\u1ec7c h\u1ecdc t\u1eadp l\u00e0 m\u1ed9t trong nh\u1eefng tr\u1ea3i nghi\u1ec7m vui th\u00edch v\u00e0 \u0111\u1ea7y ph\u1ea5n kh\u00edch nh\u1ea5t trong cu\u1ed9c s\u1ed1ng. Ch\u00fang t\u00f4i mong mu\u1ed1n kh\u01a1i ngu\u1ed3n c\u1ea3m h\u1ee9ng cho nh\u1eefng ng\u01b0\u1eddi c\u00f3 \u1ea3nh h\u01b0\u1edfng \u0111\u1ebfn doanh nghi\u1ec7p c\u1ee7a b\u1ea1n b\u1eb1ng nh\u1eefng ph\u1ea7n th\u01b0\u1edfng s\u00e1ng t\u1ea1o v\u00e0 \u0111\u1ea7y \u0111\u1ed9ng l\u1ef1c nh\u1ea5t. T\u1eeb c\u00e1c kh\u00f3a h\u1ecdc n\u1ea5u \u0103n [&hellip;]\" \/>\n<meta property=\"og:url\" content=\"https:\/\/www.biworldwide.com\/vn-vn\/mastery-marketplace\/\" \/>\n<meta property=\"og:site_name\" content=\"Vietnam (English)\" \/>\n<meta property=\"article:modified_time\" content=\"2025-06-11T03:07:31+00:00\" \/>\n<meta property=\"og:image\" content=\"https:\/\/www.biworldwide.com\/vn-vn\/wp-content\/uploads\/sites\/17\/2025\/05\/iStock-1207318396-1-1024x683.jpg\" \/>\n<meta name=\"twitter:card\" content=\"summary_large_image\" \/>\n<meta name=\"twitter:label1\" content=\"Est. reading time\" \/>\n\t<meta name=\"twitter:data1\" content=\"2 minutes\" \/>\n<script type=\"application\/ld+json\" class=\"yoast-schema-graph\">{\"@context\":\"https:\/\/schema.org\",\"@graph\":[{\"@type\":\"WebPage\",\"@id\":\"https:\/\/www.biworldwide.com\/vn-vn\/mastery-marketplace\/\",\"url\":\"https:\/\/www.biworldwide.com\/vn-vn\/mastery-marketplace\/\",\"name\":\"Mastery Marketplace - Vietnam (English)\",\"isPartOf\":{\"@id\":\"https:\/\/www.biworldwide.com\/vn-vn\/#website\"},\"primaryImageOfPage\":{\"@id\":\"https:\/\/www.biworldwide.com\/vn-vn\/mastery-marketplace\/#primaryimage\"},\"image\":{\"@id\":\"https:\/\/www.biworldwide.com\/vn-vn\/mastery-marketplace\/#primaryimage\"},\"thumbnailUrl\":\"https:\/\/www.biworldwide.com\/vn-vn\/wp-content\/uploads\/sites\/17\/2025\/05\/iStock-1207318396-1-1024x683.jpg\",\"datePublished\":\"2025-04-04T06:53:52+00:00\",\"dateModified\":\"2025-06-11T03:07:31+00:00\",\"breadcrumb\":{\"@id\":\"https:\/\/www.biworldwide.com\/vn-vn\/mastery-marketplace\/#breadcrumb\"},\"inLanguage\":\"en-US\",\"potentialAction\":[{\"@type\":\"ReadAction\",\"target\":[\"https:\/\/www.biworldwide.com\/vn-vn\/mastery-marketplace\/\"]}]},{\"@type\":\"ImageObject\",\"inLanguage\":\"en-US\",\"@id\":\"https:\/\/www.biworldwide.com\/vn-vn\/mastery-marketplace\/#primaryimage\",\"url\":\"https:\/\/www.biworldwide.com\/vn-vn\/wp-content\/uploads\/sites\/17\/2025\/05\/iStock-1207318396-1.jpg\",\"contentUrl\":\"https:\/\/www.biworldwide.com\/vn-vn\/wp-content\/uploads\/sites\/17\/2025\/05\/iStock-1207318396-1.jpg\",\"width\":1254,\"height\":836,\"caption\":\"M\u1ed9t ng\u01b0\u1eddi ph\u1ee5 n\u1eef \u0111eo tai nghe v\u00e0 m\u1eb7c \u00e1o len m\u00e0u cam ng\u1ed3i tr\u00ean chi\u1ebfc gh\u1ebf d\u00e0i m\u00e0u n\u00e2u, m\u1ec9m c\u01b0\u1eddi v\u00e0 v\u1eaby tay v\u00e0o \u0111i\u1ec7n tho\u1ea1i th\u00f4ng minh trong cu\u1ed9c g\u1ecdi video trong ph\u00f2ng kh\u00e1ch \u1ea5m c\u00fang.\"},{\"@type\":\"BreadcrumbList\",\"@id\":\"https:\/\/www.biworldwide.com\/vn-vn\/mastery-marketplace\/#breadcrumb\",\"itemListElement\":[{\"@type\":\"ListItem\",\"position\":1,\"name\":\"Home\",\"item\":\"https:\/\/www.biworldwide.com\/vn-vn\/\"},{\"@type\":\"ListItem\",\"position\":2,\"name\":\"Mastery Marketplace\"}]},{\"@type\":\"WebSite\",\"@id\":\"https:\/\/www.biworldwide.com\/vn-vn\/#website\",\"url\":\"https:\/\/www.biworldwide.com\/vn-vn\/\",\"name\":\"Vietnam (English)\",\"description\":\"\",\"potentialAction\":[{\"@type\":\"SearchAction\",\"target\":{\"@type\":\"EntryPoint\",\"urlTemplate\":\"https:\/\/www.biworldwide.com\/vn-vn\/?s={search_term_string}\"},\"query-input\":{\"@type\":\"PropertyValueSpecification\",\"valueRequired\":true,\"valueName\":\"search_term_string\"}}],\"inLanguage\":\"en-US\"}]}<\/script>\n<!-- \/ Yoast SEO plugin. -->","yoast_head_json":{"title":"Mastery Marketplace - Vietnam (English)","robots":{"index":"index","follow":"follow","max-snippet":"max-snippet:-1","max-image-preview":"max-image-preview:large","max-video-preview":"max-video-preview:-1"},"canonical":"https:\/\/www.biworldwide.com\/vn-vn\/mastery-marketplace\/","og_locale":"en_US","og_type":"article","og_title":"Mastery Marketplace - Vietnam (English)","og_description":"Vi\u1ec7c h\u1ecdc t\u1eadp l\u00e0 m\u1ed9t trong nh\u1eefng tr\u1ea3i nghi\u1ec7m vui th\u00edch v\u00e0 \u0111\u1ea7y ph\u1ea5n kh\u00edch nh\u1ea5t trong cu\u1ed9c s\u1ed1ng. Ch\u00fang t\u00f4i mong mu\u1ed1n kh\u01a1i ngu\u1ed3n c\u1ea3m h\u1ee9ng cho nh\u1eefng ng\u01b0\u1eddi c\u00f3 \u1ea3nh h\u01b0\u1edfng \u0111\u1ebfn doanh nghi\u1ec7p c\u1ee7a b\u1ea1n b\u1eb1ng nh\u1eefng ph\u1ea7n th\u01b0\u1edfng s\u00e1ng t\u1ea1o v\u00e0 \u0111\u1ea7y \u0111\u1ed9ng l\u1ef1c nh\u1ea5t. T\u1eeb c\u00e1c kh\u00f3a h\u1ecdc n\u1ea5u \u0103n [&hellip;]","og_url":"https:\/\/www.biworldwide.com\/vn-vn\/mastery-marketplace\/","og_site_name":"Vietnam (English)","article_modified_time":"2025-06-11T03:07:31+00:00","og_image":[{"url":"https:\/\/www.biworldwide.com\/vn-vn\/wp-content\/uploads\/sites\/17\/2025\/05\/iStock-1207318396-1-1024x683.jpg","type":"","width":"","height":""}],"twitter_card":"summary_large_image","twitter_misc":{"Est. reading time":"2 minutes"},"schema":{"@context":"https:\/\/schema.org","@graph":[{"@type":"WebPage","@id":"https:\/\/www.biworldwide.com\/vn-vn\/mastery-marketplace\/","url":"https:\/\/www.biworldwide.com\/vn-vn\/mastery-marketplace\/","name":"Mastery Marketplace - Vietnam (English)","isPartOf":{"@id":"https:\/\/www.biworldwide.com\/vn-vn\/#website"},"primaryImageOfPage":{"@id":"https:\/\/www.biworldwide.com\/vn-vn\/mastery-marketplace\/#primaryimage"},"image":{"@id":"https:\/\/www.biworldwide.com\/vn-vn\/mastery-marketplace\/#primaryimage"},"thumbnailUrl":"https:\/\/www.biworldwide.com\/vn-vn\/wp-content\/uploads\/sites\/17\/2025\/05\/iStock-1207318396-1-1024x683.jpg","datePublished":"2025-04-04T06:53:52+00:00","dateModified":"2025-06-11T03:07:31+00:00","breadcrumb":{"@id":"https:\/\/www.biworldwide.com\/vn-vn\/mastery-marketplace\/#breadcrumb"},"inLanguage":"en-US","potentialAction":[{"@type":"ReadAction","target":["https:\/\/www.biworldwide.com\/vn-vn\/mastery-marketplace\/"]}]},{"@type":"ImageObject","inLanguage":"en-US","@id":"https:\/\/www.biworldwide.com\/vn-vn\/mastery-marketplace\/#primaryimage","url":"https:\/\/www.biworldwide.com\/vn-vn\/wp-content\/uploads\/sites\/17\/2025\/05\/iStock-1207318396-1.jpg","contentUrl":"https:\/\/www.biworldwide.com\/vn-vn\/wp-content\/uploads\/sites\/17\/2025\/05\/iStock-1207318396-1.jpg","width":1254,"height":836,"caption":"M\u1ed9t ng\u01b0\u1eddi ph\u1ee5 n\u1eef \u0111eo tai nghe v\u00e0 m\u1eb7c \u00e1o len m\u00e0u cam ng\u1ed3i tr\u00ean chi\u1ebfc gh\u1ebf d\u00e0i m\u00e0u n\u00e2u, m\u1ec9m c\u01b0\u1eddi v\u00e0 v\u1eaby tay v\u00e0o \u0111i\u1ec7n tho\u1ea1i th\u00f4ng minh trong cu\u1ed9c g\u1ecdi video trong ph\u00f2ng kh\u00e1ch \u1ea5m c\u00fang."},{"@type":"BreadcrumbList","@id":"https:\/\/www.biworldwide.com\/vn-vn\/mastery-marketplace\/#breadcrumb","itemListElement":[{"@type":"ListItem","position":1,"name":"Home","item":"https:\/\/www.biworldwide.com\/vn-vn\/"},{"@type":"ListItem","position":2,"name":"Mastery Marketplace"}]},{"@type":"WebSite","@id":"https:\/\/www.biworldwide.com\/vn-vn\/#website","url":"https:\/\/www.biworldwide.com\/vn-vn\/","name":"Vietnam (English)","description":"","potentialAction":[{"@type":"SearchAction","target":{"@type":"EntryPoint","urlTemplate":"https:\/\/www.biworldwide.com\/vn-vn\/?s={search_term_string}"},"query-input":{"@type":"PropertyValueSpecification","valueRequired":true,"valueName":"search_term_string"}}],"inLanguage":"en-US"}]}},"_links":{"self":[{"href":"https:\/\/www.biworldwide.com\/vn-vn\/wp-json\/wp\/v2\/pages\/387","targetHints":{"allow":["GET"]}}],"collection":[{"href":"https:\/\/www.biworldwide.com\/vn-vn\/wp-json\/wp\/v2\/pages"}],"about":[{"href":"https:\/\/www.biworldwide.com\/vn-vn\/wp-json\/wp\/v2\/types\/page"}],"author":[{"embeddable":true,"href":"https:\/\/www.biworldwide.com\/vn-vn\/wp-json\/wp\/v2\/users\/55"}],"replies":[{"embeddable":true,"href":"https:\/\/www.biworldwide.com\/vn-vn\/wp-json\/wp\/v2\/comments?post=387"}],"version-history":[{"count":4,"href":"https:\/\/www.biworldwide.com\/vn-vn\/wp-json\/wp\/v2\/pages\/387\/revisions"}],"predecessor-version":[{"id":2039,"href":"https:\/\/www.biworldwide.com\/vn-vn\/wp-json\/wp\/v2\/pages\/387\/revisions\/2039"}],"wp:attachment":[{"href":"https:\/\/www.biworldwide.com\/vn-vn\/wp-json\/wp\/v2\/media?parent=387"}],"wp:term":[{"taxonomy":"wf_page_folders","embeddable":true,"href":"https:\/\/www.biworldwide.com\/vn-vn\/wp-json\/wp\/v2\/wf_page_folders?post=387"}],"curies":[{"name":"wp","href":"https:\/\/api.w.org\/{rel}","templated":true}]}}